{"id":11,"date":"2014-12-03T15:27:53","date_gmt":"2014-12-03T15:27:53","guid":{"rendered":"http:\/\/www.tropiko.eu\/cz\/?page_id=11"},"modified":"2025-01-10T13:53:21","modified_gmt":"2025-01-10T13:53:21","slug":"pool-roofing-advantage","status":"publish","type":"page","link":"https:\/\/www.tropiko.es\/es\/pool-roofing-advantage\/","title":{"rendered":"Ventajas de las cubiertas para piscinas"},"content":{"rendered":"<p><a href=\"http:\/\/www.tropiko.eu\/cz\/wp-content\/uploads\/cesky_vyrobek.jpg\"><img loading=\"lazy\" decoding=\"async\" class=\"alignright size-thumbnail wp-image-302\" src=\"https:\/\/www.tropiko.eu\/en\/wp-content\/uploads\/made-in-czech-republic-150x150.png\" alt=\"\" width=\"150\" height=\"150\" srcset=\"https:\/\/www.tropiko.es\/es\/wp-content\/uploads\/made-in-czech-republic-150x150.png 150w, https:\/\/www.tropiko.es\/es\/wp-content\/uploads\/made-in-czech-republic-300x298.png 300w, https:\/\/www.tropiko.es\/es\/wp-content\/uploads\/made-in-czech-republic-100x100.png 100w, https:\/\/www.tropiko.es\/es\/wp-content\/uploads\/made-in-czech-republic.png 530w\" sizes=\"auto, (max-width: 150px) 100vw, 150px\" \/><\/a><\/p>\n<p>Est\u00e1 pensando en techar su piscina o se pregunta qu\u00e9 razones tienen nuestros clientes para hacerlo?<\/p>\n<p>Por qu\u00e9 techar su piscina?<\/p>\n<ul>\n<li>Aumentando de forma natural la temperatura del agua, la temporada de ba\u00f1o se prolongar\u00e1 hasta un 150% (de 2 a 5 meses).<\/li>\n<li>La limpieza en la piscina se mejorar\u00e1. El polvo, las moscas y los residuos que caen en la piscina se reducir\u00e1n significativamente.<\/li>\n<li>Ahorrar\u00e1 dinero en productos qu\u00edmicos de mantenimiento y limpieza del agua.<\/li>\n<li>Reducir\u00e1 las condiciones meteorol\u00f3gicas desagradables. Tendr\u00e1 la sensaci\u00f3n de un ba\u00f1o caliente \u2013 no se empapar\u00e1 enseguida.<\/li>\n<li>No llueve en la piscina. El agua de lluvia \u00e1cida est\u00e1 llena de impurezas y favorece enormemente el crecimiento de algas y la bioincrustaci\u00f3n.<\/li>\n<li>Puede abrir f\u00e1cilmente el techo por completo. De este modo, el toldo no obstaculiza la vista ni interfiere en el ba\u00f1o en verano. En los d\u00edas calurosos de verano, el \u00absobrecalentamiento\u00bb del agua en la piscina y del aire sobre la superficie puede interrumpirse abri\u00e9ndolo completamente.<\/li>\n<li>Gracias a su sencilla instalaci\u00f3n, ahorrar\u00e1 fondos adicionales al adquirir nuestra cubierta. Tambi\u00e9n puede hacerlo usted mismo.<\/li>\n<li>En caso de traslado o cancelaci\u00f3n de la piscina, la cubierta puede trasladarse f\u00e1cil y r\u00e1pidamente, desmontarse o desmontarse por completo para su almacenamiento temporal.<\/li>\n<\/ul>\n<p><a href=\"http:\/\/www.tropiko.eu\/cz\/wp-content\/uploads\/tropiko-03.jpg\"><img loading=\"lazy\" decoding=\"async\" class=\"wp-image-91 size-medium\" src=\"http:\/\/www.tropiko.eu\/cz\/wp-content\/uploads\/tropiko-03-300x229.jpg\" alt=\"Zast\u0159e\u0161en\u00ed baz\u00e9nu TROPIKO pro del\u0161\u00ed koup\u00e1n\u00ed, tepl\u00fd baz\u00e9n a \u010distou vodu jako azuro. Pro nadzemn\u00ed i zapu\u0161t\u011bn\u00e9 (kruhov\u00e9 \/ kulat\u00e9) zahradn\u00ed baz\u00e9ny.\" width=\"300\" height=\"229\" srcset=\"https:\/\/www.tropiko.es\/es\/wp-content\/uploads\/tropiko-03-300x230.jpg 300w, https:\/\/www.tropiko.es\/es\/wp-content\/uploads\/tropiko-03-1024x783.jpg 1024w, https:\/\/www.tropiko.es\/es\/wp-content\/uploads\/tropiko-03.jpg 1200w\" sizes=\"auto, (max-width: 300px) 100vw, 300px\" \/><\/a><\/p>\n","protected":false},"excerpt":{"rendered":"<p>Est\u00e1 pensando en techar su piscina o se pregunta qu\u00e9 razones tienen nuestros clientes para hacerlo? Por qu\u00e9 techar su piscina? Aumentando de forma natural la temperatura del agua, la temporada de ba\u00f1o se prolongar\u00e1 hasta un 150% (de 2 a 5 meses). La limpieza en la piscina se mejorar\u00e1. El polvo, las moscas y [&#8230;]\n","protected":false},"author":1,"featured_media":0,"parent":0,"menu_order":0,"comment_status":"closed","ping_status":"open","template":"","meta":{"footnotes":""},"class_list":["post-11","page","type-page","status-publish","hentry"],"yoast_head":"<!-- This site is optimized with the Yoast SEO plugin v26.7 - https:\/\/yoast.com\/wordpress\/plugins\/seo\/ -->\n<title>Ventajas de las cubiertas para piscinas | TROPIKO Espa\u00f1a<\/title>\n<meta name=\"robots\" content=\"index, follow, max-snippet:-1, max-image-preview:large, max-video-preview:-1\" \/>\n<link rel=\"canonical\" href=\"https:\/\/www.tropiko.es\/es\/pool-roofing-advantage\/\" \/>\n<meta property=\"og:locale\" content=\"es_ES\" \/>\n<meta property=\"og:type\" content=\"article\" \/>\n<meta property=\"og:title\" content=\"Ventajas de las cubiertas para piscinas | TROPIKO Espa\u00f1a\" \/>\n<meta property=\"og:description\" content=\"Est\u00e1 pensando en techar su piscina o se pregunta qu\u00e9 razones tienen nuestros clientes para hacerlo? Por qu\u00e9 techar su piscina? Aumentando de forma natural la temperatura del agua, la temporada de ba\u00f1o se prolongar\u00e1 hasta un 150% (de 2 a 5 meses). La limpieza en la piscina se mejorar\u00e1. El polvo, las moscas y [...]\" \/>\n<meta property=\"og:url\" content=\"https:\/\/www.tropiko.es\/es\/pool-roofing-advantage\/\" \/>\n<meta property=\"og:site_name\" content=\"TROPIKO Espa\u00f1a\" \/>\n<meta property=\"article:modified_time\" content=\"2025-01-10T13:53:21+00:00\" \/>\n<meta property=\"og:image\" content=\"https:\/\/www.tropiko.es\/es\/wp-content\/uploads\/made-in-czech-republic.png\" \/>\n\t<meta property=\"og:image:width\" content=\"530\" \/>\n\t<meta property=\"og:image:height\" content=\"527\" \/>\n\t<meta property=\"og:image:type\" content=\"image\/png\" \/>\n<meta name=\"twitter:card\" content=\"summary_large_image\" \/>\n<meta name=\"twitter:label1\" content=\"Tiempo de lectura\" \/>\n\t<meta name=\"twitter:data1\" content=\"2 minutos\" \/>\n<script type=\"application\/ld+json\" class=\"yoast-schema-graph\">{\"@context\":\"https:\/\/schema.org\",\"@graph\":[{\"@type\":\"WebPage\",\"@id\":\"https:\/\/www.tropiko.es\/es\/pool-roofing-advantage\/\",\"url\":\"https:\/\/www.tropiko.es\/es\/pool-roofing-advantage\/\",\"name\":\"Ventajas de las cubiertas para piscinas | TROPIKO Espa\u00f1a\",\"isPartOf\":{\"@id\":\"https:\/\/www.tropiko.es\/es\/#website\"},\"primaryImageOfPage\":{\"@id\":\"https:\/\/www.tropiko.es\/es\/pool-roofing-advantage\/#primaryimage\"},\"image\":{\"@id\":\"https:\/\/www.tropiko.es\/es\/pool-roofing-advantage\/#primaryimage\"},\"thumbnailUrl\":\"https:\/\/www.tropiko.eu\/en\/wp-content\/uploads\/made-in-czech-republic-150x150.png\",\"datePublished\":\"2014-12-03T15:27:53+00:00\",\"dateModified\":\"2025-01-10T13:53:21+00:00\",\"breadcrumb\":{\"@id\":\"https:\/\/www.tropiko.es\/es\/pool-roofing-advantage\/#breadcrumb\"},\"inLanguage\":\"es\",\"potentialAction\":[{\"@type\":\"ReadAction\",\"target\":[\"https:\/\/www.tropiko.es\/es\/pool-roofing-advantage\/\"]}]},{\"@type\":\"ImageObject\",\"inLanguage\":\"es\",\"@id\":\"https:\/\/www.tropiko.es\/es\/pool-roofing-advantage\/#primaryimage\",\"url\":\"https:\/\/www.tropiko.eu\/en\/wp-content\/uploads\/made-in-czech-republic-150x150.png\",\"contentUrl\":\"https:\/\/www.tropiko.eu\/en\/wp-content\/uploads\/made-in-czech-republic-150x150.png\"},{\"@type\":\"BreadcrumbList\",\"@id\":\"https:\/\/www.tropiko.es\/es\/pool-roofing-advantage\/#breadcrumb\",\"itemListElement\":[{\"@type\":\"ListItem\",\"position\":1,\"name\":\"Dom\u016f\",\"item\":\"https:\/\/www.tropiko.es\/es\/\"},{\"@type\":\"ListItem\",\"position\":2,\"name\":\"Ventajas de las cubiertas para piscinas\"}]},{\"@type\":\"WebSite\",\"@id\":\"https:\/\/www.tropiko.es\/es\/#website\",\"url\":\"https:\/\/www.tropiko.es\/es\/\",\"name\":\"TROPIKO Espa\u00f1a\",\"description\":\"\",\"publisher\":{\"@id\":\"https:\/\/www.tropiko.es\/es\/#organization\"},\"potentialAction\":[{\"@type\":\"SearchAction\",\"target\":{\"@type\":\"EntryPoint\",\"urlTemplate\":\"https:\/\/www.tropiko.es\/es\/?s={search_term_string}\"},\"query-input\":{\"@type\":\"PropertyValueSpecification\",\"valueRequired\":true,\"valueName\":\"search_term_string\"}}],\"inLanguage\":\"es\"},{\"@type\":\"Organization\",\"@id\":\"https:\/\/www.tropiko.es\/es\/#organization\",\"name\":\"TROPIKO Espa\u00f1a\",\"url\":\"https:\/\/www.tropiko.es\/es\/\",\"logo\":{\"@type\":\"ImageObject\",\"inLanguage\":\"es\",\"@id\":\"https:\/\/www.tropiko.es\/es\/#\/schema\/logo\/image\/\",\"url\":\"https:\/\/www.tropiko.es\/es\/wp-content\/uploads\/cropped-cropped-tropiko-logo2023-04-snapisem.png\",\"contentUrl\":\"https:\/\/www.tropiko.es\/es\/wp-content\/uploads\/cropped-cropped-tropiko-logo2023-04-snapisem.png\",\"width\":512,\"height\":512,\"caption\":\"TROPIKO Espa\u00f1a\"},\"image\":{\"@id\":\"https:\/\/www.tropiko.es\/es\/#\/schema\/logo\/image\/\"}}]}<\/script>\n<!-- \/ Yoast SEO plugin. -->","yoast_head_json":{"title":"Ventajas de las cubiertas para piscinas | TROPIKO Espa\u00f1a","robots":{"index":"index","follow":"follow","max-snippet":"max-snippet:-1","max-image-preview":"max-image-preview:large","max-video-preview":"max-video-preview:-1"},"canonical":"https:\/\/www.tropiko.es\/es\/pool-roofing-advantage\/","og_locale":"es_ES","og_type":"article","og_title":"Ventajas de las cubiertas para piscinas | TROPIKO Espa\u00f1a","og_description":"Est\u00e1 pensando en techar su piscina o se pregunta qu\u00e9 razones tienen nuestros clientes para hacerlo? Por qu\u00e9 techar su piscina? Aumentando de forma natural la temperatura del agua, la temporada de ba\u00f1o se prolongar\u00e1 hasta un 150% (de 2 a 5 meses). La limpieza en la piscina se mejorar\u00e1. El polvo, las moscas y [...]","og_url":"https:\/\/www.tropiko.es\/es\/pool-roofing-advantage\/","og_site_name":"TROPIKO Espa\u00f1a","article_modified_time":"2025-01-10T13:53:21+00:00","og_image":[{"width":530,"height":527,"url":"https:\/\/www.tropiko.es\/es\/wp-content\/uploads\/made-in-czech-republic.png","type":"image\/png"}],"twitter_card":"summary_large_image","twitter_misc":{"Tiempo de lectura":"2 minutos"},"schema":{"@context":"https:\/\/schema.org","@graph":[{"@type":"WebPage","@id":"https:\/\/www.tropiko.es\/es\/pool-roofing-advantage\/","url":"https:\/\/www.tropiko.es\/es\/pool-roofing-advantage\/","name":"Ventajas de las cubiertas para piscinas | TROPIKO Espa\u00f1a","isPartOf":{"@id":"https:\/\/www.tropiko.es\/es\/#website"},"primaryImageOfPage":{"@id":"https:\/\/www.tropiko.es\/es\/pool-roofing-advantage\/#primaryimage"},"image":{"@id":"https:\/\/www.tropiko.es\/es\/pool-roofing-advantage\/#primaryimage"},"thumbnailUrl":"https:\/\/www.tropiko.eu\/en\/wp-content\/uploads\/made-in-czech-republic-150x150.png","datePublished":"2014-12-03T15:27:53+00:00","dateModified":"2025-01-10T13:53:21+00:00","breadcrumb":{"@id":"https:\/\/www.tropiko.es\/es\/pool-roofing-advantage\/#breadcrumb"},"inLanguage":"es","potentialAction":[{"@type":"ReadAction","target":["https:\/\/www.tropiko.es\/es\/pool-roofing-advantage\/"]}]},{"@type":"ImageObject","inLanguage":"es","@id":"https:\/\/www.tropiko.es\/es\/pool-roofing-advantage\/#primaryimage","url":"https:\/\/www.tropiko.eu\/en\/wp-content\/uploads\/made-in-czech-republic-150x150.png","contentUrl":"https:\/\/www.tropiko.eu\/en\/wp-content\/uploads\/made-in-czech-republic-150x150.png"},{"@type":"BreadcrumbList","@id":"https:\/\/www.tropiko.es\/es\/pool-roofing-advantage\/#breadcrumb","itemListElement":[{"@type":"ListItem","position":1,"name":"Dom\u016f","item":"https:\/\/www.tropiko.es\/es\/"},{"@type":"ListItem","position":2,"name":"Ventajas de las cubiertas para piscinas"}]},{"@type":"WebSite","@id":"https:\/\/www.tropiko.es\/es\/#website","url":"https:\/\/www.tropiko.es\/es\/","name":"TROPIKO Espa\u00f1a","description":"","publisher":{"@id":"https:\/\/www.tropiko.es\/es\/#organization"},"potentialAction":[{"@type":"SearchAction","target":{"@type":"EntryPoint","urlTemplate":"https:\/\/www.tropiko.es\/es\/?s={search_term_string}"},"query-input":{"@type":"PropertyValueSpecification","valueRequired":true,"valueName":"search_term_string"}}],"inLanguage":"es"},{"@type":"Organization","@id":"https:\/\/www.tropiko.es\/es\/#organization","name":"TROPIKO Espa\u00f1a","url":"https:\/\/www.tropiko.es\/es\/","logo":{"@type":"ImageObject","inLanguage":"es","@id":"https:\/\/www.tropiko.es\/es\/#\/schema\/logo\/image\/","url":"https:\/\/www.tropiko.es\/es\/wp-content\/uploads\/cropped-cropped-tropiko-logo2023-04-snapisem.png","contentUrl":"https:\/\/www.tropiko.es\/es\/wp-content\/uploads\/cropped-cropped-tropiko-logo2023-04-snapisem.png","width":512,"height":512,"caption":"TROPIKO Espa\u00f1a"},"image":{"@id":"https:\/\/www.tropiko.es\/es\/#\/schema\/logo\/image\/"}}]}},"_links":{"self":[{"href":"https:\/\/www.tropiko.es\/es\/wp-json\/wp\/v2\/pages\/11","targetHints":{"allow":["GET"]}}],"collection":[{"href":"https:\/\/www.tropiko.es\/es\/wp-json\/wp\/v2\/pages"}],"about":[{"href":"https:\/\/www.tropiko.es\/es\/wp-json\/wp\/v2\/types\/page"}],"author":[{"embeddable":true,"href":"https:\/\/www.tropiko.es\/es\/wp-json\/wp\/v2\/users\/1"}],"replies":[{"embeddable":true,"href":"https:\/\/www.tropiko.es\/es\/wp-json\/wp\/v2\/comments?post=11"}],"version-history":[{"count":8,"href":"https:\/\/www.tropiko.es\/es\/wp-json\/wp\/v2\/pages\/11\/revisions"}],"predecessor-version":[{"id":580,"href":"https:\/\/www.tropiko.es\/es\/wp-json\/wp\/v2\/pages\/11\/revisions\/580"}],"wp:attachment":[{"href":"https:\/\/www.tropiko.es\/es\/wp-json\/wp\/v2\/media?parent=11"}],"curies":[{"name":"wp","href":"https:\/\/api.w.org\/{rel}","templated":true}]}}