{"id":13,"date":"2014-12-03T15:28:57","date_gmt":"2014-12-03T15:28:57","guid":{"rendered":"http:\/\/www.tropiko.eu\/cz\/?page_id=13"},"modified":"2025-01-10T13:52:56","modified_gmt":"2025-01-10T13:52:56","slug":"100-uncovered-pool","status":"publish","type":"page","link":"https:\/\/www.tropiko.es\/es\/100-uncovered-pool\/","title":{"rendered":"100% cubierta de la piscina"},"content":{"rendered":"<p><strong>Handling the pool roofing<br \/>\n<\/strong>La cubierta TROPIKO est\u00e1 dise\u00f1ada para estar abierta al 100%.<br \/>\nBasta una sola persona para abrir el techo. Todo lo que hay que hacer es soltar las sujeciones (si est\u00e1n fijadas), agarrar por el medio el arco puesto en el suelo y levantarlo unos 2 metros \u2013 una vez elevado, el techo se abrir\u00e1 por su propio peso.<br \/>\nLa cubierta tambi\u00e9n puede abrirse s\u00f3lo parcialmente, lo que es muy popular entre nuestros clientes. El techo se levanta desde el suelo s\u00f3lo hasta que sea posible entrar en la piscina. Para fijar esta posici\u00f3n, nuestros clientes utilizan, por ejemplo, cuerdas atadas al primer arco y en el ojo en la acera o en el suelo delante de la piscina.<br \/>\nLos arcos equilibrados alivian mucho el manejo de la cubierta: si se ba\u00f1a con el techo cerrado, puede abrirlo f\u00e1cilmente al salir de la piscina.<br \/>\nEn los di\u00e1metros m\u00e1s grandes, se necesitan dos personas para cerrar el techo completamente abierto (tir\u00e1ndolo sobre la piscina y asegur\u00e1ndolo si es necesario).<\/p>\n<p><a href=\"http:\/\/www.tropiko.eu\/cz\/wp-content\/uploads\/tropiko-07.jpg\"><img loading=\"lazy\" decoding=\"async\" class=\"size-medium wp-image-95\" src=\"http:\/\/www.tropiko.eu\/cz\/wp-content\/uploads\/tropiko-07-300x225.jpg\" alt=\"Zast\u0159e\u0161en\u00ed baz\u00e9nu TROPIKO pro del\u0161\u00ed koup\u00e1n\u00ed, tepl\u00fd baz\u00e9n a \u010distou vodu jako azuro. Pro nadzemn\u00ed i zapu\u0161t\u011bn\u00e9 (kruhov\u00e9 \/ kulat\u00e9) zahradn\u00ed baz\u00e9ny.\" width=\"300\" height=\"225\" srcset=\"https:\/\/www.tropiko.es\/es\/wp-content\/uploads\/tropiko-07-300x225.jpg 300w, https:\/\/www.tropiko.es\/es\/wp-content\/uploads\/tropiko-07-1024x768.jpg 1024w, https:\/\/www.tropiko.es\/es\/wp-content\/uploads\/tropiko-07-150x113.jpg 150w, https:\/\/www.tropiko.es\/es\/wp-content\/uploads\/tropiko-07.jpg 1200w\" sizes=\"auto, (max-width: 300px) 100vw, 300px\" \/><\/a><\/p>\n<p>El techo se abre muy f\u00e1cilmente.<\/p>\n<p><a href=\"http:\/\/www.tropiko.eu\/cz\/wp-content\/uploads\/tropiko-08.jpg\"><img loading=\"lazy\" decoding=\"async\" class=\"size-medium wp-image-96\" src=\"http:\/\/www.tropiko.eu\/cz\/wp-content\/uploads\/tropiko-08-300x225.jpg\" alt=\"Zast\u0159e\u0161en\u00ed baz\u00e9nu TROPIKO pro del\u0161\u00ed koup\u00e1n\u00ed, tepl\u00fd baz\u00e9n a \u010distou vodu jako azuro. Pro nadzemn\u00ed i zapu\u0161t\u011bn\u00e9 (kruhov\u00e9 \/ kulat\u00e9) zahradn\u00ed baz\u00e9ny.\" width=\"300\" height=\"225\" srcset=\"https:\/\/www.tropiko.es\/es\/wp-content\/uploads\/tropiko-08-300x225.jpg 300w, https:\/\/www.tropiko.es\/es\/wp-content\/uploads\/tropiko-08-1024x768.jpg 1024w, https:\/\/www.tropiko.es\/es\/wp-content\/uploads\/tropiko-08-150x113.jpg 150w, https:\/\/www.tropiko.es\/es\/wp-content\/uploads\/tropiko-08.jpg 1200w\" sizes=\"auto, (max-width: 300px) 100vw, 300px\" \/><\/a><\/p>\n<p>En esta fase, el techo se abre por su propio peso.<\/p>\n<p><a href=\"http:\/\/www.tropiko.eu\/cz\/wp-content\/uploads\/tropiko-10.jpg\"><img loading=\"lazy\" decoding=\"async\" class=\"size-medium wp-image-98\" src=\"http:\/\/www.tropiko.eu\/cz\/wp-content\/uploads\/tropiko-10-300x133.jpg\" alt=\"Zast\u0159e\u0161en\u00ed baz\u00e9nu TROPIKO pro del\u0161\u00ed koup\u00e1n\u00ed, tepl\u00fd baz\u00e9n a \u010distou vodu jako azuro. Pro nadzemn\u00ed i zapu\u0161t\u011bn\u00e9 (kruhov\u00e9 \/ kulat\u00e9) zahradn\u00ed baz\u00e9ny.\" width=\"300\" height=\"133\" srcset=\"https:\/\/www.tropiko.es\/es\/wp-content\/uploads\/tropiko-10-300x133.jpg 300w, https:\/\/www.tropiko.es\/es\/wp-content\/uploads\/tropiko-10-1024x453.jpg 1024w, https:\/\/www.tropiko.es\/es\/wp-content\/uploads\/tropiko-10.jpg 1200w\" sizes=\"auto, (max-width: 300px) 100vw, 300px\" \/><\/a><\/p>\n<p>Techo totalmente abierto, acceso libre a la piscina, ba\u00f1o sin molestias.<\/p>\n<p>.<a href=\"http:\/\/www.tropiko.eu\/cz\/wp-content\/uploads\/tropiko-34.jpg\"><img loading=\"lazy\" decoding=\"async\" class=\"size-medium wp-image-122\" src=\"http:\/\/www.tropiko.eu\/cz\/wp-content\/uploads\/tropiko-34-300x225.jpg\" alt=\"Zast\u0159e\u0161en\u00ed baz\u00e9nu TROPIKO pro del\u0161\u00ed koup\u00e1n\u00ed, tepl\u00fd baz\u00e9n a \u010distou vodu jako azuro. Pro nadzemn\u00ed i zapu\u0161t\u011bn\u00e9 (kruhov\u00e9 \/ kulat\u00e9) zahradn\u00ed baz\u00e9ny.\" width=\"300\" height=\"225\" srcset=\"https:\/\/www.tropiko.es\/es\/wp-content\/uploads\/tropiko-34-300x225.jpg 300w, https:\/\/www.tropiko.es\/es\/wp-content\/uploads\/tropiko-34-1024x768.jpg 1024w, https:\/\/www.tropiko.es\/es\/wp-content\/uploads\/tropiko-34-150x113.jpg 150w, https:\/\/www.tropiko.es\/es\/wp-content\/uploads\/tropiko-34.jpg 1200w\" sizes=\"auto, (max-width: 300px) 100vw, 300px\" \/><\/a><br \/>\nEn los di\u00e1metros m\u00e1s grandes, el techo totalmente abierto debe cerrarse entre dos personas.<\/p>\n","protected":false},"excerpt":{"rendered":"<p>Handling the pool roofing La cubierta TROPIKO est\u00e1 dise\u00f1ada para estar abierta al 100%. Basta una sola persona para abrir el techo. Todo lo que hay que hacer es soltar las sujeciones (si est\u00e1n fijadas), agarrar por el medio el arco puesto en el suelo y levantarlo unos 2 metros \u2013 una vez elevado, el [&#8230;]\n","protected":false},"author":1,"featured_media":0,"parent":0,"menu_order":0,"comment_status":"closed","ping_status":"open","template":"","meta":{"footnotes":""},"class_list":["post-13","page","type-page","status-publish","hentry"],"yoast_head":"<!-- This site is optimized with the Yoast SEO plugin v26.7 - https:\/\/yoast.com\/wordpress\/plugins\/seo\/ -->\n<title>100% cubierta de la piscina | TROPIKO Espa\u00f1a<\/title>\n<meta name=\"robots\" content=\"index, follow, max-snippet:-1, max-image-preview:large, max-video-preview:-1\" \/>\n<link rel=\"canonical\" href=\"https:\/\/www.tropiko.es\/es\/100-uncovered-pool\/\" \/>\n<meta property=\"og:locale\" content=\"es_ES\" \/>\n<meta property=\"og:type\" content=\"article\" \/>\n<meta property=\"og:title\" content=\"100% cubierta de la piscina | TROPIKO Espa\u00f1a\" \/>\n<meta property=\"og:description\" content=\"Handling the pool roofing La cubierta TROPIKO est\u00e1 dise\u00f1ada para estar abierta al 100%. Basta una sola persona para abrir el techo. Todo lo que hay que hacer es soltar las sujeciones (si est\u00e1n fijadas), agarrar por el medio el arco puesto en el suelo y levantarlo unos 2 metros \u2013 una vez elevado, el [...]\" \/>\n<meta property=\"og:url\" content=\"https:\/\/www.tropiko.es\/es\/100-uncovered-pool\/\" \/>\n<meta property=\"og:site_name\" content=\"TROPIKO Espa\u00f1a\" \/>\n<meta property=\"article:modified_time\" content=\"2025-01-10T13:52:56+00:00\" \/>\n<meta property=\"og:image\" content=\"https:\/\/www.tropiko.es\/es\/wp-content\/uploads\/tropiko-07.jpg\" \/>\n\t<meta property=\"og:image:width\" content=\"1200\" \/>\n\t<meta property=\"og:image:height\" content=\"900\" \/>\n\t<meta property=\"og:image:type\" content=\"image\/jpeg\" \/>\n<meta name=\"twitter:card\" content=\"summary_large_image\" \/>\n<meta name=\"twitter:label1\" content=\"Tiempo de lectura\" \/>\n\t<meta name=\"twitter:data1\" content=\"2 minutos\" \/>\n<script type=\"application\/ld+json\" class=\"yoast-schema-graph\">{\"@context\":\"https:\/\/schema.org\",\"@graph\":[{\"@type\":\"WebPage\",\"@id\":\"https:\/\/www.tropiko.es\/es\/100-uncovered-pool\/\",\"url\":\"https:\/\/www.tropiko.es\/es\/100-uncovered-pool\/\",\"name\":\"100% cubierta de la piscina | TROPIKO Espa\u00f1a\",\"isPartOf\":{\"@id\":\"https:\/\/www.tropiko.es\/es\/#website\"},\"primaryImageOfPage\":{\"@id\":\"https:\/\/www.tropiko.es\/es\/100-uncovered-pool\/#primaryimage\"},\"image\":{\"@id\":\"https:\/\/www.tropiko.es\/es\/100-uncovered-pool\/#primaryimage\"},\"thumbnailUrl\":\"http:\/\/www.tropiko.eu\/cz\/wp-content\/uploads\/tropiko-07-300x225.jpg\",\"datePublished\":\"2014-12-03T15:28:57+00:00\",\"dateModified\":\"2025-01-10T13:52:56+00:00\",\"breadcrumb\":{\"@id\":\"https:\/\/www.tropiko.es\/es\/100-uncovered-pool\/#breadcrumb\"},\"inLanguage\":\"es\",\"potentialAction\":[{\"@type\":\"ReadAction\",\"target\":[\"https:\/\/www.tropiko.es\/es\/100-uncovered-pool\/\"]}]},{\"@type\":\"ImageObject\",\"inLanguage\":\"es\",\"@id\":\"https:\/\/www.tropiko.es\/es\/100-uncovered-pool\/#primaryimage\",\"url\":\"http:\/\/www.tropiko.eu\/cz\/wp-content\/uploads\/tropiko-07-300x225.jpg\",\"contentUrl\":\"http:\/\/www.tropiko.eu\/cz\/wp-content\/uploads\/tropiko-07-300x225.jpg\"},{\"@type\":\"BreadcrumbList\",\"@id\":\"https:\/\/www.tropiko.es\/es\/100-uncovered-pool\/#breadcrumb\",\"itemListElement\":[{\"@type\":\"ListItem\",\"position\":1,\"name\":\"Dom\u016f\",\"item\":\"https:\/\/www.tropiko.es\/es\/\"},{\"@type\":\"ListItem\",\"position\":2,\"name\":\"100% cubierta de la piscina\"}]},{\"@type\":\"WebSite\",\"@id\":\"https:\/\/www.tropiko.es\/es\/#website\",\"url\":\"https:\/\/www.tropiko.es\/es\/\",\"name\":\"TROPIKO Espa\u00f1a\",\"description\":\"\",\"publisher\":{\"@id\":\"https:\/\/www.tropiko.es\/es\/#organization\"},\"potentialAction\":[{\"@type\":\"SearchAction\",\"target\":{\"@type\":\"EntryPoint\",\"urlTemplate\":\"https:\/\/www.tropiko.es\/es\/?s={search_term_string}\"},\"query-input\":{\"@type\":\"PropertyValueSpecification\",\"valueRequired\":true,\"valueName\":\"search_term_string\"}}],\"inLanguage\":\"es\"},{\"@type\":\"Organization\",\"@id\":\"https:\/\/www.tropiko.es\/es\/#organization\",\"name\":\"TROPIKO Espa\u00f1a\",\"url\":\"https:\/\/www.tropiko.es\/es\/\",\"logo\":{\"@type\":\"ImageObject\",\"inLanguage\":\"es\",\"@id\":\"https:\/\/www.tropiko.es\/es\/#\/schema\/logo\/image\/\",\"url\":\"https:\/\/www.tropiko.es\/es\/wp-content\/uploads\/cropped-cropped-tropiko-logo2023-04-snapisem.png\",\"contentUrl\":\"https:\/\/www.tropiko.es\/es\/wp-content\/uploads\/cropped-cropped-tropiko-logo2023-04-snapisem.png\",\"width\":512,\"height\":512,\"caption\":\"TROPIKO Espa\u00f1a\"},\"image\":{\"@id\":\"https:\/\/www.tropiko.es\/es\/#\/schema\/logo\/image\/\"}}]}<\/script>\n<!-- \/ Yoast SEO plugin. -->","yoast_head_json":{"title":"100% cubierta de la piscina | TROPIKO Espa\u00f1a","robots":{"index":"index","follow":"follow","max-snippet":"max-snippet:-1","max-image-preview":"max-image-preview:large","max-video-preview":"max-video-preview:-1"},"canonical":"https:\/\/www.tropiko.es\/es\/100-uncovered-pool\/","og_locale":"es_ES","og_type":"article","og_title":"100% cubierta de la piscina | TROPIKO Espa\u00f1a","og_description":"Handling the pool roofing La cubierta TROPIKO est\u00e1 dise\u00f1ada para estar abierta al 100%. Basta una sola persona para abrir el techo. Todo lo que hay que hacer es soltar las sujeciones (si est\u00e1n fijadas), agarrar por el medio el arco puesto en el suelo y levantarlo unos 2 metros \u2013 una vez elevado, el [...]","og_url":"https:\/\/www.tropiko.es\/es\/100-uncovered-pool\/","og_site_name":"TROPIKO Espa\u00f1a","article_modified_time":"2025-01-10T13:52:56+00:00","og_image":[{"width":1200,"height":900,"url":"https:\/\/www.tropiko.es\/es\/wp-content\/uploads\/tropiko-07.jpg","type":"image\/jpeg"}],"twitter_card":"summary_large_image","twitter_misc":{"Tiempo de lectura":"2 minutos"},"schema":{"@context":"https:\/\/schema.org","@graph":[{"@type":"WebPage","@id":"https:\/\/www.tropiko.es\/es\/100-uncovered-pool\/","url":"https:\/\/www.tropiko.es\/es\/100-uncovered-pool\/","name":"100% cubierta de la piscina | TROPIKO Espa\u00f1a","isPartOf":{"@id":"https:\/\/www.tropiko.es\/es\/#website"},"primaryImageOfPage":{"@id":"https:\/\/www.tropiko.es\/es\/100-uncovered-pool\/#primaryimage"},"image":{"@id":"https:\/\/www.tropiko.es\/es\/100-uncovered-pool\/#primaryimage"},"thumbnailUrl":"http:\/\/www.tropiko.eu\/cz\/wp-content\/uploads\/tropiko-07-300x225.jpg","datePublished":"2014-12-03T15:28:57+00:00","dateModified":"2025-01-10T13:52:56+00:00","breadcrumb":{"@id":"https:\/\/www.tropiko.es\/es\/100-uncovered-pool\/#breadcrumb"},"inLanguage":"es","potentialAction":[{"@type":"ReadAction","target":["https:\/\/www.tropiko.es\/es\/100-uncovered-pool\/"]}]},{"@type":"ImageObject","inLanguage":"es","@id":"https:\/\/www.tropiko.es\/es\/100-uncovered-pool\/#primaryimage","url":"http:\/\/www.tropiko.eu\/cz\/wp-content\/uploads\/tropiko-07-300x225.jpg","contentUrl":"http:\/\/www.tropiko.eu\/cz\/wp-content\/uploads\/tropiko-07-300x225.jpg"},{"@type":"BreadcrumbList","@id":"https:\/\/www.tropiko.es\/es\/100-uncovered-pool\/#breadcrumb","itemListElement":[{"@type":"ListItem","position":1,"name":"Dom\u016f","item":"https:\/\/www.tropiko.es\/es\/"},{"@type":"ListItem","position":2,"name":"100% cubierta de la piscina"}]},{"@type":"WebSite","@id":"https:\/\/www.tropiko.es\/es\/#website","url":"https:\/\/www.tropiko.es\/es\/","name":"TROPIKO Espa\u00f1a","description":"","publisher":{"@id":"https:\/\/www.tropiko.es\/es\/#organization"},"potentialAction":[{"@type":"SearchAction","target":{"@type":"EntryPoint","urlTemplate":"https:\/\/www.tropiko.es\/es\/?s={search_term_string}"},"query-input":{"@type":"PropertyValueSpecification","valueRequired":true,"valueName":"search_term_string"}}],"inLanguage":"es"},{"@type":"Organization","@id":"https:\/\/www.tropiko.es\/es\/#organization","name":"TROPIKO Espa\u00f1a","url":"https:\/\/www.tropiko.es\/es\/","logo":{"@type":"ImageObject","inLanguage":"es","@id":"https:\/\/www.tropiko.es\/es\/#\/schema\/logo\/image\/","url":"https:\/\/www.tropiko.es\/es\/wp-content\/uploads\/cropped-cropped-tropiko-logo2023-04-snapisem.png","contentUrl":"https:\/\/www.tropiko.es\/es\/wp-content\/uploads\/cropped-cropped-tropiko-logo2023-04-snapisem.png","width":512,"height":512,"caption":"TROPIKO Espa\u00f1a"},"image":{"@id":"https:\/\/www.tropiko.es\/es\/#\/schema\/logo\/image\/"}}]}},"_links":{"self":[{"href":"https:\/\/www.tropiko.es\/es\/wp-json\/wp\/v2\/pages\/13","targetHints":{"allow":["GET"]}}],"collection":[{"href":"https:\/\/www.tropiko.es\/es\/wp-json\/wp\/v2\/pages"}],"about":[{"href":"https:\/\/www.tropiko.es\/es\/wp-json\/wp\/v2\/types\/page"}],"author":[{"embeddable":true,"href":"https:\/\/www.tropiko.es\/es\/wp-json\/wp\/v2\/users\/1"}],"replies":[{"embeddable":true,"href":"https:\/\/www.tropiko.es\/es\/wp-json\/wp\/v2\/comments?post=13"}],"version-history":[{"count":6,"href":"https:\/\/www.tropiko.es\/es\/wp-json\/wp\/v2\/pages\/13\/revisions"}],"predecessor-version":[{"id":581,"href":"https:\/\/www.tropiko.es\/es\/wp-json\/wp\/v2\/pages\/13\/revisions\/581"}],"wp:attachment":[{"href":"https:\/\/www.tropiko.es\/es\/wp-json\/wp\/v2\/media?parent=13"}],"curies":[{"name":"wp","href":"https:\/\/api.w.org\/{rel}","templated":true}]}}