{"id":15,"date":"2014-12-03T15:30:37","date_gmt":"2014-12-03T15:30:37","guid":{"rendered":"http:\/\/www.tropiko.eu\/cz\/?page_id=15"},"modified":"2025-01-10T13:54:16","modified_gmt":"2025-01-10T13:54:16","slug":"pool-water-temperature","status":"publish","type":"page","link":"https:\/\/www.tropiko.es\/es\/pool-water-temperature\/","title":{"rendered":"Temperatura del agua en la piscina"},"content":{"rendered":"<p>La mayor\u00eda de la gente considera agua templada para nadar al aire libre una temperatura superior a 21 \u00b0C. Durante el verano en nuestras condiciones es posible alcanzar estas temperaturas al nadar desde mediados de junio hasta mediados de agosto. Las fugas de calor y el enfriamiento nocturno del agua pueden reducirse a corto plazo cubri\u00e9ndola con lonas. Las velas solares tambi\u00e9n aceleran el calentamiento del agua de la piscina cuando la luz solar es intensa. Estos a\u00f1adidos mejorar\u00e1n la temporada de ba\u00f1o, pero no la prolongar\u00e1n.<\/p>\n<p>La cubierta proporciona un mayor efecto t\u00e9rmico para calentar el agua y reducir la refrigeraci\u00f3n. La cubierta de las piscinas es de l\u00e1mina estabilizada de alta calidad, bajo la cual la temperatura puede subir hasta 60 \u00b0C en verano. En plena temporada, la temperatura del agua alcanza los 26-29 \u00b0C. La cubierta de la piscina permite el ba\u00f1o caliente desde mayo hasta finales de septiembre, lo que ampl\u00eda la temporada casi un 150 %.<\/p>\n<p>Si desea calentar el agua de la piscina con colectores solares a pesar de los buenos efectos de la cubierta, puede reducir la superficie. Como norma general, para las piscinas de jard\u00edn descubiertas, la superficie de los paneles solares debe ser aproximadamente la misma que la superficie del agua de la piscina. Cubrir la piscina y limitar la refrigeraci\u00f3n del agua reducir\u00e1 la necesidad de paneles solares a la mitad de la superficie de la piscina.<\/p>\n<p><a href=\"http:\/\/www.tropiko.eu\/cz\/wp-content\/uploads\/tropiko-temperature.jpg\"><img loading=\"lazy\" decoding=\"async\" class=\"size-medium wp-image-124\" src=\"http:\/\/www.tropiko.eu\/cz\/wp-content\/uploads\/tropiko-temperature-300x121.jpg\" alt=\"Zast\u0159e\u0161en\u00ed baz\u00e9nu TROPIKO pro del\u0161\u00ed koup\u00e1n\u00ed, tepl\u00fd baz\u00e9n a \u010distou vodu jako azuro. Pro nadzemn\u00ed i zapu\u0161t\u011bn\u00e9 (kruhov\u00e9 \/ kulat\u00e9) zahradn\u00ed baz\u00e9ny.\" width=\"300\" height=\"121\" srcset=\"https:\/\/www.tropiko.es\/es\/wp-content\/uploads\/tropiko-temperature-300x121.jpg 300w, https:\/\/www.tropiko.es\/es\/wp-content\/uploads\/tropiko-temperature.jpg 510w\" sizes=\"auto, (max-width: 300px) 100vw, 300px\" \/><\/a><\/p>\n<p class=\"wp-caption-dd\">\n","protected":false},"excerpt":{"rendered":"<p>La mayor\u00eda de la gente considera agua templada para nadar al aire libre una temperatura superior a 21 \u00b0C. Durante el verano en nuestras condiciones es posible alcanzar estas temperaturas al nadar desde mediados de junio hasta mediados de agosto. Las fugas de calor y el enfriamiento nocturno del agua pueden reducirse a corto plazo [&#8230;]\n","protected":false},"author":1,"featured_media":0,"parent":0,"menu_order":0,"comment_status":"closed","ping_status":"open","template":"","meta":{"footnotes":""},"class_list":["post-15","page","type-page","status-publish","hentry"],"yoast_head":"<!-- This site is optimized with the Yoast SEO plugin v26.7 - https:\/\/yoast.com\/wordpress\/plugins\/seo\/ -->\n<title>Temperatura del agua en la piscina | TROPIKO Espa\u00f1a<\/title>\n<meta name=\"robots\" content=\"index, follow, max-snippet:-1, max-image-preview:large, max-video-preview:-1\" \/>\n<link rel=\"canonical\" href=\"https:\/\/www.tropiko.es\/es\/pool-water-temperature\/\" \/>\n<meta property=\"og:locale\" content=\"es_ES\" \/>\n<meta property=\"og:type\" content=\"article\" \/>\n<meta property=\"og:title\" content=\"Temperatura del agua en la piscina | TROPIKO Espa\u00f1a\" \/>\n<meta property=\"og:description\" content=\"La mayor\u00eda de la gente considera agua templada para nadar al aire libre una temperatura superior a 21 \u00b0C. Durante el verano en nuestras condiciones es posible alcanzar estas temperaturas al nadar desde mediados de junio hasta mediados de agosto. Las fugas de calor y el enfriamiento nocturno del agua pueden reducirse a corto plazo [...]\" \/>\n<meta property=\"og:url\" content=\"https:\/\/www.tropiko.es\/es\/pool-water-temperature\/\" \/>\n<meta property=\"og:site_name\" content=\"TROPIKO Espa\u00f1a\" \/>\n<meta property=\"article:modified_time\" content=\"2025-01-10T13:54:16+00:00\" \/>\n<meta property=\"og:image\" content=\"https:\/\/www.tropiko.es\/es\/wp-content\/uploads\/tropiko-temperature.jpg\" \/>\n\t<meta property=\"og:image:width\" content=\"510\" \/>\n\t<meta property=\"og:image:height\" content=\"206\" \/>\n\t<meta property=\"og:image:type\" content=\"image\/jpeg\" \/>\n<meta name=\"twitter:card\" content=\"summary_large_image\" \/>\n<meta name=\"twitter:label1\" content=\"Tiempo de lectura\" \/>\n\t<meta name=\"twitter:data1\" content=\"2 minutos\" \/>\n<script type=\"application\/ld+json\" class=\"yoast-schema-graph\">{\"@context\":\"https:\/\/schema.org\",\"@graph\":[{\"@type\":\"WebPage\",\"@id\":\"https:\/\/www.tropiko.es\/es\/pool-water-temperature\/\",\"url\":\"https:\/\/www.tropiko.es\/es\/pool-water-temperature\/\",\"name\":\"Temperatura del agua en la piscina | TROPIKO Espa\u00f1a\",\"isPartOf\":{\"@id\":\"https:\/\/www.tropiko.es\/es\/#website\"},\"primaryImageOfPage\":{\"@id\":\"https:\/\/www.tropiko.es\/es\/pool-water-temperature\/#primaryimage\"},\"image\":{\"@id\":\"https:\/\/www.tropiko.es\/es\/pool-water-temperature\/#primaryimage\"},\"thumbnailUrl\":\"http:\/\/www.tropiko.eu\/cz\/wp-content\/uploads\/tropiko-temperature-300x121.jpg\",\"datePublished\":\"2014-12-03T15:30:37+00:00\",\"dateModified\":\"2025-01-10T13:54:16+00:00\",\"breadcrumb\":{\"@id\":\"https:\/\/www.tropiko.es\/es\/pool-water-temperature\/#breadcrumb\"},\"inLanguage\":\"es\",\"potentialAction\":[{\"@type\":\"ReadAction\",\"target\":[\"https:\/\/www.tropiko.es\/es\/pool-water-temperature\/\"]}]},{\"@type\":\"ImageObject\",\"inLanguage\":\"es\",\"@id\":\"https:\/\/www.tropiko.es\/es\/pool-water-temperature\/#primaryimage\",\"url\":\"http:\/\/www.tropiko.eu\/cz\/wp-content\/uploads\/tropiko-temperature-300x121.jpg\",\"contentUrl\":\"http:\/\/www.tropiko.eu\/cz\/wp-content\/uploads\/tropiko-temperature-300x121.jpg\"},{\"@type\":\"BreadcrumbList\",\"@id\":\"https:\/\/www.tropiko.es\/es\/pool-water-temperature\/#breadcrumb\",\"itemListElement\":[{\"@type\":\"ListItem\",\"position\":1,\"name\":\"Dom\u016f\",\"item\":\"https:\/\/www.tropiko.es\/es\/\"},{\"@type\":\"ListItem\",\"position\":2,\"name\":\"Temperatura del agua en la piscina\"}]},{\"@type\":\"WebSite\",\"@id\":\"https:\/\/www.tropiko.es\/es\/#website\",\"url\":\"https:\/\/www.tropiko.es\/es\/\",\"name\":\"TROPIKO Espa\u00f1a\",\"description\":\"\",\"publisher\":{\"@id\":\"https:\/\/www.tropiko.es\/es\/#organization\"},\"potentialAction\":[{\"@type\":\"SearchAction\",\"target\":{\"@type\":\"EntryPoint\",\"urlTemplate\":\"https:\/\/www.tropiko.es\/es\/?s={search_term_string}\"},\"query-input\":{\"@type\":\"PropertyValueSpecification\",\"valueRequired\":true,\"valueName\":\"search_term_string\"}}],\"inLanguage\":\"es\"},{\"@type\":\"Organization\",\"@id\":\"https:\/\/www.tropiko.es\/es\/#organization\",\"name\":\"TROPIKO Espa\u00f1a\",\"url\":\"https:\/\/www.tropiko.es\/es\/\",\"logo\":{\"@type\":\"ImageObject\",\"inLanguage\":\"es\",\"@id\":\"https:\/\/www.tropiko.es\/es\/#\/schema\/logo\/image\/\",\"url\":\"https:\/\/www.tropiko.es\/es\/wp-content\/uploads\/cropped-cropped-tropiko-logo2023-04-snapisem.png\",\"contentUrl\":\"https:\/\/www.tropiko.es\/es\/wp-content\/uploads\/cropped-cropped-tropiko-logo2023-04-snapisem.png\",\"width\":512,\"height\":512,\"caption\":\"TROPIKO Espa\u00f1a\"},\"image\":{\"@id\":\"https:\/\/www.tropiko.es\/es\/#\/schema\/logo\/image\/\"}}]}<\/script>\n<!-- \/ Yoast SEO plugin. -->","yoast_head_json":{"title":"Temperatura del agua en la piscina | TROPIKO Espa\u00f1a","robots":{"index":"index","follow":"follow","max-snippet":"max-snippet:-1","max-image-preview":"max-image-preview:large","max-video-preview":"max-video-preview:-1"},"canonical":"https:\/\/www.tropiko.es\/es\/pool-water-temperature\/","og_locale":"es_ES","og_type":"article","og_title":"Temperatura del agua en la piscina | TROPIKO Espa\u00f1a","og_description":"La mayor\u00eda de la gente considera agua templada para nadar al aire libre una temperatura superior a 21 \u00b0C. Durante el verano en nuestras condiciones es posible alcanzar estas temperaturas al nadar desde mediados de junio hasta mediados de agosto. Las fugas de calor y el enfriamiento nocturno del agua pueden reducirse a corto plazo [...]","og_url":"https:\/\/www.tropiko.es\/es\/pool-water-temperature\/","og_site_name":"TROPIKO Espa\u00f1a","article_modified_time":"2025-01-10T13:54:16+00:00","og_image":[{"width":510,"height":206,"url":"https:\/\/www.tropiko.es\/es\/wp-content\/uploads\/tropiko-temperature.jpg","type":"image\/jpeg"}],"twitter_card":"summary_large_image","twitter_misc":{"Tiempo de lectura":"2 minutos"},"schema":{"@context":"https:\/\/schema.org","@graph":[{"@type":"WebPage","@id":"https:\/\/www.tropiko.es\/es\/pool-water-temperature\/","url":"https:\/\/www.tropiko.es\/es\/pool-water-temperature\/","name":"Temperatura del agua en la piscina | TROPIKO Espa\u00f1a","isPartOf":{"@id":"https:\/\/www.tropiko.es\/es\/#website"},"primaryImageOfPage":{"@id":"https:\/\/www.tropiko.es\/es\/pool-water-temperature\/#primaryimage"},"image":{"@id":"https:\/\/www.tropiko.es\/es\/pool-water-temperature\/#primaryimage"},"thumbnailUrl":"http:\/\/www.tropiko.eu\/cz\/wp-content\/uploads\/tropiko-temperature-300x121.jpg","datePublished":"2014-12-03T15:30:37+00:00","dateModified":"2025-01-10T13:54:16+00:00","breadcrumb":{"@id":"https:\/\/www.tropiko.es\/es\/pool-water-temperature\/#breadcrumb"},"inLanguage":"es","potentialAction":[{"@type":"ReadAction","target":["https:\/\/www.tropiko.es\/es\/pool-water-temperature\/"]}]},{"@type":"ImageObject","inLanguage":"es","@id":"https:\/\/www.tropiko.es\/es\/pool-water-temperature\/#primaryimage","url":"http:\/\/www.tropiko.eu\/cz\/wp-content\/uploads\/tropiko-temperature-300x121.jpg","contentUrl":"http:\/\/www.tropiko.eu\/cz\/wp-content\/uploads\/tropiko-temperature-300x121.jpg"},{"@type":"BreadcrumbList","@id":"https:\/\/www.tropiko.es\/es\/pool-water-temperature\/#breadcrumb","itemListElement":[{"@type":"ListItem","position":1,"name":"Dom\u016f","item":"https:\/\/www.tropiko.es\/es\/"},{"@type":"ListItem","position":2,"name":"Temperatura del agua en la piscina"}]},{"@type":"WebSite","@id":"https:\/\/www.tropiko.es\/es\/#website","url":"https:\/\/www.tropiko.es\/es\/","name":"TROPIKO Espa\u00f1a","description":"","publisher":{"@id":"https:\/\/www.tropiko.es\/es\/#organization"},"potentialAction":[{"@type":"SearchAction","target":{"@type":"EntryPoint","urlTemplate":"https:\/\/www.tropiko.es\/es\/?s={search_term_string}"},"query-input":{"@type":"PropertyValueSpecification","valueRequired":true,"valueName":"search_term_string"}}],"inLanguage":"es"},{"@type":"Organization","@id":"https:\/\/www.tropiko.es\/es\/#organization","name":"TROPIKO Espa\u00f1a","url":"https:\/\/www.tropiko.es\/es\/","logo":{"@type":"ImageObject","inLanguage":"es","@id":"https:\/\/www.tropiko.es\/es\/#\/schema\/logo\/image\/","url":"https:\/\/www.tropiko.es\/es\/wp-content\/uploads\/cropped-cropped-tropiko-logo2023-04-snapisem.png","contentUrl":"https:\/\/www.tropiko.es\/es\/wp-content\/uploads\/cropped-cropped-tropiko-logo2023-04-snapisem.png","width":512,"height":512,"caption":"TROPIKO Espa\u00f1a"},"image":{"@id":"https:\/\/www.tropiko.es\/es\/#\/schema\/logo\/image\/"}}]}},"_links":{"self":[{"href":"https:\/\/www.tropiko.es\/es\/wp-json\/wp\/v2\/pages\/15","targetHints":{"allow":["GET"]}}],"collection":[{"href":"https:\/\/www.tropiko.es\/es\/wp-json\/wp\/v2\/pages"}],"about":[{"href":"https:\/\/www.tropiko.es\/es\/wp-json\/wp\/v2\/types\/page"}],"author":[{"embeddable":true,"href":"https:\/\/www.tropiko.es\/es\/wp-json\/wp\/v2\/users\/1"}],"replies":[{"embeddable":true,"href":"https:\/\/www.tropiko.es\/es\/wp-json\/wp\/v2\/comments?post=15"}],"version-history":[{"count":5,"href":"https:\/\/www.tropiko.es\/es\/wp-json\/wp\/v2\/pages\/15\/revisions"}],"predecessor-version":[{"id":582,"href":"https:\/\/www.tropiko.es\/es\/wp-json\/wp\/v2\/pages\/15\/revisions\/582"}],"wp:attachment":[{"href":"https:\/\/www.tropiko.es\/es\/wp-json\/wp\/v2\/media?parent=15"}],"curies":[{"name":"wp","href":"https:\/\/api.w.org\/{rel}","templated":true}]}}