{"id":19,"date":"2014-12-03T15:36:45","date_gmt":"2014-12-03T15:36:45","guid":{"rendered":"http:\/\/www.tropiko.eu\/cz\/?page_id=19"},"modified":"2025-01-10T14:47:33","modified_gmt":"2025-01-10T14:47:33","slug":"pool-roofing-installation","status":"publish","type":"page","link":"https:\/\/www.tropiko.es\/es\/pool-roofing-installation\/","title":{"rendered":"instalaci\u00f3n de la cubierta"},"content":{"rendered":"<p>Instrucciones de montaje<\/p>\n<p>La instalaci\u00f3n de la cubierta se puede realizar por un usuario medianamente ma\u00f1oso. Recomendamos que al menos dos personas realicen el montaje.<br \/>\nEs preferible ensamblar el techo fuera de la piscina. Es m\u00e1s c\u00f3modo acceder desde el interior para montar la construcci\u00f3n, fijar y extender el toldo. Tres personas pueden transportar f\u00e1cilmente el techo abierto sobre la piscina: dos lo agarran por las bisagras y una por el medio (cima de los arcos).<\/p>\n<p><a href=\"http:\/\/www.tropiko.eu\/cz\/wp-content\/uploads\/tropiko-33.jpg\"><img loading=\"lazy\" decoding=\"async\" class=\"alignright wp-image-121 size-thumbnail\" src=\"http:\/\/www.tropiko.eu\/cz\/wp-content\/uploads\/tropiko-33-150x150.jpg\" alt=\"Zast\u0159e\u0161en\u00ed baz\u00e9nu TROPIKO pro del\u0161\u00ed koup\u00e1n\u00ed, tepl\u00fd baz\u00e9n a \u010distou vodu jako azuro. Pro nadzemn\u00ed i zapu\u0161t\u011bn\u00e9 (kruhov\u00e9 \/ kulat\u00e9) zahradn\u00ed baz\u00e9ny.\" width=\"150\" height=\"150\" srcset=\"https:\/\/www.tropiko.es\/es\/wp-content\/uploads\/tropiko-33-150x150.jpg 150w, https:\/\/www.tropiko.es\/es\/wp-content\/uploads\/tropiko-33-300x300.jpg 300w, https:\/\/www.tropiko.es\/es\/wp-content\/uploads\/tropiko-33-100x100.jpg 100w\" sizes=\"auto, (max-width: 150px) 100vw, 150px\" \/><\/a>La cubierta TROPIKO garantiza agua c\u00e1lida y cristalina, proporcionando un placer de ba\u00f1o prolongado. Apta para piscinas de jard\u00edn elevadas y enterradas (circulares\/redondas).<br \/>\nPara la instalaci\u00f3n necesitar\u00e1 las llaves n\u00ba 13 y n\u00ba 11, que no se incluyen en el paquete del producto.<br \/>\nNo efect\u00fae el montaje con fuerte viento.<\/p>\n<p>&nbsp;<\/p>\n<p><strong>Step 1<br \/>\n<\/strong><\/p>\n<p>Fije el segmento articulado al suelo con las roscas del mandril de la bisagra orientadas hacia la piscina. El extremo libre del segmento (no fijado al suelo) estar\u00e1 orientado hacia el lado desde el que se abrir\u00e1 la cubierta. Utilice tacos o al menos las espigas suministradas para fijar el mecanismo de bisagra, dependiendo de la calidad del suelo.<\/p>\n<p><a href=\"http:\/\/www.tropiko.eu\/cz\/wp-content\/uploads\/tropiko-11.jpg\"><img loading=\"lazy\" decoding=\"async\" class=\"alignright wp-image-99 size-thumbnail\" src=\"http:\/\/www.tropiko.eu\/cz\/wp-content\/uploads\/tropiko-11-150x150.jpg\" alt=\"Zast\u0159e\u0161en\u00ed baz\u00e9nu TROPIKO pro del\u0161\u00ed koup\u00e1n\u00ed, tepl\u00fd baz\u00e9n a \u010distou vodu jako azuro. Pro nadzemn\u00ed i zapu\u0161t\u011bn\u00e9 (kruhov\u00e9 \/ kulat\u00e9) zahradn\u00ed baz\u00e9ny.\" width=\"150\" height=\"150\" srcset=\"https:\/\/www.tropiko.es\/es\/wp-content\/uploads\/tropiko-11-150x150.jpg 150w, https:\/\/www.tropiko.es\/es\/wp-content\/uploads\/tropiko-11-300x300.jpg 300w, https:\/\/www.tropiko.es\/es\/wp-content\/uploads\/tropiko-11-100x100.jpg 100w\" sizes=\"auto, (max-width: 150px) 100vw, 150px\" \/><\/a><strong>Paso 2<\/strong><br \/>\nFije el segundo segmento articulado al suelo de la misma manera que el primero, a la distancia del primer segmento correspondiente al di\u00e1metro de su cubierta.<\/p>\n<p><strong>Paso 3<\/strong><br \/>\nLa cubierta est\u00e1 formada por once arcos. Los tubos para montar cada arco se embalan por separado. Ensamble los arcos deslizando los extremos c\u00f3nicos uno dentro del otro hasta que el pestillo encaje en su sitio. El primer y el \u00faltimo arco (los que yacen en el suelo cuando la cubierta est\u00e1 cerrada) est\u00e1n fabricados con tubos m\u00e1s gruesos.<\/p>\n<p><a href=\"http:\/\/www.tropiko.eu\/cz\/wp-content\/uploads\/tropiko-13.jpg\"><img loading=\"lazy\" decoding=\"async\" class=\"alignright wp-image-101 size-thumbnail\" src=\"http:\/\/www.tropiko.eu\/cz\/wp-content\/uploads\/tropiko-13-150x150.jpg\" alt=\"Zast\u0159e\u0161en\u00ed baz\u00e9nu TROPIKO pro del\u0161\u00ed koup\u00e1n\u00ed, tepl\u00fd baz\u00e9n a \u010distou vodu jako azuro. Pro nadzemn\u00ed i zapu\u0161t\u011bn\u00e9 (kruhov\u00e9 \/ kulat\u00e9) zahradn\u00ed baz\u00e9ny.\" width=\"150\" height=\"150\" srcset=\"https:\/\/www.tropiko.es\/es\/wp-content\/uploads\/tropiko-13-150x150.jpg 150w, https:\/\/www.tropiko.es\/es\/wp-content\/uploads\/tropiko-13-300x300.jpg 300w, https:\/\/www.tropiko.es\/es\/wp-content\/uploads\/tropiko-13-100x100.jpg 100w\" sizes=\"auto, (max-width: 150px) 100vw, 150px\" \/><\/a><\/p>\n<p><strong>Paso 4<br \/>\n<\/strong>Inserte tapones de pl\u00e1stico en los extremos de todos los arcos. Encaje paso a paso cada extremo en los pernos del segmento articulado, colocando primero el anillo (arandela) de pl\u00e1stico, insertando luego el arco y, a continuaci\u00f3n, fijando la arandela met\u00e1lica con una tuerca ligeramente apretada.<br \/>\nPonga los arcos montados uno encima del otro (en forma de media luna).<\/p>\n<p><strong>Paso 5<br \/>\n<\/strong>Fuera de la cubierta, extienda el toldo alrededor de los arcos montados y aj\u00fastela poco a poco a cada arco mediante velcro. No fije todav\u00eda los velcros extremos (en los segmentos articulados).<\/p>\n<p><a href=\"http:\/\/www.tropiko.eu\/cz\/wp-content\/uploads\/tropiko-12.jpg\"><img loading=\"lazy\" decoding=\"async\" class=\"alignright wp-image-100 size-thumbnail\" src=\"http:\/\/www.tropiko.eu\/cz\/wp-content\/uploads\/tropiko-12-150x150.jpg\" alt=\"Zast\u0159e\u0161en\u00ed baz\u00e9nu TROPIKO pro del\u0161\u00ed koup\u00e1n\u00ed, tepl\u00fd baz\u00e9n a \u010distou vodu jako azuro. Pro nadzemn\u00ed i zapu\u0161t\u011bn\u00e9 (kruhov\u00e9 \/ kulat\u00e9) zahradn\u00ed baz\u00e9ny.\" width=\"150\" height=\"150\" srcset=\"https:\/\/www.tropiko.es\/es\/wp-content\/uploads\/tropiko-12-150x150.jpg 150w, https:\/\/www.tropiko.es\/es\/wp-content\/uploads\/tropiko-12-300x300.jpg 300w, https:\/\/www.tropiko.es\/es\/wp-content\/uploads\/tropiko-12-100x100.jpg 100w\" sizes=\"auto, (max-width: 150px) 100vw, 150px\" \/><\/a><\/p>\n<p><strong>Paso 6<\/strong><br \/>\nAntes de cerrarla gradualmente, aseg\u00farese de que la cubierta est\u00e1 tensada uniformemente en cada uno de los arcos. No deben formarse arrugas diagonales a trav\u00e9s de los arcos. Al cerrar el techo, tire el toldo hacia los segmentos articulados, ajustando los \u00faltimos cierres de velcro.<\/p>\n<p><strong>Paso 7<br \/>\n<\/strong>Los agarres de goma triangulares sirven para ajustar las gomas el\u00e1sticas adjuntas que se utilizan como fijadores de la cubierta\/toldo contra el viento fuera del uso de la piscina.<br \/>\nPara extender bien las gomas el\u00e1sticas, se pueden utilizar los anclajes suministrados u otros fijadores, ajust\u00e1ndolos a la base\/suelo bajo los cosidos agarres triangulares.<\/p>\n<p><strong>Notas:<br \/>\n<\/strong>En las piscinas autoportantes o semienterradas, aseg\u00farese de dejar espacio para conectar la filtraci\u00f3n.<br \/>\nSi las mangueras filtrantes est\u00e1n protegidas adicionalmente, tambi\u00e9n se pueden pasar por el medio del segmento articulado.<br \/>\nUsando la cubierta, no es necesario cubrir el agua con una l\u00e1mina de burbuja.<br \/>\nLa cubierta TROPIKO garantiza agua c\u00e1lida y cristalina, proporcionando un placer de ba\u00f1o prolongado. Apta para piscinas de jard\u00edn elevadas y enterradas (circulares\/redondas).<a href=\"http:\/\/www.tropiko.eu\/cz\/wp-content\/uploads\/tropiko-04.jpg\"><img loading=\"lazy\" decoding=\"async\" class=\"alignright wp-image-92 size-thumbnail\" src=\"http:\/\/www.tropiko.eu\/cz\/wp-content\/uploads\/tropiko-04-150x150.jpg\" alt=\"Zast\u0159e\u0161en\u00ed baz\u00e9nu TROPIKO pro del\u0161\u00ed koup\u00e1n\u00ed, tepl\u00fd baz\u00e9n a \u010distou vodu jako azuro. Pro nadzemn\u00ed i zapu\u0161t\u011bn\u00e9 (kruhov\u00e9 \/ kulat\u00e9) zahradn\u00ed baz\u00e9ny.\" width=\"150\" height=\"150\" srcset=\"https:\/\/www.tropiko.es\/es\/wp-content\/uploads\/tropiko-04-150x150.jpg 150w, https:\/\/www.tropiko.es\/es\/wp-content\/uploads\/tropiko-04-300x300.jpg 300w, https:\/\/www.tropiko.es\/es\/wp-content\/uploads\/tropiko-04-100x100.jpg 100w\" sizes=\"auto, (max-width: 150px) 100vw, 150px\" \/><\/a>.<\/p>\n<p><strong>Warning:<br \/>\n<\/strong>Fuera de la temporada de ba\u00f1o, la cubierta se puede dejar cerrada, a excepci\u00f3n de la estaci\u00f3n invernal, cuando la capa de nieve pesada podr\u00eda hacer da\u00f1os mec\u00e1nicos a la construcci\u00f3n de aluminio y a toda la cubierta. Durante los meses de invierno, deje el techo siempre abierto.<br \/>\nNo manipule la cubierta a temperaturas bajo cero, ya que el toldo transparente podr\u00eda resultar da\u00f1ado.<\/p>\n<p>Descargue el documento en formato <a href=\"http:\/\/www.tropiko.eu\/en\/wp-content\/uploads\/TROPIKO-zarucni_list_EN-2015.pdf\">PDF<\/a> .<\/p>\n","protected":false},"excerpt":{"rendered":"<p>Instrucciones de montaje La instalaci\u00f3n de la cubierta se puede realizar por un usuario medianamente ma\u00f1oso. Recomendamos que al menos dos personas realicen el montaje. Es preferible ensamblar el techo fuera de la piscina. Es m\u00e1s c\u00f3modo acceder desde el interior para montar la construcci\u00f3n, fijar y extender el toldo. Tres personas pueden transportar f\u00e1cilmente [&#8230;]\n","protected":false},"author":1,"featured_media":0,"parent":0,"menu_order":0,"comment_status":"closed","ping_status":"open","template":"","meta":{"footnotes":""},"class_list":["post-19","page","type-page","status-publish","hentry"],"yoast_head":"<!-- This site is optimized with the Yoast SEO plugin v26.7 - https:\/\/yoast.com\/wordpress\/plugins\/seo\/ -->\n<title>instalaci\u00f3n de la cubierta | TROPIKO Espa\u00f1a<\/title>\n<meta name=\"robots\" content=\"index, follow, max-snippet:-1, max-image-preview:large, max-video-preview:-1\" \/>\n<link rel=\"canonical\" href=\"https:\/\/www.tropiko.es\/es\/pool-roofing-installation\/\" \/>\n<meta property=\"og:locale\" content=\"es_ES\" \/>\n<meta property=\"og:type\" content=\"article\" \/>\n<meta property=\"og:title\" content=\"instalaci\u00f3n de la cubierta | TROPIKO Espa\u00f1a\" \/>\n<meta property=\"og:description\" content=\"Instrucciones de montaje La instalaci\u00f3n de la cubierta se puede realizar por un usuario medianamente ma\u00f1oso. Recomendamos que al menos dos personas realicen el montaje. Es preferible ensamblar el techo fuera de la piscina. Es m\u00e1s c\u00f3modo acceder desde el interior para montar la construcci\u00f3n, fijar y extender el toldo. Tres personas pueden transportar f\u00e1cilmente [...]\" \/>\n<meta property=\"og:url\" content=\"https:\/\/www.tropiko.es\/es\/pool-roofing-installation\/\" \/>\n<meta property=\"og:site_name\" content=\"TROPIKO Espa\u00f1a\" \/>\n<meta property=\"article:modified_time\" content=\"2025-01-10T14:47:33+00:00\" \/>\n<meta property=\"og:image\" content=\"https:\/\/www.tropiko.es\/es\/wp-content\/uploads\/tropiko-33.jpg\" \/>\n\t<meta property=\"og:image:width\" content=\"1200\" \/>\n\t<meta property=\"og:image:height\" content=\"900\" \/>\n\t<meta property=\"og:image:type\" content=\"image\/jpeg\" \/>\n<meta name=\"twitter:card\" content=\"summary_large_image\" \/>\n<meta name=\"twitter:label1\" content=\"Tiempo de lectura\" \/>\n\t<meta name=\"twitter:data1\" content=\"4 minutos\" \/>\n<script type=\"application\/ld+json\" class=\"yoast-schema-graph\">{\"@context\":\"https:\/\/schema.org\",\"@graph\":[{\"@type\":\"WebPage\",\"@id\":\"https:\/\/www.tropiko.es\/es\/pool-roofing-installation\/\",\"url\":\"https:\/\/www.tropiko.es\/es\/pool-roofing-installation\/\",\"name\":\"instalaci\u00f3n de la cubierta | TROPIKO Espa\u00f1a\",\"isPartOf\":{\"@id\":\"https:\/\/www.tropiko.es\/es\/#website\"},\"primaryImageOfPage\":{\"@id\":\"https:\/\/www.tropiko.es\/es\/pool-roofing-installation\/#primaryimage\"},\"image\":{\"@id\":\"https:\/\/www.tropiko.es\/es\/pool-roofing-installation\/#primaryimage\"},\"thumbnailUrl\":\"http:\/\/www.tropiko.eu\/cz\/wp-content\/uploads\/tropiko-33-150x150.jpg\",\"datePublished\":\"2014-12-03T15:36:45+00:00\",\"dateModified\":\"2025-01-10T14:47:33+00:00\",\"breadcrumb\":{\"@id\":\"https:\/\/www.tropiko.es\/es\/pool-roofing-installation\/#breadcrumb\"},\"inLanguage\":\"es\",\"potentialAction\":[{\"@type\":\"ReadAction\",\"target\":[\"https:\/\/www.tropiko.es\/es\/pool-roofing-installation\/\"]}]},{\"@type\":\"ImageObject\",\"inLanguage\":\"es\",\"@id\":\"https:\/\/www.tropiko.es\/es\/pool-roofing-installation\/#primaryimage\",\"url\":\"http:\/\/www.tropiko.eu\/cz\/wp-content\/uploads\/tropiko-33-150x150.jpg\",\"contentUrl\":\"http:\/\/www.tropiko.eu\/cz\/wp-content\/uploads\/tropiko-33-150x150.jpg\"},{\"@type\":\"BreadcrumbList\",\"@id\":\"https:\/\/www.tropiko.es\/es\/pool-roofing-installation\/#breadcrumb\",\"itemListElement\":[{\"@type\":\"ListItem\",\"position\":1,\"name\":\"Dom\u016f\",\"item\":\"https:\/\/www.tropiko.es\/es\/\"},{\"@type\":\"ListItem\",\"position\":2,\"name\":\"instalaci\u00f3n de la cubierta\"}]},{\"@type\":\"WebSite\",\"@id\":\"https:\/\/www.tropiko.es\/es\/#website\",\"url\":\"https:\/\/www.tropiko.es\/es\/\",\"name\":\"TROPIKO Espa\u00f1a\",\"description\":\"\",\"publisher\":{\"@id\":\"https:\/\/www.tropiko.es\/es\/#organization\"},\"potentialAction\":[{\"@type\":\"SearchAction\",\"target\":{\"@type\":\"EntryPoint\",\"urlTemplate\":\"https:\/\/www.tropiko.es\/es\/?s={search_term_string}\"},\"query-input\":{\"@type\":\"PropertyValueSpecification\",\"valueRequired\":true,\"valueName\":\"search_term_string\"}}],\"inLanguage\":\"es\"},{\"@type\":\"Organization\",\"@id\":\"https:\/\/www.tropiko.es\/es\/#organization\",\"name\":\"TROPIKO Espa\u00f1a\",\"url\":\"https:\/\/www.tropiko.es\/es\/\",\"logo\":{\"@type\":\"ImageObject\",\"inLanguage\":\"es\",\"@id\":\"https:\/\/www.tropiko.es\/es\/#\/schema\/logo\/image\/\",\"url\":\"https:\/\/www.tropiko.es\/es\/wp-content\/uploads\/cropped-cropped-tropiko-logo2023-04-snapisem.png\",\"contentUrl\":\"https:\/\/www.tropiko.es\/es\/wp-content\/uploads\/cropped-cropped-tropiko-logo2023-04-snapisem.png\",\"width\":512,\"height\":512,\"caption\":\"TROPIKO Espa\u00f1a\"},\"image\":{\"@id\":\"https:\/\/www.tropiko.es\/es\/#\/schema\/logo\/image\/\"}}]}<\/script>\n<!-- \/ Yoast SEO plugin. -->","yoast_head_json":{"title":"instalaci\u00f3n de la cubierta | TROPIKO Espa\u00f1a","robots":{"index":"index","follow":"follow","max-snippet":"max-snippet:-1","max-image-preview":"max-image-preview:large","max-video-preview":"max-video-preview:-1"},"canonical":"https:\/\/www.tropiko.es\/es\/pool-roofing-installation\/","og_locale":"es_ES","og_type":"article","og_title":"instalaci\u00f3n de la cubierta | TROPIKO Espa\u00f1a","og_description":"Instrucciones de montaje La instalaci\u00f3n de la cubierta se puede realizar por un usuario medianamente ma\u00f1oso. Recomendamos que al menos dos personas realicen el montaje. Es preferible ensamblar el techo fuera de la piscina. Es m\u00e1s c\u00f3modo acceder desde el interior para montar la construcci\u00f3n, fijar y extender el toldo. Tres personas pueden transportar f\u00e1cilmente [...]","og_url":"https:\/\/www.tropiko.es\/es\/pool-roofing-installation\/","og_site_name":"TROPIKO Espa\u00f1a","article_modified_time":"2025-01-10T14:47:33+00:00","og_image":[{"width":1200,"height":900,"url":"https:\/\/www.tropiko.es\/es\/wp-content\/uploads\/tropiko-33.jpg","type":"image\/jpeg"}],"twitter_card":"summary_large_image","twitter_misc":{"Tiempo de lectura":"4 minutos"},"schema":{"@context":"https:\/\/schema.org","@graph":[{"@type":"WebPage","@id":"https:\/\/www.tropiko.es\/es\/pool-roofing-installation\/","url":"https:\/\/www.tropiko.es\/es\/pool-roofing-installation\/","name":"instalaci\u00f3n de la cubierta | TROPIKO Espa\u00f1a","isPartOf":{"@id":"https:\/\/www.tropiko.es\/es\/#website"},"primaryImageOfPage":{"@id":"https:\/\/www.tropiko.es\/es\/pool-roofing-installation\/#primaryimage"},"image":{"@id":"https:\/\/www.tropiko.es\/es\/pool-roofing-installation\/#primaryimage"},"thumbnailUrl":"http:\/\/www.tropiko.eu\/cz\/wp-content\/uploads\/tropiko-33-150x150.jpg","datePublished":"2014-12-03T15:36:45+00:00","dateModified":"2025-01-10T14:47:33+00:00","breadcrumb":{"@id":"https:\/\/www.tropiko.es\/es\/pool-roofing-installation\/#breadcrumb"},"inLanguage":"es","potentialAction":[{"@type":"ReadAction","target":["https:\/\/www.tropiko.es\/es\/pool-roofing-installation\/"]}]},{"@type":"ImageObject","inLanguage":"es","@id":"https:\/\/www.tropiko.es\/es\/pool-roofing-installation\/#primaryimage","url":"http:\/\/www.tropiko.eu\/cz\/wp-content\/uploads\/tropiko-33-150x150.jpg","contentUrl":"http:\/\/www.tropiko.eu\/cz\/wp-content\/uploads\/tropiko-33-150x150.jpg"},{"@type":"BreadcrumbList","@id":"https:\/\/www.tropiko.es\/es\/pool-roofing-installation\/#breadcrumb","itemListElement":[{"@type":"ListItem","position":1,"name":"Dom\u016f","item":"https:\/\/www.tropiko.es\/es\/"},{"@type":"ListItem","position":2,"name":"instalaci\u00f3n de la cubierta"}]},{"@type":"WebSite","@id":"https:\/\/www.tropiko.es\/es\/#website","url":"https:\/\/www.tropiko.es\/es\/","name":"TROPIKO Espa\u00f1a","description":"","publisher":{"@id":"https:\/\/www.tropiko.es\/es\/#organization"},"potentialAction":[{"@type":"SearchAction","target":{"@type":"EntryPoint","urlTemplate":"https:\/\/www.tropiko.es\/es\/?s={search_term_string}"},"query-input":{"@type":"PropertyValueSpecification","valueRequired":true,"valueName":"search_term_string"}}],"inLanguage":"es"},{"@type":"Organization","@id":"https:\/\/www.tropiko.es\/es\/#organization","name":"TROPIKO Espa\u00f1a","url":"https:\/\/www.tropiko.es\/es\/","logo":{"@type":"ImageObject","inLanguage":"es","@id":"https:\/\/www.tropiko.es\/es\/#\/schema\/logo\/image\/","url":"https:\/\/www.tropiko.es\/es\/wp-content\/uploads\/cropped-cropped-tropiko-logo2023-04-snapisem.png","contentUrl":"https:\/\/www.tropiko.es\/es\/wp-content\/uploads\/cropped-cropped-tropiko-logo2023-04-snapisem.png","width":512,"height":512,"caption":"TROPIKO Espa\u00f1a"},"image":{"@id":"https:\/\/www.tropiko.es\/es\/#\/schema\/logo\/image\/"}}]}},"_links":{"self":[{"href":"https:\/\/www.tropiko.es\/es\/wp-json\/wp\/v2\/pages\/19","targetHints":{"allow":["GET"]}}],"collection":[{"href":"https:\/\/www.tropiko.es\/es\/wp-json\/wp\/v2\/pages"}],"about":[{"href":"https:\/\/www.tropiko.es\/es\/wp-json\/wp\/v2\/types\/page"}],"author":[{"embeddable":true,"href":"https:\/\/www.tropiko.es\/es\/wp-json\/wp\/v2\/users\/1"}],"replies":[{"embeddable":true,"href":"https:\/\/www.tropiko.es\/es\/wp-json\/wp\/v2\/comments?post=19"}],"version-history":[{"count":14,"href":"https:\/\/www.tropiko.es\/es\/wp-json\/wp\/v2\/pages\/19\/revisions"}],"predecessor-version":[{"id":589,"href":"https:\/\/www.tropiko.es\/es\/wp-json\/wp\/v2\/pages\/19\/revisions\/589"}],"wp:attachment":[{"href":"https:\/\/www.tropiko.es\/es\/wp-json\/wp\/v2\/media?parent=19"}],"curies":[{"name":"wp","href":"https:\/\/api.w.org\/{rel}","templated":true}]}}