{"id":21,"date":"2014-12-03T15:38:34","date_gmt":"2014-12-03T15:38:34","guid":{"rendered":"http:\/\/www.tropiko.eu\/cz\/?page_id=21"},"modified":"2025-01-10T14:55:53","modified_gmt":"2025-01-10T14:55:53","slug":"questions-and-answers-pool-roofing","status":"publish","type":"page","link":"https:\/\/www.tropiko.es\/es\/questions-and-answers-pool-roofing\/","title":{"rendered":"Preguntas y respuestas"},"content":{"rendered":"<p><strong>Preguntas y respuestas sobre la cubierta de la piscina<\/strong><\/p>\n<p><strong>Al comparar con la piscina, \u00bfcu\u00e1nto mayor debe ser el di\u00e1metro de la cubierta?<\/strong><br \/>\nCon el techo abierto, los pliegues del toldo reducen la zona interior. Recomendamos un espacio libre de al menos 25 cm alrededor de los bordes de la piscina, es decir, elija un di\u00e1metro de la cubierta 50 cm mayor que el de la piscina. En las piscinas elevadas, hay que tener en cuenta un hueco libre junto al borde superior de la piscina (no en el suelo). Por ello, hemos preparado una tabla de tama\u00f1os de cubiertas en funci\u00f3n de la altura y el di\u00e1metro de la piscina. Compruebe siempre que los escalones, el skimmer o las mangueras conectadas al lado de la piscina, la altura de sus asideros, etc. no interfieran con la dimensi\u00f3n de la cubierta.<\/p>\n<p><strong>\u00bfSe calentar\u00e1 el agua en la piscina cubierta o hay que utilizar colectores solares?<br \/>\n<\/strong>S\u00ed, gracias a un toldo transparente que forma toda la superficie de la cubierta TROPIKO, el agua se caldea por el aire muy caliente debajo del techo. El toldo no tiene elementos sombreantes. Mezclando el agua caliente en la superficie \u2013 con la filtraci\u00f3n en marcha \u2013, tambi\u00e9n se ayuda a aumentar su temperatura.<br \/>\nEn los d\u00edas de verano, si se desea tener un agua de m\u00e1s de 27-29 grados, la cubierta se puede acompa\u00f1ar con colectores solares. En vez de la superficie recomendada, igual al nivel del agua, probablemente bastar\u00e1 con una superficie media de colectores.<\/p>\n<p><strong><a href=\"http:\/\/www.tropiko.eu\/cz\/wp-content\/uploads\/tropiko-20.jpg\"><img loading=\"lazy\" decoding=\"async\" class=\"alignright wp-image-108 size-thumbnail\" src=\"http:\/\/www.tropiko.eu\/cz\/wp-content\/uploads\/tropiko-20-150x150.jpg\" alt=\"Zast\u0159e\u0161en\u00ed baz\u00e9nu TROPIKO pro del\u0161\u00ed koup\u00e1n\u00ed, tepl\u00fd baz\u00e9n a \u010distou vodu jako azuro. Pro nadzemn\u00ed i zapu\u0161t\u011bn\u00e9 (kruhov\u00e9 \/ kulat\u00e9) zahradn\u00ed baz\u00e9ny.\" width=\"150\" height=\"150\" srcset=\"https:\/\/www.tropiko.es\/es\/wp-content\/uploads\/tropiko-20-150x150.jpg 150w, https:\/\/www.tropiko.es\/es\/wp-content\/uploads\/tropiko-20-300x300.jpg 300w, https:\/\/www.tropiko.es\/es\/wp-content\/uploads\/tropiko-20-100x100.jpg 100w\" sizes=\"auto, (max-width: 150px) 100vw, 150px\" \/><\/a>\u00bfDebemos cambiar nuestros h\u00e1bitos de tratar el agua?<br \/>\n<\/strong>Al mantener la calidad del agua, utilice s\u00f3lo productos qu\u00edmicos dise\u00f1ados para tratar el agua.<br \/>\nUtilizando la cubierta de piscina TROPIKO, la temporada de ba\u00f1o se prolongar\u00e1 en medida muy significativa. Al mismo tiempo, se reducir\u00e1 mucho la suciedad llevada en la piscina (esp. por la lluvia). El consumo de productos qu\u00edmicos y los costes para mantener la calidad del agua no aumentar\u00e1n en general, sino todo lo contrario.<br \/>\nDurante los periodos cuando la temperatura del agua supere los 28 grados, se recomienda controlar la calidad del agua con m\u00e1s frecuencia. El agua caliente se estropea m\u00e1s r\u00e1pidamente.<\/p>\n<p><a href=\"http:\/\/www.tropiko.eu\/cz\/wp-content\/uploads\/tropiko-baleni.jpg\"><img loading=\"lazy\" decoding=\"async\" class=\"alignright wp-image-149 size-thumbnail\" src=\"http:\/\/www.tropiko.eu\/cz\/wp-content\/uploads\/tropiko-baleni-150x150.jpg\" alt=\"Zast\u0159e\u0161en\u00ed baz\u00e9nu TROPIKO pro del\u0161\u00ed koup\u00e1n\u00ed, tepl\u00fd baz\u00e9n a \u010distou vodu jako azuro. Pro nadzemn\u00ed i zapu\u0161t\u011bn\u00e9 (kruhov\u00e9 \/ kulat\u00e9) zahradn\u00ed baz\u00e9ny.\" width=\"150\" height=\"150\" srcset=\"https:\/\/www.tropiko.es\/es\/wp-content\/uploads\/tropiko-baleni-150x150.jpg 150w, https:\/\/www.tropiko.es\/es\/wp-content\/uploads\/tropiko-baleni-100x100.jpg 100w\" sizes=\"auto, (max-width: 150px) 100vw, 150px\" \/><\/a><strong>Durante el invierno, \u00bfpodemos dejar el techo abierto junto a la piscina?<br \/>\n<\/strong>S\u00ed, el material de la cubierta puede soportar las condiciones meteorol\u00f3gicas durante todo el a\u00f1o. El techo debe abrirse antes de que lleguen las heladas. La construcci\u00f3n no est\u00e1 dise\u00f1ada para soportar cargas de nieve o escarcha desde el interior del toldo.<\/p>\n<p><strong>\u00bfQu\u00e9 aspecto tiene la cubierta embalada a la entrega?<br \/>\n<\/strong>Todo lo necesario para montar el techo se suministra en una caja de cart\u00f3n, envuelto en papel de aluminio. El producto, entregado por servicio de mensajer\u00eda, est\u00e1 embalado en una caja de cart\u00f3n de 210 x 50 x 25 cm, peso de 35-55 kg dependiendo del tama\u00f1o de la cubierta.<\/p>\n<p><strong>\u00bfPodemos montarlo nosotros mismos?<\/strong><br \/>\nEl montaje (v\u00e9anse las instrucciones) es muy sencillo. Si ha conseguido colocar e hinchar una piscina autoportante o ensamblar muebles escandinavos, seguro que puede encargarse de nuestra cubierta.<\/p>\n<p><strong>\u00bfEs dif\u00edcil abrir el techo para entrar en la piscina?<\/strong><br \/>\nGracias al equilibrio de la construcci\u00f3n, incluso un ni\u00f1o de 5 a\u00f1os puede abrir (levantar) el techo no asegurado.<\/p>\n<p><strong>Tenemos varios gatos, \u00bfrayar\u00e1n el toldo de la cubierta?<br \/>\n<\/strong>Por supuesto, no podemos descartarlo, pero en ambos lados, hasta la altura de la primera costilla, la cubierta es de tejido de poli\u00e9ster azul con tratamiento hidr\u00f3fugo.<\/p>\n<p><strong>\u00bfSe puede abrir totalmente la cubierta para tener una vista despejada durante el ba\u00f1o?<\/strong><br \/>\nLa apertura total del techo TROPIKO es algo natural. La cubierta plegada junto a la piscina tiene una altura aproximada de 35-40 cm. Se abre por un lado.<\/p>\n<p><strong>\u00bfEs posible dejar la cubierta de la piscina fuera durante el invierno? Si permanece cerrada sobre la piscina, \u00bfsoporta la carga de nieve?<\/strong><br \/>\nS\u00ed, el techo puede dejarse al aire libre durante todo el a\u00f1o, pero siempre abierto. Con las heladas, no manipule la cubierta, ya que \u00e9sta podr\u00eda da\u00f1arse.<br \/>\nEl toldo no est\u00e1 dise\u00f1ado para soportar cargas de nieve. Durante algunas \u00absemanas de nieve\u00bb, debe estar abierto. La garant\u00eda no cubre los da\u00f1os mec\u00e1nicos causados por nieve.<\/p>\n<p><strong>Quiero utilizar la cubierta en una piscina situada en una casa de campo donde no vivimos permanentemente. \u00bfEs posible desmontarla para el invierno?<br \/>\n<\/strong>La fijaci\u00f3n e instalaci\u00f3n de nuestros techos son sencillas, es tambi\u00e9n posible desmontarlos y guardarlos en una zona segura.<\/p>\n<p><strong>\u00bfSe perforar\u00e1 el toldo en caso de granizada?<br \/>\n<\/strong>No hemos experimentado este problema. El toldo es fuerte y flexible. Es poco probable que se pinche por el granizo o la lluvia.<br \/>\nEn los \u00faltimos a\u00f1os, ninguno de nuestros clientes ha resuelto problemas de rotura mec\u00e1nica. A pesar de todo, si su techo se <em>da\u00f1ara<\/em> durante sus actividades en la piscina, p\u00f3ngase en contacto con nosotros para una reparaci\u00f3n de calidad.<\/p>\n<p>&nbsp;<\/p>\n<p><a href=\"http:\/\/www.tropiko.eu\/cz\/wp-content\/uploads\/tropiko-22.jpg\"><img loading=\"lazy\" decoding=\"async\" class=\"alignnone wp-image-110 size-medium\" src=\"http:\/\/www.tropiko.eu\/cz\/wp-content\/uploads\/tropiko-22-300x192.jpg\" alt=\"Zast\u0159e\u0161en\u00ed baz\u00e9nu TROPIKO pro del\u0161\u00ed koup\u00e1n\u00ed, tepl\u00fd baz\u00e9n a \u010distou vodu jako azuro. Pro nadzemn\u00ed i zapu\u0161t\u011bn\u00e9 (kruhov\u00e9 \/ kulat\u00e9) zahradn\u00ed baz\u00e9ny.\" width=\"300\" height=\"192\" srcset=\"https:\/\/www.tropiko.es\/es\/wp-content\/uploads\/tropiko-22-300x193.jpg 300w, https:\/\/www.tropiko.es\/es\/wp-content\/uploads\/tropiko-22-1024x657.jpg 1024w, https:\/\/www.tropiko.es\/es\/wp-content\/uploads\/tropiko-22.jpg 1200w\" sizes=\"auto, (max-width: 300px) 100vw, 300px\" \/><\/a><\/p>\n<p class=\"wp-caption-dd\">\n","protected":false},"excerpt":{"rendered":"<p>Preguntas y respuestas sobre la cubierta de la piscina Al comparar con la piscina, \u00bfcu\u00e1nto mayor debe ser el di\u00e1metro de la cubierta? Con el techo abierto, los pliegues del toldo reducen la zona interior. Recomendamos un espacio libre de al menos 25 cm alrededor de los bordes de la piscina, es decir, elija un [&#8230;]\n","protected":false},"author":1,"featured_media":0,"parent":0,"menu_order":0,"comment_status":"closed","ping_status":"open","template":"","meta":{"footnotes":""},"class_list":["post-21","page","type-page","status-publish","hentry"],"yoast_head":"<!-- This site is optimized with the Yoast SEO plugin v26.7 - https:\/\/yoast.com\/wordpress\/plugins\/seo\/ -->\n<title>Preguntas y respuestas | TROPIKO Espa\u00f1a<\/title>\n<meta name=\"robots\" content=\"index, follow, max-snippet:-1, max-image-preview:large, max-video-preview:-1\" \/>\n<link rel=\"canonical\" href=\"https:\/\/www.tropiko.es\/es\/questions-and-answers-pool-roofing\/\" \/>\n<meta property=\"og:locale\" content=\"es_ES\" \/>\n<meta property=\"og:type\" content=\"article\" \/>\n<meta property=\"og:title\" content=\"Preguntas y respuestas | TROPIKO Espa\u00f1a\" \/>\n<meta property=\"og:description\" content=\"Preguntas y respuestas sobre la cubierta de la piscina Al comparar con la piscina, \u00bfcu\u00e1nto mayor debe ser el di\u00e1metro de la cubierta? Con el techo abierto, los pliegues del toldo reducen la zona interior. Recomendamos un espacio libre de al menos 25 cm alrededor de los bordes de la piscina, es decir, elija un [...]\" \/>\n<meta property=\"og:url\" content=\"https:\/\/www.tropiko.es\/es\/questions-and-answers-pool-roofing\/\" \/>\n<meta property=\"og:site_name\" content=\"TROPIKO Espa\u00f1a\" \/>\n<meta property=\"article:modified_time\" content=\"2025-01-10T14:55:53+00:00\" \/>\n<meta property=\"og:image\" content=\"https:\/\/www.tropiko.es\/es\/wp-content\/uploads\/tropiko-20.jpg\" \/>\n\t<meta property=\"og:image:width\" content=\"1200\" \/>\n\t<meta property=\"og:image:height\" content=\"553\" \/>\n\t<meta property=\"og:image:type\" content=\"image\/jpeg\" \/>\n<meta name=\"twitter:card\" content=\"summary_large_image\" \/>\n<meta name=\"twitter:label1\" content=\"Tiempo de lectura\" \/>\n\t<meta name=\"twitter:data1\" content=\"5 minutos\" \/>\n<script type=\"application\/ld+json\" class=\"yoast-schema-graph\">{\"@context\":\"https:\/\/schema.org\",\"@graph\":[{\"@type\":\"WebPage\",\"@id\":\"https:\/\/www.tropiko.es\/es\/questions-and-answers-pool-roofing\/\",\"url\":\"https:\/\/www.tropiko.es\/es\/questions-and-answers-pool-roofing\/\",\"name\":\"Preguntas y respuestas | TROPIKO Espa\u00f1a\",\"isPartOf\":{\"@id\":\"https:\/\/www.tropiko.es\/es\/#website\"},\"primaryImageOfPage\":{\"@id\":\"https:\/\/www.tropiko.es\/es\/questions-and-answers-pool-roofing\/#primaryimage\"},\"image\":{\"@id\":\"https:\/\/www.tropiko.es\/es\/questions-and-answers-pool-roofing\/#primaryimage\"},\"thumbnailUrl\":\"http:\/\/www.tropiko.eu\/cz\/wp-content\/uploads\/tropiko-20-150x150.jpg\",\"datePublished\":\"2014-12-03T15:38:34+00:00\",\"dateModified\":\"2025-01-10T14:55:53+00:00\",\"breadcrumb\":{\"@id\":\"https:\/\/www.tropiko.es\/es\/questions-and-answers-pool-roofing\/#breadcrumb\"},\"inLanguage\":\"es\",\"potentialAction\":[{\"@type\":\"ReadAction\",\"target\":[\"https:\/\/www.tropiko.es\/es\/questions-and-answers-pool-roofing\/\"]}]},{\"@type\":\"ImageObject\",\"inLanguage\":\"es\",\"@id\":\"https:\/\/www.tropiko.es\/es\/questions-and-answers-pool-roofing\/#primaryimage\",\"url\":\"http:\/\/www.tropiko.eu\/cz\/wp-content\/uploads\/tropiko-20-150x150.jpg\",\"contentUrl\":\"http:\/\/www.tropiko.eu\/cz\/wp-content\/uploads\/tropiko-20-150x150.jpg\"},{\"@type\":\"BreadcrumbList\",\"@id\":\"https:\/\/www.tropiko.es\/es\/questions-and-answers-pool-roofing\/#breadcrumb\",\"itemListElement\":[{\"@type\":\"ListItem\",\"position\":1,\"name\":\"Dom\u016f\",\"item\":\"https:\/\/www.tropiko.es\/es\/\"},{\"@type\":\"ListItem\",\"position\":2,\"name\":\"Preguntas y respuestas\"}]},{\"@type\":\"WebSite\",\"@id\":\"https:\/\/www.tropiko.es\/es\/#website\",\"url\":\"https:\/\/www.tropiko.es\/es\/\",\"name\":\"TROPIKO Espa\u00f1a\",\"description\":\"\",\"publisher\":{\"@id\":\"https:\/\/www.tropiko.es\/es\/#organization\"},\"potentialAction\":[{\"@type\":\"SearchAction\",\"target\":{\"@type\":\"EntryPoint\",\"urlTemplate\":\"https:\/\/www.tropiko.es\/es\/?s={search_term_string}\"},\"query-input\":{\"@type\":\"PropertyValueSpecification\",\"valueRequired\":true,\"valueName\":\"search_term_string\"}}],\"inLanguage\":\"es\"},{\"@type\":\"Organization\",\"@id\":\"https:\/\/www.tropiko.es\/es\/#organization\",\"name\":\"TROPIKO Espa\u00f1a\",\"url\":\"https:\/\/www.tropiko.es\/es\/\",\"logo\":{\"@type\":\"ImageObject\",\"inLanguage\":\"es\",\"@id\":\"https:\/\/www.tropiko.es\/es\/#\/schema\/logo\/image\/\",\"url\":\"https:\/\/www.tropiko.es\/es\/wp-content\/uploads\/cropped-cropped-tropiko-logo2023-04-snapisem.png\",\"contentUrl\":\"https:\/\/www.tropiko.es\/es\/wp-content\/uploads\/cropped-cropped-tropiko-logo2023-04-snapisem.png\",\"width\":512,\"height\":512,\"caption\":\"TROPIKO Espa\u00f1a\"},\"image\":{\"@id\":\"https:\/\/www.tropiko.es\/es\/#\/schema\/logo\/image\/\"}}]}<\/script>\n<!-- \/ Yoast SEO plugin. -->","yoast_head_json":{"title":"Preguntas y respuestas | TROPIKO Espa\u00f1a","robots":{"index":"index","follow":"follow","max-snippet":"max-snippet:-1","max-image-preview":"max-image-preview:large","max-video-preview":"max-video-preview:-1"},"canonical":"https:\/\/www.tropiko.es\/es\/questions-and-answers-pool-roofing\/","og_locale":"es_ES","og_type":"article","og_title":"Preguntas y respuestas | TROPIKO Espa\u00f1a","og_description":"Preguntas y respuestas sobre la cubierta de la piscina Al comparar con la piscina, \u00bfcu\u00e1nto mayor debe ser el di\u00e1metro de la cubierta? Con el techo abierto, los pliegues del toldo reducen la zona interior. Recomendamos un espacio libre de al menos 25 cm alrededor de los bordes de la piscina, es decir, elija un [...]","og_url":"https:\/\/www.tropiko.es\/es\/questions-and-answers-pool-roofing\/","og_site_name":"TROPIKO Espa\u00f1a","article_modified_time":"2025-01-10T14:55:53+00:00","og_image":[{"width":1200,"height":553,"url":"https:\/\/www.tropiko.es\/es\/wp-content\/uploads\/tropiko-20.jpg","type":"image\/jpeg"}],"twitter_card":"summary_large_image","twitter_misc":{"Tiempo de lectura":"5 minutos"},"schema":{"@context":"https:\/\/schema.org","@graph":[{"@type":"WebPage","@id":"https:\/\/www.tropiko.es\/es\/questions-and-answers-pool-roofing\/","url":"https:\/\/www.tropiko.es\/es\/questions-and-answers-pool-roofing\/","name":"Preguntas y respuestas | TROPIKO Espa\u00f1a","isPartOf":{"@id":"https:\/\/www.tropiko.es\/es\/#website"},"primaryImageOfPage":{"@id":"https:\/\/www.tropiko.es\/es\/questions-and-answers-pool-roofing\/#primaryimage"},"image":{"@id":"https:\/\/www.tropiko.es\/es\/questions-and-answers-pool-roofing\/#primaryimage"},"thumbnailUrl":"http:\/\/www.tropiko.eu\/cz\/wp-content\/uploads\/tropiko-20-150x150.jpg","datePublished":"2014-12-03T15:38:34+00:00","dateModified":"2025-01-10T14:55:53+00:00","breadcrumb":{"@id":"https:\/\/www.tropiko.es\/es\/questions-and-answers-pool-roofing\/#breadcrumb"},"inLanguage":"es","potentialAction":[{"@type":"ReadAction","target":["https:\/\/www.tropiko.es\/es\/questions-and-answers-pool-roofing\/"]}]},{"@type":"ImageObject","inLanguage":"es","@id":"https:\/\/www.tropiko.es\/es\/questions-and-answers-pool-roofing\/#primaryimage","url":"http:\/\/www.tropiko.eu\/cz\/wp-content\/uploads\/tropiko-20-150x150.jpg","contentUrl":"http:\/\/www.tropiko.eu\/cz\/wp-content\/uploads\/tropiko-20-150x150.jpg"},{"@type":"BreadcrumbList","@id":"https:\/\/www.tropiko.es\/es\/questions-and-answers-pool-roofing\/#breadcrumb","itemListElement":[{"@type":"ListItem","position":1,"name":"Dom\u016f","item":"https:\/\/www.tropiko.es\/es\/"},{"@type":"ListItem","position":2,"name":"Preguntas y respuestas"}]},{"@type":"WebSite","@id":"https:\/\/www.tropiko.es\/es\/#website","url":"https:\/\/www.tropiko.es\/es\/","name":"TROPIKO Espa\u00f1a","description":"","publisher":{"@id":"https:\/\/www.tropiko.es\/es\/#organization"},"potentialAction":[{"@type":"SearchAction","target":{"@type":"EntryPoint","urlTemplate":"https:\/\/www.tropiko.es\/es\/?s={search_term_string}"},"query-input":{"@type":"PropertyValueSpecification","valueRequired":true,"valueName":"search_term_string"}}],"inLanguage":"es"},{"@type":"Organization","@id":"https:\/\/www.tropiko.es\/es\/#organization","name":"TROPIKO Espa\u00f1a","url":"https:\/\/www.tropiko.es\/es\/","logo":{"@type":"ImageObject","inLanguage":"es","@id":"https:\/\/www.tropiko.es\/es\/#\/schema\/logo\/image\/","url":"https:\/\/www.tropiko.es\/es\/wp-content\/uploads\/cropped-cropped-tropiko-logo2023-04-snapisem.png","contentUrl":"https:\/\/www.tropiko.es\/es\/wp-content\/uploads\/cropped-cropped-tropiko-logo2023-04-snapisem.png","width":512,"height":512,"caption":"TROPIKO Espa\u00f1a"},"image":{"@id":"https:\/\/www.tropiko.es\/es\/#\/schema\/logo\/image\/"}}]}},"_links":{"self":[{"href":"https:\/\/www.tropiko.es\/es\/wp-json\/wp\/v2\/pages\/21","targetHints":{"allow":["GET"]}}],"collection":[{"href":"https:\/\/www.tropiko.es\/es\/wp-json\/wp\/v2\/pages"}],"about":[{"href":"https:\/\/www.tropiko.es\/es\/wp-json\/wp\/v2\/types\/page"}],"author":[{"embeddable":true,"href":"https:\/\/www.tropiko.es\/es\/wp-json\/wp\/v2\/users\/1"}],"replies":[{"embeddable":true,"href":"https:\/\/www.tropiko.es\/es\/wp-json\/wp\/v2\/comments?post=21"}],"version-history":[{"count":7,"href":"https:\/\/www.tropiko.es\/es\/wp-json\/wp\/v2\/pages\/21\/revisions"}],"predecessor-version":[{"id":590,"href":"https:\/\/www.tropiko.es\/es\/wp-json\/wp\/v2\/pages\/21\/revisions\/590"}],"wp:attachment":[{"href":"https:\/\/www.tropiko.es\/es\/wp-json\/wp\/v2\/media?parent=21"}],"curies":[{"name":"wp","href":"https:\/\/api.w.org\/{rel}","templated":true}]}}