{"id":25,"date":"2014-12-03T15:41:39","date_gmt":"2014-12-03T15:41:39","guid":{"rendered":"http:\/\/www.tropiko.eu\/cz\/?page_id=25"},"modified":"2025-01-10T12:14:27","modified_gmt":"2025-01-10T12:14:27","slug":"business-conditions","status":"publish","type":"page","link":"https:\/\/www.tropiko.es\/es\/business-conditions\/","title":{"rendered":"T\u00e9rminos y Condiciones comerciales"},"content":{"rendered":"<p style=\"text-align: center;\">T\u00e9rminos y Condiciones comerciales<\/p>\n<p style=\"text-align: center;\">de Systemia s.r.o.<br \/>\ncon domicilio social en Smetanova 131, 250 82 \u00davaly,<br \/>\nn\u00famero de identificaci\u00f3n (NI) 28513177, IVA CZ28513177,<br \/>\ninscrita en el Registro Mercantil<br \/>\ncon el n\u00famero de expediente C 147064 en el Tribunal de Registro de Praga.<\/p>\n<p>De conformidad con el art\u00edculo 1751 (1) de la Ley N\u00ba 89\/2012 del C\u00f3digo Civil, los T\u00e9rminos y Condiciones del vendedor regulan los derechos y obligaciones mutuos de las partes derivados de un contrato de compra celebrado a distancia en el sitio web, por correo electr\u00f3nico o por tel\u00e9fono entre el vendedor y otra persona f\u00edsica (consumidor, comprador) fuera del negocio del comprador.<\/p>\n<p>Datos de contacto del vendedor<br \/>\nSystemia s. r. o., NI 28513177, IVA CZ28513177 (pagador del IVA)<br \/>\nDirecci\u00f3n: Smetanova 131, 250 82 \u00davaly, Rep\u00fablica Checa<br \/>\np\u00e1gina web: www.tropiko.es, www.tropiko.eu, www.tropiko.cz, www.tropiko.de, www.tropiko.at, www.tropiko.sk, www.tropiko.pl<br \/>\ntel\u00e9fono: +420 722241426<\/p>\n<p>correo electr\u00f3nico: venta@tropiko.es, sale@tropiko.eu<\/p>\n<p><strong>Contrato de compraventa<br \/>\n<\/strong>Un contrato de consumo es un contrato de compraventa si las partes contratantes son el vendedor, por un lado, y el consumidor, por otro. La propuesta de celebraci\u00f3n de un contrato de compra es la presentaci\u00f3n de un formulario de consulta debidamente cumplimentado que se encuentra en el sitio web del vendedor.<br \/>\nEl vendedor confirma la recepci\u00f3n del pedido al comprador. El vendedor puede verificar la validez del pedido por tel\u00e9fono. El vendedor informa al comprador (por correo electr\u00f3nico, por tel\u00e9fono) del plazo de tramitaci\u00f3n del pedido. La confirmaci\u00f3n (aceptaci\u00f3n) del pedido por parte del vendedor conlleva la celebraci\u00f3n del contrato de compraventa. Todas las ofertas de venta de bienes publicadas en el sitio web del vendedor no son vinculantes y el vendedor no est\u00e1 obligado a celebrar un contrato de compra de dichos bienes.<br \/>\nEn el momento de la celebraci\u00f3n del Contrato de compra, el Comprador acepta todas las disposiciones de los T\u00e9rminos y Condiciones vigentes en la fecha de env\u00edo del pedido, incluido el precio de la mercanc\u00eda solicitada que figura en el pedido confirmado.<\/p>\n<p><strong>Precio<br \/>\n<\/strong>El precio incluye siempre el impuesto sobre el valor a\u00f1adido (IVA) aplicable en la Rep\u00fablica Checa. El Consumidor, que sea sujeto pasivo del IVA de pa\u00edses de la UE, deber\u00e1 solicitar al Vendedor el ajuste del precio individualmente en el pedido o por correo electr\u00f3nico. El precio indicado en la oferta sigue siendo v\u00e1lido durante el plazo indicado en el sitio web del Vendedor o al confirmar el pedido (con indicaci\u00f3n de la fecha de entrega). El precio total se compone del precio de los productos, servicios, gastos bancarios y el precio del transporte indicado en el sitio web del Vendedor.<br \/>\nEl precio conforme al contrato de compraventa puede pagarse por transferencia bancaria, PayPal, contra reembolso o en efectivo en el domicilio social de la empresa.<br \/>\nEl documento fiscal se expide al comprador cuando sea abonado el precio de compra.<br \/>\nEn caso de pago por adelantado, la mercanc\u00eda se env\u00eda una vez recibido el pago del comprador. En caso de pago contra reembolso, la mercanc\u00eda se env\u00eda a m\u00e1s tardar el segundo d\u00eda laborable tras la confirmaci\u00f3n (aceptaci\u00f3n) del pedido. En el caso de bienes o servicios fabricados por encargo, se informa al cliente de la fecha de env\u00edo.<\/p>\n<p><strong>Entrega<br \/>\n<\/strong>El Vendedor entregar\u00e1 la mercanc\u00eda pedida al Consumidor a trav\u00e9s de un transportista externo (Correos Checo, Dachser, Gebr\u00fcder Weiss, PPL, Schenker,&#8230;). El plazo de entrega en la Rep\u00fablica Checa no es superior a 2 d\u00edas laborables a partir de la confirmaci\u00f3n (aceptaci\u00f3n) del pedido, en los pa\u00edses de la UE aproximadamente 5 d\u00edas laborables. Al recibir la mercanc\u00eda del transportista, el comprador est\u00e1 obligado a comprobar la integridad del embalaje, informar al transportista de cualquier defecto y documentarlo fotogr\u00e1ficamente. No se tendr\u00e1n en cuenta las reclamaciones posteriores.<br \/>\nEl vendedor env\u00eda el documento fiscal () por correo electr\u00f3nico. El vendedor puede enviar electr\u00f3nicamente instrucciones u otra informaci\u00f3n sobre el producto (v\u00eddeo de montaje,&#8230;).<br \/>\nEl vendedor se reserva el derecho de anular el pedido o parte del mismo antes de celebrar el contrato de compra, de com\u00fan acuerdo con el comprador, en los siguientes casos: la mercanc\u00eda ya no se fabrica o entrega, el precio de la mercanc\u00eda ha variado significativamente, la mercanc\u00eda es de temporada o existe riesgo de da\u00f1os por condiciones clim\u00e1ticas (heladas) durante la entrega.<\/p>\n<p><strong>Derecho de desistimiento del contrato de compra<br \/>\n<\/strong>El consumidor tiene derecho a rescindir el contrato sin indicar el motivo y sin penalizaci\u00f3n alguna. El desistimiento del contrato de compra debe ser entregado de forma demostrable al vendedor en un plazo de catorce (14) d\u00edas a partir de la recepci\u00f3n de los bienes, bien a la direcci\u00f3n de la empresa o () por correo electr\u00f3nico. Los bienes deber\u00e1n devolverse al vendedor en un plazo de 2 d\u00edas h\u00e1biles a partir del env\u00edo del desistimiento al vendedor. El consumidor deber\u00e1 devolver los bienes a la direcci\u00f3n del vendedor en buen estado y sin signos de uso (sin estrenar), preferiblemente en su embalaje original. El procedimiento de devoluci\u00f3n de los bienes puede acordarse previamente con el vendedor por correo electr\u00f3nico. Junto con la mercanc\u00eda devuelta, el comprador env\u00eda una copia del recibo, documento fiscal o pedido y los datos para el reembolso \u2013 cuenta bancaria. El vendedor dispone de 10 d\u00edas para tramitar el desistimiento.<br \/>\nSi el comprador desiste del contrato de compra, correr\u00e1 con los gastos de devoluci\u00f3n de la mercanc\u00eda al vendedor.<br \/>\nSi la mercanc\u00eda devuelta est\u00e1 da\u00f1ada, desgastada o parcialmente consumida, el vendedor tiene derecho a una indemnizaci\u00f3n contra el comprador. El vendedor compensar\u00e1 los da\u00f1os con la reclamaci\u00f3n del comprador de la devoluci\u00f3n del precio de compra.<\/p>\n<p><strong>Reclamaciones<\/strong><br \/>\nEn caso de reclamaci\u00f3n, el comprador deber\u00e1 ponerse en contacto con el vendedor y negociar con \u00e9l el procedimiento de tramitaci\u00f3n de la reclamaci\u00f3n. Las reclamaciones se tramitan en la direcci\u00f3n del vendedor o directamente con el fabricante.<\/p>\n<p><strong>Protecci\u00f3n de datos personales<br \/>\n<\/strong>Todo tratamiento de los datos personales obtenidos en el curso de las actividades comerciales se rige por los <a href=\"https:\/\/www.tropiko.es\/es\/privacy-policy\/\" target=\"_blank\" rel=\"noopener\">T\u00e9rminos y Condiciones<\/a> para la protecci\u00f3n de datos personales de Systemia s.r.o. en el sentido del Reglamento (UE) 2016\/679 del Parlamento Europeo y del Consejo.<\/p>\n<p><strong>Disposiciones finales<\/strong><br \/>\nLos presentes T\u00e9rminos y Condiciones son v\u00e1lidos tal y como figuran en el sitio web del Vendedor en la fecha de la celebraci\u00f3n del Contrato de Compraventa. En caso de litigio, prevalecer\u00e1 la versi\u00f3n en lengua checa de las condiciones. Los litigios se resolver\u00e1n en la Rep\u00fablica Checa, en lengua checa y de conformidad con la legislaci\u00f3n checa.<\/p>\n<p><strong>Soluci\u00f3n extrajudicial de litigios en materia de consumo<br \/>\n<\/strong>La Autoridad Checa de Inspecci\u00f3n Comercial, con domicilio social en \u0160t\u011bp\u00e1nsk\u00e1 567\/15, 120 00 Praga 2, NI: 00020869, direcci\u00f3n de Internet: www.coi.cz, es competente para la resoluci\u00f3n extrajudicial de los litigios en materia de consumo derivados del contrato de compraventa &#8230; <a href=\"http:\/\/www.coi.cz\" target=\"_blank\" rel=\"noopener\">www.coi.cz<\/a><\/p>\n<p style=\"text-align: center;\">Obchodn\u00ed podm\u00ednky<\/p>\n<p style=\"text-align: center;\">spole\u010dnosti Systemia s. r. o.<br \/>\nse s\u00eddlem Smetanova 131, 250 82 \u00davaly,<br \/>\nI\u010c 28513177, DI\u010c\u00a0 CZ28513177 zapsan\u00e1 v obchodn\u00edm rejst\u0159\u00edku<br \/>\npod spisovou zna\u010dkou C 147064 u rejst\u0159\u00edkov\u00e9ho soudu v\u00a0Praze.<\/p>\n<p>Obchodn\u00ed podm\u00ednky prod\u00e1vaj\u00edc\u00edho upravuj\u00ed v souladu s \u00a7 1751 odst. 1 z\u00e1kona \u010d. 89\/2012 Sb., ob\u010dansk\u00fd z\u00e1kon\u00edk vz\u00e1jemn\u00e1 pr\u00e1va a povinnosti smluvn\u00edch stran vznikl\u00e9 na z\u00e1klad\u011b kupn\u00ed smlouvy uzav\u00edran\u00e9 na d\u00e1lku na internetov\u00fdch str\u00e1nk\u00e1ch, emailem nebo telefonicky mezi prod\u00e1vaj\u00edc\u00edm a jinou fyzickou osobou (spot\u0159ebitel, kupuj\u00edc\u00ed) mimo podnikatelskou \u010dinnost kupuj\u00edc\u00edho.<\/p>\n<p>Kontaktn\u00ed \u00fadaje prod\u00e1vaj\u00edc\u00edho<br \/>\nSystemia s. r. o., I\u010c 28513177, DI\u010c\u00a0 CZ28513177 (pl\u00e1tce DPH)<br \/>\nadresa: Smetanova 131, 250 82 \u00davaly, \u010cesk\u00e1 republika<br \/>\ninternetov\u00e9 str\u00e1nky: www.tropiko.eu, www.tropiko.cz, www.tropiko.de, www.tropiko.at, www.tropiko.sk, www.tropiko.pl<br \/>\ntelefon: +420 281864404<br \/>\nemail: prodej@tropiko.cz, sale@tropiko.eu<\/p>\n<p><strong>Kupn\u00ed smlouva<\/strong><br \/>\nSpot\u0159ebitelsk\u00e1 smlouva je smlouva kupn\u00ed, pokud smluvn\u00edmi stranami jsou na jedn\u00e9 stran\u011b prod\u00e1vaj\u00edc\u00ed a na druh\u00e9 stran\u011b spot\u0159ebitel. N\u00e1vrhem k uzav\u0159en\u00ed kupn\u00ed smlouvy je odesl\u00e1n\u00ed \u0159\u00e1dn\u011b vypln\u011bn\u00e9ho popt\u00e1vkov\u00e9ho formul\u00e1\u0159e um\u00edst\u011bn\u00e9ho na internetov\u00e9 str\u00e1nce prod\u00e1vaj\u00edc\u00edho.<br \/>\nProd\u00e1vaj\u00edc\u00ed potvrzuje p\u0159ijet\u00ed objedn\u00e1vky kupuj\u00edc\u00edmu. Prod\u00e1vaj\u00edc\u00ed m\u016f\u017ee ov\u011b\u0159it platnost objedn\u00e1vky telefonicky. Prod\u00e1vaj\u00edc\u00ed informuje kupuj\u00edc\u00edho (emailem, telefonicky) o term\u00ednu vy\u0159\u00edzen\u00ed objedn\u00e1vky. Potvrzen\u00edm (akceptac\u00ed) objedn\u00e1vky prod\u00e1vaj\u00edc\u00edm doch\u00e1z\u00ed k\u00a0uzav\u0159en\u00ed kupn\u00ed smlouvy. Ve\u0161ker\u00e9 nab\u00eddky prodeje zbo\u017e\u00ed um\u00edst\u011bn\u00e9 na internetov\u00fdch str\u00e1nk\u00e1ch prod\u00e1vaj\u00edc\u00edho jsou nez\u00e1vazn\u00e9 a\u00a0prod\u00e1vaj\u00edc\u00ed nen\u00ed povinen uzav\u0159\u00edt kupn\u00ed smlouvu na toto zbo\u017e\u00ed.<br \/>\nMomentem uzav\u0159en\u00ed kupn\u00ed smlouvy kupuj\u00edc\u00ed p\u0159ij\u00edm\u00e1 ve\u0161ker\u00e1 ustanoven\u00ed obchodn\u00edch podm\u00ednek ve zn\u011bn\u00ed platn\u00e9m v den odesl\u00e1n\u00ed objedn\u00e1vky v\u010detn\u011b ceny objednan\u00e9ho zbo\u017e\u00ed uvedenou v potvrzen\u00e9 objedn\u00e1vce.<\/p>\n<p><strong>Cena<\/strong><br \/>\nCena je v\u017edy uvedena v\u010detn\u011b dan\u011b z\u00a0p\u0159idan\u00e9 hodnoty (DPH) platn\u00e9 na \u00fazem\u00ed \u010cesk\u00e9 republiky. Spot\u0159ebitel, kter\u00fd je pl\u00e1tce DPH ze zem\u00ed EU, po\u017e\u00e1d\u00e1 prod\u00e1vaj\u00edc\u00edho o \u00fapravu ceny individu\u00e1ln\u011b v\u00a0objedn\u00e1vce nebo emailem. Cena uveden\u00e1 v\u00a0nab\u00eddce z\u016fst\u00e1v\u00e1 v\u00a0platnosti po dobu uvedenou na internetov\u00fdch str\u00e1nk\u00e1ch prod\u00e1vaj\u00edc\u00edho nebo potvrzen\u00edm vy\u0159\u00edzen\u00ed objedn\u00e1vky (s uveden\u00edm term\u00ednu doru\u010den\u00ed). Celkovou cenu tvo\u0159\u00ed cena v\u00fdrobk\u016f, slu\u017eeb, bankovn\u00ed poplatky a cena dopravy uveden\u00e1 na internetov\u00fdch str\u00e1nk\u00e1ch prod\u00e1vaj\u00edc\u00edho.<br \/>\nCenu dle kupn\u00ed smlouvy lze uhradit: bankovn\u00edm p\u0159evodem, syst\u00e9mem PayPal, na dob\u00edrku nebo hotov\u011b v\u00a0s\u00eddle spole\u010dnosti.<br \/>\nDa\u0148ov\u00fd doklad je kupuj\u00edc\u00edmu vystaven po uhrazen\u00ed kupn\u00ed ceny.<br \/>\nV\u00a0p\u0159\u00edpad\u011b z\u00e1lohov\u00e9 platby je zbo\u017e\u00ed odesl\u00e1no po p\u0159ijet\u00ed platby od kupuj\u00edc\u00edho. V\u00a0p\u0159\u00edpad\u011b platby p\u0159i doru\u010den\u00ed (dob\u00edrkou) je zbo\u017e\u00ed odesl\u00e1no nejpozd\u011bji druh\u00fd pracovn\u00ed den po potvrzen\u00ed (akceptaci) objedn\u00e1vky. U zbo\u017e\u00ed nebo slu\u017eeb zhotoven\u00fdch na zak\u00e1zku je o term\u00ednu odesl\u00e1n\u00ed z\u00e1kazn\u00edk informov\u00e1n.<\/p>\n<p><strong>Dod\u00e1n\u00ed<br \/>\n<\/strong>Prod\u00e1vaj\u00edc\u00ed dod\u00e1 objednan\u00e9 zbo\u017e\u00ed spot\u0159ebiteli prost\u0159ednictv\u00edm extern\u00edho dopravce (\u010cesk\u00e1 po\u0161ta,\u00a0 Dachser, Gebr\u00fcder Weiss, PPL, Schenker,&#8230;). Doba doru\u010den\u00ed v\u00a0\u010cesk\u00e9 republice je nejd\u00e9le 2 pracovn\u00ed dny od potvrzen\u00ed (akceptace) objedn\u00e1vky, v\u00a0zem\u00edch EU p\u0159ibli\u017en\u011b 5 pracovn\u00edch dn\u016f. P\u0159i p\u0159evzet\u00ed zbo\u017e\u00ed od p\u0159epravce je kupuj\u00edc\u00ed povinen zkontrolovat neporu\u0161enost obalu a v\u0161echny z\u00e1vady ozn\u00e1mit p\u0159epravci a fotograficky zdokumentovat. Na pozd\u011bj\u0161\u00ed reklamaci z\u00e1silky nebude br\u00e1n z\u0159etel.<br \/>\nDa\u0148ov\u00fd doklad prod\u00e1vaj\u00edc\u00ed zas\u00edl\u00e1 elektronicky emailem. Prod\u00e1vaj\u00edc\u00ed m\u016f\u017ee elektronicky zaslat n\u00e1vod nebo dal\u0161\u00ed informace k\u00a0v\u00fdrobku (mont\u00e1\u017en\u00ed video,&#8230;).<br \/>\nProd\u00e1vaj\u00edc\u00ed si vyhrazuje pr\u00e1vo zru\u0161it objedn\u00e1vku nebo jej\u00ed \u010d\u00e1st p\u0159ed uzav\u0159en\u00edm kupn\u00ed smlouvy, na z\u00e1klad\u011b dohody s kupuj\u00edc\u00edm, v t\u011bchto p\u0159\u00edpadech: zbo\u017e\u00ed se ji\u017e nevyr\u00e1b\u00ed nebo nedod\u00e1v\u00e1, v\u00fdrazn\u00fdm zp\u016fsobem se zm\u011bnila cena zbo\u017e\u00ed, jde o zbo\u017e\u00ed sez\u00f3nn\u00edho charakteru nebo p\u0159i doru\u010den\u00ed hroz\u00ed po\u0161kozen\u00ed vlivem klimatick\u00fdch podm\u00ednek (mr\u00e1z).<\/p>\n<p><strong>Pr\u00e1va na odstoupen\u00ed od kupn\u00ed smlouvy<\/strong><br \/>\nSpot\u0159ebitel m\u00e1 pr\u00e1vo od smlouvy odstoupit bez uveden\u00ed d\u016fvodu a bez jak\u00e9koliv sankce. Odstoupen\u00ed od\u00a0kupn\u00ed smlouvy mus\u00ed b\u00fdt prod\u00e1vaj\u00edc\u00edmu prokazateln\u011b doru\u010deno do \u010dtrn\u00e1cti (14) dn\u016f od\u00a0p\u0159evzet\u00ed zbo\u017e\u00ed, a\u00a0to\u00a0na\u00a0adresu firmy nebo <a href=\"http:\/\/www.tropiko.cz\/cz\/odstoupeni-od-smlouvy\/\">elektronicky<\/a> emailem. Zbo\u017e\u00ed mus\u00ed b\u00fdt prod\u00e1vaj\u00edc\u00edmu vr\u00e1ceno do 2 pracovn\u00edch dn\u016f od\u00a0odesl\u00e1n\u00ed odstoupen\u00ed od smlouvy prod\u00e1vaj\u00edc\u00edmu. Spot\u0159ebitel vr\u00e1t\u00ed zbo\u017e\u00ed na adresu prod\u00e1vaj\u00edc\u00edho nepo\u0161kozen\u00e9 a bez zn\u00e1mek pou\u017e\u00edv\u00e1n\u00ed (neopot\u0159eben\u00e9), nejl\u00e9pe v\u00a0p\u016fvodn\u00edm obalu. Postup vr\u00e1cen\u00ed zbo\u017e\u00ed lze s\u00a0prod\u00e1vaj\u00edc\u00edm p\u0159edem dojednat emailem. Spolu s\u00a0vr\u00e1cen\u00fdm zbo\u017e\u00edm kupuj\u00edc\u00ed za\u0161le kopii dokladu o p\u0159evzet\u00ed, da\u0148ov\u00fd doklad nebo objedn\u00e1vku a \u00fadaje pro vr\u00e1cen\u00ed platby &#8211; bankovn\u00ed spojen\u00ed. Prod\u00e1vaj\u00edc\u00ed m\u00e1 10 dn\u016f na vy\u0159\u00edzen\u00ed odstoupen\u00ed od smlouvy.<br \/>\nOdstoup\u00ed-li kupuj\u00edc\u00ed od kupn\u00ed smlouvy, nese kupuj\u00edc\u00ed n\u00e1klady spojen\u00e9 s navr\u00e1cen\u00edm zbo\u017e\u00ed prod\u00e1vaj\u00edc\u00edmu.<br \/>\nPokud je vr\u00e1cen\u00e9 zbo\u017e\u00ed po\u0161kozeno, opot\u0159ebeno \u010di \u010d\u00e1ste\u010dn\u011b spot\u0159ebov\u00e1no, vznik\u00e1 prod\u00e1vaj\u00edc\u00edmu v\u016f\u010di kupuj\u00edc\u00edmu n\u00e1rok na n\u00e1hradu \u0161kody. Prod\u00e1vaj\u00edc\u00ed \u0161kodu zapo\u010d\u00edt\u00e1 proti n\u00e1roku kupuj\u00edc\u00edho na vr\u00e1cen\u00ed kupn\u00ed ceny.<\/p>\n<p><strong>Reklamace<\/strong><br \/>\nV\u00a0p\u0159\u00edpad\u011b reklamace zbo\u017e\u00ed kupuj\u00edc\u00ed kontaktuje prod\u00e1vaj\u00edc\u00edho a dojedn\u00e1 s\u00a0n\u00edm postup vy\u0159\u00edzen\u00ed reklamace. Reklamace se vy\u0159izuj\u00ed na adrese prod\u00e1vaj\u00edc\u00edho nebo p\u0159\u00edmo u v\u00fdrobce.<\/p>\n<p><strong>Ochrana osobn\u00edch \u00fadaj\u016f<\/strong><br \/>\nVe\u0161ker\u00e9 nakl\u00e1d\u00e1n\u00ed s osobn\u00edmi \u00fadaji z\u00edskan\u00fdmi p\u0159i obchodn\u00ed \u010dinnosti se \u0159\u00edd\u00ed\u00a0<a href=\"https:\/\/www.tropiko.cz\/cz\/ochrana-osobnich-udaju\/\">Podm\u00ednkami ochrany osobn\u00edch \u00fadaj\u016f<\/a>\u00a0spole\u010dnosti Systemia s.r.o. ve smyslu na\u0159\u00edzen\u00ed Evropsk\u00e9ho parlamentu a Rady (EU) 2016\/679.<\/p>\n<p><strong>Z\u00e1v\u011bre\u010dn\u00e1 ustanoven\u00ed<\/strong><br \/>\nTyto obchodn\u00ed podm\u00ednky plat\u00ed ve zn\u011bn\u00ed uveden\u00e9m na internetov\u00fdch str\u00e1nk\u00e1ch prod\u00e1vaj\u00edc\u00edho, v den uzav\u0159en\u00ed kupn\u00ed smlouvy. V\u00a0p\u0159\u00edpad\u011b sporu je rozhoduj\u00edc\u00ed \u010desk\u00e1 jazykov\u00e1 verze obchodn\u00edch podm\u00ednek. Spory jsou \u0159e\u0161eny na \u00fazem\u00ed \u010cesk\u00e9 republiky, v\u00a0\u010desk\u00e9m jazyce podle \u010desk\u00e9ho pr\u00e1va.<\/p>\n<p><strong>Mimosoudn\u00ed \u0159e\u0161en\u00ed spot\u0159ebitelsk\u00fdch spor\u016f<\/strong><br \/>\nK\u00a0mimosoudn\u00edmu \u0159e\u0161en\u00ed spot\u0159ebitelsk\u00fdch spor\u016f z\u00a0kupn\u00ed smlouvy je p\u0159\u00edslu\u0161n\u00e1 \u010cesk\u00e1 obchodn\u00ed inspekce, se s\u00eddlem \u0160t\u011bp\u00e1nsk\u00e1 567\/15, 120 00\u00a0Praha 2, I\u010c: 000\u00a020\u00a0869, internetov\u00e1 adresa: <a href=\"http:\/\/www.coi.cz\" target=\"_blank\" rel=\"noopener\">www.coi.cz<\/a>.<\/p>\n<p>&nbsp;<\/p>\n","protected":false},"excerpt":{"rendered":"<p>T\u00e9rminos y Condiciones comerciales de Systemia s.r.o. con domicilio social en Smetanova 131, 250 82 \u00davaly, n\u00famero de identificaci\u00f3n (NI) 28513177, IVA CZ28513177, inscrita en el Registro Mercantil con el n\u00famero de expediente C 147064 en el Tribunal de Registro de Praga. De conformidad con el art\u00edculo 1751 (1) de la Ley N\u00ba 89\/2012 del [&#8230;]\n","protected":false},"author":1,"featured_media":0,"parent":0,"menu_order":0,"comment_status":"closed","ping_status":"open","template":"","meta":{"footnotes":""},"class_list":["post-25","page","type-page","status-publish","hentry"],"yoast_head":"<!-- This site is optimized with the Yoast SEO plugin v26.7 - https:\/\/yoast.com\/wordpress\/plugins\/seo\/ -->\n<title>T\u00e9rminos y Condiciones comerciales | TROPIKO Espa\u00f1a<\/title>\n<meta name=\"robots\" content=\"index, follow, max-snippet:-1, max-image-preview:large, max-video-preview:-1\" \/>\n<link rel=\"canonical\" href=\"https:\/\/www.tropiko.es\/es\/business-conditions\/\" \/>\n<meta property=\"og:locale\" content=\"es_ES\" \/>\n<meta property=\"og:type\" content=\"article\" \/>\n<meta property=\"og:title\" content=\"T\u00e9rminos y Condiciones comerciales | TROPIKO Espa\u00f1a\" \/>\n<meta property=\"og:description\" content=\"T\u00e9rminos y Condiciones comerciales de Systemia s.r.o. con domicilio social en Smetanova 131, 250 82 \u00davaly, n\u00famero de identificaci\u00f3n (NI) 28513177, IVA CZ28513177, inscrita en el Registro Mercantil con el n\u00famero de expediente C 147064 en el Tribunal de Registro de Praga. De conformidad con el art\u00edculo 1751 (1) de la Ley N\u00ba 89\/2012 del [...]\" \/>\n<meta property=\"og:url\" content=\"https:\/\/www.tropiko.es\/es\/business-conditions\/\" \/>\n<meta property=\"og:site_name\" content=\"TROPIKO Espa\u00f1a\" \/>\n<meta property=\"article:modified_time\" content=\"2025-01-10T12:14:27+00:00\" \/>\n<meta property=\"og:image\" content=\"https:\/\/www.tropiko.es\/es\/wp-content\/uploads\/tropiko-titulni.jpg\" \/>\n\t<meta property=\"og:image:width\" content=\"250\" \/>\n\t<meta property=\"og:image:height\" content=\"188\" \/>\n\t<meta property=\"og:image:type\" content=\"image\/jpeg\" \/>\n<meta name=\"twitter:card\" content=\"summary_large_image\" \/>\n<meta name=\"twitter:label1\" content=\"Tiempo de lectura\" \/>\n\t<meta name=\"twitter:data1\" content=\"9 minutos\" \/>\n<script type=\"application\/ld+json\" class=\"yoast-schema-graph\">{\"@context\":\"https:\/\/schema.org\",\"@graph\":[{\"@type\":\"WebPage\",\"@id\":\"https:\/\/www.tropiko.es\/es\/business-conditions\/\",\"url\":\"https:\/\/www.tropiko.es\/es\/business-conditions\/\",\"name\":\"T\u00e9rminos y Condiciones comerciales | TROPIKO Espa\u00f1a\",\"isPartOf\":{\"@id\":\"https:\/\/www.tropiko.es\/es\/#website\"},\"datePublished\":\"2014-12-03T15:41:39+00:00\",\"dateModified\":\"2025-01-10T12:14:27+00:00\",\"breadcrumb\":{\"@id\":\"https:\/\/www.tropiko.es\/es\/business-conditions\/#breadcrumb\"},\"inLanguage\":\"es\",\"potentialAction\":[{\"@type\":\"ReadAction\",\"target\":[\"https:\/\/www.tropiko.es\/es\/business-conditions\/\"]}]},{\"@type\":\"BreadcrumbList\",\"@id\":\"https:\/\/www.tropiko.es\/es\/business-conditions\/#breadcrumb\",\"itemListElement\":[{\"@type\":\"ListItem\",\"position\":1,\"name\":\"Dom\u016f\",\"item\":\"https:\/\/www.tropiko.es\/es\/\"},{\"@type\":\"ListItem\",\"position\":2,\"name\":\"T\u00e9rminos y Condiciones comerciales\"}]},{\"@type\":\"WebSite\",\"@id\":\"https:\/\/www.tropiko.es\/es\/#website\",\"url\":\"https:\/\/www.tropiko.es\/es\/\",\"name\":\"TROPIKO Espa\u00f1a\",\"description\":\"\",\"publisher\":{\"@id\":\"https:\/\/www.tropiko.es\/es\/#organization\"},\"potentialAction\":[{\"@type\":\"SearchAction\",\"target\":{\"@type\":\"EntryPoint\",\"urlTemplate\":\"https:\/\/www.tropiko.es\/es\/?s={search_term_string}\"},\"query-input\":{\"@type\":\"PropertyValueSpecification\",\"valueRequired\":true,\"valueName\":\"search_term_string\"}}],\"inLanguage\":\"es\"},{\"@type\":\"Organization\",\"@id\":\"https:\/\/www.tropiko.es\/es\/#organization\",\"name\":\"TROPIKO Espa\u00f1a\",\"url\":\"https:\/\/www.tropiko.es\/es\/\",\"logo\":{\"@type\":\"ImageObject\",\"inLanguage\":\"es\",\"@id\":\"https:\/\/www.tropiko.es\/es\/#\/schema\/logo\/image\/\",\"url\":\"https:\/\/www.tropiko.es\/es\/wp-content\/uploads\/cropped-cropped-tropiko-logo2023-04-snapisem.png\",\"contentUrl\":\"https:\/\/www.tropiko.es\/es\/wp-content\/uploads\/cropped-cropped-tropiko-logo2023-04-snapisem.png\",\"width\":512,\"height\":512,\"caption\":\"TROPIKO Espa\u00f1a\"},\"image\":{\"@id\":\"https:\/\/www.tropiko.es\/es\/#\/schema\/logo\/image\/\"}}]}<\/script>\n<!-- \/ Yoast SEO plugin. -->","yoast_head_json":{"title":"T\u00e9rminos y Condiciones comerciales | TROPIKO Espa\u00f1a","robots":{"index":"index","follow":"follow","max-snippet":"max-snippet:-1","max-image-preview":"max-image-preview:large","max-video-preview":"max-video-preview:-1"},"canonical":"https:\/\/www.tropiko.es\/es\/business-conditions\/","og_locale":"es_ES","og_type":"article","og_title":"T\u00e9rminos y Condiciones comerciales | TROPIKO Espa\u00f1a","og_description":"T\u00e9rminos y Condiciones comerciales de Systemia s.r.o. con domicilio social en Smetanova 131, 250 82 \u00davaly, n\u00famero de identificaci\u00f3n (NI) 28513177, IVA CZ28513177, inscrita en el Registro Mercantil con el n\u00famero de expediente C 147064 en el Tribunal de Registro de Praga. De conformidad con el art\u00edculo 1751 (1) de la Ley N\u00ba 89\/2012 del [...]","og_url":"https:\/\/www.tropiko.es\/es\/business-conditions\/","og_site_name":"TROPIKO Espa\u00f1a","article_modified_time":"2025-01-10T12:14:27+00:00","og_image":[{"width":250,"height":188,"url":"https:\/\/www.tropiko.es\/es\/wp-content\/uploads\/tropiko-titulni.jpg","type":"image\/jpeg"}],"twitter_card":"summary_large_image","twitter_misc":{"Tiempo de lectura":"9 minutos"},"schema":{"@context":"https:\/\/schema.org","@graph":[{"@type":"WebPage","@id":"https:\/\/www.tropiko.es\/es\/business-conditions\/","url":"https:\/\/www.tropiko.es\/es\/business-conditions\/","name":"T\u00e9rminos y Condiciones comerciales | TROPIKO Espa\u00f1a","isPartOf":{"@id":"https:\/\/www.tropiko.es\/es\/#website"},"datePublished":"2014-12-03T15:41:39+00:00","dateModified":"2025-01-10T12:14:27+00:00","breadcrumb":{"@id":"https:\/\/www.tropiko.es\/es\/business-conditions\/#breadcrumb"},"inLanguage":"es","potentialAction":[{"@type":"ReadAction","target":["https:\/\/www.tropiko.es\/es\/business-conditions\/"]}]},{"@type":"BreadcrumbList","@id":"https:\/\/www.tropiko.es\/es\/business-conditions\/#breadcrumb","itemListElement":[{"@type":"ListItem","position":1,"name":"Dom\u016f","item":"https:\/\/www.tropiko.es\/es\/"},{"@type":"ListItem","position":2,"name":"T\u00e9rminos y Condiciones comerciales"}]},{"@type":"WebSite","@id":"https:\/\/www.tropiko.es\/es\/#website","url":"https:\/\/www.tropiko.es\/es\/","name":"TROPIKO Espa\u00f1a","description":"","publisher":{"@id":"https:\/\/www.tropiko.es\/es\/#organization"},"potentialAction":[{"@type":"SearchAction","target":{"@type":"EntryPoint","urlTemplate":"https:\/\/www.tropiko.es\/es\/?s={search_term_string}"},"query-input":{"@type":"PropertyValueSpecification","valueRequired":true,"valueName":"search_term_string"}}],"inLanguage":"es"},{"@type":"Organization","@id":"https:\/\/www.tropiko.es\/es\/#organization","name":"TROPIKO Espa\u00f1a","url":"https:\/\/www.tropiko.es\/es\/","logo":{"@type":"ImageObject","inLanguage":"es","@id":"https:\/\/www.tropiko.es\/es\/#\/schema\/logo\/image\/","url":"https:\/\/www.tropiko.es\/es\/wp-content\/uploads\/cropped-cropped-tropiko-logo2023-04-snapisem.png","contentUrl":"https:\/\/www.tropiko.es\/es\/wp-content\/uploads\/cropped-cropped-tropiko-logo2023-04-snapisem.png","width":512,"height":512,"caption":"TROPIKO Espa\u00f1a"},"image":{"@id":"https:\/\/www.tropiko.es\/es\/#\/schema\/logo\/image\/"}}]}},"_links":{"self":[{"href":"https:\/\/www.tropiko.es\/es\/wp-json\/wp\/v2\/pages\/25","targetHints":{"allow":["GET"]}}],"collection":[{"href":"https:\/\/www.tropiko.es\/es\/wp-json\/wp\/v2\/pages"}],"about":[{"href":"https:\/\/www.tropiko.es\/es\/wp-json\/wp\/v2\/types\/page"}],"author":[{"embeddable":true,"href":"https:\/\/www.tropiko.es\/es\/wp-json\/wp\/v2\/users\/1"}],"replies":[{"embeddable":true,"href":"https:\/\/www.tropiko.es\/es\/wp-json\/wp\/v2\/comments?post=25"}],"version-history":[{"count":11,"href":"https:\/\/www.tropiko.es\/es\/wp-json\/wp\/v2\/pages\/25\/revisions"}],"predecessor-version":[{"id":570,"href":"https:\/\/www.tropiko.es\/es\/wp-json\/wp\/v2\/pages\/25\/revisions\/570"}],"wp:attachment":[{"href":"https:\/\/www.tropiko.es\/es\/wp-json\/wp\/v2\/media?parent=25"}],"curies":[{"name":"wp","href":"https:\/\/api.w.org\/{rel}","templated":true}]}}