{"id":255,"date":"2019-01-08T15:11:26","date_gmt":"2019-01-08T15:11:26","guid":{"rendered":"http:\/\/www.tropiko.eu\/en\/?page_id=255"},"modified":"2025-01-10T12:24:39","modified_gmt":"2025-01-10T12:24:39","slug":"privacy-policy","status":"publish","type":"page","link":"https:\/\/www.tropiko.es\/es\/privacy-policy\/","title":{"rendered":"Protecci\u00f3n de datos personales"},"content":{"rendered":"<p>Pol\u00edtica de privacidad<\/p>\n<p>El responsable del tratamiento de los datos personales, de conformidad con el art\u00edculo 4, apartado 7, del Reglamento (UE) 2016\/679 del Parlamento Europeo y del Consejo relativo a la protecci\u00f3n de las personas f\u00edsicas en lo que respecta al tratamiento de datos personales y a la libre circulaci\u00f3n de estos datos (en lo sucesivo, \u00abGDPR\u00bb), es Systemia s. r. o., con domicilio social en Smetanova 131, 250 82 \u00davaly, NI 28513177, inscrita en el Registro Mercantil con el n\u00famero de expediente C 147064 en el Tribunal de Registro de Praga. (en lo sucesivo, el \u00abAdministrador\u00bb).<\/p>\n<p>El responsable del tratamiento no ha designado a un delegado de protecci\u00f3n de datos.<\/p>\n<p>Datos de contacto del responsable del tratamiento<br \/>\nDirecci\u00f3n: Smetanova 131, \u00davaly, Rep\u00fablica Checa<br \/>\nsitio web: www.tropiko.es, www.tropiko.eu, www.tropiko.cz, www.tropiko.de, www.tropiko.at, www.tropiko.sk, www.tropiko.pl<br \/>\ntel\u00e9fono: +420 \u00a0722 241 426<br \/>\ncorreo electr\u00f3nico: venta@tropiko.es, sale@tropiko.eu<\/p>\n<p><strong>Datos personales<br \/>\n<\/strong>Por datos personales se entiende cualquier informaci\u00f3n sobre una persona f\u00edsica identificada o identificable que sea ofertante o comprador (en lo sucesivo, \u00abofertante\u00bb).<br \/>\nUna persona f\u00edsica identificable es una persona f\u00edsica que puede ser identificada directa o indirectamente, en particular por referencia a un identificador espec\u00edfico (p. ej. nombre, datos de localizaci\u00f3n).<\/p>\n<p><strong>Tratamiento de datos personales<br \/>\n<\/strong>El administrador trata los datos personales facilitados por el interesado o los datos personales obtenidos por el administrador como consecuencia del cumplimiento de un pedido.<\/p>\n<p>El administrador trata datos de identificaci\u00f3n, de contacto y datos necesarios para la ejecuci\u00f3n del contrato.<\/p>\n<p>La finalidad del tratamiento de los datos personales es:<\/p>\n<ul>\n<li>Tramitaci\u00f3n del pedido del interesado.<\/li>\n<li>Env\u00edo de comunicaciones comerciales y acciones de marketing.<\/li>\n<\/ul>\n<p>El motivo l\u00edcito del tratamiento de los datos personales es:<\/p>\n<ul>\n<li>Ejecuci\u00f3n del contrato entre el posible comprador y el administrador de conformidad con el art. 6, apdo. 1, letra b) del RGPD.<\/li>\n<li>El inter\u00e9s leg\u00edtimo del administrador en proporcionar marketing directo de conformidad con el art. 6, apdo. 1, letra f) del RGPD.<\/li>\n<li>El consentimiento del interesado para el tratamiento con fines de marketing directo (en particular, env\u00edo de comunicaciones comerciales y boletines informativos) de conformidad con el art. 6, apdo. 1, letra a) del RGPD, en relaci\u00f3n con el art. 7, apdo. 2, de la Ley n\u00ba 480\/2004 sobre determinados servicios de la sociedad de la informaci\u00f3n, en caso de que no se haya realizado ning\u00fan pedido de bienes o servicios.<\/li>\n<\/ul>\n<p>Al realizar un pedido, se solicitan los datos personales necesarios para la correcta ejecuci\u00f3n del mismo (nombre y direcci\u00f3n, datos de contacto). El suministro de datos personales es un requisito necesario para la celebraci\u00f3n y ejecuci\u00f3n del contrato. Si no se facilitan los datos personales, el administrador no podr\u00e1 celebrar ni ejecutar el contrato.<\/p>\n<p>El administrador toma decisiones individuales autom\u00e1ticas en el sentido del art. 22 del RGPD. El interesado da su consentimiento expl\u00edcito a dicho tratamiento.<\/p>\n<p>El administrador almacena los datos personales:<\/p>\n<ul>\n<li>Durante el plazo necesario para el ejercicio de los derechos y obligaciones derivados de la relaci\u00f3n contractual.<\/li>\n<li>Hasta que se retire el consentimiento al tratamiento de los datos personales con fines de marketing, pero no m\u00e1s de 20 a\u00f1os.<\/li>\n<\/ul>\n<p>Una vez transcurrido el periodo de conservaci\u00f3n, el administrador destruir\u00e1 los datos personales.<\/p>\n<p><strong>Destinatarios de los datos personales<br \/>\n<\/strong>Los destinatarios de los datos personales son las personas implicadas en la entrega de bienes y servicios (transportistas), la ejecuci\u00f3n de pagos, el funcionamiento de la tienda electr\u00f3nica y los servicios de marketing.<br \/>\nEl administrador no transfiere datos personales a pa\u00edses no pertenecientes a la UE ni a organizaciones internacionales.<\/p>\n<p><strong>Derechos del interesado<br \/>\n<\/strong>En las condiciones establecidas en el GDPR, el interesado tiene:<\/p>\n<ul>\n<li>El derecho a acceder a sus datos personales seg\u00fan el art. 15 del GDPR.<\/li>\n<li>El derecho a rectificar sus datos personales seg\u00fan el art. 16 GDPR, y a restringir el procesamiento seg\u00fan el art. 18 GDPR.<\/li>\n<li>El derecho a suprimir sus datos personales seg\u00fan el art. 17 del GDPR.<\/li>\n<li>El derecho a oponerse al tratamiento seg\u00fan el art. 21 GDPR.<\/li>\n<li>El derecho a portar sus datos seg\u00fan el art. 20 GDPR.<\/li>\n<li>Derecho a retirar su consentimiento por escrito o electr\u00f3nicamente en la direcci\u00f3n del administrador.<\/li>\n<li>Derecho a presentar una reclamaci\u00f3n ante la Autoridad de Protecci\u00f3n de los Datos si se ha vulnerado el derecho a la protecci\u00f3n de los datos.<\/li>\n<\/ul>\n<p><strong>Seguridad de los datos personales<br \/>\n<\/strong>El administrador ha adoptado todas las apropiadas medidas t\u00e9cnicas y organizativas para garantizar la seguridad de los datos personales.<br \/>\nEl administrador ha adoptado medidas t\u00e9cnicas para proteger los datos y documentos.<br \/>\nS\u00f3lo las personas autorizadas por el administrador tienen acceso a los datos personales.<\/p>\n<p><strong>Disposiciones finales<br \/>\n<\/strong>El interesado acepta las presentes condiciones al realizar un pedido de bienes o servicios.<\/p>\n<p>&nbsp;<\/p>\n<p>&nbsp;<\/p>\n<p>&nbsp;<\/p>\n","protected":false},"excerpt":{"rendered":"<p>Pol\u00edtica de privacidad El responsable del tratamiento de los datos personales, de conformidad con el art\u00edculo 4, apartado 7, del Reglamento (UE) 2016\/679 del Parlamento Europeo y del Consejo relativo a la protecci\u00f3n de las personas f\u00edsicas en lo que respecta al tratamiento de datos personales y a la libre circulaci\u00f3n de estos datos (en [&#8230;]\n","protected":false},"author":1,"featured_media":0,"parent":0,"menu_order":0,"comment_status":"closed","ping_status":"closed","template":"","meta":{"footnotes":""},"class_list":["post-255","page","type-page","status-publish","hentry"],"yoast_head":"<!-- This site is optimized with the Yoast SEO plugin v26.7 - https:\/\/yoast.com\/wordpress\/plugins\/seo\/ -->\n<title>Protecci\u00f3n de datos personales | TROPIKO Espa\u00f1a<\/title>\n<meta name=\"robots\" content=\"index, follow, max-snippet:-1, max-image-preview:large, max-video-preview:-1\" \/>\n<link rel=\"canonical\" href=\"https:\/\/www.tropiko.es\/es\/privacy-policy\/\" \/>\n<meta property=\"og:locale\" content=\"es_ES\" \/>\n<meta property=\"og:type\" content=\"article\" \/>\n<meta property=\"og:title\" content=\"Protecci\u00f3n de datos personales | TROPIKO Espa\u00f1a\" \/>\n<meta property=\"og:description\" content=\"Pol\u00edtica de privacidad El responsable del tratamiento de los datos personales, de conformidad con el art\u00edculo 4, apartado 7, del Reglamento (UE) 2016\/679 del Parlamento Europeo y del Consejo relativo a la protecci\u00f3n de las personas f\u00edsicas en lo que respecta al tratamiento de datos personales y a la libre circulaci\u00f3n de estos datos (en [...]\" \/>\n<meta property=\"og:url\" content=\"https:\/\/www.tropiko.es\/es\/privacy-policy\/\" \/>\n<meta property=\"og:site_name\" content=\"TROPIKO Espa\u00f1a\" \/>\n<meta property=\"article:modified_time\" content=\"2025-01-10T12:24:39+00:00\" \/>\n<meta property=\"og:image\" content=\"https:\/\/www.tropiko.es\/es\/wp-content\/uploads\/tropiko-titulni.jpg\" \/>\n\t<meta property=\"og:image:width\" content=\"250\" \/>\n\t<meta property=\"og:image:height\" content=\"188\" \/>\n\t<meta property=\"og:image:type\" content=\"image\/jpeg\" \/>\n<meta name=\"twitter:card\" content=\"summary_large_image\" \/>\n<meta name=\"twitter:label1\" content=\"Tiempo de lectura\" \/>\n\t<meta name=\"twitter:data1\" content=\"4 minutos\" \/>\n<script type=\"application\/ld+json\" class=\"yoast-schema-graph\">{\"@context\":\"https:\/\/schema.org\",\"@graph\":[{\"@type\":\"WebPage\",\"@id\":\"https:\/\/www.tropiko.es\/es\/privacy-policy\/\",\"url\":\"https:\/\/www.tropiko.es\/es\/privacy-policy\/\",\"name\":\"Protecci\u00f3n de datos personales | TROPIKO Espa\u00f1a\",\"isPartOf\":{\"@id\":\"https:\/\/www.tropiko.es\/es\/#website\"},\"datePublished\":\"2019-01-08T15:11:26+00:00\",\"dateModified\":\"2025-01-10T12:24:39+00:00\",\"breadcrumb\":{\"@id\":\"https:\/\/www.tropiko.es\/es\/privacy-policy\/#breadcrumb\"},\"inLanguage\":\"es\",\"potentialAction\":[{\"@type\":\"ReadAction\",\"target\":[\"https:\/\/www.tropiko.es\/es\/privacy-policy\/\"]}]},{\"@type\":\"BreadcrumbList\",\"@id\":\"https:\/\/www.tropiko.es\/es\/privacy-policy\/#breadcrumb\",\"itemListElement\":[{\"@type\":\"ListItem\",\"position\":1,\"name\":\"Dom\u016f\",\"item\":\"https:\/\/www.tropiko.es\/es\/\"},{\"@type\":\"ListItem\",\"position\":2,\"name\":\"Protecci\u00f3n de datos personales\"}]},{\"@type\":\"WebSite\",\"@id\":\"https:\/\/www.tropiko.es\/es\/#website\",\"url\":\"https:\/\/www.tropiko.es\/es\/\",\"name\":\"TROPIKO Espa\u00f1a\",\"description\":\"\",\"publisher\":{\"@id\":\"https:\/\/www.tropiko.es\/es\/#organization\"},\"potentialAction\":[{\"@type\":\"SearchAction\",\"target\":{\"@type\":\"EntryPoint\",\"urlTemplate\":\"https:\/\/www.tropiko.es\/es\/?s={search_term_string}\"},\"query-input\":{\"@type\":\"PropertyValueSpecification\",\"valueRequired\":true,\"valueName\":\"search_term_string\"}}],\"inLanguage\":\"es\"},{\"@type\":\"Organization\",\"@id\":\"https:\/\/www.tropiko.es\/es\/#organization\",\"name\":\"TROPIKO Espa\u00f1a\",\"url\":\"https:\/\/www.tropiko.es\/es\/\",\"logo\":{\"@type\":\"ImageObject\",\"inLanguage\":\"es\",\"@id\":\"https:\/\/www.tropiko.es\/es\/#\/schema\/logo\/image\/\",\"url\":\"https:\/\/www.tropiko.es\/es\/wp-content\/uploads\/cropped-cropped-tropiko-logo2023-04-snapisem.png\",\"contentUrl\":\"https:\/\/www.tropiko.es\/es\/wp-content\/uploads\/cropped-cropped-tropiko-logo2023-04-snapisem.png\",\"width\":512,\"height\":512,\"caption\":\"TROPIKO Espa\u00f1a\"},\"image\":{\"@id\":\"https:\/\/www.tropiko.es\/es\/#\/schema\/logo\/image\/\"}}]}<\/script>\n<!-- \/ Yoast SEO plugin. -->","yoast_head_json":{"title":"Protecci\u00f3n de datos personales | TROPIKO Espa\u00f1a","robots":{"index":"index","follow":"follow","max-snippet":"max-snippet:-1","max-image-preview":"max-image-preview:large","max-video-preview":"max-video-preview:-1"},"canonical":"https:\/\/www.tropiko.es\/es\/privacy-policy\/","og_locale":"es_ES","og_type":"article","og_title":"Protecci\u00f3n de datos personales | TROPIKO Espa\u00f1a","og_description":"Pol\u00edtica de privacidad El responsable del tratamiento de los datos personales, de conformidad con el art\u00edculo 4, apartado 7, del Reglamento (UE) 2016\/679 del Parlamento Europeo y del Consejo relativo a la protecci\u00f3n de las personas f\u00edsicas en lo que respecta al tratamiento de datos personales y a la libre circulaci\u00f3n de estos datos (en [...]","og_url":"https:\/\/www.tropiko.es\/es\/privacy-policy\/","og_site_name":"TROPIKO Espa\u00f1a","article_modified_time":"2025-01-10T12:24:39+00:00","og_image":[{"width":250,"height":188,"url":"https:\/\/www.tropiko.es\/es\/wp-content\/uploads\/tropiko-titulni.jpg","type":"image\/jpeg"}],"twitter_card":"summary_large_image","twitter_misc":{"Tiempo de lectura":"4 minutos"},"schema":{"@context":"https:\/\/schema.org","@graph":[{"@type":"WebPage","@id":"https:\/\/www.tropiko.es\/es\/privacy-policy\/","url":"https:\/\/www.tropiko.es\/es\/privacy-policy\/","name":"Protecci\u00f3n de datos personales | TROPIKO Espa\u00f1a","isPartOf":{"@id":"https:\/\/www.tropiko.es\/es\/#website"},"datePublished":"2019-01-08T15:11:26+00:00","dateModified":"2025-01-10T12:24:39+00:00","breadcrumb":{"@id":"https:\/\/www.tropiko.es\/es\/privacy-policy\/#breadcrumb"},"inLanguage":"es","potentialAction":[{"@type":"ReadAction","target":["https:\/\/www.tropiko.es\/es\/privacy-policy\/"]}]},{"@type":"BreadcrumbList","@id":"https:\/\/www.tropiko.es\/es\/privacy-policy\/#breadcrumb","itemListElement":[{"@type":"ListItem","position":1,"name":"Dom\u016f","item":"https:\/\/www.tropiko.es\/es\/"},{"@type":"ListItem","position":2,"name":"Protecci\u00f3n de datos personales"}]},{"@type":"WebSite","@id":"https:\/\/www.tropiko.es\/es\/#website","url":"https:\/\/www.tropiko.es\/es\/","name":"TROPIKO Espa\u00f1a","description":"","publisher":{"@id":"https:\/\/www.tropiko.es\/es\/#organization"},"potentialAction":[{"@type":"SearchAction","target":{"@type":"EntryPoint","urlTemplate":"https:\/\/www.tropiko.es\/es\/?s={search_term_string}"},"query-input":{"@type":"PropertyValueSpecification","valueRequired":true,"valueName":"search_term_string"}}],"inLanguage":"es"},{"@type":"Organization","@id":"https:\/\/www.tropiko.es\/es\/#organization","name":"TROPIKO Espa\u00f1a","url":"https:\/\/www.tropiko.es\/es\/","logo":{"@type":"ImageObject","inLanguage":"es","@id":"https:\/\/www.tropiko.es\/es\/#\/schema\/logo\/image\/","url":"https:\/\/www.tropiko.es\/es\/wp-content\/uploads\/cropped-cropped-tropiko-logo2023-04-snapisem.png","contentUrl":"https:\/\/www.tropiko.es\/es\/wp-content\/uploads\/cropped-cropped-tropiko-logo2023-04-snapisem.png","width":512,"height":512,"caption":"TROPIKO Espa\u00f1a"},"image":{"@id":"https:\/\/www.tropiko.es\/es\/#\/schema\/logo\/image\/"}}]}},"_links":{"self":[{"href":"https:\/\/www.tropiko.es\/es\/wp-json\/wp\/v2\/pages\/255","targetHints":{"allow":["GET"]}}],"collection":[{"href":"https:\/\/www.tropiko.es\/es\/wp-json\/wp\/v2\/pages"}],"about":[{"href":"https:\/\/www.tropiko.es\/es\/wp-json\/wp\/v2\/types\/page"}],"author":[{"embeddable":true,"href":"https:\/\/www.tropiko.es\/es\/wp-json\/wp\/v2\/users\/1"}],"replies":[{"embeddable":true,"href":"https:\/\/www.tropiko.es\/es\/wp-json\/wp\/v2\/comments?post=255"}],"version-history":[{"count":5,"href":"https:\/\/www.tropiko.es\/es\/wp-json\/wp\/v2\/pages\/255\/revisions"}],"predecessor-version":[{"id":572,"href":"https:\/\/www.tropiko.es\/es\/wp-json\/wp\/v2\/pages\/255\/revisions\/572"}],"wp:attachment":[{"href":"https:\/\/www.tropiko.es\/es\/wp-json\/wp\/v2\/media?parent=255"}],"curies":[{"name":"wp","href":"https:\/\/api.w.org\/{rel}","templated":true}]}}