{"id":348,"date":"2021-02-22T17:01:49","date_gmt":"2021-02-22T17:01:49","guid":{"rendered":"https:\/\/www.tropiko.eu\/en\/?page_id=348"},"modified":"2025-01-10T13:24:14","modified_gmt":"2025-01-10T13:24:14","slug":"cookies","status":"publish","type":"page","link":"https:\/\/www.tropiko.es\/es\/cookies\/","title":{"rendered":"Cookies"},"content":{"rendered":"<p><strong>Cookies<br \/>\n<\/strong>Cada vez que usted visite este sitio web, el software almacena cookies an\u00f3nimas. \u00c9stas ayudan a identificar cu\u00e1ntos usuarios visitan repetidamente nuestra web. Esto nos permite comprender mejor c\u00f3mo se comportan los lectores en nuestro sitio, qu\u00e9 prefieren y qu\u00e9 les interesa. Esta informaci\u00f3n es totalmente an\u00f3nima y no est\u00e1 vinculada en modo alguno a datos personales.<\/p>\n<p><strong>Qu\u00e9 son las cookies<\/strong><br \/>\nLas cookies son peque\u00f1os archivos de texto, \u00a0almacenados por los sitios web en los ordenadores individuales mediante un navegador web. Las cookies apenas ocupan espacio en el disco duro de su ordenador y suelen tener un tama\u00f1o de unos pocos kilobytes. Tampoco sirven para recoger ningunos datos personales sensibles. Las cookies pueden considerarse como la memoria de un sitio web, que reconoce al usuario en su pr\u00f3xima visita.<\/p>\n<p><strong>Cookies para estad\u00edsticas de tr\u00e1fico o segmentaci\u00f3n publicitaria<br \/>\n<\/strong>Algunas cookies son creadas por sistemas estad\u00edsticos anal\u00edticos o sistemas publicitarios. Se utilizan para saber cu\u00e1ntas personas han visto qu\u00e9 contenido. Los sistemas publicitarios y anal\u00edticos tienen sus propias pol\u00edticas de privacidad y este sitio web no puede leer ni escribir sus cookies. Las cookies tambi\u00e9n se utilizan para orientar mejor la publicidad en funci\u00f3n del comportamiento de los usuarios (remarketing). Se trata de datos an\u00f3nimos que no est\u00e1n vinculados a otros tipos de cookies. Estos datos pueden ser utilizados, por ejemplo, por Google.<\/p>\n<p><strong>Bloqueo de cookies<\/strong><br \/>\nSi no quiere utilizar cookies o si desea que su navegador de internet le notifique el uso de cookies, debe seleccionar la opci\u00f3n adecuada en su navegador de internet.<br \/>\nSi bloquea todas las cookies, no podr\u00e1 utilizar algunas de las funciones de este sitio web.<\/p>\n","protected":false},"excerpt":{"rendered":"<p>Cookies Cada vez que usted visite este sitio web, el software almacena cookies an\u00f3nimas. \u00c9stas ayudan a identificar cu\u00e1ntos usuarios visitan repetidamente nuestra web. Esto nos permite comprender mejor c\u00f3mo se comportan los lectores en nuestro sitio, qu\u00e9 prefieren y qu\u00e9 les interesa. Esta informaci\u00f3n es totalmente an\u00f3nima y no est\u00e1 vinculada en modo alguno [&#8230;]\n","protected":false},"author":1,"featured_media":0,"parent":0,"menu_order":0,"comment_status":"closed","ping_status":"closed","template":"","meta":{"footnotes":""},"class_list":["post-348","page","type-page","status-publish","hentry"],"yoast_head":"<!-- This site is optimized with the Yoast SEO plugin v26.7 - https:\/\/yoast.com\/wordpress\/plugins\/seo\/ -->\n<title>Cookies | TROPIKO Espa\u00f1a<\/title>\n<meta name=\"robots\" content=\"index, follow, max-snippet:-1, max-image-preview:large, max-video-preview:-1\" \/>\n<link rel=\"canonical\" href=\"https:\/\/www.tropiko.es\/es\/cookies\/\" \/>\n<meta property=\"og:locale\" content=\"es_ES\" \/>\n<meta property=\"og:type\" content=\"article\" \/>\n<meta property=\"og:title\" content=\"Cookies | TROPIKO Espa\u00f1a\" \/>\n<meta property=\"og:description\" content=\"Cookies Cada vez que usted visite este sitio web, el software almacena cookies an\u00f3nimas. \u00c9stas ayudan a identificar cu\u00e1ntos usuarios visitan repetidamente nuestra web. Esto nos permite comprender mejor c\u00f3mo se comportan los lectores en nuestro sitio, qu\u00e9 prefieren y qu\u00e9 les interesa. Esta informaci\u00f3n es totalmente an\u00f3nima y no est\u00e1 vinculada en modo alguno [...]\" \/>\n<meta property=\"og:url\" content=\"https:\/\/www.tropiko.es\/es\/cookies\/\" \/>\n<meta property=\"og:site_name\" content=\"TROPIKO Espa\u00f1a\" \/>\n<meta property=\"article:modified_time\" content=\"2025-01-10T13:24:14+00:00\" \/>\n<meta property=\"og:image\" content=\"https:\/\/www.tropiko.es\/es\/wp-content\/uploads\/tropiko-titulni.jpg\" \/>\n\t<meta property=\"og:image:width\" content=\"250\" \/>\n\t<meta property=\"og:image:height\" content=\"188\" \/>\n\t<meta property=\"og:image:type\" content=\"image\/jpeg\" \/>\n<meta name=\"twitter:card\" content=\"summary_large_image\" \/>\n<meta name=\"twitter:label1\" content=\"Tiempo de lectura\" \/>\n\t<meta name=\"twitter:data1\" content=\"2 minutos\" \/>\n<script type=\"application\/ld+json\" class=\"yoast-schema-graph\">{\"@context\":\"https:\/\/schema.org\",\"@graph\":[{\"@type\":\"WebPage\",\"@id\":\"https:\/\/www.tropiko.es\/es\/cookies\/\",\"url\":\"https:\/\/www.tropiko.es\/es\/cookies\/\",\"name\":\"Cookies | TROPIKO Espa\u00f1a\",\"isPartOf\":{\"@id\":\"https:\/\/www.tropiko.es\/es\/#website\"},\"datePublished\":\"2021-02-22T17:01:49+00:00\",\"dateModified\":\"2025-01-10T13:24:14+00:00\",\"breadcrumb\":{\"@id\":\"https:\/\/www.tropiko.es\/es\/cookies\/#breadcrumb\"},\"inLanguage\":\"es\",\"potentialAction\":[{\"@type\":\"ReadAction\",\"target\":[\"https:\/\/www.tropiko.es\/es\/cookies\/\"]}]},{\"@type\":\"BreadcrumbList\",\"@id\":\"https:\/\/www.tropiko.es\/es\/cookies\/#breadcrumb\",\"itemListElement\":[{\"@type\":\"ListItem\",\"position\":1,\"name\":\"Dom\u016f\",\"item\":\"https:\/\/www.tropiko.es\/es\/\"},{\"@type\":\"ListItem\",\"position\":2,\"name\":\"Cookies\"}]},{\"@type\":\"WebSite\",\"@id\":\"https:\/\/www.tropiko.es\/es\/#website\",\"url\":\"https:\/\/www.tropiko.es\/es\/\",\"name\":\"TROPIKO Espa\u00f1a\",\"description\":\"\",\"publisher\":{\"@id\":\"https:\/\/www.tropiko.es\/es\/#organization\"},\"potentialAction\":[{\"@type\":\"SearchAction\",\"target\":{\"@type\":\"EntryPoint\",\"urlTemplate\":\"https:\/\/www.tropiko.es\/es\/?s={search_term_string}\"},\"query-input\":{\"@type\":\"PropertyValueSpecification\",\"valueRequired\":true,\"valueName\":\"search_term_string\"}}],\"inLanguage\":\"es\"},{\"@type\":\"Organization\",\"@id\":\"https:\/\/www.tropiko.es\/es\/#organization\",\"name\":\"TROPIKO Espa\u00f1a\",\"url\":\"https:\/\/www.tropiko.es\/es\/\",\"logo\":{\"@type\":\"ImageObject\",\"inLanguage\":\"es\",\"@id\":\"https:\/\/www.tropiko.es\/es\/#\/schema\/logo\/image\/\",\"url\":\"https:\/\/www.tropiko.es\/es\/wp-content\/uploads\/cropped-cropped-tropiko-logo2023-04-snapisem.png\",\"contentUrl\":\"https:\/\/www.tropiko.es\/es\/wp-content\/uploads\/cropped-cropped-tropiko-logo2023-04-snapisem.png\",\"width\":512,\"height\":512,\"caption\":\"TROPIKO Espa\u00f1a\"},\"image\":{\"@id\":\"https:\/\/www.tropiko.es\/es\/#\/schema\/logo\/image\/\"}}]}<\/script>\n<!-- \/ Yoast SEO plugin. -->","yoast_head_json":{"title":"Cookies | TROPIKO Espa\u00f1a","robots":{"index":"index","follow":"follow","max-snippet":"max-snippet:-1","max-image-preview":"max-image-preview:large","max-video-preview":"max-video-preview:-1"},"canonical":"https:\/\/www.tropiko.es\/es\/cookies\/","og_locale":"es_ES","og_type":"article","og_title":"Cookies | TROPIKO Espa\u00f1a","og_description":"Cookies Cada vez que usted visite este sitio web, el software almacena cookies an\u00f3nimas. \u00c9stas ayudan a identificar cu\u00e1ntos usuarios visitan repetidamente nuestra web. Esto nos permite comprender mejor c\u00f3mo se comportan los lectores en nuestro sitio, qu\u00e9 prefieren y qu\u00e9 les interesa. Esta informaci\u00f3n es totalmente an\u00f3nima y no est\u00e1 vinculada en modo alguno [...]","og_url":"https:\/\/www.tropiko.es\/es\/cookies\/","og_site_name":"TROPIKO Espa\u00f1a","article_modified_time":"2025-01-10T13:24:14+00:00","og_image":[{"width":250,"height":188,"url":"https:\/\/www.tropiko.es\/es\/wp-content\/uploads\/tropiko-titulni.jpg","type":"image\/jpeg"}],"twitter_card":"summary_large_image","twitter_misc":{"Tiempo de lectura":"2 minutos"},"schema":{"@context":"https:\/\/schema.org","@graph":[{"@type":"WebPage","@id":"https:\/\/www.tropiko.es\/es\/cookies\/","url":"https:\/\/www.tropiko.es\/es\/cookies\/","name":"Cookies | TROPIKO Espa\u00f1a","isPartOf":{"@id":"https:\/\/www.tropiko.es\/es\/#website"},"datePublished":"2021-02-22T17:01:49+00:00","dateModified":"2025-01-10T13:24:14+00:00","breadcrumb":{"@id":"https:\/\/www.tropiko.es\/es\/cookies\/#breadcrumb"},"inLanguage":"es","potentialAction":[{"@type":"ReadAction","target":["https:\/\/www.tropiko.es\/es\/cookies\/"]}]},{"@type":"BreadcrumbList","@id":"https:\/\/www.tropiko.es\/es\/cookies\/#breadcrumb","itemListElement":[{"@type":"ListItem","position":1,"name":"Dom\u016f","item":"https:\/\/www.tropiko.es\/es\/"},{"@type":"ListItem","position":2,"name":"Cookies"}]},{"@type":"WebSite","@id":"https:\/\/www.tropiko.es\/es\/#website","url":"https:\/\/www.tropiko.es\/es\/","name":"TROPIKO Espa\u00f1a","description":"","publisher":{"@id":"https:\/\/www.tropiko.es\/es\/#organization"},"potentialAction":[{"@type":"SearchAction","target":{"@type":"EntryPoint","urlTemplate":"https:\/\/www.tropiko.es\/es\/?s={search_term_string}"},"query-input":{"@type":"PropertyValueSpecification","valueRequired":true,"valueName":"search_term_string"}}],"inLanguage":"es"},{"@type":"Organization","@id":"https:\/\/www.tropiko.es\/es\/#organization","name":"TROPIKO Espa\u00f1a","url":"https:\/\/www.tropiko.es\/es\/","logo":{"@type":"ImageObject","inLanguage":"es","@id":"https:\/\/www.tropiko.es\/es\/#\/schema\/logo\/image\/","url":"https:\/\/www.tropiko.es\/es\/wp-content\/uploads\/cropped-cropped-tropiko-logo2023-04-snapisem.png","contentUrl":"https:\/\/www.tropiko.es\/es\/wp-content\/uploads\/cropped-cropped-tropiko-logo2023-04-snapisem.png","width":512,"height":512,"caption":"TROPIKO Espa\u00f1a"},"image":{"@id":"https:\/\/www.tropiko.es\/es\/#\/schema\/logo\/image\/"}}]}},"_links":{"self":[{"href":"https:\/\/www.tropiko.es\/es\/wp-json\/wp\/v2\/pages\/348","targetHints":{"allow":["GET"]}}],"collection":[{"href":"https:\/\/www.tropiko.es\/es\/wp-json\/wp\/v2\/pages"}],"about":[{"href":"https:\/\/www.tropiko.es\/es\/wp-json\/wp\/v2\/types\/page"}],"author":[{"embeddable":true,"href":"https:\/\/www.tropiko.es\/es\/wp-json\/wp\/v2\/users\/1"}],"replies":[{"embeddable":true,"href":"https:\/\/www.tropiko.es\/es\/wp-json\/wp\/v2\/comments?post=348"}],"version-history":[{"count":3,"href":"https:\/\/www.tropiko.es\/es\/wp-json\/wp\/v2\/pages\/348\/revisions"}],"predecessor-version":[{"id":577,"href":"https:\/\/www.tropiko.es\/es\/wp-json\/wp\/v2\/pages\/348\/revisions\/577"}],"wp:attachment":[{"href":"https:\/\/www.tropiko.es\/es\/wp-json\/wp\/v2\/media?parent=348"}],"curies":[{"name":"wp","href":"https:\/\/api.w.org\/{rel}","templated":true}]}}