{"id":411,"date":"2022-04-14T20:32:41","date_gmt":"2022-04-14T20:32:41","guid":{"rendered":"https:\/\/www.tropiko.eu\/en\/?page_id=411"},"modified":"2025-01-14T13:28:24","modified_gmt":"2025-01-14T13:28:24","slug":"spare-parts-for-pool-roofing","status":"publish","type":"page","link":"https:\/\/www.tropiko.es\/es\/spare-parts-for-pool-roofing\/","title":{"rendered":"Piezas de repuesto para cubiertas de piscinas"},"content":{"rendered":"<p><strong>Las piezas de recambio para nuestros productos est\u00e1n disponibles permanentemente.<\/strong><\/p>\n<p>Podemos suministrarle todas las piezas con las que se fabrican los techos TROPIKO desde hace m\u00e1s de 13 a\u00f1os. El precio del producto se divide aprox. en dos mitades, una por la construcci\u00f3n de aluminio y otra por el toldo.<\/p>\n<ul>\n<li><a href=\"https:\/\/www.tropiko.es\/es\/product\/replacement-tarpaulin-for-tropiko-360-pool-roof\/\" target=\"_blank\" rel=\"noopener\">Toldo de recambio para TROPIKO 360<\/a><\/li>\n<li><a href=\"https:\/\/www.tropiko.es\/es\/product\/toldo-de-recambio-para-tropiko-360-transparente\/\" target=\"_blank\" rel=\"noopener\">Toldo de recambio para TROPIKO 360 transparente<\/a><\/li>\n<li><a href=\"https:\/\/www.tropiko.es\/es\/product\/replacement-tarpaulin-for-tropiko-420-pool-roof\/\" target=\"_blank\" rel=\"noopener\">Toldo de recambio para TROPIKO 420<\/a><\/li>\n<li><a href=\"https:\/\/www.tropiko.es\/es\/product\/toldo-de-recambio-para-tropiko-420-transparente\/\" target=\"_blank\" rel=\"noopener\">Toldo de recambio para TROPIKO 420 transparente<\/a><\/li>\n<li><a href=\"https:\/\/www.tropiko.es\/es\/product\/replacement-tarpaulin-for-tropiko-500-pool-roof\/\" target=\"_blank\" rel=\"noopener\">Toldo de recambio para TROPIKO 500<\/a><\/li>\n<li><a href=\"https:\/\/www.tropiko.es\/es\/product\/toldo-de-recambio-para-tropiko-500-transparente\/\" target=\"_blank\" rel=\"noopener\">Toldo de recambio para TROPIKO 500 transparente<\/a><\/li>\n<li><a href=\"https:\/\/www.tropiko.es\/es\/product\/replacement-tarpaulin-for-tropiko-550-pool-roof\/\" target=\"_blank\" rel=\"noopener\">Toldo de recambio para TROPIKO 550<\/a><\/li>\n<li><a href=\"https:\/\/www.tropiko.es\/es\/product\/toldo-de-recambio-para-tropiko-550-transparente\/\" target=\"_blank\" rel=\"noopener\">Toldo de recambio para TROPIKO 550 transparente<\/a><\/li>\n<\/ul>\n<p>Si est\u00e1 interesado en otras piezas, p\u00f3ngase en contacto con nosotros por tel\u00e9fono o correo electr\u00f3nico.<\/p>\n<p style=\"padding-left: 40px;\"><img loading=\"lazy\" decoding=\"async\" class=\"alignnone size-medium wp-image-94\" src=\"https:\/\/www.tropiko.eu\/en\/wp-content\/uploads\/tropiko-06-300x208.jpg\" alt=\"TROPIKO pool roofing for the extended swimming season, a warm pool and azure clean water. For above ground and inground (circular \/ round) garden pools. Pool cover.\" width=\"300\" height=\"208\" srcset=\"https:\/\/www.tropiko.es\/es\/wp-content\/uploads\/tropiko-06-300x208.jpg 300w, https:\/\/www.tropiko.es\/es\/wp-content\/uploads\/tropiko-06-1024x710.jpg 1024w, https:\/\/www.tropiko.es\/es\/wp-content\/uploads\/tropiko-06.jpg 1200w\" sizes=\"auto, (max-width: 300px) 100vw, 300px\" \/><\/p>\n<p>No ofrecemos piezas de recambio para otras marcas importadas de China u ofrecidas por empresas con propietarios chinos.<\/p>\n<p>S\u00f3lo ofrecemos piezas para productos que fabricamos.<\/p>\n","protected":false},"excerpt":{"rendered":"<p>Las piezas de recambio para nuestros productos est\u00e1n disponibles permanentemente. Podemos suministrarle todas las piezas con las que se fabrican los techos TROPIKO desde hace m\u00e1s de 13 a\u00f1os. El precio del producto se divide aprox. en dos mitades, una por la construcci\u00f3n de aluminio y otra por el toldo. Toldo de recambio para TROPIKO [&#8230;]\n","protected":false},"author":1,"featured_media":0,"parent":0,"menu_order":0,"comment_status":"closed","ping_status":"closed","template":"","meta":{"footnotes":""},"class_list":["post-411","page","type-page","status-publish","hentry"],"yoast_head":"<!-- This site is optimized with the Yoast SEO plugin v26.7 - https:\/\/yoast.com\/wordpress\/plugins\/seo\/ -->\n<title>Piezas de repuesto para cubiertas de piscinas | TROPIKO Espa\u00f1a<\/title>\n<meta name=\"robots\" content=\"index, follow, max-snippet:-1, max-image-preview:large, max-video-preview:-1\" \/>\n<link rel=\"canonical\" href=\"https:\/\/www.tropiko.es\/es\/spare-parts-for-pool-roofing\/\" \/>\n<meta property=\"og:locale\" content=\"es_ES\" \/>\n<meta property=\"og:type\" content=\"article\" \/>\n<meta property=\"og:title\" content=\"Piezas de repuesto para cubiertas de piscinas | TROPIKO Espa\u00f1a\" \/>\n<meta property=\"og:description\" content=\"Las piezas de recambio para nuestros productos est\u00e1n disponibles permanentemente. Podemos suministrarle todas las piezas con las que se fabrican los techos TROPIKO desde hace m\u00e1s de 13 a\u00f1os. El precio del producto se divide aprox. en dos mitades, una por la construcci\u00f3n de aluminio y otra por el toldo. Toldo de recambio para TROPIKO [...]\" \/>\n<meta property=\"og:url\" content=\"https:\/\/www.tropiko.es\/es\/spare-parts-for-pool-roofing\/\" \/>\n<meta property=\"og:site_name\" content=\"TROPIKO Espa\u00f1a\" \/>\n<meta property=\"article:modified_time\" content=\"2025-01-14T13:28:24+00:00\" \/>\n<meta property=\"og:image\" content=\"https:\/\/www.tropiko.es\/es\/wp-content\/uploads\/tropiko-06.jpg\" \/>\n\t<meta property=\"og:image:width\" content=\"1200\" \/>\n\t<meta property=\"og:image:height\" content=\"833\" \/>\n\t<meta property=\"og:image:type\" content=\"image\/jpeg\" \/>\n<meta name=\"twitter:card\" content=\"summary_large_image\" \/>\n<meta name=\"twitter:label1\" content=\"Tiempo de lectura\" \/>\n\t<meta name=\"twitter:data1\" content=\"1 minuto\" \/>\n<script type=\"application\/ld+json\" class=\"yoast-schema-graph\">{\"@context\":\"https:\/\/schema.org\",\"@graph\":[{\"@type\":\"WebPage\",\"@id\":\"https:\/\/www.tropiko.es\/es\/spare-parts-for-pool-roofing\/\",\"url\":\"https:\/\/www.tropiko.es\/es\/spare-parts-for-pool-roofing\/\",\"name\":\"Piezas de repuesto para cubiertas de piscinas | TROPIKO Espa\u00f1a\",\"isPartOf\":{\"@id\":\"https:\/\/www.tropiko.es\/es\/#website\"},\"primaryImageOfPage\":{\"@id\":\"https:\/\/www.tropiko.es\/es\/spare-parts-for-pool-roofing\/#primaryimage\"},\"image\":{\"@id\":\"https:\/\/www.tropiko.es\/es\/spare-parts-for-pool-roofing\/#primaryimage\"},\"thumbnailUrl\":\"https:\/\/www.tropiko.eu\/en\/wp-content\/uploads\/tropiko-06-300x208.jpg\",\"datePublished\":\"2022-04-14T20:32:41+00:00\",\"dateModified\":\"2025-01-14T13:28:24+00:00\",\"breadcrumb\":{\"@id\":\"https:\/\/www.tropiko.es\/es\/spare-parts-for-pool-roofing\/#breadcrumb\"},\"inLanguage\":\"es\",\"potentialAction\":[{\"@type\":\"ReadAction\",\"target\":[\"https:\/\/www.tropiko.es\/es\/spare-parts-for-pool-roofing\/\"]}]},{\"@type\":\"ImageObject\",\"inLanguage\":\"es\",\"@id\":\"https:\/\/www.tropiko.es\/es\/spare-parts-for-pool-roofing\/#primaryimage\",\"url\":\"https:\/\/www.tropiko.eu\/en\/wp-content\/uploads\/tropiko-06-300x208.jpg\",\"contentUrl\":\"https:\/\/www.tropiko.eu\/en\/wp-content\/uploads\/tropiko-06-300x208.jpg\"},{\"@type\":\"BreadcrumbList\",\"@id\":\"https:\/\/www.tropiko.es\/es\/spare-parts-for-pool-roofing\/#breadcrumb\",\"itemListElement\":[{\"@type\":\"ListItem\",\"position\":1,\"name\":\"Dom\u016f\",\"item\":\"https:\/\/www.tropiko.es\/es\/\"},{\"@type\":\"ListItem\",\"position\":2,\"name\":\"Piezas de repuesto para cubiertas de piscinas\"}]},{\"@type\":\"WebSite\",\"@id\":\"https:\/\/www.tropiko.es\/es\/#website\",\"url\":\"https:\/\/www.tropiko.es\/es\/\",\"name\":\"TROPIKO Espa\u00f1a\",\"description\":\"\",\"publisher\":{\"@id\":\"https:\/\/www.tropiko.es\/es\/#organization\"},\"potentialAction\":[{\"@type\":\"SearchAction\",\"target\":{\"@type\":\"EntryPoint\",\"urlTemplate\":\"https:\/\/www.tropiko.es\/es\/?s={search_term_string}\"},\"query-input\":{\"@type\":\"PropertyValueSpecification\",\"valueRequired\":true,\"valueName\":\"search_term_string\"}}],\"inLanguage\":\"es\"},{\"@type\":\"Organization\",\"@id\":\"https:\/\/www.tropiko.es\/es\/#organization\",\"name\":\"TROPIKO Espa\u00f1a\",\"url\":\"https:\/\/www.tropiko.es\/es\/\",\"logo\":{\"@type\":\"ImageObject\",\"inLanguage\":\"es\",\"@id\":\"https:\/\/www.tropiko.es\/es\/#\/schema\/logo\/image\/\",\"url\":\"https:\/\/www.tropiko.es\/es\/wp-content\/uploads\/cropped-cropped-tropiko-logo2023-04-snapisem.png\",\"contentUrl\":\"https:\/\/www.tropiko.es\/es\/wp-content\/uploads\/cropped-cropped-tropiko-logo2023-04-snapisem.png\",\"width\":512,\"height\":512,\"caption\":\"TROPIKO Espa\u00f1a\"},\"image\":{\"@id\":\"https:\/\/www.tropiko.es\/es\/#\/schema\/logo\/image\/\"}}]}<\/script>\n<!-- \/ Yoast SEO plugin. -->","yoast_head_json":{"title":"Piezas de repuesto para cubiertas de piscinas | TROPIKO Espa\u00f1a","robots":{"index":"index","follow":"follow","max-snippet":"max-snippet:-1","max-image-preview":"max-image-preview:large","max-video-preview":"max-video-preview:-1"},"canonical":"https:\/\/www.tropiko.es\/es\/spare-parts-for-pool-roofing\/","og_locale":"es_ES","og_type":"article","og_title":"Piezas de repuesto para cubiertas de piscinas | TROPIKO Espa\u00f1a","og_description":"Las piezas de recambio para nuestros productos est\u00e1n disponibles permanentemente. Podemos suministrarle todas las piezas con las que se fabrican los techos TROPIKO desde hace m\u00e1s de 13 a\u00f1os. El precio del producto se divide aprox. en dos mitades, una por la construcci\u00f3n de aluminio y otra por el toldo. Toldo de recambio para TROPIKO [...]","og_url":"https:\/\/www.tropiko.es\/es\/spare-parts-for-pool-roofing\/","og_site_name":"TROPIKO Espa\u00f1a","article_modified_time":"2025-01-14T13:28:24+00:00","og_image":[{"width":1200,"height":833,"url":"https:\/\/www.tropiko.es\/es\/wp-content\/uploads\/tropiko-06.jpg","type":"image\/jpeg"}],"twitter_card":"summary_large_image","twitter_misc":{"Tiempo de lectura":"1 minuto"},"schema":{"@context":"https:\/\/schema.org","@graph":[{"@type":"WebPage","@id":"https:\/\/www.tropiko.es\/es\/spare-parts-for-pool-roofing\/","url":"https:\/\/www.tropiko.es\/es\/spare-parts-for-pool-roofing\/","name":"Piezas de repuesto para cubiertas de piscinas | TROPIKO Espa\u00f1a","isPartOf":{"@id":"https:\/\/www.tropiko.es\/es\/#website"},"primaryImageOfPage":{"@id":"https:\/\/www.tropiko.es\/es\/spare-parts-for-pool-roofing\/#primaryimage"},"image":{"@id":"https:\/\/www.tropiko.es\/es\/spare-parts-for-pool-roofing\/#primaryimage"},"thumbnailUrl":"https:\/\/www.tropiko.eu\/en\/wp-content\/uploads\/tropiko-06-300x208.jpg","datePublished":"2022-04-14T20:32:41+00:00","dateModified":"2025-01-14T13:28:24+00:00","breadcrumb":{"@id":"https:\/\/www.tropiko.es\/es\/spare-parts-for-pool-roofing\/#breadcrumb"},"inLanguage":"es","potentialAction":[{"@type":"ReadAction","target":["https:\/\/www.tropiko.es\/es\/spare-parts-for-pool-roofing\/"]}]},{"@type":"ImageObject","inLanguage":"es","@id":"https:\/\/www.tropiko.es\/es\/spare-parts-for-pool-roofing\/#primaryimage","url":"https:\/\/www.tropiko.eu\/en\/wp-content\/uploads\/tropiko-06-300x208.jpg","contentUrl":"https:\/\/www.tropiko.eu\/en\/wp-content\/uploads\/tropiko-06-300x208.jpg"},{"@type":"BreadcrumbList","@id":"https:\/\/www.tropiko.es\/es\/spare-parts-for-pool-roofing\/#breadcrumb","itemListElement":[{"@type":"ListItem","position":1,"name":"Dom\u016f","item":"https:\/\/www.tropiko.es\/es\/"},{"@type":"ListItem","position":2,"name":"Piezas de repuesto para cubiertas de piscinas"}]},{"@type":"WebSite","@id":"https:\/\/www.tropiko.es\/es\/#website","url":"https:\/\/www.tropiko.es\/es\/","name":"TROPIKO Espa\u00f1a","description":"","publisher":{"@id":"https:\/\/www.tropiko.es\/es\/#organization"},"potentialAction":[{"@type":"SearchAction","target":{"@type":"EntryPoint","urlTemplate":"https:\/\/www.tropiko.es\/es\/?s={search_term_string}"},"query-input":{"@type":"PropertyValueSpecification","valueRequired":true,"valueName":"search_term_string"}}],"inLanguage":"es"},{"@type":"Organization","@id":"https:\/\/www.tropiko.es\/es\/#organization","name":"TROPIKO Espa\u00f1a","url":"https:\/\/www.tropiko.es\/es\/","logo":{"@type":"ImageObject","inLanguage":"es","@id":"https:\/\/www.tropiko.es\/es\/#\/schema\/logo\/image\/","url":"https:\/\/www.tropiko.es\/es\/wp-content\/uploads\/cropped-cropped-tropiko-logo2023-04-snapisem.png","contentUrl":"https:\/\/www.tropiko.es\/es\/wp-content\/uploads\/cropped-cropped-tropiko-logo2023-04-snapisem.png","width":512,"height":512,"caption":"TROPIKO Espa\u00f1a"},"image":{"@id":"https:\/\/www.tropiko.es\/es\/#\/schema\/logo\/image\/"}}]}},"_links":{"self":[{"href":"https:\/\/www.tropiko.es\/es\/wp-json\/wp\/v2\/pages\/411","targetHints":{"allow":["GET"]}}],"collection":[{"href":"https:\/\/www.tropiko.es\/es\/wp-json\/wp\/v2\/pages"}],"about":[{"href":"https:\/\/www.tropiko.es\/es\/wp-json\/wp\/v2\/types\/page"}],"author":[{"embeddable":true,"href":"https:\/\/www.tropiko.es\/es\/wp-json\/wp\/v2\/users\/1"}],"replies":[{"embeddable":true,"href":"https:\/\/www.tropiko.es\/es\/wp-json\/wp\/v2\/comments?post=411"}],"version-history":[{"count":5,"href":"https:\/\/www.tropiko.es\/es\/wp-json\/wp\/v2\/pages\/411\/revisions"}],"predecessor-version":[{"id":614,"href":"https:\/\/www.tropiko.es\/es\/wp-json\/wp\/v2\/pages\/411\/revisions\/614"}],"wp:attachment":[{"href":"https:\/\/www.tropiko.es\/es\/wp-json\/wp\/v2\/media?parent=411"}],"curies":[{"name":"wp","href":"https:\/\/api.w.org\/{rel}","templated":true}]}}