{"id":416,"date":"2022-04-15T11:06:02","date_gmt":"2022-04-15T11:06:02","guid":{"rendered":"https:\/\/www.tropiko.eu\/en\/?page_id=416"},"modified":"2025-01-16T12:59:38","modified_gmt":"2025-01-16T12:59:38","slug":"replacement-of-filter-sand","status":"publish","type":"page","link":"https:\/\/www.tropiko.es\/es\/replacement-of-filter-sand\/","title":{"rendered":"Sustituci\u00f3n de la arena filtrante"},"content":{"rendered":"<p><strong>Sustituci\u00f3n de la arena en el filtro de piscina<\/strong><\/p>\n<p>FlexiFilter puede utilizarse en recipientes de filtraci\u00f3n existentes con relleno de arena. No haga que la capa filtrante en el recipiente sea mayor que cuando utilice arena filtrante. Un paquete de FlexiFilter 50 (300 g) sustituye una bolsa de arena filtrante para los filtros de piscina (20-25 kg de arena).<\/p>\n<p>Cree una capa filtrante suficiente para adaptarse a la forma y el tama\u00f1o del recipiente. No apriete los terrones con fuerza, s\u00f3lo aseg\u00farese de que no queden huecos entre los terrones hasta el fondo del recipiente. El di\u00e1metro m\u00ednimo del recipiente debe ser de 20 cm. El FlexiFilter no flota, ya que es m\u00e1s pesado que el agua. El material tampoco es comprimido por el agua que fluye f\u00e1cilmente a trav\u00e9s de la capa filtrante. La presi\u00f3n de trabajo del agua introduce la suciedad dentro de los terrones y se produce la llamada filtraci\u00f3n profunda.<\/p>\n<p style=\"padding-left: 40px;\"><a href=\"https:\/\/www.tropiko.es\/es\/stitek-produktu\/reemplazo-de-arena-en-la-filtracion-de-piscinas\/\"><img loading=\"lazy\" decoding=\"async\" class=\"alignnone wp-image-452 size-thumbnail\" src=\"https:\/\/www.tropiko.es\/es\/wp-content\/uploads\/flexifilter-50-cz-02-150x150.png\" alt=\"FlexiFilter 50\" width=\"150\" height=\"150\" srcset=\"https:\/\/www.tropiko.es\/es\/wp-content\/uploads\/flexifilter-50-cz-02-150x150.png 150w, https:\/\/www.tropiko.es\/es\/wp-content\/uploads\/flexifilter-50-cz-02-300x300.png 300w, https:\/\/www.tropiko.es\/es\/wp-content\/uploads\/flexifilter-50-cz-02-100x100.png 100w, https:\/\/www.tropiko.es\/es\/wp-content\/uploads\/flexifilter-50-cz-02-1024x1024.png 1024w, https:\/\/www.tropiko.es\/es\/wp-content\/uploads\/flexifilter-50-cz-02-768x768.png 768w, https:\/\/www.tropiko.es\/es\/wp-content\/uploads\/flexifilter-50-cz-02.png 1200w\" sizes=\"auto, (max-width: 150px) 100vw, 150px\" \/><\/a><br \/>\n<a href=\"https:\/\/www.tropiko.es\/es\/stitek-produktu\/reemplazo-de-arena-en-la-filtracion-de-piscinas\/\" target=\"_blank\" rel=\"noopener\">FlexiFilter 50 en la e-shop<\/a><\/p>\n<p><strong>Sellado de los cubos filtrantes<\/strong><\/p>\n<p>Los cubos FlexiFilter 50 realizan la funci\u00f3n de filtraci\u00f3n profunda y superan en volumen a la arena filtrante. Es conveniente complementar los cubos con un filtro circular que los selle herm\u00e9ticamente en el recipiente filtrante. Existe un filtro circular con un di\u00e1metro de 40 cm \u2013 FlexiFilter 400. Despu\u00e9s de llenar el recipiente filtrante con los cubos, se enrosca en el tubo central.<\/p>\n<p style=\"padding-left: 40px;\"><img loading=\"lazy\" decoding=\"async\" class=\"alignnone wp-image-442 size-thumbnail\" src=\"https:\/\/www.tropiko.es\/es\/wp-content\/uploads\/flexifilter-400-cz-01-150x150.png\" alt=\"FlexiFilter 400\" width=\"150\" height=\"150\" srcset=\"https:\/\/www.tropiko.es\/es\/wp-content\/uploads\/flexifilter-400-cz-01-150x150.png 150w, https:\/\/www.tropiko.es\/es\/wp-content\/uploads\/flexifilter-400-cz-01-300x300.png 300w, https:\/\/www.tropiko.es\/es\/wp-content\/uploads\/flexifilter-400-cz-01-100x100.png 100w, https:\/\/www.tropiko.es\/es\/wp-content\/uploads\/flexifilter-400-cz-01-1024x1024.png 1024w, https:\/\/www.tropiko.es\/es\/wp-content\/uploads\/flexifilter-400-cz-01-768x768.png 768w, https:\/\/www.tropiko.es\/es\/wp-content\/uploads\/flexifilter-400-cz-01.png 1200w\" sizes=\"auto, (max-width: 150px) 100vw, 150px\" \/> <img loading=\"lazy\" decoding=\"async\" class=\"wp-image-448 size-thumbnail alignnone\" src=\"https:\/\/www.tropiko.es\/es\/wp-content\/uploads\/flexifilter-50-400-02-150x150.png\" alt=\"FlexiFilter 50 - 400\" width=\"150\" height=\"150\" srcset=\"https:\/\/www.tropiko.es\/es\/wp-content\/uploads\/flexifilter-50-400-02-150x150.png 150w, https:\/\/www.tropiko.es\/es\/wp-content\/uploads\/flexifilter-50-400-02-300x300.png 300w, https:\/\/www.tropiko.es\/es\/wp-content\/uploads\/flexifilter-50-400-02-100x100.png 100w, https:\/\/www.tropiko.es\/es\/wp-content\/uploads\/flexifilter-50-400-02-1024x1024.png 1024w, https:\/\/www.tropiko.es\/es\/wp-content\/uploads\/flexifilter-50-400-02-768x768.png 768w, https:\/\/www.tropiko.es\/es\/wp-content\/uploads\/flexifilter-50-400-02.png 1200w\" sizes=\"auto, (max-width: 150px) 100vw, 150px\" \/> <img loading=\"lazy\" decoding=\"async\" class=\"alignnone wp-image-450 size-thumbnail\" src=\"https:\/\/www.tropiko.es\/es\/wp-content\/uploads\/flexifilter-50-400-cz-150x150.png\" alt=\"FlexiFilter 50-400\" width=\"150\" height=\"150\" srcset=\"https:\/\/www.tropiko.es\/es\/wp-content\/uploads\/flexifilter-50-400-cz-150x150.png 150w, https:\/\/www.tropiko.es\/es\/wp-content\/uploads\/flexifilter-50-400-cz-300x300.png 300w, https:\/\/www.tropiko.es\/es\/wp-content\/uploads\/flexifilter-50-400-cz-100x100.png 100w, https:\/\/www.tropiko.es\/es\/wp-content\/uploads\/flexifilter-50-400-cz-1024x1024.png 1024w, https:\/\/www.tropiko.es\/es\/wp-content\/uploads\/flexifilter-50-400-cz-768x768.png 768w, https:\/\/www.tropiko.es\/es\/wp-content\/uploads\/flexifilter-50-400-cz.png 1200w\" sizes=\"auto, (max-width: 150px) 100vw, 150px\" \/> <img loading=\"lazy\" decoding=\"async\" class=\"alignnone size-thumbnail wp-image-449\" src=\"https:\/\/www.tropiko.es\/es\/wp-content\/uploads\/flexifilter-50-400-19-cz-150x139.png\" alt=\"FlexiFilter 50-400-190\" width=\"150\" height=\"139\" srcset=\"https:\/\/www.tropiko.es\/es\/wp-content\/uploads\/flexifilter-50-400-19-cz-150x139.png 150w, https:\/\/www.tropiko.es\/es\/wp-content\/uploads\/flexifilter-50-400-19-cz-300x278.png 300w, https:\/\/www.tropiko.es\/es\/wp-content\/uploads\/flexifilter-50-400-19-cz-1024x947.png 1024w, https:\/\/www.tropiko.es\/es\/wp-content\/uploads\/flexifilter-50-400-19-cz-768x710.png 768w, https:\/\/www.tropiko.es\/es\/wp-content\/uploads\/flexifilter-50-400-19-cz.png 1200w\" sizes=\"auto, (max-width: 150px) 100vw, 150px\" \/><br \/>\nFlexiFilter 400 en la e-shop<br \/>\n+ cubos filtrantes para filtraci\u00f3n profunda<br \/>\nFlexiFilter 50+400<br \/>\nFlexiFilter 50+400+190<\/p>\n<p style=\"padding-left: 40px;\"><img loading=\"lazy\" decoding=\"async\" class=\"alignnone size-thumbnail wp-image-440\" src=\"https:\/\/www.tropiko.es\/es\/wp-content\/uploads\/flexifilter-380-CZ-04-150x131.jpg\" alt=\"FlexiFilter 380\" width=\"150\" height=\"131\" srcset=\"https:\/\/www.tropiko.es\/es\/wp-content\/uploads\/flexifilter-380-CZ-04-150x131.jpg 150w, https:\/\/www.tropiko.es\/es\/wp-content\/uploads\/flexifilter-380-CZ-04-300x261.jpg 300w, https:\/\/www.tropiko.es\/es\/wp-content\/uploads\/flexifilter-380-CZ-04-1024x892.jpg 1024w, https:\/\/www.tropiko.es\/es\/wp-content\/uploads\/flexifilter-380-CZ-04-768x669.jpg 768w, https:\/\/www.tropiko.es\/es\/wp-content\/uploads\/flexifilter-380-CZ-04.jpg 1200w\" sizes=\"auto, (max-width: 150px) 100vw, 150px\" \/> <img loading=\"lazy\" decoding=\"async\" class=\"alignnone size-thumbnail wp-image-437\" src=\"https:\/\/www.tropiko.es\/es\/wp-content\/uploads\/flexifilter-380-05-150x150.jpg\" alt=\"FlexiFilter 380\" width=\"150\" height=\"150\" srcset=\"https:\/\/www.tropiko.es\/es\/wp-content\/uploads\/flexifilter-380-05-150x150.jpg 150w, https:\/\/www.tropiko.es\/es\/wp-content\/uploads\/flexifilter-380-05-300x300.jpg 300w, https:\/\/www.tropiko.es\/es\/wp-content\/uploads\/flexifilter-380-05-100x100.jpg 100w, https:\/\/www.tropiko.es\/es\/wp-content\/uploads\/flexifilter-380-05-1024x1024.jpg 1024w, https:\/\/www.tropiko.es\/es\/wp-content\/uploads\/flexifilter-380-05-768x768.jpg 768w, https:\/\/www.tropiko.es\/es\/wp-content\/uploads\/flexifilter-380-05-1536x1536.jpg 1536w, https:\/\/www.tropiko.es\/es\/wp-content\/uploads\/flexifilter-380-05.jpg 1944w\" sizes=\"auto, (max-width: 150px) 100vw, 150px\" \/> <img loading=\"lazy\" decoding=\"async\" class=\"alignnone size-thumbnail wp-image-439\" src=\"https:\/\/www.tropiko.es\/es\/wp-content\/uploads\/flexifilter-380-CZ-03-150x114.jpg\" alt=\"FlexiFilter 380\" width=\"150\" height=\"114\" srcset=\"https:\/\/www.tropiko.es\/es\/wp-content\/uploads\/flexifilter-380-CZ-03-150x113.jpg 150w, https:\/\/www.tropiko.es\/es\/wp-content\/uploads\/flexifilter-380-CZ-03-300x229.jpg 300w, https:\/\/www.tropiko.es\/es\/wp-content\/uploads\/flexifilter-380-CZ-03-1024x781.jpg 1024w, https:\/\/www.tropiko.es\/es\/wp-content\/uploads\/flexifilter-380-CZ-03-768x586.jpg 768w, https:\/\/www.tropiko.es\/es\/wp-content\/uploads\/flexifilter-380-CZ-03.jpg 1200w\" sizes=\"auto, (max-width: 150px) 100vw, 150px\" \/> <img loading=\"lazy\" decoding=\"async\" class=\"alignnone size-thumbnail wp-image-446\" src=\"https:\/\/www.tropiko.es\/es\/wp-content\/uploads\/flexifilter-50-04-150x150.png\" alt=\"FlexiFilter 50\" width=\"150\" height=\"150\" srcset=\"https:\/\/www.tropiko.es\/es\/wp-content\/uploads\/flexifilter-50-04-150x150.png 150w, https:\/\/www.tropiko.es\/es\/wp-content\/uploads\/flexifilter-50-04-300x300.png 300w, https:\/\/www.tropiko.es\/es\/wp-content\/uploads\/flexifilter-50-04-100x100.png 100w, https:\/\/www.tropiko.es\/es\/wp-content\/uploads\/flexifilter-50-04-768x768.png 768w, https:\/\/www.tropiko.es\/es\/wp-content\/uploads\/flexifilter-50-04.png 795w\" sizes=\"auto, (max-width: 150px) 100vw, 150px\" \/><br \/>\nFlexiFilter 380 Filtro circular con recorte moldeado\u00a0 en la e-shop<br \/>\n+ cubos filtrantes para filtraci\u00f3n profunda<br \/>\nFlexiFilter 50+380<\/p>\n<p><strong>Prefiltro<\/strong><\/p>\n<p><a href=\"https:\/\/www.tropiko.es\/es\/wp-content\/uploads\/skimmer-predfiltr.png\"><img loading=\"lazy\" decoding=\"async\" class=\"wp-image-457 size-thumbnail alignleft\" src=\"https:\/\/www.tropiko.es\/es\/wp-content\/uploads\/skimmer-predfiltr-150x150.png\" alt=\"Skimmer\" width=\"150\" height=\"150\" srcset=\"https:\/\/www.tropiko.es\/es\/wp-content\/uploads\/skimmer-predfiltr-150x150.png 150w, https:\/\/www.tropiko.es\/es\/wp-content\/uploads\/skimmer-predfiltr-300x300.png 300w, https:\/\/www.tropiko.es\/es\/wp-content\/uploads\/skimmer-predfiltr-100x100.png 100w, https:\/\/www.tropiko.es\/es\/wp-content\/uploads\/skimmer-predfiltr-1024x1024.png 1024w, https:\/\/www.tropiko.es\/es\/wp-content\/uploads\/skimmer-predfiltr-768x768.png 768w, https:\/\/www.tropiko.es\/es\/wp-content\/uploads\/skimmer-predfiltr.png 1200w\" sizes=\"auto, (max-width: 150px) 100vw, 150px\" \/><\/a>La entrada de suciedad gruesa en el sistema de distribuci\u00f3n del agua en la piscina, la bomba del filtro y el recipiente filtrante cerrado se evita mediante el uso de un prefiltro. El inserto circular del prefiltro se introduce en el skimmer de la piscina, en la zona del recipiente (di\u00e1metro marcado en rojo) o en la cesta profunda de la rejilla (dimensi\u00f3n marcada en amarillo) para que el material no interfiera en abrir la puerta del skimmer. Elija siempre un di\u00e1metro de prefiltro ligeramente superior a la dimensi\u00f3n medida.<\/p>\n<p>El material del prefiltro atrapa mucha suciedad y necesitar\u00e1 ser limpiado o sustituido con frecuencia.<\/p>\n<p>&nbsp;<\/p>\n<p style=\"padding-left: 40px;\"><img loading=\"lazy\" decoding=\"async\" class=\"alignnone size-thumbnail wp-image-427\" src=\"https:\/\/www.tropiko.es\/es\/wp-content\/uploads\/flexiFilter-140-DE-02-150x150.jpg\" alt=\"FlexiFilter 140\" width=\"150\" height=\"150\" srcset=\"https:\/\/www.tropiko.es\/es\/wp-content\/uploads\/flexiFilter-140-DE-02-150x150.jpg 150w, https:\/\/www.tropiko.es\/es\/wp-content\/uploads\/flexiFilter-140-DE-02-300x300.jpg 300w, https:\/\/www.tropiko.es\/es\/wp-content\/uploads\/flexiFilter-140-DE-02-100x100.jpg 100w, https:\/\/www.tropiko.es\/es\/wp-content\/uploads\/flexiFilter-140-DE-02-1024x1024.jpg 1024w, https:\/\/www.tropiko.es\/es\/wp-content\/uploads\/flexiFilter-140-DE-02-768x768.jpg 768w, https:\/\/www.tropiko.es\/es\/wp-content\/uploads\/flexiFilter-140-DE-02.jpg 1200w\" sizes=\"auto, (max-width: 150px) 100vw, 150px\" \/><br \/>\n<strong>FlexiFilter 140 en la e-shop<\/strong><br \/>\nFiltro circular de 14 cm de di\u00e1metro (2 unidades en el paquete)<\/p>\n<p style=\"padding-left: 40px;\"><img loading=\"lazy\" decoding=\"async\" class=\"alignnone size-thumbnail wp-image-430\" src=\"https:\/\/www.tropiko.es\/es\/wp-content\/uploads\/flexifilter-190-cz-02-150x150.jpg\" alt=\"FlexiFilter 190\" width=\"150\" height=\"150\" srcset=\"https:\/\/www.tropiko.es\/es\/wp-content\/uploads\/flexifilter-190-cz-02-150x150.jpg 150w, https:\/\/www.tropiko.es\/es\/wp-content\/uploads\/flexifilter-190-cz-02-300x300.jpg 300w, https:\/\/www.tropiko.es\/es\/wp-content\/uploads\/flexifilter-190-cz-02-100x100.jpg 100w, https:\/\/www.tropiko.es\/es\/wp-content\/uploads\/flexifilter-190-cz-02-1024x1024.jpg 1024w, https:\/\/www.tropiko.es\/es\/wp-content\/uploads\/flexifilter-190-cz-02-768x768.jpg 768w, https:\/\/www.tropiko.es\/es\/wp-content\/uploads\/flexifilter-190-cz-02.jpg 1200w\" sizes=\"auto, (max-width: 150px) 100vw, 150px\" \/><br \/>\n<strong>FlexiFilter 190 en la e-shop<\/strong><br \/>\nFiltro circular de 19 cm de di\u00e1metro<\/p>\n<p>Con FlexiFilter se filtran part\u00edculas de hasta 0,003 mm sin utilizar agentes de floculaci\u00f3n. As\u00ed, usted tambi\u00e9n ahorrar\u00e1 gracias a un menor consumo de productos qu\u00edmicos.<\/p>\n<p>Quedar\u00e1 satisfecho con las excelentes propiedades y capacidad de eliminar la suciedad y turbidez por su estructura fibrosa.<\/p>\n","protected":false},"excerpt":{"rendered":"<p>Sustituci\u00f3n de la arena en el filtro de piscina FlexiFilter puede utilizarse en recipientes de filtraci\u00f3n existentes con relleno de arena. No haga que la capa filtrante en el recipiente sea mayor que cuando utilice arena filtrante. Un paquete de FlexiFilter 50 (300 g) sustituye una bolsa de arena filtrante para los filtros de piscina [&#8230;]\n","protected":false},"author":1,"featured_media":0,"parent":0,"menu_order":0,"comment_status":"closed","ping_status":"closed","template":"","meta":{"footnotes":""},"class_list":["post-416","page","type-page","status-publish","hentry"],"yoast_head":"<!-- This site is optimized with the Yoast SEO plugin v26.7 - https:\/\/yoast.com\/wordpress\/plugins\/seo\/ -->\n<title>Sustituci\u00f3n de la arena filtrante | TROPIKO Espa\u00f1a<\/title>\n<meta name=\"robots\" content=\"index, follow, max-snippet:-1, max-image-preview:large, max-video-preview:-1\" \/>\n<link rel=\"canonical\" href=\"https:\/\/www.tropiko.es\/es\/replacement-of-filter-sand\/\" \/>\n<meta property=\"og:locale\" content=\"es_ES\" \/>\n<meta property=\"og:type\" content=\"article\" \/>\n<meta property=\"og:title\" content=\"Sustituci\u00f3n de la arena filtrante | TROPIKO Espa\u00f1a\" \/>\n<meta property=\"og:description\" content=\"Sustituci\u00f3n de la arena en el filtro de piscina FlexiFilter puede utilizarse en recipientes de filtraci\u00f3n existentes con relleno de arena. No haga que la capa filtrante en el recipiente sea mayor que cuando utilice arena filtrante. Un paquete de FlexiFilter 50 (300 g) sustituye una bolsa de arena filtrante para los filtros de piscina [...]\" \/>\n<meta property=\"og:url\" content=\"https:\/\/www.tropiko.es\/es\/replacement-of-filter-sand\/\" \/>\n<meta property=\"og:site_name\" content=\"TROPIKO Espa\u00f1a\" \/>\n<meta property=\"article:modified_time\" content=\"2025-01-16T12:59:38+00:00\" \/>\n<meta property=\"og:image\" content=\"https:\/\/www.tropiko.es\/es\/wp-content\/uploads\/flexifilter-50-cz-02.png\" \/>\n\t<meta property=\"og:image:width\" content=\"1200\" \/>\n\t<meta property=\"og:image:height\" content=\"1200\" \/>\n\t<meta property=\"og:image:type\" content=\"image\/png\" \/>\n<meta name=\"twitter:card\" content=\"summary_large_image\" \/>\n<meta name=\"twitter:label1\" content=\"Tiempo de lectura\" \/>\n\t<meta name=\"twitter:data1\" content=\"5 minutos\" \/>\n<script type=\"application\/ld+json\" class=\"yoast-schema-graph\">{\"@context\":\"https:\/\/schema.org\",\"@graph\":[{\"@type\":\"WebPage\",\"@id\":\"https:\/\/www.tropiko.es\/es\/replacement-of-filter-sand\/\",\"url\":\"https:\/\/www.tropiko.es\/es\/replacement-of-filter-sand\/\",\"name\":\"Sustituci\u00f3n de la arena filtrante | TROPIKO Espa\u00f1a\",\"isPartOf\":{\"@id\":\"https:\/\/www.tropiko.es\/es\/#website\"},\"primaryImageOfPage\":{\"@id\":\"https:\/\/www.tropiko.es\/es\/replacement-of-filter-sand\/#primaryimage\"},\"image\":{\"@id\":\"https:\/\/www.tropiko.es\/es\/replacement-of-filter-sand\/#primaryimage\"},\"thumbnailUrl\":\"https:\/\/www.tropiko.es\/es\/wp-content\/uploads\/flexifilter-50-cz-02-150x150.png\",\"datePublished\":\"2022-04-15T11:06:02+00:00\",\"dateModified\":\"2025-01-16T12:59:38+00:00\",\"breadcrumb\":{\"@id\":\"https:\/\/www.tropiko.es\/es\/replacement-of-filter-sand\/#breadcrumb\"},\"inLanguage\":\"es\",\"potentialAction\":[{\"@type\":\"ReadAction\",\"target\":[\"https:\/\/www.tropiko.es\/es\/replacement-of-filter-sand\/\"]}]},{\"@type\":\"ImageObject\",\"inLanguage\":\"es\",\"@id\":\"https:\/\/www.tropiko.es\/es\/replacement-of-filter-sand\/#primaryimage\",\"url\":\"https:\/\/www.tropiko.es\/es\/wp-content\/uploads\/flexifilter-50-cz-02.png\",\"contentUrl\":\"https:\/\/www.tropiko.es\/es\/wp-content\/uploads\/flexifilter-50-cz-02.png\",\"width\":1200,\"height\":1200,\"caption\":\"FlexiFilter 50\"},{\"@type\":\"BreadcrumbList\",\"@id\":\"https:\/\/www.tropiko.es\/es\/replacement-of-filter-sand\/#breadcrumb\",\"itemListElement\":[{\"@type\":\"ListItem\",\"position\":1,\"name\":\"Dom\u016f\",\"item\":\"https:\/\/www.tropiko.es\/es\/\"},{\"@type\":\"ListItem\",\"position\":2,\"name\":\"Sustituci\u00f3n de la arena filtrante\"}]},{\"@type\":\"WebSite\",\"@id\":\"https:\/\/www.tropiko.es\/es\/#website\",\"url\":\"https:\/\/www.tropiko.es\/es\/\",\"name\":\"TROPIKO Espa\u00f1a\",\"description\":\"\",\"publisher\":{\"@id\":\"https:\/\/www.tropiko.es\/es\/#organization\"},\"potentialAction\":[{\"@type\":\"SearchAction\",\"target\":{\"@type\":\"EntryPoint\",\"urlTemplate\":\"https:\/\/www.tropiko.es\/es\/?s={search_term_string}\"},\"query-input\":{\"@type\":\"PropertyValueSpecification\",\"valueRequired\":true,\"valueName\":\"search_term_string\"}}],\"inLanguage\":\"es\"},{\"@type\":\"Organization\",\"@id\":\"https:\/\/www.tropiko.es\/es\/#organization\",\"name\":\"TROPIKO Espa\u00f1a\",\"url\":\"https:\/\/www.tropiko.es\/es\/\",\"logo\":{\"@type\":\"ImageObject\",\"inLanguage\":\"es\",\"@id\":\"https:\/\/www.tropiko.es\/es\/#\/schema\/logo\/image\/\",\"url\":\"https:\/\/www.tropiko.es\/es\/wp-content\/uploads\/cropped-cropped-tropiko-logo2023-04-snapisem.png\",\"contentUrl\":\"https:\/\/www.tropiko.es\/es\/wp-content\/uploads\/cropped-cropped-tropiko-logo2023-04-snapisem.png\",\"width\":512,\"height\":512,\"caption\":\"TROPIKO Espa\u00f1a\"},\"image\":{\"@id\":\"https:\/\/www.tropiko.es\/es\/#\/schema\/logo\/image\/\"}}]}<\/script>\n<!-- \/ Yoast SEO plugin. -->","yoast_head_json":{"title":"Sustituci\u00f3n de la arena filtrante | TROPIKO Espa\u00f1a","robots":{"index":"index","follow":"follow","max-snippet":"max-snippet:-1","max-image-preview":"max-image-preview:large","max-video-preview":"max-video-preview:-1"},"canonical":"https:\/\/www.tropiko.es\/es\/replacement-of-filter-sand\/","og_locale":"es_ES","og_type":"article","og_title":"Sustituci\u00f3n de la arena filtrante | TROPIKO Espa\u00f1a","og_description":"Sustituci\u00f3n de la arena en el filtro de piscina FlexiFilter puede utilizarse en recipientes de filtraci\u00f3n existentes con relleno de arena. No haga que la capa filtrante en el recipiente sea mayor que cuando utilice arena filtrante. Un paquete de FlexiFilter 50 (300 g) sustituye una bolsa de arena filtrante para los filtros de piscina [...]","og_url":"https:\/\/www.tropiko.es\/es\/replacement-of-filter-sand\/","og_site_name":"TROPIKO Espa\u00f1a","article_modified_time":"2025-01-16T12:59:38+00:00","og_image":[{"width":1200,"height":1200,"url":"https:\/\/www.tropiko.es\/es\/wp-content\/uploads\/flexifilter-50-cz-02.png","type":"image\/png"}],"twitter_card":"summary_large_image","twitter_misc":{"Tiempo de lectura":"5 minutos"},"schema":{"@context":"https:\/\/schema.org","@graph":[{"@type":"WebPage","@id":"https:\/\/www.tropiko.es\/es\/replacement-of-filter-sand\/","url":"https:\/\/www.tropiko.es\/es\/replacement-of-filter-sand\/","name":"Sustituci\u00f3n de la arena filtrante | TROPIKO Espa\u00f1a","isPartOf":{"@id":"https:\/\/www.tropiko.es\/es\/#website"},"primaryImageOfPage":{"@id":"https:\/\/www.tropiko.es\/es\/replacement-of-filter-sand\/#primaryimage"},"image":{"@id":"https:\/\/www.tropiko.es\/es\/replacement-of-filter-sand\/#primaryimage"},"thumbnailUrl":"https:\/\/www.tropiko.es\/es\/wp-content\/uploads\/flexifilter-50-cz-02-150x150.png","datePublished":"2022-04-15T11:06:02+00:00","dateModified":"2025-01-16T12:59:38+00:00","breadcrumb":{"@id":"https:\/\/www.tropiko.es\/es\/replacement-of-filter-sand\/#breadcrumb"},"inLanguage":"es","potentialAction":[{"@type":"ReadAction","target":["https:\/\/www.tropiko.es\/es\/replacement-of-filter-sand\/"]}]},{"@type":"ImageObject","inLanguage":"es","@id":"https:\/\/www.tropiko.es\/es\/replacement-of-filter-sand\/#primaryimage","url":"https:\/\/www.tropiko.es\/es\/wp-content\/uploads\/flexifilter-50-cz-02.png","contentUrl":"https:\/\/www.tropiko.es\/es\/wp-content\/uploads\/flexifilter-50-cz-02.png","width":1200,"height":1200,"caption":"FlexiFilter 50"},{"@type":"BreadcrumbList","@id":"https:\/\/www.tropiko.es\/es\/replacement-of-filter-sand\/#breadcrumb","itemListElement":[{"@type":"ListItem","position":1,"name":"Dom\u016f","item":"https:\/\/www.tropiko.es\/es\/"},{"@type":"ListItem","position":2,"name":"Sustituci\u00f3n de la arena filtrante"}]},{"@type":"WebSite","@id":"https:\/\/www.tropiko.es\/es\/#website","url":"https:\/\/www.tropiko.es\/es\/","name":"TROPIKO Espa\u00f1a","description":"","publisher":{"@id":"https:\/\/www.tropiko.es\/es\/#organization"},"potentialAction":[{"@type":"SearchAction","target":{"@type":"EntryPoint","urlTemplate":"https:\/\/www.tropiko.es\/es\/?s={search_term_string}"},"query-input":{"@type":"PropertyValueSpecification","valueRequired":true,"valueName":"search_term_string"}}],"inLanguage":"es"},{"@type":"Organization","@id":"https:\/\/www.tropiko.es\/es\/#organization","name":"TROPIKO Espa\u00f1a","url":"https:\/\/www.tropiko.es\/es\/","logo":{"@type":"ImageObject","inLanguage":"es","@id":"https:\/\/www.tropiko.es\/es\/#\/schema\/logo\/image\/","url":"https:\/\/www.tropiko.es\/es\/wp-content\/uploads\/cropped-cropped-tropiko-logo2023-04-snapisem.png","contentUrl":"https:\/\/www.tropiko.es\/es\/wp-content\/uploads\/cropped-cropped-tropiko-logo2023-04-snapisem.png","width":512,"height":512,"caption":"TROPIKO Espa\u00f1a"},"image":{"@id":"https:\/\/www.tropiko.es\/es\/#\/schema\/logo\/image\/"}}]}},"_links":{"self":[{"href":"https:\/\/www.tropiko.es\/es\/wp-json\/wp\/v2\/pages\/416","targetHints":{"allow":["GET"]}}],"collection":[{"href":"https:\/\/www.tropiko.es\/es\/wp-json\/wp\/v2\/pages"}],"about":[{"href":"https:\/\/www.tropiko.es\/es\/wp-json\/wp\/v2\/types\/page"}],"author":[{"embeddable":true,"href":"https:\/\/www.tropiko.es\/es\/wp-json\/wp\/v2\/users\/1"}],"replies":[{"embeddable":true,"href":"https:\/\/www.tropiko.es\/es\/wp-json\/wp\/v2\/comments?post=416"}],"version-history":[{"count":5,"href":"https:\/\/www.tropiko.es\/es\/wp-json\/wp\/v2\/pages\/416\/revisions"}],"predecessor-version":[{"id":653,"href":"https:\/\/www.tropiko.es\/es\/wp-json\/wp\/v2\/pages\/416\/revisions\/653"}],"wp:attachment":[{"href":"https:\/\/www.tropiko.es\/es\/wp-json\/wp\/v2\/media?parent=416"}],"curies":[{"name":"wp","href":"https:\/\/api.w.org\/{rel}","templated":true}]}}