{"id":462,"date":"2022-04-15T11:23:11","date_gmt":"2022-04-15T11:23:11","guid":{"rendered":"https:\/\/www.tropiko.eu\/en\/?page_id=462"},"modified":"2025-01-16T08:45:43","modified_gmt":"2025-01-16T08:45:43","slug":"benefits-of-flexifilter","status":"publish","type":"page","link":"https:\/\/www.tropiko.es\/es\/benefits-of-flexifilter\/","title":{"rendered":"Ventajas de FlexiFilter"},"content":{"rendered":"<p><strong>+ SUSTITUCI\u00d3N LIGERA DE LOS MATERIALES FILTRANTES TRADICIONALES<\/strong><br \/>\nMaterial adaptable a la forma, muy ligero, de f\u00e1cil manejo.<br \/>\n300 g de FlexiFilter (1 paquete) sustituyen plenamente 20 a 25 kg de arena.<\/p>\n<p><strong style=\"color: #555555; font-size: 14.4px;\"><img loading=\"lazy\" decoding=\"async\" class=\"alignright size-medium wp-image-447\" src=\"https:\/\/www.tropiko.eu\/en\/wp-content\/uploads\/flexifilter-50-06-300x300.png\" alt=\"FlexiFilter 50\" width=\"300\" height=\"300\" srcset=\"https:\/\/www.tropiko.es\/es\/wp-content\/uploads\/flexifilter-50-06-300x300.png 300w, https:\/\/www.tropiko.es\/es\/wp-content\/uploads\/flexifilter-50-06-100x100.png 100w, https:\/\/www.tropiko.es\/es\/wp-content\/uploads\/flexifilter-50-06-150x150.png 150w, https:\/\/www.tropiko.es\/es\/wp-content\/uploads\/flexifilter-50-06.png 476w\" sizes=\"auto, (max-width: 300px) 100vw, 300px\" \/><\/strong><\/p>\n<p><strong>+ F\u00c1CIL RETENCI\u00d3N DE SUCIEDADES HASTA 0,003 MM<\/strong><br \/>\n\/La arena filtrante atrapa s\u00f3lo impurezas al menos 10 veces m\u00e1s gruesas.\/<\/p>\n<p><strong>+ LAVADO MENOS FRECUENTE<\/strong><br \/>\ni.e. menor aporte\/abasto de agua, ahorro adicional en su tratamiento y calefacci\u00f3n.<br \/>\n\/La filtraci\u00f3n de arena necesita ser lavada de 3 a 4 veces m\u00e1s a menudo.\/<\/p>\n<p><strong>+ BAJA CA\u00cdDA DE PRESI\u00d3N = AHORRO DE ENERG\u00cdA<\/strong><br \/>\n\/Con arena, a ca\u00edda de presi\u00f3n es 10 veces mayor.\/<\/p>\n<p data-wp-editing=\"1\"><a href=\"https:\/\/www.tropiko.eu\/en\/category-product\/flexifilter\/\"><img loading=\"lazy\" decoding=\"async\" class=\"alignnone size-thumbnail wp-image-435\" src=\"https:\/\/www.tropiko.eu\/en\/wp-content\/uploads\/flexifilter-380-150x84.jpg\" alt=\"FlexiFilter 380\" width=\"150\" height=\"84\" srcset=\"https:\/\/www.tropiko.es\/es\/wp-content\/uploads\/flexifilter-380-150x84.jpg 150w, https:\/\/www.tropiko.es\/es\/wp-content\/uploads\/flexifilter-380-300x169.jpg 300w, https:\/\/www.tropiko.es\/es\/wp-content\/uploads\/flexifilter-380-1024x576.jpg 1024w, https:\/\/www.tropiko.es\/es\/wp-content\/uploads\/flexifilter-380-768x432.jpg 768w, https:\/\/www.tropiko.es\/es\/wp-content\/uploads\/flexifilter-380.jpg 1200w\" sizes=\"auto, (max-width: 150px) 100vw, 150px\" \/><img loading=\"lazy\" decoding=\"async\" class=\"alignnone size-thumbnail wp-image-423\" src=\"https:\/\/www.tropiko.eu\/en\/wp-content\/uploads\/flexifilter-140-cartridge-01-150x150.jpg\" alt=\"FlexiFilter 140\" width=\"150\" height=\"150\" srcset=\"https:\/\/www.tropiko.es\/es\/wp-content\/uploads\/flexifilter-140-cartridge-01-150x150.jpg 150w, https:\/\/www.tropiko.es\/es\/wp-content\/uploads\/flexifilter-140-cartridge-01-300x300.jpg 300w, https:\/\/www.tropiko.es\/es\/wp-content\/uploads\/flexifilter-140-cartridge-01-100x100.jpg 100w, https:\/\/www.tropiko.es\/es\/wp-content\/uploads\/flexifilter-140-cartridge-01-1024x1024.jpg 1024w, https:\/\/www.tropiko.es\/es\/wp-content\/uploads\/flexifilter-140-cartridge-01-768x768.jpg 768w, https:\/\/www.tropiko.es\/es\/wp-content\/uploads\/flexifilter-140-cartridge-01.jpg 1200w\" sizes=\"auto, (max-width: 150px) 100vw, 150px\" \/><img loading=\"lazy\" decoding=\"async\" class=\"alignnone size-thumbnail wp-image-449\" src=\"https:\/\/www.tropiko.eu\/en\/wp-content\/uploads\/flexifilter-50-400-19-cz-150x139.png\" alt=\"FlexiFilter 50-400-190\" width=\"150\" height=\"139\" srcset=\"https:\/\/www.tropiko.es\/es\/wp-content\/uploads\/flexifilter-50-400-19-cz-150x139.png 150w, https:\/\/www.tropiko.es\/es\/wp-content\/uploads\/flexifilter-50-400-19-cz-300x278.png 300w, https:\/\/www.tropiko.es\/es\/wp-content\/uploads\/flexifilter-50-400-19-cz-1024x947.png 1024w, https:\/\/www.tropiko.es\/es\/wp-content\/uploads\/flexifilter-50-400-19-cz-768x710.png 768w, https:\/\/www.tropiko.es\/es\/wp-content\/uploads\/flexifilter-50-400-19-cz.png 1200w\" sizes=\"auto, (max-width: 150px) 100vw, 150px\" \/><\/a><\/p>\n","protected":false},"excerpt":{"rendered":"<p>+ SUSTITUCI\u00d3N LIGERA DE LOS MATERIALES FILTRANTES TRADICIONALES Material adaptable a la forma, muy ligero, de f\u00e1cil manejo. 300 g de FlexiFilter (1 paquete) sustituyen plenamente 20 a 25 kg de arena. + F\u00c1CIL RETENCI\u00d3N DE SUCIEDADES HASTA 0,003 MM \/La arena filtrante atrapa s\u00f3lo impurezas al menos 10 veces m\u00e1s gruesas.\/ + LAVADO MENOS [&#8230;]\n","protected":false},"author":1,"featured_media":0,"parent":0,"menu_order":0,"comment_status":"closed","ping_status":"closed","template":"","meta":{"footnotes":""},"class_list":["post-462","page","type-page","status-publish","hentry"],"yoast_head":"<!-- This site is optimized with the Yoast SEO plugin v26.7 - https:\/\/yoast.com\/wordpress\/plugins\/seo\/ -->\n<title>Ventajas de FlexiFilter | TROPIKO Espa\u00f1a<\/title>\n<meta name=\"robots\" content=\"index, follow, max-snippet:-1, max-image-preview:large, max-video-preview:-1\" \/>\n<link rel=\"canonical\" href=\"https:\/\/www.tropiko.es\/es\/benefits-of-flexifilter\/\" \/>\n<meta property=\"og:locale\" content=\"es_ES\" \/>\n<meta property=\"og:type\" content=\"article\" \/>\n<meta property=\"og:title\" content=\"Ventajas de FlexiFilter | TROPIKO Espa\u00f1a\" \/>\n<meta property=\"og:description\" content=\"+ SUSTITUCI\u00d3N LIGERA DE LOS MATERIALES FILTRANTES TRADICIONALES Material adaptable a la forma, muy ligero, de f\u00e1cil manejo. 300 g de FlexiFilter (1 paquete) sustituyen plenamente 20 a 25 kg de arena. + F\u00c1CIL RETENCI\u00d3N DE SUCIEDADES HASTA 0,003 MM \/La arena filtrante atrapa s\u00f3lo impurezas al menos 10 veces m\u00e1s gruesas.\/ + LAVADO MENOS [...]\" \/>\n<meta property=\"og:url\" content=\"https:\/\/www.tropiko.es\/es\/benefits-of-flexifilter\/\" \/>\n<meta property=\"og:site_name\" content=\"TROPIKO Espa\u00f1a\" \/>\n<meta property=\"article:modified_time\" content=\"2025-01-16T08:45:43+00:00\" \/>\n<meta property=\"og:image\" content=\"https:\/\/www.tropiko.es\/es\/wp-content\/uploads\/flexifilter-50-06.png\" \/>\n\t<meta property=\"og:image:width\" content=\"476\" \/>\n\t<meta property=\"og:image:height\" content=\"476\" \/>\n\t<meta property=\"og:image:type\" content=\"image\/png\" \/>\n<meta name=\"twitter:card\" content=\"summary_large_image\" \/>\n<meta name=\"twitter:label1\" content=\"Tiempo de lectura\" \/>\n\t<meta name=\"twitter:data1\" content=\"2 minutos\" \/>\n<script type=\"application\/ld+json\" class=\"yoast-schema-graph\">{\"@context\":\"https:\/\/schema.org\",\"@graph\":[{\"@type\":\"WebPage\",\"@id\":\"https:\/\/www.tropiko.es\/es\/benefits-of-flexifilter\/\",\"url\":\"https:\/\/www.tropiko.es\/es\/benefits-of-flexifilter\/\",\"name\":\"Ventajas de FlexiFilter | TROPIKO Espa\u00f1a\",\"isPartOf\":{\"@id\":\"https:\/\/www.tropiko.es\/es\/#website\"},\"primaryImageOfPage\":{\"@id\":\"https:\/\/www.tropiko.es\/es\/benefits-of-flexifilter\/#primaryimage\"},\"image\":{\"@id\":\"https:\/\/www.tropiko.es\/es\/benefits-of-flexifilter\/#primaryimage\"},\"thumbnailUrl\":\"https:\/\/www.tropiko.eu\/en\/wp-content\/uploads\/flexifilter-50-06-300x300.png\",\"datePublished\":\"2022-04-15T11:23:11+00:00\",\"dateModified\":\"2025-01-16T08:45:43+00:00\",\"breadcrumb\":{\"@id\":\"https:\/\/www.tropiko.es\/es\/benefits-of-flexifilter\/#breadcrumb\"},\"inLanguage\":\"es\",\"potentialAction\":[{\"@type\":\"ReadAction\",\"target\":[\"https:\/\/www.tropiko.es\/es\/benefits-of-flexifilter\/\"]}]},{\"@type\":\"ImageObject\",\"inLanguage\":\"es\",\"@id\":\"https:\/\/www.tropiko.es\/es\/benefits-of-flexifilter\/#primaryimage\",\"url\":\"https:\/\/www.tropiko.eu\/en\/wp-content\/uploads\/flexifilter-50-06-300x300.png\",\"contentUrl\":\"https:\/\/www.tropiko.eu\/en\/wp-content\/uploads\/flexifilter-50-06-300x300.png\"},{\"@type\":\"BreadcrumbList\",\"@id\":\"https:\/\/www.tropiko.es\/es\/benefits-of-flexifilter\/#breadcrumb\",\"itemListElement\":[{\"@type\":\"ListItem\",\"position\":1,\"name\":\"Dom\u016f\",\"item\":\"https:\/\/www.tropiko.es\/es\/\"},{\"@type\":\"ListItem\",\"position\":2,\"name\":\"Ventajas de FlexiFilter\"}]},{\"@type\":\"WebSite\",\"@id\":\"https:\/\/www.tropiko.es\/es\/#website\",\"url\":\"https:\/\/www.tropiko.es\/es\/\",\"name\":\"TROPIKO Espa\u00f1a\",\"description\":\"\",\"publisher\":{\"@id\":\"https:\/\/www.tropiko.es\/es\/#organization\"},\"potentialAction\":[{\"@type\":\"SearchAction\",\"target\":{\"@type\":\"EntryPoint\",\"urlTemplate\":\"https:\/\/www.tropiko.es\/es\/?s={search_term_string}\"},\"query-input\":{\"@type\":\"PropertyValueSpecification\",\"valueRequired\":true,\"valueName\":\"search_term_string\"}}],\"inLanguage\":\"es\"},{\"@type\":\"Organization\",\"@id\":\"https:\/\/www.tropiko.es\/es\/#organization\",\"name\":\"TROPIKO Espa\u00f1a\",\"url\":\"https:\/\/www.tropiko.es\/es\/\",\"logo\":{\"@type\":\"ImageObject\",\"inLanguage\":\"es\",\"@id\":\"https:\/\/www.tropiko.es\/es\/#\/schema\/logo\/image\/\",\"url\":\"https:\/\/www.tropiko.es\/es\/wp-content\/uploads\/cropped-cropped-tropiko-logo2023-04-snapisem.png\",\"contentUrl\":\"https:\/\/www.tropiko.es\/es\/wp-content\/uploads\/cropped-cropped-tropiko-logo2023-04-snapisem.png\",\"width\":512,\"height\":512,\"caption\":\"TROPIKO Espa\u00f1a\"},\"image\":{\"@id\":\"https:\/\/www.tropiko.es\/es\/#\/schema\/logo\/image\/\"}}]}<\/script>\n<!-- \/ Yoast SEO plugin. -->","yoast_head_json":{"title":"Ventajas de FlexiFilter | TROPIKO Espa\u00f1a","robots":{"index":"index","follow":"follow","max-snippet":"max-snippet:-1","max-image-preview":"max-image-preview:large","max-video-preview":"max-video-preview:-1"},"canonical":"https:\/\/www.tropiko.es\/es\/benefits-of-flexifilter\/","og_locale":"es_ES","og_type":"article","og_title":"Ventajas de FlexiFilter | TROPIKO Espa\u00f1a","og_description":"+ SUSTITUCI\u00d3N LIGERA DE LOS MATERIALES FILTRANTES TRADICIONALES Material adaptable a la forma, muy ligero, de f\u00e1cil manejo. 300 g de FlexiFilter (1 paquete) sustituyen plenamente 20 a 25 kg de arena. + F\u00c1CIL RETENCI\u00d3N DE SUCIEDADES HASTA 0,003 MM \/La arena filtrante atrapa s\u00f3lo impurezas al menos 10 veces m\u00e1s gruesas.\/ + LAVADO MENOS [...]","og_url":"https:\/\/www.tropiko.es\/es\/benefits-of-flexifilter\/","og_site_name":"TROPIKO Espa\u00f1a","article_modified_time":"2025-01-16T08:45:43+00:00","og_image":[{"width":476,"height":476,"url":"https:\/\/www.tropiko.es\/es\/wp-content\/uploads\/flexifilter-50-06.png","type":"image\/png"}],"twitter_card":"summary_large_image","twitter_misc":{"Tiempo de lectura":"2 minutos"},"schema":{"@context":"https:\/\/schema.org","@graph":[{"@type":"WebPage","@id":"https:\/\/www.tropiko.es\/es\/benefits-of-flexifilter\/","url":"https:\/\/www.tropiko.es\/es\/benefits-of-flexifilter\/","name":"Ventajas de FlexiFilter | TROPIKO Espa\u00f1a","isPartOf":{"@id":"https:\/\/www.tropiko.es\/es\/#website"},"primaryImageOfPage":{"@id":"https:\/\/www.tropiko.es\/es\/benefits-of-flexifilter\/#primaryimage"},"image":{"@id":"https:\/\/www.tropiko.es\/es\/benefits-of-flexifilter\/#primaryimage"},"thumbnailUrl":"https:\/\/www.tropiko.eu\/en\/wp-content\/uploads\/flexifilter-50-06-300x300.png","datePublished":"2022-04-15T11:23:11+00:00","dateModified":"2025-01-16T08:45:43+00:00","breadcrumb":{"@id":"https:\/\/www.tropiko.es\/es\/benefits-of-flexifilter\/#breadcrumb"},"inLanguage":"es","potentialAction":[{"@type":"ReadAction","target":["https:\/\/www.tropiko.es\/es\/benefits-of-flexifilter\/"]}]},{"@type":"ImageObject","inLanguage":"es","@id":"https:\/\/www.tropiko.es\/es\/benefits-of-flexifilter\/#primaryimage","url":"https:\/\/www.tropiko.eu\/en\/wp-content\/uploads\/flexifilter-50-06-300x300.png","contentUrl":"https:\/\/www.tropiko.eu\/en\/wp-content\/uploads\/flexifilter-50-06-300x300.png"},{"@type":"BreadcrumbList","@id":"https:\/\/www.tropiko.es\/es\/benefits-of-flexifilter\/#breadcrumb","itemListElement":[{"@type":"ListItem","position":1,"name":"Dom\u016f","item":"https:\/\/www.tropiko.es\/es\/"},{"@type":"ListItem","position":2,"name":"Ventajas de FlexiFilter"}]},{"@type":"WebSite","@id":"https:\/\/www.tropiko.es\/es\/#website","url":"https:\/\/www.tropiko.es\/es\/","name":"TROPIKO Espa\u00f1a","description":"","publisher":{"@id":"https:\/\/www.tropiko.es\/es\/#organization"},"potentialAction":[{"@type":"SearchAction","target":{"@type":"EntryPoint","urlTemplate":"https:\/\/www.tropiko.es\/es\/?s={search_term_string}"},"query-input":{"@type":"PropertyValueSpecification","valueRequired":true,"valueName":"search_term_string"}}],"inLanguage":"es"},{"@type":"Organization","@id":"https:\/\/www.tropiko.es\/es\/#organization","name":"TROPIKO Espa\u00f1a","url":"https:\/\/www.tropiko.es\/es\/","logo":{"@type":"ImageObject","inLanguage":"es","@id":"https:\/\/www.tropiko.es\/es\/#\/schema\/logo\/image\/","url":"https:\/\/www.tropiko.es\/es\/wp-content\/uploads\/cropped-cropped-tropiko-logo2023-04-snapisem.png","contentUrl":"https:\/\/www.tropiko.es\/es\/wp-content\/uploads\/cropped-cropped-tropiko-logo2023-04-snapisem.png","width":512,"height":512,"caption":"TROPIKO Espa\u00f1a"},"image":{"@id":"https:\/\/www.tropiko.es\/es\/#\/schema\/logo\/image\/"}}]}},"_links":{"self":[{"href":"https:\/\/www.tropiko.es\/es\/wp-json\/wp\/v2\/pages\/462","targetHints":{"allow":["GET"]}}],"collection":[{"href":"https:\/\/www.tropiko.es\/es\/wp-json\/wp\/v2\/pages"}],"about":[{"href":"https:\/\/www.tropiko.es\/es\/wp-json\/wp\/v2\/types\/page"}],"author":[{"embeddable":true,"href":"https:\/\/www.tropiko.es\/es\/wp-json\/wp\/v2\/users\/1"}],"replies":[{"embeddable":true,"href":"https:\/\/www.tropiko.es\/es\/wp-json\/wp\/v2\/comments?post=462"}],"version-history":[{"count":5,"href":"https:\/\/www.tropiko.es\/es\/wp-json\/wp\/v2\/pages\/462\/revisions"}],"predecessor-version":[{"id":646,"href":"https:\/\/www.tropiko.es\/es\/wp-json\/wp\/v2\/pages\/462\/revisions\/646"}],"wp:attachment":[{"href":"https:\/\/www.tropiko.es\/es\/wp-json\/wp\/v2\/media?parent=462"}],"curies":[{"name":"wp","href":"https:\/\/api.w.org\/{rel}","templated":true}]}}