{"id":463,"date":"2022-04-15T11:13:42","date_gmt":"2022-04-15T11:13:42","guid":{"rendered":"https:\/\/www.tropiko.eu\/en\/?page_id=463"},"modified":"2025-01-16T08:53:39","modified_gmt":"2025-01-16T08:53:39","slug":"introduction-of-flexifilter","status":"publish","type":"page","link":"https:\/\/www.tropiko.es\/es\/introduction-of-flexifilter\/","title":{"rendered":"Presentaci\u00f3n de FlexiFilter"},"content":{"rendered":"<p><strong>Mejore su filtraci\u00f3n<\/strong><br \/>\nFlexiFilter es un filtro innovador de alta eficacia para purificar l\u00edquidos y gases. Utilizando el material FlexiFilter, con la misma capa o volumen filtrante que el material o cartucho filtrante original, se consigue un mejor resultado de filtraci\u00f3n.<\/p>\n<p><img loading=\"lazy\" decoding=\"async\" class=\"alignright size-medium wp-image-444\" src=\"https:\/\/www.tropiko.es\/es\/wp-content\/uploads\/flexifilter-50-02-300x300.png\" alt=\"FlexiFilter 50\" width=\"300\" height=\"300\" srcset=\"https:\/\/www.tropiko.es\/es\/wp-content\/uploads\/flexifilter-50-02-300x300.png 300w, https:\/\/www.tropiko.es\/es\/wp-content\/uploads\/flexifilter-50-02-100x100.png 100w, https:\/\/www.tropiko.es\/es\/wp-content\/uploads\/flexifilter-50-02-1024x1024.png 1024w, https:\/\/www.tropiko.es\/es\/wp-content\/uploads\/flexifilter-50-02-150x150.png 150w, https:\/\/www.tropiko.es\/es\/wp-content\/uploads\/flexifilter-50-02-768x768.png 768w, https:\/\/www.tropiko.es\/es\/wp-content\/uploads\/flexifilter-50-02.png 1200w\" sizes=\"auto, (max-width: 300px) 100vw, 300px\" \/>La presi\u00f3n de trabajo del agua introduce las impurezas en el material FlexiFilter. La filtraci\u00f3n no est\u00e1 limitada por la superficie que se obstruye r\u00e1pidamente en los filtros tradicionales. Debido a la filtraci\u00f3n profunda, el material absorbe las impurezas por m\u00e1s tiempo, reteniendo muchas m\u00e1s que los materiales filtrantes tradicionales.<br \/>\nSin utilizar floculantes, se filtran part\u00edculas de hasta 0,010 mm, parcialmente de hasta 0,003 mm y, en menor medida, incluso part\u00edculas m\u00e1s peque\u00f1as. Tambi\u00e9n se ahorra aplicando menos aditivos qu\u00edmicos (floculantes).<br \/>\nAl utilizar el nuevo material filtrante FlexiFilter, quedar\u00e1 encantado por las excelentes propiedades de las fibras y sus estructuras, capaces de eliminar turbidez y suciedades muy peque\u00f1as.<\/p>\n<p><a href=\"https:\/\/www.tropiko.eu\/en\/wp-content\/uploads\/flexifilter-50-01.png\"><img loading=\"lazy\" decoding=\"async\" class=\"alignnone size-medium wp-image-443\" src=\"https:\/\/www.tropiko.eu\/en\/wp-content\/uploads\/flexifilter-50-01-300x300.png\" alt=\"\" width=\"300\" height=\"300\" srcset=\"https:\/\/www.tropiko.es\/es\/wp-content\/uploads\/flexifilter-50-01-300x300.png 300w, https:\/\/www.tropiko.es\/es\/wp-content\/uploads\/flexifilter-50-01-100x100.png 100w, https:\/\/www.tropiko.es\/es\/wp-content\/uploads\/flexifilter-50-01-1024x1024.png 1024w, https:\/\/www.tropiko.es\/es\/wp-content\/uploads\/flexifilter-50-01-150x150.png 150w, https:\/\/www.tropiko.es\/es\/wp-content\/uploads\/flexifilter-50-01-768x768.png 768w, https:\/\/www.tropiko.es\/es\/wp-content\/uploads\/flexifilter-50-01.png 1200w\" sizes=\"auto, (max-width: 300px) 100vw, 300px\" \/><\/a><\/p>\n<p>La gran capacidad de FlexiFilter para absorber impurezas le permite prolongar los intervalos de contralavado, reduciendo as\u00ed los costes de explotaci\u00f3n.<\/p>\n<p>FlexiFilter se fabrica por la estratificaci\u00f3n de fibra polim\u00e9rica continua. El material para la producci\u00f3n est\u00e1 reciclado al 75%. La producci\u00f3n, transformaci\u00f3n y envasado del material se realiza en la Rep\u00fablica Checa.<\/p>\n<p><strong>Relleno de grandes recipientes filtrantes<br \/>\n<\/strong>En el recipiente filtrante, FlexiFilter crea una suficiente capa filtrante que se adapta a todas las formas y tama\u00f1os. No apriete los terrones con fuerza, s\u00f3lo aseg\u00farese de que no queden huecos entre los terrones hasta el fondo del recipiente.<\/p>\n<p>Flexifilter se utiliza muy bien p.ej. como sustituto de los cartuchos originales en los filtros de piscina. Un paquete FlexiFilter de 300 g puede sustituir p.ej. 25 kg (1 bolsa) de arena filtrante.<\/p>\n<p><img loading=\"lazy\" decoding=\"async\" class=\"size-medium wp-image-450 alignnone\" src=\"https:\/\/www.tropiko.eu\/en\/wp-content\/uploads\/flexifilter-50-400-cz-300x300.png\" alt=\"FlexiFilter 50-400\" width=\"300\" height=\"300\" srcset=\"https:\/\/www.tropiko.es\/es\/wp-content\/uploads\/flexifilter-50-400-cz-300x300.png 300w, https:\/\/www.tropiko.es\/es\/wp-content\/uploads\/flexifilter-50-400-cz-100x100.png 100w, https:\/\/www.tropiko.es\/es\/wp-content\/uploads\/flexifilter-50-400-cz-1024x1024.png 1024w, https:\/\/www.tropiko.es\/es\/wp-content\/uploads\/flexifilter-50-400-cz-150x150.png 150w, https:\/\/www.tropiko.es\/es\/wp-content\/uploads\/flexifilter-50-400-cz-768x768.png 768w, https:\/\/www.tropiko.es\/es\/wp-content\/uploads\/flexifilter-50-400-cz.png 1200w\" sizes=\"auto, (max-width: 300px) 100vw, 300px\" \/><\/p>\n<p><strong>FlexiFilter moldeados<\/strong><br \/>\nLos FlexiFiltrer se fabrican por la estratificaci\u00f3n de fibra de pol\u00edmero continua. Los FlexiFilter moldeados ocupan toda la anchura del recipiente filtrante y pueden superponerse seg\u00fan sea necesario.<\/p>\n<p><a href=\"https:\/\/www.tropiko.eu\/en\/wp-content\/uploads\/flexifilter-50-400-02.png\"><img loading=\"lazy\" decoding=\"async\" class=\"alignnone wp-image-448 size-thumbnail\" src=\"https:\/\/www.tropiko.eu\/en\/wp-content\/uploads\/flexifilter-50-400-02-150x150.png\" alt=\"FlexiFilter 50 - 400\" width=\"150\" height=\"150\" srcset=\"https:\/\/www.tropiko.es\/es\/wp-content\/uploads\/flexifilter-50-400-02-150x150.png 150w, https:\/\/www.tropiko.es\/es\/wp-content\/uploads\/flexifilter-50-400-02-300x300.png 300w, https:\/\/www.tropiko.es\/es\/wp-content\/uploads\/flexifilter-50-400-02-100x100.png 100w, https:\/\/www.tropiko.es\/es\/wp-content\/uploads\/flexifilter-50-400-02-1024x1024.png 1024w, https:\/\/www.tropiko.es\/es\/wp-content\/uploads\/flexifilter-50-400-02-768x768.png 768w, https:\/\/www.tropiko.es\/es\/wp-content\/uploads\/flexifilter-50-400-02.png 1200w\" sizes=\"auto, (max-width: 150px) 100vw, 150px\" \/><\/a>\u00a0<a href=\"https:\/\/www.tropiko.eu\/en\/wp-content\/uploads\/flexifilter-140-03.jpg\"><img loading=\"lazy\" decoding=\"async\" class=\"alignnone size-thumbnail wp-image-421\" src=\"https:\/\/www.tropiko.eu\/en\/wp-content\/uploads\/flexifilter-140-03-150x150.jpg\" alt=\"FlexiFilter 140\" width=\"150\" height=\"150\" srcset=\"https:\/\/www.tropiko.es\/es\/wp-content\/uploads\/flexifilter-140-03-150x150.jpg 150w, https:\/\/www.tropiko.es\/es\/wp-content\/uploads\/flexifilter-140-03-300x300.jpg 300w, https:\/\/www.tropiko.es\/es\/wp-content\/uploads\/flexifilter-140-03-100x100.jpg 100w, https:\/\/www.tropiko.es\/es\/wp-content\/uploads\/flexifilter-140-03-1024x1024.jpg 1024w, https:\/\/www.tropiko.es\/es\/wp-content\/uploads\/flexifilter-140-03-768x768.jpg 768w, https:\/\/www.tropiko.es\/es\/wp-content\/uploads\/flexifilter-140-03.jpg 1200w\" sizes=\"auto, (max-width: 150px) 100vw, 150px\" \/><\/a>\u00a0\u00a0<a href=\"https:\/\/www.tropiko.eu\/en\/wp-content\/uploads\/skimmer.png\"><img loading=\"lazy\" decoding=\"async\" class=\"alignnone wp-image-456 size-thumbnail\" src=\"https:\/\/www.tropiko.eu\/en\/wp-content\/uploads\/skimmer-150x150.png\" alt=\"skimmer\" width=\"150\" height=\"150\" srcset=\"https:\/\/www.tropiko.es\/es\/wp-content\/uploads\/skimmer-150x150.png 150w, https:\/\/www.tropiko.es\/es\/wp-content\/uploads\/skimmer-300x300.png 300w, https:\/\/www.tropiko.es\/es\/wp-content\/uploads\/skimmer-100x100.png 100w, https:\/\/www.tropiko.es\/es\/wp-content\/uploads\/skimmer-1024x1024.png 1024w, https:\/\/www.tropiko.es\/es\/wp-content\/uploads\/skimmer-768x768.png 768w, https:\/\/www.tropiko.es\/es\/wp-content\/uploads\/skimmer.png 1200w\" sizes=\"auto, (max-width: 150px) 100vw, 150px\" \/><\/a><\/p>\n<p>&nbsp;<\/p>\n<p>&nbsp;<\/p>\n","protected":false},"excerpt":{"rendered":"<p>Mejore su filtraci\u00f3n FlexiFilter es un filtro innovador de alta eficacia para purificar l\u00edquidos y gases. Utilizando el material FlexiFilter, con la misma capa o volumen filtrante que el material o cartucho filtrante original, se consigue un mejor resultado de filtraci\u00f3n. La presi\u00f3n de trabajo del agua introduce las impurezas en el material FlexiFilter. La [&#8230;]\n","protected":false},"author":1,"featured_media":0,"parent":0,"menu_order":0,"comment_status":"closed","ping_status":"closed","template":"","meta":{"footnotes":""},"class_list":["post-463","page","type-page","status-publish","hentry"],"yoast_head":"<!-- This site is optimized with the Yoast SEO plugin v26.7 - https:\/\/yoast.com\/wordpress\/plugins\/seo\/ -->\n<title>Presentaci\u00f3n de FlexiFilter | TROPIKO Espa\u00f1a<\/title>\n<meta name=\"robots\" content=\"index, follow, max-snippet:-1, max-image-preview:large, max-video-preview:-1\" \/>\n<link rel=\"canonical\" href=\"https:\/\/www.tropiko.es\/es\/introduction-of-flexifilter\/\" \/>\n<meta property=\"og:locale\" content=\"es_ES\" \/>\n<meta property=\"og:type\" content=\"article\" \/>\n<meta property=\"og:title\" content=\"Presentaci\u00f3n de FlexiFilter | TROPIKO Espa\u00f1a\" \/>\n<meta property=\"og:description\" content=\"Mejore su filtraci\u00f3n FlexiFilter es un filtro innovador de alta eficacia para purificar l\u00edquidos y gases. Utilizando el material FlexiFilter, con la misma capa o volumen filtrante que el material o cartucho filtrante original, se consigue un mejor resultado de filtraci\u00f3n. La presi\u00f3n de trabajo del agua introduce las impurezas en el material FlexiFilter. La [...]\" \/>\n<meta property=\"og:url\" content=\"https:\/\/www.tropiko.es\/es\/introduction-of-flexifilter\/\" \/>\n<meta property=\"og:site_name\" content=\"TROPIKO Espa\u00f1a\" \/>\n<meta property=\"article:modified_time\" content=\"2025-01-16T08:53:39+00:00\" \/>\n<meta property=\"og:image\" content=\"https:\/\/www.tropiko.es\/es\/wp-content\/uploads\/flexifilter-50-02.png\" \/>\n\t<meta property=\"og:image:width\" content=\"1200\" \/>\n\t<meta property=\"og:image:height\" content=\"1200\" \/>\n\t<meta property=\"og:image:type\" content=\"image\/png\" \/>\n<meta name=\"twitter:card\" content=\"summary_large_image\" \/>\n<meta name=\"twitter:label1\" content=\"Tiempo de lectura\" \/>\n\t<meta name=\"twitter:data1\" content=\"5 minutos\" \/>\n<script type=\"application\/ld+json\" class=\"yoast-schema-graph\">{\"@context\":\"https:\/\/schema.org\",\"@graph\":[{\"@type\":\"WebPage\",\"@id\":\"https:\/\/www.tropiko.es\/es\/introduction-of-flexifilter\/\",\"url\":\"https:\/\/www.tropiko.es\/es\/introduction-of-flexifilter\/\",\"name\":\"Presentaci\u00f3n de FlexiFilter | TROPIKO Espa\u00f1a\",\"isPartOf\":{\"@id\":\"https:\/\/www.tropiko.es\/es\/#website\"},\"primaryImageOfPage\":{\"@id\":\"https:\/\/www.tropiko.es\/es\/introduction-of-flexifilter\/#primaryimage\"},\"image\":{\"@id\":\"https:\/\/www.tropiko.es\/es\/introduction-of-flexifilter\/#primaryimage\"},\"thumbnailUrl\":\"https:\/\/www.tropiko.es\/es\/wp-content\/uploads\/flexifilter-50-02-300x300.png\",\"datePublished\":\"2022-04-15T11:13:42+00:00\",\"dateModified\":\"2025-01-16T08:53:39+00:00\",\"breadcrumb\":{\"@id\":\"https:\/\/www.tropiko.es\/es\/introduction-of-flexifilter\/#breadcrumb\"},\"inLanguage\":\"es\",\"potentialAction\":[{\"@type\":\"ReadAction\",\"target\":[\"https:\/\/www.tropiko.es\/es\/introduction-of-flexifilter\/\"]}]},{\"@type\":\"ImageObject\",\"inLanguage\":\"es\",\"@id\":\"https:\/\/www.tropiko.es\/es\/introduction-of-flexifilter\/#primaryimage\",\"url\":\"https:\/\/www.tropiko.es\/es\/wp-content\/uploads\/flexifilter-50-02.png\",\"contentUrl\":\"https:\/\/www.tropiko.es\/es\/wp-content\/uploads\/flexifilter-50-02.png\",\"width\":1200,\"height\":1200,\"caption\":\"FlexiFilter 50\"},{\"@type\":\"BreadcrumbList\",\"@id\":\"https:\/\/www.tropiko.es\/es\/introduction-of-flexifilter\/#breadcrumb\",\"itemListElement\":[{\"@type\":\"ListItem\",\"position\":1,\"name\":\"Dom\u016f\",\"item\":\"https:\/\/www.tropiko.es\/es\/\"},{\"@type\":\"ListItem\",\"position\":2,\"name\":\"Presentaci\u00f3n de FlexiFilter\"}]},{\"@type\":\"WebSite\",\"@id\":\"https:\/\/www.tropiko.es\/es\/#website\",\"url\":\"https:\/\/www.tropiko.es\/es\/\",\"name\":\"TROPIKO Espa\u00f1a\",\"description\":\"\",\"publisher\":{\"@id\":\"https:\/\/www.tropiko.es\/es\/#organization\"},\"potentialAction\":[{\"@type\":\"SearchAction\",\"target\":{\"@type\":\"EntryPoint\",\"urlTemplate\":\"https:\/\/www.tropiko.es\/es\/?s={search_term_string}\"},\"query-input\":{\"@type\":\"PropertyValueSpecification\",\"valueRequired\":true,\"valueName\":\"search_term_string\"}}],\"inLanguage\":\"es\"},{\"@type\":\"Organization\",\"@id\":\"https:\/\/www.tropiko.es\/es\/#organization\",\"name\":\"TROPIKO Espa\u00f1a\",\"url\":\"https:\/\/www.tropiko.es\/es\/\",\"logo\":{\"@type\":\"ImageObject\",\"inLanguage\":\"es\",\"@id\":\"https:\/\/www.tropiko.es\/es\/#\/schema\/logo\/image\/\",\"url\":\"https:\/\/www.tropiko.es\/es\/wp-content\/uploads\/cropped-cropped-tropiko-logo2023-04-snapisem.png\",\"contentUrl\":\"https:\/\/www.tropiko.es\/es\/wp-content\/uploads\/cropped-cropped-tropiko-logo2023-04-snapisem.png\",\"width\":512,\"height\":512,\"caption\":\"TROPIKO Espa\u00f1a\"},\"image\":{\"@id\":\"https:\/\/www.tropiko.es\/es\/#\/schema\/logo\/image\/\"}}]}<\/script>\n<!-- \/ Yoast SEO plugin. -->","yoast_head_json":{"title":"Presentaci\u00f3n de FlexiFilter | TROPIKO Espa\u00f1a","robots":{"index":"index","follow":"follow","max-snippet":"max-snippet:-1","max-image-preview":"max-image-preview:large","max-video-preview":"max-video-preview:-1"},"canonical":"https:\/\/www.tropiko.es\/es\/introduction-of-flexifilter\/","og_locale":"es_ES","og_type":"article","og_title":"Presentaci\u00f3n de FlexiFilter | TROPIKO Espa\u00f1a","og_description":"Mejore su filtraci\u00f3n FlexiFilter es un filtro innovador de alta eficacia para purificar l\u00edquidos y gases. Utilizando el material FlexiFilter, con la misma capa o volumen filtrante que el material o cartucho filtrante original, se consigue un mejor resultado de filtraci\u00f3n. La presi\u00f3n de trabajo del agua introduce las impurezas en el material FlexiFilter. La [...]","og_url":"https:\/\/www.tropiko.es\/es\/introduction-of-flexifilter\/","og_site_name":"TROPIKO Espa\u00f1a","article_modified_time":"2025-01-16T08:53:39+00:00","og_image":[{"width":1200,"height":1200,"url":"https:\/\/www.tropiko.es\/es\/wp-content\/uploads\/flexifilter-50-02.png","type":"image\/png"}],"twitter_card":"summary_large_image","twitter_misc":{"Tiempo de lectura":"5 minutos"},"schema":{"@context":"https:\/\/schema.org","@graph":[{"@type":"WebPage","@id":"https:\/\/www.tropiko.es\/es\/introduction-of-flexifilter\/","url":"https:\/\/www.tropiko.es\/es\/introduction-of-flexifilter\/","name":"Presentaci\u00f3n de FlexiFilter | TROPIKO Espa\u00f1a","isPartOf":{"@id":"https:\/\/www.tropiko.es\/es\/#website"},"primaryImageOfPage":{"@id":"https:\/\/www.tropiko.es\/es\/introduction-of-flexifilter\/#primaryimage"},"image":{"@id":"https:\/\/www.tropiko.es\/es\/introduction-of-flexifilter\/#primaryimage"},"thumbnailUrl":"https:\/\/www.tropiko.es\/es\/wp-content\/uploads\/flexifilter-50-02-300x300.png","datePublished":"2022-04-15T11:13:42+00:00","dateModified":"2025-01-16T08:53:39+00:00","breadcrumb":{"@id":"https:\/\/www.tropiko.es\/es\/introduction-of-flexifilter\/#breadcrumb"},"inLanguage":"es","potentialAction":[{"@type":"ReadAction","target":["https:\/\/www.tropiko.es\/es\/introduction-of-flexifilter\/"]}]},{"@type":"ImageObject","inLanguage":"es","@id":"https:\/\/www.tropiko.es\/es\/introduction-of-flexifilter\/#primaryimage","url":"https:\/\/www.tropiko.es\/es\/wp-content\/uploads\/flexifilter-50-02.png","contentUrl":"https:\/\/www.tropiko.es\/es\/wp-content\/uploads\/flexifilter-50-02.png","width":1200,"height":1200,"caption":"FlexiFilter 50"},{"@type":"BreadcrumbList","@id":"https:\/\/www.tropiko.es\/es\/introduction-of-flexifilter\/#breadcrumb","itemListElement":[{"@type":"ListItem","position":1,"name":"Dom\u016f","item":"https:\/\/www.tropiko.es\/es\/"},{"@type":"ListItem","position":2,"name":"Presentaci\u00f3n de FlexiFilter"}]},{"@type":"WebSite","@id":"https:\/\/www.tropiko.es\/es\/#website","url":"https:\/\/www.tropiko.es\/es\/","name":"TROPIKO Espa\u00f1a","description":"","publisher":{"@id":"https:\/\/www.tropiko.es\/es\/#organization"},"potentialAction":[{"@type":"SearchAction","target":{"@type":"EntryPoint","urlTemplate":"https:\/\/www.tropiko.es\/es\/?s={search_term_string}"},"query-input":{"@type":"PropertyValueSpecification","valueRequired":true,"valueName":"search_term_string"}}],"inLanguage":"es"},{"@type":"Organization","@id":"https:\/\/www.tropiko.es\/es\/#organization","name":"TROPIKO Espa\u00f1a","url":"https:\/\/www.tropiko.es\/es\/","logo":{"@type":"ImageObject","inLanguage":"es","@id":"https:\/\/www.tropiko.es\/es\/#\/schema\/logo\/image\/","url":"https:\/\/www.tropiko.es\/es\/wp-content\/uploads\/cropped-cropped-tropiko-logo2023-04-snapisem.png","contentUrl":"https:\/\/www.tropiko.es\/es\/wp-content\/uploads\/cropped-cropped-tropiko-logo2023-04-snapisem.png","width":512,"height":512,"caption":"TROPIKO Espa\u00f1a"},"image":{"@id":"https:\/\/www.tropiko.es\/es\/#\/schema\/logo\/image\/"}}]}},"_links":{"self":[{"href":"https:\/\/www.tropiko.es\/es\/wp-json\/wp\/v2\/pages\/463","targetHints":{"allow":["GET"]}}],"collection":[{"href":"https:\/\/www.tropiko.es\/es\/wp-json\/wp\/v2\/pages"}],"about":[{"href":"https:\/\/www.tropiko.es\/es\/wp-json\/wp\/v2\/types\/page"}],"author":[{"embeddable":true,"href":"https:\/\/www.tropiko.es\/es\/wp-json\/wp\/v2\/users\/1"}],"replies":[{"embeddable":true,"href":"https:\/\/www.tropiko.es\/es\/wp-json\/wp\/v2\/comments?post=463"}],"version-history":[{"count":4,"href":"https:\/\/www.tropiko.es\/es\/wp-json\/wp\/v2\/pages\/463\/revisions"}],"predecessor-version":[{"id":648,"href":"https:\/\/www.tropiko.es\/es\/wp-json\/wp\/v2\/pages\/463\/revisions\/648"}],"wp:attachment":[{"href":"https:\/\/www.tropiko.es\/es\/wp-json\/wp\/v2\/media?parent=463"}],"curies":[{"name":"wp","href":"https:\/\/api.w.org\/{rel}","templated":true}]}}