{"id":466,"date":"2022-04-15T11:20:24","date_gmt":"2022-04-15T11:20:24","guid":{"rendered":"https:\/\/www.tropiko.eu\/en\/?page_id=466"},"modified":"2025-01-16T09:50:54","modified_gmt":"2025-01-16T09:50:54","slug":"flexifilter-in-questions-and-answers","status":"publish","type":"page","link":"https:\/\/www.tropiko.es\/es\/flexifilter-in-questions-and-answers\/","title":{"rendered":"FlexiFilter en preguntas y respuestas"},"content":{"rendered":"<p><strong><img loading=\"lazy\" decoding=\"async\" class=\"alignright wp-image-452 size-medium\" src=\"https:\/\/www.tropiko.eu\/en\/wp-content\/uploads\/flexifilter-50-cz-02-300x300.png\" alt=\"FlexiFilter 50\" width=\"300\" height=\"300\" srcset=\"https:\/\/www.tropiko.es\/es\/wp-content\/uploads\/flexifilter-50-cz-02-300x300.png 300w, https:\/\/www.tropiko.es\/es\/wp-content\/uploads\/flexifilter-50-cz-02-100x100.png 100w, https:\/\/www.tropiko.es\/es\/wp-content\/uploads\/flexifilter-50-cz-02-1024x1024.png 1024w, https:\/\/www.tropiko.es\/es\/wp-content\/uploads\/flexifilter-50-cz-02-150x150.png 150w, https:\/\/www.tropiko.es\/es\/wp-content\/uploads\/flexifilter-50-cz-02-768x768.png 768w, https:\/\/www.tropiko.es\/es\/wp-content\/uploads\/flexifilter-50-cz-02.png 1200w\" sizes=\"auto, (max-width: 300px) 100vw, 300px\" \/><\/strong><\/p>\n<p><strong>Qu\u00e9 tipo y tama\u00f1o de FlexiFilter debo elegir para mi piscina?<\/strong><br \/>\nEl agua filtrada debe atravesar la capa de FlexiFilter en el recipiente filtrante. Llene los grandes recipientes filtrantes con cubos FlexiFilter 50 hasta una capa de al menos 10 cm o la mitad del volumen del recipiente. Para evitar que el agua fluya entre el material FlexiFilter, selle los cubos con un anillo FlexiFilter 400 o FlexiFilter 300 en toda la superficie del recipiente. Si utiliza recipientes filtrantes m\u00e1s peque\u00f1os, puede ser suficiente con al menos dos capas de FlexiFilter 240 (FlexiFilter 180 o m\u00e1s peque\u00f1o seg\u00fan el di\u00e1metro de su recipiente). Elija un filtro circular igual o mayor que el di\u00e1metro interior de su recipiente. Los cubos debajo de esta capa ayudan a absorber m\u00e1s suciedad, de modo que no es necesario limpiar o cambiar con frecuencia la capa filtrante.<\/p>\n<p><strong>Pongo una bolsa de arena en la filtraci\u00f3n. Cu\u00e1nto material FlexiFilter necesito?<br \/>\n<\/strong>Un paquete de FlexiFilter 50 (300 g) sustituye totalmente a una bolsa de arena (20-25 kg).<\/p>\n<p><strong>Se puede limpiar el FlexiFilter por retrolavado?<\/strong><br \/>\nS\u00ed, pero el FlexiFilter es m\u00e1s propenso a retener la suciedad atrapada y el retrolavado no es tan eficaz como con la arena. El lavado a contracorriente puede hacerse con menos frecuencia que con la arena.<\/p>\n<p><strong>Puedo utilizar el FlexiFilter para limpiar el agua al desinvernar la piscina?<br \/>\n<\/strong>Al preparar la piscina para la estaci\u00f3n, trate qu\u00edmicamente el agua, utilizando un choque de cloro y luego un floculante. Haga sedimentar los residuos apilados durante el invierno y qu\u00edtele fuera la filtraci\u00f3n, pasando la aspiradora. La eliminaci\u00f3n de los residuos del fondo de la piscina obstruir\u00eda desproporcionadamente el FlexiFilter, que est\u00e1 construido para capturar peque\u00f1os residuos y \u00abmantener\u00bb la calidad del agua.<br \/>\nPara un mayor volumen de residuos (por ejemplo, infestaciones nocturnas de insectos), puede recomendarse un prefiltro en el recipiente del skimmer (donde se conecta la aspiradora). El material filtrante es f\u00e1cilmente accesible y basta con limpiarlo y purgarlo con m\u00e1s frecuencia.<\/p>\n<p><strong>Cu\u00e1nto debo llenar el recipiente filtrante con cubos FlexiFilter?<br \/>\n<\/strong>El recipiente debe llenarse con FlexiFilter de forma que la capa filtrante tenga al menos 10 cm de grosor. Apriete los cubos de tal manera que no queden huecos entre ellos para permitir que el agua fluya libremente fuera de la capa filtrante y hacia el fondo del recipiente filtrante.<br \/>\nPara sellar la capa de cubos FlexiFilter 50, recomendamos insertar una pieza del anillo filtrante FlexiFilter 400 (o seg\u00fan el tama\u00f1o de su recipiente) en el recipiente.<\/p>\n<p><img loading=\"lazy\" decoding=\"async\" class=\"alignnone wp-image-450 size-medium\" src=\"https:\/\/www.tropiko.es\/es\/wp-content\/uploads\/flexifilter-50-400-cz-300x300.png\" alt=\"FlexiFilter 50-400\" width=\"300\" height=\"300\" srcset=\"https:\/\/www.tropiko.es\/es\/wp-content\/uploads\/flexifilter-50-400-cz-300x300.png 300w, https:\/\/www.tropiko.es\/es\/wp-content\/uploads\/flexifilter-50-400-cz-100x100.png 100w, https:\/\/www.tropiko.es\/es\/wp-content\/uploads\/flexifilter-50-400-cz-1024x1024.png 1024w, https:\/\/www.tropiko.es\/es\/wp-content\/uploads\/flexifilter-50-400-cz-150x150.png 150w, https:\/\/www.tropiko.es\/es\/wp-content\/uploads\/flexifilter-50-400-cz-768x768.png 768w, https:\/\/www.tropiko.es\/es\/wp-content\/uploads\/flexifilter-50-400-cz.png 1200w\" sizes=\"auto, (max-width: 300px) 100vw, 300px\" \/><\/p>\n<p><strong>Cu\u00e1l es la vida \u00fatil del FlexiFilter?<br \/>\n<\/strong>Debido a la gran acumulaci\u00f3n de suciedad, recomendamos sustituirlo cada a\u00f1o por razones higi\u00e9nicas.<br \/>\nDespu\u00e9s de que el material se haya saturado, los usuarios enjuagan el FlexiFilter con un chorro de agua a trav\u00e9s de una manguera, sistema WAP, enjuagando con agentes qu\u00edmicos de limpieza y desinfecci\u00f3n. Tambi\u00e9n puede utilizar 1-2 ciclos de lavado en su lavadora dom\u00e9stica (sin detergente) y utilizar el material la temporada siguiente.<\/p>\n<p><strong>Flotadores en el FlexiFilter?<\/strong><br \/>\nFlexiFilter no flota porque la densidad de las fibras de pl\u00e1stico es mayor que la del agua. Debido a la baja ca\u00edda de presi\u00f3n, el material tampoco se comprime y la alta capacidad de absorci\u00f3n del FlexiFilter est\u00e1 garantizada durante toda su vida \u00fatil. Para sellar la capa del cubo FlexiFilter 50, recomendamos insertar una pieza del anillo filtrante FlexiFilter 400 (o seg\u00fan el tama\u00f1o de su recipiente) en el recipiente.<br \/>\nSi el material flota, se llena de residuos y se oxigena de procesos biol\u00f3gicos no deseados.<\/p>\n<p><strong>Cu\u00e1l es la ca\u00edda de presi\u00f3n al utilizar el FlexiFilter?<br \/>\n<\/strong>La ca\u00edda de presi\u00f3n durante la filtraci\u00f3n es 10 veces menor de lo habitual, s\u00f3lo unos insignificantes 20 mbar.<\/p>\n<p><strong>Se pueden realizar medidas as\u00e9pticas con el FlexiFilter?<br \/>\n<\/strong>El FlexiFilter puede calentarse a 75\u00b0C. (Esto se aplica a las bacterias que no pueden sobrevivir a 75\u00b0C, como la legionela a 60\u00b0C).<\/p>\n<p><strong>C\u00f3mo se desecha el FlexiFilter?<br \/>\n<\/strong>La eliminaci\u00f3n del FlexiFilter es la misma que la de los residuos dom\u00e9sticos.<br \/>\nEl material est\u00e1 fabricado con un 75% de pl\u00e1stico reciclado.<\/p>\n<p><strong>Es estable el FlexiFilter?<br \/>\n<\/strong>S\u00ed. En comparaci\u00f3n con otros materiales, FlexiFilter es dimensionalmente estable y no desprende fibras individuales que podr\u00edan da\u00f1ar, por ejemplo, la bomba.<\/p>\n<p><img loading=\"lazy\" decoding=\"async\" class=\"alignnone size-medium wp-image-444\" src=\"https:\/\/www.tropiko.es\/es\/wp-content\/uploads\/flexifilter-50-02-300x300.png\" alt=\"FlexiFilter 50\" width=\"300\" height=\"300\" srcset=\"https:\/\/www.tropiko.es\/es\/wp-content\/uploads\/flexifilter-50-02-300x300.png 300w, https:\/\/www.tropiko.es\/es\/wp-content\/uploads\/flexifilter-50-02-100x100.png 100w, https:\/\/www.tropiko.es\/es\/wp-content\/uploads\/flexifilter-50-02-1024x1024.png 1024w, https:\/\/www.tropiko.es\/es\/wp-content\/uploads\/flexifilter-50-02-150x150.png 150w, https:\/\/www.tropiko.es\/es\/wp-content\/uploads\/flexifilter-50-02-768x768.png 768w, https:\/\/www.tropiko.es\/es\/wp-content\/uploads\/flexifilter-50-02.png 1200w\" sizes=\"auto, (max-width: 300px) 100vw, 300px\" \/><\/p>\n<p><strong>Puedo utilizar floculantes\/floculantes con el FlexiFilter?<br \/>\n<\/strong>S\u00ed, FlexiFilter puede utilizarse con floculantes para precipitar la suciedad. Incluso sin floculante, la capacidad de filtraci\u00f3n del FlexiFilter es significativamente mayor que cuando se utiliza arena filtrante.<\/p>\n<p><strong>Para qu\u00e9 tama\u00f1o de piscina es adecuado el FlexiFilter?<br \/>\n<\/strong>El FlexiFilter puede utilizarse desde la filtraci\u00f3n m\u00e1s peque\u00f1a hasta contenedores de filtraci\u00f3n para cargas de arena de varios cientos de kilogramos.<\/p>\n<p><strong>Es adecuado el FlexiFilter para la filtraci\u00f3n de algas?<\/strong><br \/>\nEl FlexiFilter tambi\u00e9n es adecuado para la filtraci\u00f3n de algas. Sin embargo, es posible que no se produzca una eliminaci\u00f3n completa de las algas debido a su tama\u00f1o (inferior a 0,003 mm). No obstante, es necesario utilizar productos qu\u00edmicos, una l\u00e1mpara UV, etc. para eliminar (detener el crecimiento de) las algas propiamente dichas.<\/p>\n<p>&nbsp;<\/p>\n<p>&nbsp;<\/p>\n<p>&nbsp;<\/p>\n","protected":false},"excerpt":{"rendered":"<p>Qu\u00e9 tipo y tama\u00f1o de FlexiFilter debo elegir para mi piscina? El agua filtrada debe atravesar la capa de FlexiFilter en el recipiente filtrante. Llene los grandes recipientes filtrantes con cubos FlexiFilter 50 hasta una capa de al menos 10 cm o la mitad del volumen del recipiente. Para evitar que el agua fluya entre [&#8230;]\n","protected":false},"author":1,"featured_media":0,"parent":0,"menu_order":0,"comment_status":"closed","ping_status":"closed","template":"","meta":{"footnotes":""},"class_list":["post-466","page","type-page","status-publish","hentry"],"yoast_head":"<!-- This site is optimized with the Yoast SEO plugin v26.7 - https:\/\/yoast.com\/wordpress\/plugins\/seo\/ -->\n<title>FlexiFilter en preguntas y respuestas | TROPIKO Espa\u00f1a<\/title>\n<meta name=\"robots\" content=\"index, follow, max-snippet:-1, max-image-preview:large, max-video-preview:-1\" \/>\n<link rel=\"canonical\" href=\"https:\/\/www.tropiko.es\/es\/flexifilter-in-questions-and-answers\/\" \/>\n<meta property=\"og:locale\" content=\"es_ES\" \/>\n<meta property=\"og:type\" content=\"article\" \/>\n<meta property=\"og:title\" content=\"FlexiFilter en preguntas y respuestas | TROPIKO Espa\u00f1a\" \/>\n<meta property=\"og:description\" content=\"Qu\u00e9 tipo y tama\u00f1o de FlexiFilter debo elegir para mi piscina? El agua filtrada debe atravesar la capa de FlexiFilter en el recipiente filtrante. Llene los grandes recipientes filtrantes con cubos FlexiFilter 50 hasta una capa de al menos 10 cm o la mitad del volumen del recipiente. Para evitar que el agua fluya entre [...]\" \/>\n<meta property=\"og:url\" content=\"https:\/\/www.tropiko.es\/es\/flexifilter-in-questions-and-answers\/\" \/>\n<meta property=\"og:site_name\" content=\"TROPIKO Espa\u00f1a\" \/>\n<meta property=\"article:modified_time\" content=\"2025-01-16T09:50:54+00:00\" \/>\n<meta property=\"og:image\" content=\"https:\/\/www.tropiko.es\/es\/wp-content\/uploads\/flexifilter-50-cz-02.png\" \/>\n\t<meta property=\"og:image:width\" content=\"1200\" \/>\n\t<meta property=\"og:image:height\" content=\"1200\" \/>\n\t<meta property=\"og:image:type\" content=\"image\/png\" \/>\n<meta name=\"twitter:card\" content=\"summary_large_image\" \/>\n<meta name=\"twitter:label1\" content=\"Tiempo de lectura\" \/>\n\t<meta name=\"twitter:data1\" content=\"5 minutos\" \/>\n<script type=\"application\/ld+json\" class=\"yoast-schema-graph\">{\"@context\":\"https:\/\/schema.org\",\"@graph\":[{\"@type\":\"WebPage\",\"@id\":\"https:\/\/www.tropiko.es\/es\/flexifilter-in-questions-and-answers\/\",\"url\":\"https:\/\/www.tropiko.es\/es\/flexifilter-in-questions-and-answers\/\",\"name\":\"FlexiFilter en preguntas y respuestas | TROPIKO Espa\u00f1a\",\"isPartOf\":{\"@id\":\"https:\/\/www.tropiko.es\/es\/#website\"},\"primaryImageOfPage\":{\"@id\":\"https:\/\/www.tropiko.es\/es\/flexifilter-in-questions-and-answers\/#primaryimage\"},\"image\":{\"@id\":\"https:\/\/www.tropiko.es\/es\/flexifilter-in-questions-and-answers\/#primaryimage\"},\"thumbnailUrl\":\"https:\/\/www.tropiko.eu\/en\/wp-content\/uploads\/flexifilter-50-cz-02-300x300.png\",\"datePublished\":\"2022-04-15T11:20:24+00:00\",\"dateModified\":\"2025-01-16T09:50:54+00:00\",\"breadcrumb\":{\"@id\":\"https:\/\/www.tropiko.es\/es\/flexifilter-in-questions-and-answers\/#breadcrumb\"},\"inLanguage\":\"es\",\"potentialAction\":[{\"@type\":\"ReadAction\",\"target\":[\"https:\/\/www.tropiko.es\/es\/flexifilter-in-questions-and-answers\/\"]}]},{\"@type\":\"ImageObject\",\"inLanguage\":\"es\",\"@id\":\"https:\/\/www.tropiko.es\/es\/flexifilter-in-questions-and-answers\/#primaryimage\",\"url\":\"https:\/\/www.tropiko.eu\/en\/wp-content\/uploads\/flexifilter-50-cz-02-300x300.png\",\"contentUrl\":\"https:\/\/www.tropiko.eu\/en\/wp-content\/uploads\/flexifilter-50-cz-02-300x300.png\"},{\"@type\":\"BreadcrumbList\",\"@id\":\"https:\/\/www.tropiko.es\/es\/flexifilter-in-questions-and-answers\/#breadcrumb\",\"itemListElement\":[{\"@type\":\"ListItem\",\"position\":1,\"name\":\"Dom\u016f\",\"item\":\"https:\/\/www.tropiko.es\/es\/\"},{\"@type\":\"ListItem\",\"position\":2,\"name\":\"FlexiFilter en preguntas y respuestas\"}]},{\"@type\":\"WebSite\",\"@id\":\"https:\/\/www.tropiko.es\/es\/#website\",\"url\":\"https:\/\/www.tropiko.es\/es\/\",\"name\":\"TROPIKO Espa\u00f1a\",\"description\":\"\",\"publisher\":{\"@id\":\"https:\/\/www.tropiko.es\/es\/#organization\"},\"potentialAction\":[{\"@type\":\"SearchAction\",\"target\":{\"@type\":\"EntryPoint\",\"urlTemplate\":\"https:\/\/www.tropiko.es\/es\/?s={search_term_string}\"},\"query-input\":{\"@type\":\"PropertyValueSpecification\",\"valueRequired\":true,\"valueName\":\"search_term_string\"}}],\"inLanguage\":\"es\"},{\"@type\":\"Organization\",\"@id\":\"https:\/\/www.tropiko.es\/es\/#organization\",\"name\":\"TROPIKO Espa\u00f1a\",\"url\":\"https:\/\/www.tropiko.es\/es\/\",\"logo\":{\"@type\":\"ImageObject\",\"inLanguage\":\"es\",\"@id\":\"https:\/\/www.tropiko.es\/es\/#\/schema\/logo\/image\/\",\"url\":\"https:\/\/www.tropiko.es\/es\/wp-content\/uploads\/cropped-cropped-tropiko-logo2023-04-snapisem.png\",\"contentUrl\":\"https:\/\/www.tropiko.es\/es\/wp-content\/uploads\/cropped-cropped-tropiko-logo2023-04-snapisem.png\",\"width\":512,\"height\":512,\"caption\":\"TROPIKO Espa\u00f1a\"},\"image\":{\"@id\":\"https:\/\/www.tropiko.es\/es\/#\/schema\/logo\/image\/\"}}]}<\/script>\n<!-- \/ Yoast SEO plugin. -->","yoast_head_json":{"title":"FlexiFilter en preguntas y respuestas | TROPIKO Espa\u00f1a","robots":{"index":"index","follow":"follow","max-snippet":"max-snippet:-1","max-image-preview":"max-image-preview:large","max-video-preview":"max-video-preview:-1"},"canonical":"https:\/\/www.tropiko.es\/es\/flexifilter-in-questions-and-answers\/","og_locale":"es_ES","og_type":"article","og_title":"FlexiFilter en preguntas y respuestas | TROPIKO Espa\u00f1a","og_description":"Qu\u00e9 tipo y tama\u00f1o de FlexiFilter debo elegir para mi piscina? El agua filtrada debe atravesar la capa de FlexiFilter en el recipiente filtrante. Llene los grandes recipientes filtrantes con cubos FlexiFilter 50 hasta una capa de al menos 10 cm o la mitad del volumen del recipiente. Para evitar que el agua fluya entre [...]","og_url":"https:\/\/www.tropiko.es\/es\/flexifilter-in-questions-and-answers\/","og_site_name":"TROPIKO Espa\u00f1a","article_modified_time":"2025-01-16T09:50:54+00:00","og_image":[{"width":1200,"height":1200,"url":"https:\/\/www.tropiko.es\/es\/wp-content\/uploads\/flexifilter-50-cz-02.png","type":"image\/png"}],"twitter_card":"summary_large_image","twitter_misc":{"Tiempo de lectura":"5 minutos"},"schema":{"@context":"https:\/\/schema.org","@graph":[{"@type":"WebPage","@id":"https:\/\/www.tropiko.es\/es\/flexifilter-in-questions-and-answers\/","url":"https:\/\/www.tropiko.es\/es\/flexifilter-in-questions-and-answers\/","name":"FlexiFilter en preguntas y respuestas | TROPIKO Espa\u00f1a","isPartOf":{"@id":"https:\/\/www.tropiko.es\/es\/#website"},"primaryImageOfPage":{"@id":"https:\/\/www.tropiko.es\/es\/flexifilter-in-questions-and-answers\/#primaryimage"},"image":{"@id":"https:\/\/www.tropiko.es\/es\/flexifilter-in-questions-and-answers\/#primaryimage"},"thumbnailUrl":"https:\/\/www.tropiko.eu\/en\/wp-content\/uploads\/flexifilter-50-cz-02-300x300.png","datePublished":"2022-04-15T11:20:24+00:00","dateModified":"2025-01-16T09:50:54+00:00","breadcrumb":{"@id":"https:\/\/www.tropiko.es\/es\/flexifilter-in-questions-and-answers\/#breadcrumb"},"inLanguage":"es","potentialAction":[{"@type":"ReadAction","target":["https:\/\/www.tropiko.es\/es\/flexifilter-in-questions-and-answers\/"]}]},{"@type":"ImageObject","inLanguage":"es","@id":"https:\/\/www.tropiko.es\/es\/flexifilter-in-questions-and-answers\/#primaryimage","url":"https:\/\/www.tropiko.eu\/en\/wp-content\/uploads\/flexifilter-50-cz-02-300x300.png","contentUrl":"https:\/\/www.tropiko.eu\/en\/wp-content\/uploads\/flexifilter-50-cz-02-300x300.png"},{"@type":"BreadcrumbList","@id":"https:\/\/www.tropiko.es\/es\/flexifilter-in-questions-and-answers\/#breadcrumb","itemListElement":[{"@type":"ListItem","position":1,"name":"Dom\u016f","item":"https:\/\/www.tropiko.es\/es\/"},{"@type":"ListItem","position":2,"name":"FlexiFilter en preguntas y respuestas"}]},{"@type":"WebSite","@id":"https:\/\/www.tropiko.es\/es\/#website","url":"https:\/\/www.tropiko.es\/es\/","name":"TROPIKO Espa\u00f1a","description":"","publisher":{"@id":"https:\/\/www.tropiko.es\/es\/#organization"},"potentialAction":[{"@type":"SearchAction","target":{"@type":"EntryPoint","urlTemplate":"https:\/\/www.tropiko.es\/es\/?s={search_term_string}"},"query-input":{"@type":"PropertyValueSpecification","valueRequired":true,"valueName":"search_term_string"}}],"inLanguage":"es"},{"@type":"Organization","@id":"https:\/\/www.tropiko.es\/es\/#organization","name":"TROPIKO Espa\u00f1a","url":"https:\/\/www.tropiko.es\/es\/","logo":{"@type":"ImageObject","inLanguage":"es","@id":"https:\/\/www.tropiko.es\/es\/#\/schema\/logo\/image\/","url":"https:\/\/www.tropiko.es\/es\/wp-content\/uploads\/cropped-cropped-tropiko-logo2023-04-snapisem.png","contentUrl":"https:\/\/www.tropiko.es\/es\/wp-content\/uploads\/cropped-cropped-tropiko-logo2023-04-snapisem.png","width":512,"height":512,"caption":"TROPIKO Espa\u00f1a"},"image":{"@id":"https:\/\/www.tropiko.es\/es\/#\/schema\/logo\/image\/"}}]}},"_links":{"self":[{"href":"https:\/\/www.tropiko.es\/es\/wp-json\/wp\/v2\/pages\/466","targetHints":{"allow":["GET"]}}],"collection":[{"href":"https:\/\/www.tropiko.es\/es\/wp-json\/wp\/v2\/pages"}],"about":[{"href":"https:\/\/www.tropiko.es\/es\/wp-json\/wp\/v2\/types\/page"}],"author":[{"embeddable":true,"href":"https:\/\/www.tropiko.es\/es\/wp-json\/wp\/v2\/users\/1"}],"replies":[{"embeddable":true,"href":"https:\/\/www.tropiko.es\/es\/wp-json\/wp\/v2\/comments?post=466"}],"version-history":[{"count":3,"href":"https:\/\/www.tropiko.es\/es\/wp-json\/wp\/v2\/pages\/466\/revisions"}],"predecessor-version":[{"id":652,"href":"https:\/\/www.tropiko.es\/es\/wp-json\/wp\/v2\/pages\/466\/revisions\/652"}],"wp:attachment":[{"href":"https:\/\/www.tropiko.es\/es\/wp-json\/wp\/v2\/media?parent=466"}],"curies":[{"name":"wp","href":"https:\/\/api.w.org\/{rel}","templated":true}]}}