{"id":476,"date":"2022-04-15T12:03:51","date_gmt":"2022-04-15T12:03:51","guid":{"rendered":"https:\/\/www.tropiko.eu\/en\/?page_id=476"},"modified":"2025-01-16T09:16:41","modified_gmt":"2025-01-16T09:16:41","slug":"cartridge-filtration-replacement","status":"publish","type":"page","link":"https:\/\/www.tropiko.es\/es\/cartridge-filtration-replacement\/","title":{"rendered":"Sustituci\u00f3n de cartuchos filtrantes"},"content":{"rendered":"<p><strong>El material filtrante FlexiFilter es adecuado como sustituto de los rellenos convencionales en los filtros de cartucho. El recipiente filtrante en el que se inserta el cartucho filtrante puede llenarse por completo con el material FlexiFilter. La \u00fanica cosa que puede quitar el espacio son las entradas y salidas de agua.<\/strong><\/p>\n<p>Dependiendo del tama\u00f1o, es necesario superponer varios filtros circulares en el recipiente filtrante. Elija un di\u00e1metro de FlexiFilter igual o ligeramente superior al di\u00e1metro interior del recipiente filtrante donde estaba insertado el cartucho.<\/p>\n<p style=\"padding-left: 40px;\"><img loading=\"lazy\" decoding=\"async\" class=\"alignnone size-thumbnail wp-image-420\" src=\"https:\/\/www.tropiko.es\/es\/wp-content\/uploads\/flexifilter-120-cz-02-150x150.jpg\" alt=\"FlexiFilter 120\" width=\"150\" height=\"150\" srcset=\"https:\/\/www.tropiko.es\/es\/wp-content\/uploads\/flexifilter-120-cz-02-150x150.jpg 150w, https:\/\/www.tropiko.es\/es\/wp-content\/uploads\/flexifilter-120-cz-02-300x300.jpg 300w, https:\/\/www.tropiko.es\/es\/wp-content\/uploads\/flexifilter-120-cz-02-100x100.jpg 100w, https:\/\/www.tropiko.es\/es\/wp-content\/uploads\/flexifilter-120-cz-02-1024x1024.jpg 1024w, https:\/\/www.tropiko.es\/es\/wp-content\/uploads\/flexifilter-120-cz-02-768x768.jpg 768w, https:\/\/www.tropiko.es\/es\/wp-content\/uploads\/flexifilter-120-cz-02.jpg 1200w\" sizes=\"auto, (max-width: 150px) 100vw, 150px\" \/><br \/>\n<strong>FlexiFilter 120 en la e-shop<\/strong><br \/>\nFiltro circular, di\u00e1metro de 12 cm (4 unidades en el paquete)<\/p>\n<p style=\"padding-left: 40px;\"><img loading=\"lazy\" decoding=\"async\" class=\"alignnone size-thumbnail wp-image-427\" src=\"https:\/\/www.tropiko.es\/es\/wp-content\/uploads\/flexiFilter-140-DE-02-150x150.jpg\" alt=\"FlexiFilter 140\" width=\"150\" height=\"150\" srcset=\"https:\/\/www.tropiko.es\/es\/wp-content\/uploads\/flexiFilter-140-DE-02-150x150.jpg 150w, https:\/\/www.tropiko.es\/es\/wp-content\/uploads\/flexiFilter-140-DE-02-300x300.jpg 300w, https:\/\/www.tropiko.es\/es\/wp-content\/uploads\/flexiFilter-140-DE-02-100x100.jpg 100w, https:\/\/www.tropiko.es\/es\/wp-content\/uploads\/flexiFilter-140-DE-02-1024x1024.jpg 1024w, https:\/\/www.tropiko.es\/es\/wp-content\/uploads\/flexiFilter-140-DE-02-768x768.jpg 768w, https:\/\/www.tropiko.es\/es\/wp-content\/uploads\/flexiFilter-140-DE-02.jpg 1200w\" sizes=\"auto, (max-width: 150px) 100vw, 150px\" \/><br \/>\n<strong>FlexiFilter 140 en la e-shop<\/strong><br \/>\nFiltro circular, di\u00e1metro de 14 cm (4 unidades en el paquete)<\/p>\n<p style=\"padding-left: 40px;\"><img loading=\"lazy\" decoding=\"async\" class=\"alignnone size-thumbnail wp-image-430\" src=\"https:\/\/www.tropiko.es\/es\/wp-content\/uploads\/flexifilter-190-cz-02-150x150.jpg\" alt=\"FlexiFilter 190\" width=\"150\" height=\"150\" srcset=\"https:\/\/www.tropiko.es\/es\/wp-content\/uploads\/flexifilter-190-cz-02-150x150.jpg 150w, https:\/\/www.tropiko.es\/es\/wp-content\/uploads\/flexifilter-190-cz-02-300x300.jpg 300w, https:\/\/www.tropiko.es\/es\/wp-content\/uploads\/flexifilter-190-cz-02-100x100.jpg 100w, https:\/\/www.tropiko.es\/es\/wp-content\/uploads\/flexifilter-190-cz-02-1024x1024.jpg 1024w, https:\/\/www.tropiko.es\/es\/wp-content\/uploads\/flexifilter-190-cz-02-768x768.jpg 768w, https:\/\/www.tropiko.es\/es\/wp-content\/uploads\/flexifilter-190-cz-02.jpg 1200w\" sizes=\"auto, (max-width: 150px) 100vw, 150px\" \/><br \/>\n<strong>FlexiFilter 190 en la e-shop<\/strong><br \/>\nFiltro circular, di\u00e1metro de 19 cm (2 unidades en el paquete)<\/p>\n<p style=\"padding-left: 40px;\"><img loading=\"lazy\" decoding=\"async\" class=\"alignnone size-thumbnail wp-image-433\" src=\"https:\/\/www.tropiko.es\/es\/wp-content\/uploads\/flexifilter-250-02-150x150.jpg\" alt=\"FlexiFilter 250\" width=\"150\" height=\"150\" srcset=\"https:\/\/www.tropiko.es\/es\/wp-content\/uploads\/flexifilter-250-02-150x150.jpg 150w, https:\/\/www.tropiko.es\/es\/wp-content\/uploads\/flexifilter-250-02-300x300.jpg 300w, https:\/\/www.tropiko.es\/es\/wp-content\/uploads\/flexifilter-250-02-100x100.jpg 100w, https:\/\/www.tropiko.es\/es\/wp-content\/uploads\/flexifilter-250-02-1024x1024.jpg 1024w, https:\/\/www.tropiko.es\/es\/wp-content\/uploads\/flexifilter-250-02-768x768.jpg 768w, https:\/\/www.tropiko.es\/es\/wp-content\/uploads\/flexifilter-250-02.jpg 1200w\" sizes=\"auto, (max-width: 150px) 100vw, 150px\" \/><br \/>\n<strong>FlexiFilter 250 en la e-shop<\/strong><br \/>\nFiltro circular, di\u00e1metro de 19 cm (2 unidades en el paquete)<\/p>\n<p style=\"padding-left: 40px;\">&#8230; otras dimensiones a petici\u00f3n<\/p>\n<p><strong>\u00a0<img loading=\"lazy\" decoding=\"async\" class=\"alignnone size-thumbnail wp-image-456\" src=\"https:\/\/www.tropiko.es\/es\/wp-content\/uploads\/skimmer-150x150.png\" alt=\"skimmer\" width=\"150\" height=\"150\" srcset=\"https:\/\/www.tropiko.es\/es\/wp-content\/uploads\/skimmer-150x150.png 150w, https:\/\/www.tropiko.es\/es\/wp-content\/uploads\/skimmer-300x300.png 300w, https:\/\/www.tropiko.es\/es\/wp-content\/uploads\/skimmer-100x100.png 100w, https:\/\/www.tropiko.es\/es\/wp-content\/uploads\/skimmer-1024x1024.png 1024w, https:\/\/www.tropiko.es\/es\/wp-content\/uploads\/skimmer-768x768.png 768w, https:\/\/www.tropiko.es\/es\/wp-content\/uploads\/skimmer.png 1200w\" sizes=\"auto, (max-width: 150px) 100vw, 150px\" \/> <\/strong><strong><img loading=\"lazy\" decoding=\"async\" class=\"alignnone size-thumbnail wp-image-457\" src=\"https:\/\/www.tropiko.es\/es\/wp-content\/uploads\/skimmer-predfiltr-150x150.png\" alt=\"Skimmer\" width=\"150\" height=\"150\" srcset=\"https:\/\/www.tropiko.es\/es\/wp-content\/uploads\/skimmer-predfiltr-150x150.png 150w, https:\/\/www.tropiko.es\/es\/wp-content\/uploads\/skimmer-predfiltr-300x300.png 300w, https:\/\/www.tropiko.es\/es\/wp-content\/uploads\/skimmer-predfiltr-100x100.png 100w, https:\/\/www.tropiko.es\/es\/wp-content\/uploads\/skimmer-predfiltr-1024x1024.png 1024w, https:\/\/www.tropiko.es\/es\/wp-content\/uploads\/skimmer-predfiltr-768x768.png 768w, https:\/\/www.tropiko.es\/es\/wp-content\/uploads\/skimmer-predfiltr.png 1200w\" sizes=\"auto, (max-width: 150px) 100vw, 150px\" \/><\/strong><strong><br \/>\nFiltro circular adecuado como prefiltro<\/strong><\/p>\n<p>Insertado en el skimmer, el filtro circular puede utilizarse por separado como prefiltro para la filtraci\u00f3n de piscina. El uso de un filtro circular evita que peque\u00f1as impurezas entren en las tuber\u00edas y la bomba del sistema filtrante.<\/p>\n<p style=\"padding-left: 40px;\"><img loading=\"lazy\" decoding=\"async\" class=\"alignnone size-thumbnail wp-image-427\" src=\"https:\/\/www.tropiko.es\/es\/wp-content\/uploads\/flexiFilter-140-DE-02-150x150.jpg\" alt=\"FlexiFilter 140\" width=\"150\" height=\"150\" srcset=\"https:\/\/www.tropiko.es\/es\/wp-content\/uploads\/flexiFilter-140-DE-02-150x150.jpg 150w, https:\/\/www.tropiko.es\/es\/wp-content\/uploads\/flexiFilter-140-DE-02-300x300.jpg 300w, https:\/\/www.tropiko.es\/es\/wp-content\/uploads\/flexiFilter-140-DE-02-100x100.jpg 100w, https:\/\/www.tropiko.es\/es\/wp-content\/uploads\/flexiFilter-140-DE-02-1024x1024.jpg 1024w, https:\/\/www.tropiko.es\/es\/wp-content\/uploads\/flexiFilter-140-DE-02-768x768.jpg 768w, https:\/\/www.tropiko.es\/es\/wp-content\/uploads\/flexiFilter-140-DE-02.jpg 1200w\" sizes=\"auto, (max-width: 150px) 100vw, 150px\" \/><br \/>\n<strong>FlexiFilter 140 en la e-shop<\/strong><br \/>\nFiltro circular, di\u00e1metro de 14 cm (4 unidades en el paquete)<\/p>\n<p style=\"padding-left: 40px;\"><img loading=\"lazy\" decoding=\"async\" class=\"alignnone size-thumbnail wp-image-430\" src=\"https:\/\/www.tropiko.es\/es\/wp-content\/uploads\/flexifilter-190-cz-02-150x150.jpg\" alt=\"FlexiFilter 190\" width=\"150\" height=\"150\" srcset=\"https:\/\/www.tropiko.es\/es\/wp-content\/uploads\/flexifilter-190-cz-02-150x150.jpg 150w, https:\/\/www.tropiko.es\/es\/wp-content\/uploads\/flexifilter-190-cz-02-300x300.jpg 300w, https:\/\/www.tropiko.es\/es\/wp-content\/uploads\/flexifilter-190-cz-02-100x100.jpg 100w, https:\/\/www.tropiko.es\/es\/wp-content\/uploads\/flexifilter-190-cz-02-1024x1024.jpg 1024w, https:\/\/www.tropiko.es\/es\/wp-content\/uploads\/flexifilter-190-cz-02-768x768.jpg 768w, https:\/\/www.tropiko.es\/es\/wp-content\/uploads\/flexifilter-190-cz-02.jpg 1200w\" sizes=\"auto, (max-width: 150px) 100vw, 150px\" \/><br \/>\n<strong>FlexiFilter 190 en la e-shop<\/strong><br \/>\nFiltro circular, di\u00e1metro de 19 cm (2 unidades en el paquete)<\/p>\n<p>&nbsp;<\/p>\n<p><strong>Instrucciones de uso<\/strong><\/p>\n<p>Recomendamos tener en cuenta las siguientes instrucciones:<\/p>\n<ol>\n<li>Desconecte el equipo filtrante de la red el\u00e9ctrica.<\/li>\n<li>Abra la tapa del recipiente filtrante seg\u00fan las instrucciones del fabricante.<\/li>\n<li>Retire el material filtrante original (cartuchos, insertos filtrantes, etc.).<\/li>\n<li>Compruebe todas las juntas como medida de precauci\u00f3n y l\u00edmpielas de suciedad.<\/li>\n<li>Apile los filtros circulares FlexiFilter en el recipiente filtrante.<\/li>\n<li>Monte y conecte el equipo filtrante seg\u00fan las instrucciones del fabricante.<\/li>\n<\/ol>\n<p><strong>Precauci\u00f3n para sistemas con retrolavado autom\u00e1tico<\/strong><\/p>\n<p>Dado que al utilizar el FlexiFilter, la presi\u00f3n s\u00f3lo aumentar\u00e1 ligeramente debido a los contaminantes, no se activar\u00e1 el retrolavado autom\u00e1tico. Por lo tanto, compruebe regularmente el caudal en el man\u00f3metro y, si es necesario, inicie el retrolavado manualmente.<\/p>\n<p>&nbsp;<\/p>\n","protected":false},"excerpt":{"rendered":"<p>El material filtrante FlexiFilter es adecuado como sustituto de los rellenos convencionales en los filtros de cartucho. El recipiente filtrante en el que se inserta el cartucho filtrante puede llenarse por completo con el material FlexiFilter. La \u00fanica cosa que puede quitar el espacio son las entradas y salidas de agua. Dependiendo del tama\u00f1o, es [&#8230;]\n","protected":false},"author":1,"featured_media":0,"parent":0,"menu_order":0,"comment_status":"closed","ping_status":"closed","template":"","meta":{"footnotes":""},"class_list":["post-476","page","type-page","status-publish","hentry"],"yoast_head":"<!-- This site is optimized with the Yoast SEO plugin v26.7 - https:\/\/yoast.com\/wordpress\/plugins\/seo\/ -->\n<title>Sustituci\u00f3n de cartuchos filtrantes | TROPIKO Espa\u00f1a<\/title>\n<meta name=\"robots\" content=\"index, follow, max-snippet:-1, max-image-preview:large, max-video-preview:-1\" \/>\n<link rel=\"canonical\" href=\"https:\/\/www.tropiko.es\/es\/cartridge-filtration-replacement\/\" \/>\n<meta property=\"og:locale\" content=\"es_ES\" \/>\n<meta property=\"og:type\" content=\"article\" \/>\n<meta property=\"og:title\" content=\"Sustituci\u00f3n de cartuchos filtrantes | TROPIKO Espa\u00f1a\" \/>\n<meta property=\"og:description\" content=\"El material filtrante FlexiFilter es adecuado como sustituto de los rellenos convencionales en los filtros de cartucho. El recipiente filtrante en el que se inserta el cartucho filtrante puede llenarse por completo con el material FlexiFilter. La \u00fanica cosa que puede quitar el espacio son las entradas y salidas de agua. Dependiendo del tama\u00f1o, es [...]\" \/>\n<meta property=\"og:url\" content=\"https:\/\/www.tropiko.es\/es\/cartridge-filtration-replacement\/\" \/>\n<meta property=\"og:site_name\" content=\"TROPIKO Espa\u00f1a\" \/>\n<meta property=\"article:modified_time\" content=\"2025-01-16T09:16:41+00:00\" \/>\n<meta property=\"og:image\" content=\"https:\/\/www.tropiko.es\/es\/wp-content\/uploads\/flexifilter-120-cz-02.jpg\" \/>\n\t<meta property=\"og:image:width\" content=\"1200\" \/>\n\t<meta property=\"og:image:height\" content=\"1200\" \/>\n\t<meta property=\"og:image:type\" content=\"image\/jpeg\" \/>\n<meta name=\"twitter:card\" content=\"summary_large_image\" \/>\n<meta name=\"twitter:label1\" content=\"Tiempo de lectura\" \/>\n\t<meta name=\"twitter:data1\" content=\"4 minutos\" \/>\n<script type=\"application\/ld+json\" class=\"yoast-schema-graph\">{\"@context\":\"https:\/\/schema.org\",\"@graph\":[{\"@type\":\"WebPage\",\"@id\":\"https:\/\/www.tropiko.es\/es\/cartridge-filtration-replacement\/\",\"url\":\"https:\/\/www.tropiko.es\/es\/cartridge-filtration-replacement\/\",\"name\":\"Sustituci\u00f3n de cartuchos filtrantes | TROPIKO Espa\u00f1a\",\"isPartOf\":{\"@id\":\"https:\/\/www.tropiko.es\/es\/#website\"},\"primaryImageOfPage\":{\"@id\":\"https:\/\/www.tropiko.es\/es\/cartridge-filtration-replacement\/#primaryimage\"},\"image\":{\"@id\":\"https:\/\/www.tropiko.es\/es\/cartridge-filtration-replacement\/#primaryimage\"},\"thumbnailUrl\":\"https:\/\/www.tropiko.es\/es\/wp-content\/uploads\/flexifilter-120-cz-02-150x150.jpg\",\"datePublished\":\"2022-04-15T12:03:51+00:00\",\"dateModified\":\"2025-01-16T09:16:41+00:00\",\"breadcrumb\":{\"@id\":\"https:\/\/www.tropiko.es\/es\/cartridge-filtration-replacement\/#breadcrumb\"},\"inLanguage\":\"es\",\"potentialAction\":[{\"@type\":\"ReadAction\",\"target\":[\"https:\/\/www.tropiko.es\/es\/cartridge-filtration-replacement\/\"]}]},{\"@type\":\"ImageObject\",\"inLanguage\":\"es\",\"@id\":\"https:\/\/www.tropiko.es\/es\/cartridge-filtration-replacement\/#primaryimage\",\"url\":\"https:\/\/www.tropiko.es\/es\/wp-content\/uploads\/flexifilter-120-cz-02.jpg\",\"contentUrl\":\"https:\/\/www.tropiko.es\/es\/wp-content\/uploads\/flexifilter-120-cz-02.jpg\",\"width\":1200,\"height\":1200,\"caption\":\"FlexiFilter 120\"},{\"@type\":\"BreadcrumbList\",\"@id\":\"https:\/\/www.tropiko.es\/es\/cartridge-filtration-replacement\/#breadcrumb\",\"itemListElement\":[{\"@type\":\"ListItem\",\"position\":1,\"name\":\"Dom\u016f\",\"item\":\"https:\/\/www.tropiko.es\/es\/\"},{\"@type\":\"ListItem\",\"position\":2,\"name\":\"Sustituci\u00f3n de cartuchos filtrantes\"}]},{\"@type\":\"WebSite\",\"@id\":\"https:\/\/www.tropiko.es\/es\/#website\",\"url\":\"https:\/\/www.tropiko.es\/es\/\",\"name\":\"TROPIKO Espa\u00f1a\",\"description\":\"\",\"publisher\":{\"@id\":\"https:\/\/www.tropiko.es\/es\/#organization\"},\"potentialAction\":[{\"@type\":\"SearchAction\",\"target\":{\"@type\":\"EntryPoint\",\"urlTemplate\":\"https:\/\/www.tropiko.es\/es\/?s={search_term_string}\"},\"query-input\":{\"@type\":\"PropertyValueSpecification\",\"valueRequired\":true,\"valueName\":\"search_term_string\"}}],\"inLanguage\":\"es\"},{\"@type\":\"Organization\",\"@id\":\"https:\/\/www.tropiko.es\/es\/#organization\",\"name\":\"TROPIKO Espa\u00f1a\",\"url\":\"https:\/\/www.tropiko.es\/es\/\",\"logo\":{\"@type\":\"ImageObject\",\"inLanguage\":\"es\",\"@id\":\"https:\/\/www.tropiko.es\/es\/#\/schema\/logo\/image\/\",\"url\":\"https:\/\/www.tropiko.es\/es\/wp-content\/uploads\/cropped-cropped-tropiko-logo2023-04-snapisem.png\",\"contentUrl\":\"https:\/\/www.tropiko.es\/es\/wp-content\/uploads\/cropped-cropped-tropiko-logo2023-04-snapisem.png\",\"width\":512,\"height\":512,\"caption\":\"TROPIKO Espa\u00f1a\"},\"image\":{\"@id\":\"https:\/\/www.tropiko.es\/es\/#\/schema\/logo\/image\/\"}}]}<\/script>\n<!-- \/ Yoast SEO plugin. -->","yoast_head_json":{"title":"Sustituci\u00f3n de cartuchos filtrantes | TROPIKO Espa\u00f1a","robots":{"index":"index","follow":"follow","max-snippet":"max-snippet:-1","max-image-preview":"max-image-preview:large","max-video-preview":"max-video-preview:-1"},"canonical":"https:\/\/www.tropiko.es\/es\/cartridge-filtration-replacement\/","og_locale":"es_ES","og_type":"article","og_title":"Sustituci\u00f3n de cartuchos filtrantes | TROPIKO Espa\u00f1a","og_description":"El material filtrante FlexiFilter es adecuado como sustituto de los rellenos convencionales en los filtros de cartucho. El recipiente filtrante en el que se inserta el cartucho filtrante puede llenarse por completo con el material FlexiFilter. La \u00fanica cosa que puede quitar el espacio son las entradas y salidas de agua. Dependiendo del tama\u00f1o, es [...]","og_url":"https:\/\/www.tropiko.es\/es\/cartridge-filtration-replacement\/","og_site_name":"TROPIKO Espa\u00f1a","article_modified_time":"2025-01-16T09:16:41+00:00","og_image":[{"width":1200,"height":1200,"url":"https:\/\/www.tropiko.es\/es\/wp-content\/uploads\/flexifilter-120-cz-02.jpg","type":"image\/jpeg"}],"twitter_card":"summary_large_image","twitter_misc":{"Tiempo de lectura":"4 minutos"},"schema":{"@context":"https:\/\/schema.org","@graph":[{"@type":"WebPage","@id":"https:\/\/www.tropiko.es\/es\/cartridge-filtration-replacement\/","url":"https:\/\/www.tropiko.es\/es\/cartridge-filtration-replacement\/","name":"Sustituci\u00f3n de cartuchos filtrantes | TROPIKO Espa\u00f1a","isPartOf":{"@id":"https:\/\/www.tropiko.es\/es\/#website"},"primaryImageOfPage":{"@id":"https:\/\/www.tropiko.es\/es\/cartridge-filtration-replacement\/#primaryimage"},"image":{"@id":"https:\/\/www.tropiko.es\/es\/cartridge-filtration-replacement\/#primaryimage"},"thumbnailUrl":"https:\/\/www.tropiko.es\/es\/wp-content\/uploads\/flexifilter-120-cz-02-150x150.jpg","datePublished":"2022-04-15T12:03:51+00:00","dateModified":"2025-01-16T09:16:41+00:00","breadcrumb":{"@id":"https:\/\/www.tropiko.es\/es\/cartridge-filtration-replacement\/#breadcrumb"},"inLanguage":"es","potentialAction":[{"@type":"ReadAction","target":["https:\/\/www.tropiko.es\/es\/cartridge-filtration-replacement\/"]}]},{"@type":"ImageObject","inLanguage":"es","@id":"https:\/\/www.tropiko.es\/es\/cartridge-filtration-replacement\/#primaryimage","url":"https:\/\/www.tropiko.es\/es\/wp-content\/uploads\/flexifilter-120-cz-02.jpg","contentUrl":"https:\/\/www.tropiko.es\/es\/wp-content\/uploads\/flexifilter-120-cz-02.jpg","width":1200,"height":1200,"caption":"FlexiFilter 120"},{"@type":"BreadcrumbList","@id":"https:\/\/www.tropiko.es\/es\/cartridge-filtration-replacement\/#breadcrumb","itemListElement":[{"@type":"ListItem","position":1,"name":"Dom\u016f","item":"https:\/\/www.tropiko.es\/es\/"},{"@type":"ListItem","position":2,"name":"Sustituci\u00f3n de cartuchos filtrantes"}]},{"@type":"WebSite","@id":"https:\/\/www.tropiko.es\/es\/#website","url":"https:\/\/www.tropiko.es\/es\/","name":"TROPIKO Espa\u00f1a","description":"","publisher":{"@id":"https:\/\/www.tropiko.es\/es\/#organization"},"potentialAction":[{"@type":"SearchAction","target":{"@type":"EntryPoint","urlTemplate":"https:\/\/www.tropiko.es\/es\/?s={search_term_string}"},"query-input":{"@type":"PropertyValueSpecification","valueRequired":true,"valueName":"search_term_string"}}],"inLanguage":"es"},{"@type":"Organization","@id":"https:\/\/www.tropiko.es\/es\/#organization","name":"TROPIKO Espa\u00f1a","url":"https:\/\/www.tropiko.es\/es\/","logo":{"@type":"ImageObject","inLanguage":"es","@id":"https:\/\/www.tropiko.es\/es\/#\/schema\/logo\/image\/","url":"https:\/\/www.tropiko.es\/es\/wp-content\/uploads\/cropped-cropped-tropiko-logo2023-04-snapisem.png","contentUrl":"https:\/\/www.tropiko.es\/es\/wp-content\/uploads\/cropped-cropped-tropiko-logo2023-04-snapisem.png","width":512,"height":512,"caption":"TROPIKO Espa\u00f1a"},"image":{"@id":"https:\/\/www.tropiko.es\/es\/#\/schema\/logo\/image\/"}}]}},"_links":{"self":[{"href":"https:\/\/www.tropiko.es\/es\/wp-json\/wp\/v2\/pages\/476","targetHints":{"allow":["GET"]}}],"collection":[{"href":"https:\/\/www.tropiko.es\/es\/wp-json\/wp\/v2\/pages"}],"about":[{"href":"https:\/\/www.tropiko.es\/es\/wp-json\/wp\/v2\/types\/page"}],"author":[{"embeddable":true,"href":"https:\/\/www.tropiko.es\/es\/wp-json\/wp\/v2\/users\/1"}],"replies":[{"embeddable":true,"href":"https:\/\/www.tropiko.es\/es\/wp-json\/wp\/v2\/comments?post=476"}],"version-history":[{"count":4,"href":"https:\/\/www.tropiko.es\/es\/wp-json\/wp\/v2\/pages\/476\/revisions"}],"predecessor-version":[{"id":650,"href":"https:\/\/www.tropiko.es\/es\/wp-json\/wp\/v2\/pages\/476\/revisions\/650"}],"wp:attachment":[{"href":"https:\/\/www.tropiko.es\/es\/wp-json\/wp\/v2\/media?parent=476"}],"curies":[{"name":"wp","href":"https:\/\/api.w.org\/{rel}","templated":true}]}}