{"id":526,"date":"2022-04-17T07:55:34","date_gmt":"2022-04-17T07:55:34","guid":{"rendered":"https:\/\/www.tropiko.eu\/en\/?page_id=526"},"modified":"2025-01-15T15:39:07","modified_gmt":"2025-01-15T15:39:07","slug":"tropiko","status":"publish","type":"page","link":"https:\/\/www.tropiko.es\/es\/","title":{"rendered":""},"content":{"rendered":"<p><a href=\"https:\/\/www.tropiko.es\/es\/tropiko-roofing\/\"><img loading=\"lazy\" decoding=\"async\" class=\"alignleft wp-image-460 size-thumbnail\" style=\"color: #555555; font-size: 14.4px;\" src=\"https:\/\/www.tropiko.eu\/en\/wp-content\/uploads\/tropiko-titulni-150x113.jpg\" alt=\"\" width=\"150\" height=\"113\" srcset=\"https:\/\/www.tropiko.es\/es\/wp-content\/uploads\/tropiko-titulni-150x113.jpg 150w, https:\/\/www.tropiko.es\/es\/wp-content\/uploads\/tropiko-titulni.jpg 250w\" sizes=\"auto, (max-width: 150px) 100vw, 150px\" \/><\/a><\/p>\n<h1><strong>TROPIKO<\/strong><\/h1>\n<p>La cubierta TROPIKO est\u00e1 dise\u00f1ada para techar piscinas de hasta 5 m de di\u00e1metro, sea puestas sobre tierra que parcial o totalmente empotradas en el suelo. . Su construcci\u00f3n sencilla pero robusta permite una manipulaci\u00f3n muy f\u00e1cil con techos de todos los tama\u00f1os. Las cubiertas TROPIKO est\u00e1n disponible en di\u00e1metros de <a href=\"https:\/\/www.tropiko.es\/es\/stitek-produktu\/cubierta-de-piscina\/\" target=\"_blank\" rel=\"noopener\">3,6 m, 4,2 m, 5,0 m a 5,5 m<\/a>.<br \/>\n<a href=\"https:\/\/www.tropiko.es\/es\/tropiko-roofing\/\" target=\"_blank\" rel=\"noopener\">M\u00e1s informaci\u00f3n&#8230;<\/a><\/p>\n<h1><a href=\"https:\/\/www.tropiko.es\/es\/replacement-of-filter-sand\/\"><img loading=\"lazy\" decoding=\"async\" class=\"alignleft wp-image-450 size-thumbnail\" style=\"font-size: 14.4px; color: #555555;\" src=\"https:\/\/www.tropiko.eu\/en\/wp-content\/uploads\/flexifilter-50-400-cz-150x150.png\" alt=\"FlexiFilter 50-400\" width=\"150\" height=\"150\" srcset=\"https:\/\/www.tropiko.es\/es\/wp-content\/uploads\/flexifilter-50-400-cz-150x150.png 150w, https:\/\/www.tropiko.es\/es\/wp-content\/uploads\/flexifilter-50-400-cz-300x300.png 300w, https:\/\/www.tropiko.es\/es\/wp-content\/uploads\/flexifilter-50-400-cz-100x100.png 100w, https:\/\/www.tropiko.es\/es\/wp-content\/uploads\/flexifilter-50-400-cz-1024x1024.png 1024w, https:\/\/www.tropiko.es\/es\/wp-content\/uploads\/flexifilter-50-400-cz-768x768.png 768w, https:\/\/www.tropiko.es\/es\/wp-content\/uploads\/flexifilter-50-400-cz.png 1200w\" sizes=\"auto, (max-width: 150px) 100vw, 150px\" \/><\/a><strong>Mejore su filtraci\u00f3n<\/strong><\/h1>\n<p>FlexiFilter puede utilizarse en recipientes de filtraci\u00f3n existentes con relleno de arena. No haga que la capa filtrante en el recipiente sea mayor que cuando utilice arena filtrante. Un paquete de FlexiFilter 50 (300 g) sustituye una bolsa de arena filtrante para los filtros de piscina (20-25 kg de arena).<br \/>\n<a href=\"https:\/\/www.tropiko.es\/es\/replacement-of-filter-sand\/\" target=\"_blank\" rel=\"noopener\">M\u00e1s informaci\u00f3n&#8230;<\/a><\/p>\n<h1><a href=\"https:\/\/www.tropiko.es\/es\/cartridge-filtration-replacement\/\"><img loading=\"lazy\" decoding=\"async\" class=\"alignleft wp-image-421 size-thumbnail\" style=\"font-size: 14.4px; color: #555555;\" src=\"https:\/\/www.tropiko.eu\/en\/wp-content\/uploads\/flexifilter-140-03-150x150.jpg\" alt=\"FlexiFilter 140\" width=\"150\" height=\"150\" srcset=\"https:\/\/www.tropiko.es\/es\/wp-content\/uploads\/flexifilter-140-03-150x150.jpg 150w, https:\/\/www.tropiko.es\/es\/wp-content\/uploads\/flexifilter-140-03-300x300.jpg 300w, https:\/\/www.tropiko.es\/es\/wp-content\/uploads\/flexifilter-140-03-100x100.jpg 100w, https:\/\/www.tropiko.es\/es\/wp-content\/uploads\/flexifilter-140-03-1024x1024.jpg 1024w, https:\/\/www.tropiko.es\/es\/wp-content\/uploads\/flexifilter-140-03-768x768.jpg 768w, https:\/\/www.tropiko.es\/es\/wp-content\/uploads\/flexifilter-140-03.jpg 1200w\" sizes=\"auto, (max-width: 150px) 100vw, 150px\" \/><\/a><strong><a href=\"https:\/\/www.tropiko.es\/es\/cartridge-filtration-replacement\/\"><img loading=\"lazy\" decoding=\"async\" class=\"alignright wp-image-454 size-thumbnail\" src=\"https:\/\/www.tropiko.es\/es\/wp-content\/uploads\/kartuse-150x150.png\" alt=\"cartridges\" width=\"150\" height=\"150\" srcset=\"https:\/\/www.tropiko.es\/es\/wp-content\/uploads\/kartuse-150x150.png 150w, https:\/\/www.tropiko.es\/es\/wp-content\/uploads\/kartuse-300x300.png 300w, https:\/\/www.tropiko.es\/es\/wp-content\/uploads\/kartuse-100x100.png 100w, https:\/\/www.tropiko.es\/es\/wp-content\/uploads\/kartuse-1024x1024.png 1024w, https:\/\/www.tropiko.es\/es\/wp-content\/uploads\/kartuse-768x768.png 768w, https:\/\/www.tropiko.es\/es\/wp-content\/uploads\/kartuse.png 1200w\" sizes=\"auto, (max-width: 150px) 100vw, 150px\" \/><\/a>Sustituci\u00f3n de cartuchos filtrantes<\/strong><\/h1>\n<p>El material filtrante FlexiFilter es adecuado como sustituto de los rellenos convencionales en los filtros de cartucho. El recipiente filtrante en el que se inserta el cartucho filtrante puede llenarse por completo con el material FlexiFilter.<br \/>\n<a href=\"https:\/\/www.tropiko.es\/es\/cartridge-filtration-replacement\/\" target=\"_blank\" rel=\"noopener\">M\u00e1s informaci\u00f3n&#8230;<\/a><\/p>\n","protected":false},"excerpt":{"rendered":"<p>TROPIKO La cubierta TROPIKO est\u00e1 dise\u00f1ada para techar piscinas de hasta 5 m de di\u00e1metro, sea puestas sobre tierra que parcial o totalmente empotradas en el suelo. . Su construcci\u00f3n sencilla pero robusta permite una manipulaci\u00f3n muy f\u00e1cil con techos de todos los tama\u00f1os. Las cubiertas TROPIKO est\u00e1n disponible en di\u00e1metros de 3,6 m, 4,2 [&#8230;]\n","protected":false},"author":1,"featured_media":0,"parent":0,"menu_order":0,"comment_status":"closed","ping_status":"closed","template":"","meta":{"footnotes":""},"class_list":["post-526","page","type-page","status-publish","hentry"],"yoast_head":"<!-- This site is optimized with the Yoast SEO plugin v26.7 - https:\/\/yoast.com\/wordpress\/plugins\/seo\/ -->\n<title>| TROPIKO Espa\u00f1a<\/title>\n<meta name=\"robots\" content=\"index, follow, max-snippet:-1, max-image-preview:large, max-video-preview:-1\" \/>\n<link rel=\"canonical\" href=\"https:\/\/www.tropiko.es\/es\/\" \/>\n<meta property=\"og:locale\" content=\"es_ES\" \/>\n<meta property=\"og:type\" content=\"article\" \/>\n<meta property=\"og:title\" content=\"| TROPIKO Espa\u00f1a\" \/>\n<meta property=\"og:description\" content=\"TROPIKO La cubierta TROPIKO est\u00e1 dise\u00f1ada para techar piscinas de hasta 5 m de di\u00e1metro, sea puestas sobre tierra que parcial o totalmente empotradas en el suelo. . Su construcci\u00f3n sencilla pero robusta permite una manipulaci\u00f3n muy f\u00e1cil con techos de todos los tama\u00f1os. Las cubiertas TROPIKO est\u00e1n disponible en di\u00e1metros de 3,6 m, 4,2 [...]\" \/>\n<meta property=\"og:url\" content=\"https:\/\/www.tropiko.es\/es\/\" \/>\n<meta property=\"og:site_name\" content=\"TROPIKO Espa\u00f1a\" \/>\n<meta property=\"article:modified_time\" content=\"2025-01-15T15:39:07+00:00\" \/>\n<meta property=\"og:image\" content=\"https:\/\/www.tropiko.es\/es\/wp-content\/uploads\/tropiko-titulni.jpg\" \/>\n\t<meta property=\"og:image:width\" content=\"250\" \/>\n\t<meta property=\"og:image:height\" content=\"188\" \/>\n\t<meta property=\"og:image:type\" content=\"image\/jpeg\" \/>\n<meta name=\"twitter:card\" content=\"summary_large_image\" \/>\n<meta name=\"twitter:label1\" content=\"Tiempo de lectura\" \/>\n\t<meta name=\"twitter:data1\" content=\"2 minutos\" \/>\n<script type=\"application\/ld+json\" class=\"yoast-schema-graph\">{\"@context\":\"https:\/\/schema.org\",\"@graph\":[{\"@type\":\"WebPage\",\"@id\":\"https:\/\/www.tropiko.es\/es\/\",\"url\":\"https:\/\/www.tropiko.es\/es\/\",\"name\":\"| TROPIKO Espa\u00f1a\",\"isPartOf\":{\"@id\":\"https:\/\/www.tropiko.es\/es\/#website\"},\"primaryImageOfPage\":{\"@id\":\"https:\/\/www.tropiko.es\/es\/#primaryimage\"},\"image\":{\"@id\":\"https:\/\/www.tropiko.es\/es\/#primaryimage\"},\"thumbnailUrl\":\"https:\/\/www.tropiko.eu\/en\/wp-content\/uploads\/tropiko-titulni-150x113.jpg\",\"datePublished\":\"2022-04-17T07:55:34+00:00\",\"dateModified\":\"2025-01-15T15:39:07+00:00\",\"inLanguage\":\"es\",\"potentialAction\":[{\"@type\":\"ReadAction\",\"target\":[\"https:\/\/www.tropiko.es\/es\/\"]}]},{\"@type\":\"ImageObject\",\"inLanguage\":\"es\",\"@id\":\"https:\/\/www.tropiko.es\/es\/#primaryimage\",\"url\":\"https:\/\/www.tropiko.eu\/en\/wp-content\/uploads\/tropiko-titulni-150x113.jpg\",\"contentUrl\":\"https:\/\/www.tropiko.eu\/en\/wp-content\/uploads\/tropiko-titulni-150x113.jpg\"},{\"@type\":\"WebSite\",\"@id\":\"https:\/\/www.tropiko.es\/es\/#website\",\"url\":\"https:\/\/www.tropiko.es\/es\/\",\"name\":\"TROPIKO Espa\u00f1a\",\"description\":\"\",\"publisher\":{\"@id\":\"https:\/\/www.tropiko.es\/es\/#organization\"},\"potentialAction\":[{\"@type\":\"SearchAction\",\"target\":{\"@type\":\"EntryPoint\",\"urlTemplate\":\"https:\/\/www.tropiko.es\/es\/?s={search_term_string}\"},\"query-input\":{\"@type\":\"PropertyValueSpecification\",\"valueRequired\":true,\"valueName\":\"search_term_string\"}}],\"inLanguage\":\"es\"},{\"@type\":\"Organization\",\"@id\":\"https:\/\/www.tropiko.es\/es\/#organization\",\"name\":\"TROPIKO Espa\u00f1a\",\"url\":\"https:\/\/www.tropiko.es\/es\/\",\"logo\":{\"@type\":\"ImageObject\",\"inLanguage\":\"es\",\"@id\":\"https:\/\/www.tropiko.es\/es\/#\/schema\/logo\/image\/\",\"url\":\"https:\/\/www.tropiko.es\/es\/wp-content\/uploads\/cropped-cropped-tropiko-logo2023-04-snapisem.png\",\"contentUrl\":\"https:\/\/www.tropiko.es\/es\/wp-content\/uploads\/cropped-cropped-tropiko-logo2023-04-snapisem.png\",\"width\":512,\"height\":512,\"caption\":\"TROPIKO Espa\u00f1a\"},\"image\":{\"@id\":\"https:\/\/www.tropiko.es\/es\/#\/schema\/logo\/image\/\"}}]}<\/script>\n<!-- \/ Yoast SEO plugin. -->","yoast_head_json":{"title":"| TROPIKO Espa\u00f1a","robots":{"index":"index","follow":"follow","max-snippet":"max-snippet:-1","max-image-preview":"max-image-preview:large","max-video-preview":"max-video-preview:-1"},"canonical":"https:\/\/www.tropiko.es\/es\/","og_locale":"es_ES","og_type":"article","og_title":"| TROPIKO Espa\u00f1a","og_description":"TROPIKO La cubierta TROPIKO est\u00e1 dise\u00f1ada para techar piscinas de hasta 5 m de di\u00e1metro, sea puestas sobre tierra que parcial o totalmente empotradas en el suelo. . Su construcci\u00f3n sencilla pero robusta permite una manipulaci\u00f3n muy f\u00e1cil con techos de todos los tama\u00f1os. Las cubiertas TROPIKO est\u00e1n disponible en di\u00e1metros de 3,6 m, 4,2 [...]","og_url":"https:\/\/www.tropiko.es\/es\/","og_site_name":"TROPIKO Espa\u00f1a","article_modified_time":"2025-01-15T15:39:07+00:00","og_image":[{"width":250,"height":188,"url":"https:\/\/www.tropiko.es\/es\/wp-content\/uploads\/tropiko-titulni.jpg","type":"image\/jpeg"}],"twitter_card":"summary_large_image","twitter_misc":{"Tiempo de lectura":"2 minutos"},"schema":{"@context":"https:\/\/schema.org","@graph":[{"@type":"WebPage","@id":"https:\/\/www.tropiko.es\/es\/","url":"https:\/\/www.tropiko.es\/es\/","name":"| TROPIKO Espa\u00f1a","isPartOf":{"@id":"https:\/\/www.tropiko.es\/es\/#website"},"primaryImageOfPage":{"@id":"https:\/\/www.tropiko.es\/es\/#primaryimage"},"image":{"@id":"https:\/\/www.tropiko.es\/es\/#primaryimage"},"thumbnailUrl":"https:\/\/www.tropiko.eu\/en\/wp-content\/uploads\/tropiko-titulni-150x113.jpg","datePublished":"2022-04-17T07:55:34+00:00","dateModified":"2025-01-15T15:39:07+00:00","inLanguage":"es","potentialAction":[{"@type":"ReadAction","target":["https:\/\/www.tropiko.es\/es\/"]}]},{"@type":"ImageObject","inLanguage":"es","@id":"https:\/\/www.tropiko.es\/es\/#primaryimage","url":"https:\/\/www.tropiko.eu\/en\/wp-content\/uploads\/tropiko-titulni-150x113.jpg","contentUrl":"https:\/\/www.tropiko.eu\/en\/wp-content\/uploads\/tropiko-titulni-150x113.jpg"},{"@type":"WebSite","@id":"https:\/\/www.tropiko.es\/es\/#website","url":"https:\/\/www.tropiko.es\/es\/","name":"TROPIKO Espa\u00f1a","description":"","publisher":{"@id":"https:\/\/www.tropiko.es\/es\/#organization"},"potentialAction":[{"@type":"SearchAction","target":{"@type":"EntryPoint","urlTemplate":"https:\/\/www.tropiko.es\/es\/?s={search_term_string}"},"query-input":{"@type":"PropertyValueSpecification","valueRequired":true,"valueName":"search_term_string"}}],"inLanguage":"es"},{"@type":"Organization","@id":"https:\/\/www.tropiko.es\/es\/#organization","name":"TROPIKO Espa\u00f1a","url":"https:\/\/www.tropiko.es\/es\/","logo":{"@type":"ImageObject","inLanguage":"es","@id":"https:\/\/www.tropiko.es\/es\/#\/schema\/logo\/image\/","url":"https:\/\/www.tropiko.es\/es\/wp-content\/uploads\/cropped-cropped-tropiko-logo2023-04-snapisem.png","contentUrl":"https:\/\/www.tropiko.es\/es\/wp-content\/uploads\/cropped-cropped-tropiko-logo2023-04-snapisem.png","width":512,"height":512,"caption":"TROPIKO Espa\u00f1a"},"image":{"@id":"https:\/\/www.tropiko.es\/es\/#\/schema\/logo\/image\/"}}]}},"_links":{"self":[{"href":"https:\/\/www.tropiko.es\/es\/wp-json\/wp\/v2\/pages\/526","targetHints":{"allow":["GET"]}}],"collection":[{"href":"https:\/\/www.tropiko.es\/es\/wp-json\/wp\/v2\/pages"}],"about":[{"href":"https:\/\/www.tropiko.es\/es\/wp-json\/wp\/v2\/types\/page"}],"author":[{"embeddable":true,"href":"https:\/\/www.tropiko.es\/es\/wp-json\/wp\/v2\/users\/1"}],"replies":[{"embeddable":true,"href":"https:\/\/www.tropiko.es\/es\/wp-json\/wp\/v2\/comments?post=526"}],"version-history":[{"count":10,"href":"https:\/\/www.tropiko.es\/es\/wp-json\/wp\/v2\/pages\/526\/revisions"}],"predecessor-version":[{"id":640,"href":"https:\/\/www.tropiko.es\/es\/wp-json\/wp\/v2\/pages\/526\/revisions\/640"}],"wp:attachment":[{"href":"https:\/\/www.tropiko.es\/es\/wp-json\/wp\/v2\/media?parent=526"}],"curies":[{"name":"wp","href":"https:\/\/api.w.org\/{rel}","templated":true}]}}