{"id":620,"date":"2025-01-15T10:12:51","date_gmt":"2025-01-15T10:12:51","guid":{"rendered":"https:\/\/www.tropiko.es\/es\/?page_id=620"},"modified":"2025-01-15T13:55:36","modified_gmt":"2025-01-15T13:55:36","slug":"invernada","status":"publish","type":"page","link":"https:\/\/www.tropiko.es\/es\/invernada\/","title":{"rendered":"Invernada"},"content":{"rendered":"<div class=\"entry-content\">\n<p><img loading=\"lazy\" decoding=\"async\" class=\"alignright wp-image-617 size-medium\" src=\"https:\/\/www.tropiko.es\/es\/wp-content\/uploads\/TROPIKO-zimni-obal-300x169.jpg\" alt=\"\" width=\"300\" height=\"169\" srcset=\"https:\/\/www.tropiko.es\/es\/wp-content\/uploads\/TROPIKO-zimni-obal-300x169.jpg 300w, https:\/\/www.tropiko.es\/es\/wp-content\/uploads\/TROPIKO-zimni-obal-1024x577.jpg 1024w, https:\/\/www.tropiko.es\/es\/wp-content\/uploads\/TROPIKO-zimni-obal-150x85.jpg 150w, https:\/\/www.tropiko.es\/es\/wp-content\/uploads\/TROPIKO-zimni-obal-768x433.jpg 768w, https:\/\/www.tropiko.es\/es\/wp-content\/uploads\/TROPIKO-zimni-obal.jpg 1200w\" sizes=\"auto, (max-width: 300px) 100vw, 300px\" \/>Una vez finalizada la temporada, recomendamos preparar la piscina para el invierno con un \u00abinvernadero\u00bb. Esto evitar\u00e1 la formaci\u00f3n de turbidez y dep\u00f3sitos durante el per\u00edodo invernal y facilitar\u00e1 enormemente la limpieza de primavera y la puesta en funcionamiento de la piscina.<\/p>\n<p>Si utiliza una cubierta TROPIKO en su piscina, es necesario abrirla y asegurarla en esta posici\u00f3n antes de que lleguen las heladas. (<a href=\"https:\/\/www.tropiko.es\/es\/wp-content\/uploads\/TROPIKO-zarucni_list-ES.pdf\" target=\"_blank\" rel=\"noopener\">Consulte las instrucciones del producto para obtener m\u00e1s informaci\u00f3n<\/a>).<br \/>\nAntes de abrir el techo, l\u00edmpielo de suciedad y hojas. Col\u00f3quelo en el medio para que el agua y la nieve fluyan desde los pliegues del papel de aluminio hacia las juntas. Si tienes la oportunidad de apoyar el TROPIKO desmontado contra la pared de un garaje, casa,&#8230; bajo el alero, o utilizar un cenador de jard\u00edn para guardarlo durante el invierno, har\u00e1s una limpieza de primavera del tejado de los efectos de la lluvia. y la nieve es m\u00e1s f\u00e1cil. No es necesario desmontar todo el techo.<br \/>\nLos materiales utilizados para las cubiertas TROPIKO son resistentes a las condiciones clim\u00e1ticas durante todo el a\u00f1o. Para mantener limpio el techo, puedes colocar una <a href=\"https:\/\/www.tropiko.es\/es\/category-product\/cubierta-de-invierno\/\" target=\"_blank\" rel=\"noopener\">funda de invierno TROPIKO<\/a> sobre el techo o cubrirlo con cualquier lona, \u200b\u200bl\u00e1mina, etc.<br \/>\nTrate las uniones roscadas de las juntas del tejado con lubricante antes del invierno, por ejemplo roci\u00e1ndolas con aceite de silicona.<\/p>\n<p><img loading=\"lazy\" decoding=\"async\" class=\"wp-image-619 alignnone\" src=\"https:\/\/www.tropiko.es\/es\/wp-content\/uploads\/2021-tropiko-rukav02-300x230.jpg\" alt=\"\" width=\"300\" height=\"230\" srcset=\"https:\/\/www.tropiko.es\/es\/wp-content\/uploads\/2021-tropiko-rukav02-300x230.jpg 300w, https:\/\/www.tropiko.es\/es\/wp-content\/uploads\/2021-tropiko-rukav02-1024x786.jpg 1024w, https:\/\/www.tropiko.es\/es\/wp-content\/uploads\/2021-tropiko-rukav02-150x115.jpg 150w, https:\/\/www.tropiko.es\/es\/wp-content\/uploads\/2021-tropiko-rukav02-768x590.jpg 768w, https:\/\/www.tropiko.es\/es\/wp-content\/uploads\/2021-tropiko-rukav02.jpg 1038w\" sizes=\"auto, (max-width: 300px) 100vw, 300px\" \/><\/p>\n<ul>\n<li><a href=\"https:\/\/www.tropiko.es\/es\/product\/cubierta-de-invierno-de-para-cubiertas-de-piscinas-tropiko-360\/\" target=\"_blank\" rel=\"noopener\">Cubierta de invierno de para cubiertas de piscinas TROPIKO 360 (blanco)<\/a><\/li>\n<li><a href=\"https:\/\/www.tropiko.es\/es\/product\/cubierta-de-invierno-de-para-cubiertas-de-piscinas-tropiko-420-blanco\/\" target=\"_blank\" rel=\"noopener\">Cubierta de invierno de para cubiertas de piscinas TROPIKO 420 (blanco)<\/a><\/li>\n<li><a href=\"https:\/\/www.tropiko.es\/es\/product\/cubierta-de-invierno-de-para-cubiertas-de-piscinas-tropiko-500-blanco\/\" target=\"_blank\" rel=\"noopener\">Cubierta de invierno de para cubiertas de piscinas TROPIKO 500 (blanco)<\/a><\/li>\n<li><a href=\"https:\/\/www.tropiko.es\/es\/product\/cubierta-de-invierno-de-para-cubiertas-de-piscinas-tropiko-420-blanco\/\" target=\"_blank\" rel=\"noopener\">Cubierta de invierno de para cubiertas de piscinas TROPIKO 420 (blanco)<\/a><\/li>\n<\/ul>\n<\/div>\n","protected":false},"excerpt":{"rendered":"<p>Una vez finalizada la temporada, recomendamos preparar la piscina para el invierno con un \u00abinvernadero\u00bb. Esto evitar\u00e1 la formaci\u00f3n de turbidez y dep\u00f3sitos durante el per\u00edodo invernal y facilitar\u00e1 enormemente la limpieza de primavera y la puesta en funcionamiento de la piscina. Si utiliza una cubierta TROPIKO en su piscina, es necesario abrirla y asegurarla [&#8230;]\n","protected":false},"author":1,"featured_media":0,"parent":0,"menu_order":0,"comment_status":"closed","ping_status":"closed","template":"","meta":{"footnotes":""},"class_list":["post-620","page","type-page","status-publish","hentry"],"yoast_head":"<!-- This site is optimized with the Yoast SEO plugin v26.7 - https:\/\/yoast.com\/wordpress\/plugins\/seo\/ -->\n<title>Invernada | TROPIKO Espa\u00f1a<\/title>\n<meta name=\"robots\" content=\"index, follow, max-snippet:-1, max-image-preview:large, max-video-preview:-1\" \/>\n<link rel=\"canonical\" href=\"https:\/\/www.tropiko.es\/es\/invernada\/\" \/>\n<meta property=\"og:locale\" content=\"es_ES\" \/>\n<meta property=\"og:type\" content=\"article\" \/>\n<meta property=\"og:title\" content=\"Invernada | TROPIKO Espa\u00f1a\" \/>\n<meta property=\"og:description\" content=\"Una vez finalizada la temporada, recomendamos preparar la piscina para el invierno con un \u00abinvernadero\u00bb. Esto evitar\u00e1 la formaci\u00f3n de turbidez y dep\u00f3sitos durante el per\u00edodo invernal y facilitar\u00e1 enormemente la limpieza de primavera y la puesta en funcionamiento de la piscina. Si utiliza una cubierta TROPIKO en su piscina, es necesario abrirla y asegurarla [...]\" \/>\n<meta property=\"og:url\" content=\"https:\/\/www.tropiko.es\/es\/invernada\/\" \/>\n<meta property=\"og:site_name\" content=\"TROPIKO Espa\u00f1a\" \/>\n<meta property=\"article:modified_time\" content=\"2025-01-15T13:55:36+00:00\" \/>\n<meta property=\"og:image\" content=\"https:\/\/www.tropiko.es\/es\/wp-content\/uploads\/TROPIKO-zimni-obal.jpg\" \/>\n\t<meta property=\"og:image:width\" content=\"1200\" \/>\n\t<meta property=\"og:image:height\" content=\"676\" \/>\n\t<meta property=\"og:image:type\" content=\"image\/jpeg\" \/>\n<meta name=\"twitter:card\" content=\"summary_large_image\" \/>\n<meta name=\"twitter:label1\" content=\"Tiempo de lectura\" \/>\n\t<meta name=\"twitter:data1\" content=\"2 minutos\" \/>\n<script type=\"application\/ld+json\" class=\"yoast-schema-graph\">{\"@context\":\"https:\/\/schema.org\",\"@graph\":[{\"@type\":\"WebPage\",\"@id\":\"https:\/\/www.tropiko.es\/es\/invernada\/\",\"url\":\"https:\/\/www.tropiko.es\/es\/invernada\/\",\"name\":\"Invernada | TROPIKO Espa\u00f1a\",\"isPartOf\":{\"@id\":\"https:\/\/www.tropiko.es\/es\/#website\"},\"primaryImageOfPage\":{\"@id\":\"https:\/\/www.tropiko.es\/es\/invernada\/#primaryimage\"},\"image\":{\"@id\":\"https:\/\/www.tropiko.es\/es\/invernada\/#primaryimage\"},\"thumbnailUrl\":\"https:\/\/www.tropiko.es\/es\/wp-content\/uploads\/TROPIKO-zimni-obal-300x169.jpg\",\"datePublished\":\"2025-01-15T10:12:51+00:00\",\"dateModified\":\"2025-01-15T13:55:36+00:00\",\"breadcrumb\":{\"@id\":\"https:\/\/www.tropiko.es\/es\/invernada\/#breadcrumb\"},\"inLanguage\":\"es\",\"potentialAction\":[{\"@type\":\"ReadAction\",\"target\":[\"https:\/\/www.tropiko.es\/es\/invernada\/\"]}]},{\"@type\":\"ImageObject\",\"inLanguage\":\"es\",\"@id\":\"https:\/\/www.tropiko.es\/es\/invernada\/#primaryimage\",\"url\":\"https:\/\/www.tropiko.es\/es\/wp-content\/uploads\/TROPIKO-zimni-obal.jpg\",\"contentUrl\":\"https:\/\/www.tropiko.es\/es\/wp-content\/uploads\/TROPIKO-zimni-obal.jpg\",\"width\":1200,\"height\":676},{\"@type\":\"BreadcrumbList\",\"@id\":\"https:\/\/www.tropiko.es\/es\/invernada\/#breadcrumb\",\"itemListElement\":[{\"@type\":\"ListItem\",\"position\":1,\"name\":\"Dom\u016f\",\"item\":\"https:\/\/www.tropiko.es\/es\/\"},{\"@type\":\"ListItem\",\"position\":2,\"name\":\"Invernada\"}]},{\"@type\":\"WebSite\",\"@id\":\"https:\/\/www.tropiko.es\/es\/#website\",\"url\":\"https:\/\/www.tropiko.es\/es\/\",\"name\":\"TROPIKO Espa\u00f1a\",\"description\":\"\",\"publisher\":{\"@id\":\"https:\/\/www.tropiko.es\/es\/#organization\"},\"potentialAction\":[{\"@type\":\"SearchAction\",\"target\":{\"@type\":\"EntryPoint\",\"urlTemplate\":\"https:\/\/www.tropiko.es\/es\/?s={search_term_string}\"},\"query-input\":{\"@type\":\"PropertyValueSpecification\",\"valueRequired\":true,\"valueName\":\"search_term_string\"}}],\"inLanguage\":\"es\"},{\"@type\":\"Organization\",\"@id\":\"https:\/\/www.tropiko.es\/es\/#organization\",\"name\":\"TROPIKO Espa\u00f1a\",\"url\":\"https:\/\/www.tropiko.es\/es\/\",\"logo\":{\"@type\":\"ImageObject\",\"inLanguage\":\"es\",\"@id\":\"https:\/\/www.tropiko.es\/es\/#\/schema\/logo\/image\/\",\"url\":\"https:\/\/www.tropiko.es\/es\/wp-content\/uploads\/cropped-cropped-tropiko-logo2023-04-snapisem.png\",\"contentUrl\":\"https:\/\/www.tropiko.es\/es\/wp-content\/uploads\/cropped-cropped-tropiko-logo2023-04-snapisem.png\",\"width\":512,\"height\":512,\"caption\":\"TROPIKO Espa\u00f1a\"},\"image\":{\"@id\":\"https:\/\/www.tropiko.es\/es\/#\/schema\/logo\/image\/\"}}]}<\/script>\n<!-- \/ Yoast SEO plugin. -->","yoast_head_json":{"title":"Invernada | TROPIKO Espa\u00f1a","robots":{"index":"index","follow":"follow","max-snippet":"max-snippet:-1","max-image-preview":"max-image-preview:large","max-video-preview":"max-video-preview:-1"},"canonical":"https:\/\/www.tropiko.es\/es\/invernada\/","og_locale":"es_ES","og_type":"article","og_title":"Invernada | TROPIKO Espa\u00f1a","og_description":"Una vez finalizada la temporada, recomendamos preparar la piscina para el invierno con un \u00abinvernadero\u00bb. Esto evitar\u00e1 la formaci\u00f3n de turbidez y dep\u00f3sitos durante el per\u00edodo invernal y facilitar\u00e1 enormemente la limpieza de primavera y la puesta en funcionamiento de la piscina. Si utiliza una cubierta TROPIKO en su piscina, es necesario abrirla y asegurarla [...]","og_url":"https:\/\/www.tropiko.es\/es\/invernada\/","og_site_name":"TROPIKO Espa\u00f1a","article_modified_time":"2025-01-15T13:55:36+00:00","og_image":[{"width":1200,"height":676,"url":"https:\/\/www.tropiko.es\/es\/wp-content\/uploads\/TROPIKO-zimni-obal.jpg","type":"image\/jpeg"}],"twitter_card":"summary_large_image","twitter_misc":{"Tiempo de lectura":"2 minutos"},"schema":{"@context":"https:\/\/schema.org","@graph":[{"@type":"WebPage","@id":"https:\/\/www.tropiko.es\/es\/invernada\/","url":"https:\/\/www.tropiko.es\/es\/invernada\/","name":"Invernada | TROPIKO Espa\u00f1a","isPartOf":{"@id":"https:\/\/www.tropiko.es\/es\/#website"},"primaryImageOfPage":{"@id":"https:\/\/www.tropiko.es\/es\/invernada\/#primaryimage"},"image":{"@id":"https:\/\/www.tropiko.es\/es\/invernada\/#primaryimage"},"thumbnailUrl":"https:\/\/www.tropiko.es\/es\/wp-content\/uploads\/TROPIKO-zimni-obal-300x169.jpg","datePublished":"2025-01-15T10:12:51+00:00","dateModified":"2025-01-15T13:55:36+00:00","breadcrumb":{"@id":"https:\/\/www.tropiko.es\/es\/invernada\/#breadcrumb"},"inLanguage":"es","potentialAction":[{"@type":"ReadAction","target":["https:\/\/www.tropiko.es\/es\/invernada\/"]}]},{"@type":"ImageObject","inLanguage":"es","@id":"https:\/\/www.tropiko.es\/es\/invernada\/#primaryimage","url":"https:\/\/www.tropiko.es\/es\/wp-content\/uploads\/TROPIKO-zimni-obal.jpg","contentUrl":"https:\/\/www.tropiko.es\/es\/wp-content\/uploads\/TROPIKO-zimni-obal.jpg","width":1200,"height":676},{"@type":"BreadcrumbList","@id":"https:\/\/www.tropiko.es\/es\/invernada\/#breadcrumb","itemListElement":[{"@type":"ListItem","position":1,"name":"Dom\u016f","item":"https:\/\/www.tropiko.es\/es\/"},{"@type":"ListItem","position":2,"name":"Invernada"}]},{"@type":"WebSite","@id":"https:\/\/www.tropiko.es\/es\/#website","url":"https:\/\/www.tropiko.es\/es\/","name":"TROPIKO Espa\u00f1a","description":"","publisher":{"@id":"https:\/\/www.tropiko.es\/es\/#organization"},"potentialAction":[{"@type":"SearchAction","target":{"@type":"EntryPoint","urlTemplate":"https:\/\/www.tropiko.es\/es\/?s={search_term_string}"},"query-input":{"@type":"PropertyValueSpecification","valueRequired":true,"valueName":"search_term_string"}}],"inLanguage":"es"},{"@type":"Organization","@id":"https:\/\/www.tropiko.es\/es\/#organization","name":"TROPIKO Espa\u00f1a","url":"https:\/\/www.tropiko.es\/es\/","logo":{"@type":"ImageObject","inLanguage":"es","@id":"https:\/\/www.tropiko.es\/es\/#\/schema\/logo\/image\/","url":"https:\/\/www.tropiko.es\/es\/wp-content\/uploads\/cropped-cropped-tropiko-logo2023-04-snapisem.png","contentUrl":"https:\/\/www.tropiko.es\/es\/wp-content\/uploads\/cropped-cropped-tropiko-logo2023-04-snapisem.png","width":512,"height":512,"caption":"TROPIKO Espa\u00f1a"},"image":{"@id":"https:\/\/www.tropiko.es\/es\/#\/schema\/logo\/image\/"}}]}},"_links":{"self":[{"href":"https:\/\/www.tropiko.es\/es\/wp-json\/wp\/v2\/pages\/620","targetHints":{"allow":["GET"]}}],"collection":[{"href":"https:\/\/www.tropiko.es\/es\/wp-json\/wp\/v2\/pages"}],"about":[{"href":"https:\/\/www.tropiko.es\/es\/wp-json\/wp\/v2\/types\/page"}],"author":[{"embeddable":true,"href":"https:\/\/www.tropiko.es\/es\/wp-json\/wp\/v2\/users\/1"}],"replies":[{"embeddable":true,"href":"https:\/\/www.tropiko.es\/es\/wp-json\/wp\/v2\/comments?post=620"}],"version-history":[{"count":4,"href":"https:\/\/www.tropiko.es\/es\/wp-json\/wp\/v2\/pages\/620\/revisions"}],"predecessor-version":[{"id":634,"href":"https:\/\/www.tropiko.es\/es\/wp-json\/wp\/v2\/pages\/620\/revisions\/634"}],"wp:attachment":[{"href":"https:\/\/www.tropiko.es\/es\/wp-json\/wp\/v2\/media?parent=620"}],"curies":[{"name":"wp","href":"https:\/\/api.w.org\/{rel}","templated":true}]}}