{"id":9,"date":"2014-12-03T15:26:41","date_gmt":"2014-12-03T15:26:41","guid":{"rendered":"http:\/\/www.tropiko.eu\/cz\/?page_id=9"},"modified":"2025-01-15T14:39:27","modified_gmt":"2025-01-15T14:39:27","slug":"tropiko-roofing","status":"publish","type":"page","link":"https:\/\/www.tropiko.es\/es\/tropiko-roofing\/","title":{"rendered":"Cubierta para piscinas TROPIKO"},"content":{"rendered":"<p>La cubierta TROPIKO est\u00e1 dise\u00f1ada para techar piscinas de hasta 5 m de di\u00e1metro, sea puestas sobre tierra que parcial o totalmente empotradas en el suelo. . Su construcci\u00f3n sencilla pero robusta permite una manipulaci\u00f3n muy f\u00e1cil con techos de todos los tama\u00f1os. Las cubiertas TROPIKO est\u00e1n disponible en di\u00e1metros de <a href=\"https:\/\/www.tropiko.es\/es\/stitek-produktu\/cubierta-de-piscina\/\" target=\"_blank\" rel=\"noopener\">3,6 m, 4,2 m, 5,0 m a 5,5 m<\/a><span style=\"font-size: 14.4px;\">.<\/span><\/p>\n<p><a href=\"http:\/\/www.tropiko.eu\/cz\/wp-content\/uploads\/tropiko-16.jpg\"><img loading=\"lazy\" decoding=\"async\" class=\"alignnone wp-image-104 size-medium\" src=\"http:\/\/www.tropiko.eu\/cz\/wp-content\/uploads\/tropiko-16-300x225.jpg\" alt=\"Zast\u0159e\u0161en\u00ed baz\u00e9nu TROPIKO pro del\u0161\u00ed koup\u00e1n\u00ed, tepl\u00fd baz\u00e9n a \u010distou vodu jako azuro. Pro nadzemn\u00ed i zapu\u0161t\u011bn\u00e9 (kruhov\u00e9 \/ kulat\u00e9) zahradn\u00ed baz\u00e9ny.\" width=\"300\" height=\"225\" srcset=\"https:\/\/www.tropiko.es\/es\/wp-content\/uploads\/tropiko-16-300x225.jpg 300w, https:\/\/www.tropiko.es\/es\/wp-content\/uploads\/tropiko-16-1024x768.jpg 1024w, https:\/\/www.tropiko.es\/es\/wp-content\/uploads\/tropiko-16-150x113.jpg 150w, https:\/\/www.tropiko.es\/es\/wp-content\/uploads\/tropiko-16.jpg 1200w\" sizes=\"auto, (max-width: 300px) 100vw, 300px\" \/><\/a><\/p>\n<p>Al lado del calentamiento solar de agua en colectores, el techo ofrece un comparable efecto de calentamiento del agua en piscina con costes de adquisici\u00f3n similares. La cubierta tambi\u00e9n se asocia con otras ventajas: mejora significativamente la pureza del agua y el clima, aumenta la comodidad del ba\u00f1o y ahorra dinero en el mantenimiento de la piscina.<\/p>\n<p>Hicimos un gran esfuerzo para construir una cubierta que se pudiera abrir completamente, permitiendo disfrutar un pl\u00e1cido ba\u00f1o bajo el cielo de verano.<\/p>\n<p>La construcci\u00f3n del techo se compone de tubos perfilados de aluminio con superficie anodizada, que garantizan una gran firmeza y un f\u00e1cil manejo. Sobre la estructura se extiende una l\u00e1mina especial pulida y transparente, resistente a la radiaci\u00f3n UV. Gracias a la alta transparencia, incluso con el techo cerrado no se crea la sensaci\u00f3n de espacio limitado. Los bordes inferiores de la cubierta llevan tiras protectoras de poli\u00e9ster azul con tratamiento hidr\u00f3fugo. La apertura unilateral se realiza mediante un exclusivo segmento articulado, dise\u00f1ado por nuestro propio estudio de dise\u00f1o.<\/p>\n<p>La instalaci\u00f3n del techo no requiere obras ni trabajos de jardiner\u00eda.<\/p>\n<p><iframe loading=\"lazy\" src=\"\/\/www.youtube.com\/embed\/zzCjGlMyI5E\" width=\"560\" height=\"315\" frameborder=\"0\" allowfullscreen=\"allowfullscreen\"><\/iframe><\/p>\n","protected":false},"excerpt":{"rendered":"<p>La cubierta TROPIKO est\u00e1 dise\u00f1ada para techar piscinas de hasta 5 m de di\u00e1metro, sea puestas sobre tierra que parcial o totalmente empotradas en el suelo. . Su construcci\u00f3n sencilla pero robusta permite una manipulaci\u00f3n muy f\u00e1cil con techos de todos los tama\u00f1os. Las cubiertas TROPIKO est\u00e1n disponible en di\u00e1metros de 3,6 m, 4,2 m, [&#8230;]\n","protected":false},"author":1,"featured_media":0,"parent":0,"menu_order":0,"comment_status":"closed","ping_status":"open","template":"","meta":{"footnotes":""},"class_list":["post-9","page","type-page","status-publish","hentry"],"yoast_head":"<!-- This site is optimized with the Yoast SEO plugin v26.7 - https:\/\/yoast.com\/wordpress\/plugins\/seo\/ -->\n<title>Cubierta para piscinas TROPIKO | TROPIKO Espa\u00f1a<\/title>\n<meta name=\"robots\" content=\"index, follow, max-snippet:-1, max-image-preview:large, max-video-preview:-1\" \/>\n<link rel=\"canonical\" href=\"https:\/\/www.tropiko.es\/es\/tropiko-roofing\/\" \/>\n<meta property=\"og:locale\" content=\"es_ES\" \/>\n<meta property=\"og:type\" content=\"article\" \/>\n<meta property=\"og:title\" content=\"Cubierta para piscinas TROPIKO | TROPIKO Espa\u00f1a\" \/>\n<meta property=\"og:description\" content=\"La cubierta TROPIKO est\u00e1 dise\u00f1ada para techar piscinas de hasta 5 m de di\u00e1metro, sea puestas sobre tierra que parcial o totalmente empotradas en el suelo. . Su construcci\u00f3n sencilla pero robusta permite una manipulaci\u00f3n muy f\u00e1cil con techos de todos los tama\u00f1os. Las cubiertas TROPIKO est\u00e1n disponible en di\u00e1metros de 3,6 m, 4,2 m, [...]\" \/>\n<meta property=\"og:url\" content=\"https:\/\/www.tropiko.es\/es\/tropiko-roofing\/\" \/>\n<meta property=\"og:site_name\" content=\"TROPIKO Espa\u00f1a\" \/>\n<meta property=\"article:modified_time\" content=\"2025-01-15T14:39:27+00:00\" \/>\n<meta property=\"og:image\" content=\"https:\/\/www.tropiko.es\/es\/wp-content\/uploads\/tropiko-16.jpg\" \/>\n\t<meta property=\"og:image:width\" content=\"1200\" \/>\n\t<meta property=\"og:image:height\" content=\"900\" \/>\n\t<meta property=\"og:image:type\" content=\"image\/jpeg\" \/>\n<meta name=\"twitter:card\" content=\"summary_large_image\" \/>\n<meta name=\"twitter:label1\" content=\"Tiempo de lectura\" \/>\n\t<meta name=\"twitter:data1\" content=\"2 minutos\" \/>\n<script type=\"application\/ld+json\" class=\"yoast-schema-graph\">{\"@context\":\"https:\/\/schema.org\",\"@graph\":[{\"@type\":\"WebPage\",\"@id\":\"https:\/\/www.tropiko.es\/es\/tropiko-roofing\/\",\"url\":\"https:\/\/www.tropiko.es\/es\/tropiko-roofing\/\",\"name\":\"Cubierta para piscinas TROPIKO | TROPIKO Espa\u00f1a\",\"isPartOf\":{\"@id\":\"https:\/\/www.tropiko.es\/es\/#website\"},\"primaryImageOfPage\":{\"@id\":\"https:\/\/www.tropiko.es\/es\/tropiko-roofing\/#primaryimage\"},\"image\":{\"@id\":\"https:\/\/www.tropiko.es\/es\/tropiko-roofing\/#primaryimage\"},\"thumbnailUrl\":\"http:\/\/www.tropiko.eu\/cz\/wp-content\/uploads\/tropiko-16-300x225.jpg\",\"datePublished\":\"2014-12-03T15:26:41+00:00\",\"dateModified\":\"2025-01-15T14:39:27+00:00\",\"breadcrumb\":{\"@id\":\"https:\/\/www.tropiko.es\/es\/tropiko-roofing\/#breadcrumb\"},\"inLanguage\":\"es\",\"potentialAction\":[{\"@type\":\"ReadAction\",\"target\":[\"https:\/\/www.tropiko.es\/es\/tropiko-roofing\/\"]}]},{\"@type\":\"ImageObject\",\"inLanguage\":\"es\",\"@id\":\"https:\/\/www.tropiko.es\/es\/tropiko-roofing\/#primaryimage\",\"url\":\"http:\/\/www.tropiko.eu\/cz\/wp-content\/uploads\/tropiko-16-300x225.jpg\",\"contentUrl\":\"http:\/\/www.tropiko.eu\/cz\/wp-content\/uploads\/tropiko-16-300x225.jpg\"},{\"@type\":\"BreadcrumbList\",\"@id\":\"https:\/\/www.tropiko.es\/es\/tropiko-roofing\/#breadcrumb\",\"itemListElement\":[{\"@type\":\"ListItem\",\"position\":1,\"name\":\"Dom\u016f\",\"item\":\"https:\/\/www.tropiko.es\/es\/\"},{\"@type\":\"ListItem\",\"position\":2,\"name\":\"Cubierta para piscinas TROPIKO\"}]},{\"@type\":\"WebSite\",\"@id\":\"https:\/\/www.tropiko.es\/es\/#website\",\"url\":\"https:\/\/www.tropiko.es\/es\/\",\"name\":\"TROPIKO Espa\u00f1a\",\"description\":\"\",\"publisher\":{\"@id\":\"https:\/\/www.tropiko.es\/es\/#organization\"},\"potentialAction\":[{\"@type\":\"SearchAction\",\"target\":{\"@type\":\"EntryPoint\",\"urlTemplate\":\"https:\/\/www.tropiko.es\/es\/?s={search_term_string}\"},\"query-input\":{\"@type\":\"PropertyValueSpecification\",\"valueRequired\":true,\"valueName\":\"search_term_string\"}}],\"inLanguage\":\"es\"},{\"@type\":\"Organization\",\"@id\":\"https:\/\/www.tropiko.es\/es\/#organization\",\"name\":\"TROPIKO Espa\u00f1a\",\"url\":\"https:\/\/www.tropiko.es\/es\/\",\"logo\":{\"@type\":\"ImageObject\",\"inLanguage\":\"es\",\"@id\":\"https:\/\/www.tropiko.es\/es\/#\/schema\/logo\/image\/\",\"url\":\"https:\/\/www.tropiko.es\/es\/wp-content\/uploads\/cropped-cropped-tropiko-logo2023-04-snapisem.png\",\"contentUrl\":\"https:\/\/www.tropiko.es\/es\/wp-content\/uploads\/cropped-cropped-tropiko-logo2023-04-snapisem.png\",\"width\":512,\"height\":512,\"caption\":\"TROPIKO Espa\u00f1a\"},\"image\":{\"@id\":\"https:\/\/www.tropiko.es\/es\/#\/schema\/logo\/image\/\"}}]}<\/script>\n<!-- \/ Yoast SEO plugin. -->","yoast_head_json":{"title":"Cubierta para piscinas TROPIKO | TROPIKO Espa\u00f1a","robots":{"index":"index","follow":"follow","max-snippet":"max-snippet:-1","max-image-preview":"max-image-preview:large","max-video-preview":"max-video-preview:-1"},"canonical":"https:\/\/www.tropiko.es\/es\/tropiko-roofing\/","og_locale":"es_ES","og_type":"article","og_title":"Cubierta para piscinas TROPIKO | TROPIKO Espa\u00f1a","og_description":"La cubierta TROPIKO est\u00e1 dise\u00f1ada para techar piscinas de hasta 5 m de di\u00e1metro, sea puestas sobre tierra que parcial o totalmente empotradas en el suelo. . Su construcci\u00f3n sencilla pero robusta permite una manipulaci\u00f3n muy f\u00e1cil con techos de todos los tama\u00f1os. Las cubiertas TROPIKO est\u00e1n disponible en di\u00e1metros de 3,6 m, 4,2 m, [...]","og_url":"https:\/\/www.tropiko.es\/es\/tropiko-roofing\/","og_site_name":"TROPIKO Espa\u00f1a","article_modified_time":"2025-01-15T14:39:27+00:00","og_image":[{"width":1200,"height":900,"url":"https:\/\/www.tropiko.es\/es\/wp-content\/uploads\/tropiko-16.jpg","type":"image\/jpeg"}],"twitter_card":"summary_large_image","twitter_misc":{"Tiempo de lectura":"2 minutos"},"schema":{"@context":"https:\/\/schema.org","@graph":[{"@type":"WebPage","@id":"https:\/\/www.tropiko.es\/es\/tropiko-roofing\/","url":"https:\/\/www.tropiko.es\/es\/tropiko-roofing\/","name":"Cubierta para piscinas TROPIKO | TROPIKO Espa\u00f1a","isPartOf":{"@id":"https:\/\/www.tropiko.es\/es\/#website"},"primaryImageOfPage":{"@id":"https:\/\/www.tropiko.es\/es\/tropiko-roofing\/#primaryimage"},"image":{"@id":"https:\/\/www.tropiko.es\/es\/tropiko-roofing\/#primaryimage"},"thumbnailUrl":"http:\/\/www.tropiko.eu\/cz\/wp-content\/uploads\/tropiko-16-300x225.jpg","datePublished":"2014-12-03T15:26:41+00:00","dateModified":"2025-01-15T14:39:27+00:00","breadcrumb":{"@id":"https:\/\/www.tropiko.es\/es\/tropiko-roofing\/#breadcrumb"},"inLanguage":"es","potentialAction":[{"@type":"ReadAction","target":["https:\/\/www.tropiko.es\/es\/tropiko-roofing\/"]}]},{"@type":"ImageObject","inLanguage":"es","@id":"https:\/\/www.tropiko.es\/es\/tropiko-roofing\/#primaryimage","url":"http:\/\/www.tropiko.eu\/cz\/wp-content\/uploads\/tropiko-16-300x225.jpg","contentUrl":"http:\/\/www.tropiko.eu\/cz\/wp-content\/uploads\/tropiko-16-300x225.jpg"},{"@type":"BreadcrumbList","@id":"https:\/\/www.tropiko.es\/es\/tropiko-roofing\/#breadcrumb","itemListElement":[{"@type":"ListItem","position":1,"name":"Dom\u016f","item":"https:\/\/www.tropiko.es\/es\/"},{"@type":"ListItem","position":2,"name":"Cubierta para piscinas TROPIKO"}]},{"@type":"WebSite","@id":"https:\/\/www.tropiko.es\/es\/#website","url":"https:\/\/www.tropiko.es\/es\/","name":"TROPIKO Espa\u00f1a","description":"","publisher":{"@id":"https:\/\/www.tropiko.es\/es\/#organization"},"potentialAction":[{"@type":"SearchAction","target":{"@type":"EntryPoint","urlTemplate":"https:\/\/www.tropiko.es\/es\/?s={search_term_string}"},"query-input":{"@type":"PropertyValueSpecification","valueRequired":true,"valueName":"search_term_string"}}],"inLanguage":"es"},{"@type":"Organization","@id":"https:\/\/www.tropiko.es\/es\/#organization","name":"TROPIKO Espa\u00f1a","url":"https:\/\/www.tropiko.es\/es\/","logo":{"@type":"ImageObject","inLanguage":"es","@id":"https:\/\/www.tropiko.es\/es\/#\/schema\/logo\/image\/","url":"https:\/\/www.tropiko.es\/es\/wp-content\/uploads\/cropped-cropped-tropiko-logo2023-04-snapisem.png","contentUrl":"https:\/\/www.tropiko.es\/es\/wp-content\/uploads\/cropped-cropped-tropiko-logo2023-04-snapisem.png","width":512,"height":512,"caption":"TROPIKO Espa\u00f1a"},"image":{"@id":"https:\/\/www.tropiko.es\/es\/#\/schema\/logo\/image\/"}}]}},"_links":{"self":[{"href":"https:\/\/www.tropiko.es\/es\/wp-json\/wp\/v2\/pages\/9","targetHints":{"allow":["GET"]}}],"collection":[{"href":"https:\/\/www.tropiko.es\/es\/wp-json\/wp\/v2\/pages"}],"about":[{"href":"https:\/\/www.tropiko.es\/es\/wp-json\/wp\/v2\/types\/page"}],"author":[{"embeddable":true,"href":"https:\/\/www.tropiko.es\/es\/wp-json\/wp\/v2\/users\/1"}],"replies":[{"embeddable":true,"href":"https:\/\/www.tropiko.es\/es\/wp-json\/wp\/v2\/comments?post=9"}],"version-history":[{"count":13,"href":"https:\/\/www.tropiko.es\/es\/wp-json\/wp\/v2\/pages\/9\/revisions"}],"predecessor-version":[{"id":637,"href":"https:\/\/www.tropiko.es\/es\/wp-json\/wp\/v2\/pages\/9\/revisions\/637"}],"wp:attachment":[{"href":"https:\/\/www.tropiko.es\/es\/wp-json\/wp\/v2\/media?parent=9"}],"curies":[{"name":"wp","href":"https:\/\/api.w.org\/{rel}","templated":true}]}}