{"id":377,"date":"2021-06-26T20:26:50","date_gmt":"2021-06-26T20:26:50","guid":{"rendered":"https:\/\/www.tropiko.eu\/en\/?post_type=product&#038;p=377"},"modified":"2025-03-03T11:33:29","modified_gmt":"2025-03-03T11:33:29","slug":"replacement-tarpaulin-for-tropiko-550-pool-roof","status":"publish","type":"product","link":"https:\/\/www.tropiko.es\/es\/product\/replacement-tarpaulin-for-tropiko-550-pool-roof\/","title":{"rendered":"Lona de recambio para cubiertas TROPIKO 550"},"content":{"rendered":"<p>Lona de recambio para cubiertas TROPIKO 550<br \/>\nMaterial de la lona: l\u00e1mina transparente combinada con tejido azul.<br \/>\nEl paquete no incluye la estructura de aluminio.<br \/>\nSi no est\u00e1 seguro del tama\u00f1o de la cubierta de su piscina, p\u00f3ngase en contacto con nosotros por <a href=\"venta@tropiko.es\">correo electr\u00f3nico<\/a>.<\/p>\n<p><strong>Plazo de entrega:<\/strong><br \/>\nEnv\u00edo dentro de 3 d\u00edas tras la confirmaci\u00f3n del pedido.<br \/>\nEntrega de 3 a 5 d\u00edas.<\/p>\n<p><strong>Entrega:<\/strong><br \/>\nLa mercanc\u00eda se env\u00eda por mensajer\u00eda, sin montaje.<\/p>\n<p><strong>Garant\u00eda:<\/strong><br \/>\n24 meses.<\/p>\n<p><strong>Embalaje:<\/strong><br \/>\nEnvase de cart\u00f3n: 100 cm x 50 cm x 20 cm, peso: 18 kg.<\/p>\n<p>Instrucciones de instalaci\u00f3n, tarjeta de garant\u00eda e instrucciones de uso descargables en <a href=\"https:\/\/www.tropiko.es\/es\/wp-content\/uploads\/TROPIKO-zarucni_list-ES.pdf\" target=\"_blank\" rel=\"noopener\">formato PDF<\/a>.<br \/>\n<a href=\"https:\/\/www.tropiko.es\/es\/pool-roofing-installation\/\" target=\"_blank\" rel=\"noopener\">Procedimiento de instalaci\u00f3n.<\/a><\/p>\n<p>Fabricado en la Rep\u00fablica Checa.<\/p>\n<p>&nbsp;<\/p>\n","protected":false},"excerpt":{"rendered":"<p>Lona de recambio para cubiertas TROPIKO 550<br \/>\nMaterial de la lona: l\u00e1mina transparente combinada con tejido azul.<br \/>\nEl paquete no incluye la estructura de aluminio.<br \/>\nSi no est\u00e1 seguro del tama\u00f1o de la cubierta de su piscina, p\u00f3ngase en contacto con nosotros por <a href=\"venta@tropiko.es\">correo electr\u00f3nico<\/a>.<\/p>\n","protected":false},"featured_media":104,"comment_status":"closed","ping_status":"closed","template":"","meta":[],"product_brand":[56],"product_cat":[38],"product_tag":[48],"class_list":{"0":"post-377","1":"product","2":"type-product","3":"status-publish","4":"has-post-thumbnail","6":"product_brand-tropiko","7":"product_cat-spare-parts","8":"product_tag-repuestos-tropiko","9":"product_shipping_class-free-delivery","11":"first","12":"instock","13":"taxable","14":"shipping-taxable","15":"purchasable","16":"product-type-simple"},"yoast_head":"<!-- This site is optimized with the Yoast SEO plugin v26.7 - https:\/\/yoast.com\/wordpress\/plugins\/seo\/ -->\n<title>Lona de recambio para cubiertas TROPIKO 550 | TROPIKO Espa\u00f1a<\/title>\n<meta name=\"robots\" content=\"index, follow, max-snippet:-1, max-image-preview:large, max-video-preview:-1\" \/>\n<link rel=\"canonical\" href=\"https:\/\/www.tropiko.es\/es\/product\/replacement-tarpaulin-for-tropiko-550-pool-roof\/\" \/>\n<meta property=\"og:locale\" content=\"es_ES\" \/>\n<meta property=\"og:type\" content=\"article\" \/>\n<meta property=\"og:title\" content=\"Lona de recambio para cubiertas TROPIKO 550 | TROPIKO Espa\u00f1a\" \/>\n<meta property=\"og:description\" content=\"Lona de recambio para cubiertas TROPIKO 550 Material de la lona: l\u00e1mina transparente combinada con tejido azul. El paquete no incluye la estructura de aluminio. Si no est\u00e1 seguro del tama\u00f1o de la cubierta de su piscina, p\u00f3ngase en contacto con nosotros por correo electr\u00f3nico.\" \/>\n<meta property=\"og:url\" content=\"https:\/\/www.tropiko.es\/es\/product\/replacement-tarpaulin-for-tropiko-550-pool-roof\/\" \/>\n<meta property=\"og:site_name\" content=\"TROPIKO Espa\u00f1a\" \/>\n<meta property=\"article:modified_time\" content=\"2025-03-03T11:33:29+00:00\" \/>\n<meta property=\"og:image\" content=\"https:\/\/www.tropiko.es\/es\/wp-content\/uploads\/tropiko-16.jpg\" \/>\n\t<meta property=\"og:image:width\" content=\"1200\" \/>\n\t<meta property=\"og:image:height\" content=\"900\" \/>\n\t<meta property=\"og:image:type\" content=\"image\/jpeg\" \/>\n<meta name=\"twitter:card\" content=\"summary_large_image\" \/>\n<meta name=\"twitter:label1\" content=\"Tiempo de lectura\" \/>\n\t<meta name=\"twitter:data1\" content=\"1 minuto\" \/>\n<script type=\"application\/ld+json\" class=\"yoast-schema-graph\">{\"@context\":\"https:\/\/schema.org\",\"@graph\":[{\"@type\":\"WebPage\",\"@id\":\"https:\/\/www.tropiko.es\/es\/product\/replacement-tarpaulin-for-tropiko-550-pool-roof\/\",\"url\":\"https:\/\/www.tropiko.es\/es\/product\/replacement-tarpaulin-for-tropiko-550-pool-roof\/\",\"name\":\"Lona de recambio para cubiertas TROPIKO 550 | TROPIKO Espa\u00f1a\",\"isPartOf\":{\"@id\":\"https:\/\/www.tropiko.es\/es\/#website\"},\"primaryImageOfPage\":{\"@id\":\"https:\/\/www.tropiko.es\/es\/product\/replacement-tarpaulin-for-tropiko-550-pool-roof\/#primaryimage\"},\"image\":{\"@id\":\"https:\/\/www.tropiko.es\/es\/product\/replacement-tarpaulin-for-tropiko-550-pool-roof\/#primaryimage\"},\"thumbnailUrl\":\"https:\/\/www.tropiko.es\/es\/wp-content\/uploads\/tropiko-16.jpg\",\"datePublished\":\"2021-06-26T20:26:50+00:00\",\"dateModified\":\"2025-03-03T11:33:29+00:00\",\"breadcrumb\":{\"@id\":\"https:\/\/www.tropiko.es\/es\/product\/replacement-tarpaulin-for-tropiko-550-pool-roof\/#breadcrumb\"},\"inLanguage\":\"es\",\"potentialAction\":[{\"@type\":\"ReadAction\",\"target\":[\"https:\/\/www.tropiko.es\/es\/product\/replacement-tarpaulin-for-tropiko-550-pool-roof\/\"]}]},{\"@type\":\"ImageObject\",\"inLanguage\":\"es\",\"@id\":\"https:\/\/www.tropiko.es\/es\/product\/replacement-tarpaulin-for-tropiko-550-pool-roof\/#primaryimage\",\"url\":\"https:\/\/www.tropiko.es\/es\/wp-content\/uploads\/tropiko-16.jpg\",\"contentUrl\":\"https:\/\/www.tropiko.es\/es\/wp-content\/uploads\/tropiko-16.jpg\",\"width\":1200,\"height\":900,\"caption\":\"La cubierta TROPIKO garantiza agua c\u00e1lida y cristalina, proporcionando un placer de ba\u00f1o prolongado. Apta para piscinas de jard\u00edn elevadas y enterradas (circulares\/redondas).\"},{\"@type\":\"BreadcrumbList\",\"@id\":\"https:\/\/www.tropiko.es\/es\/product\/replacement-tarpaulin-for-tropiko-550-pool-roof\/#breadcrumb\",\"itemListElement\":[{\"@type\":\"ListItem\",\"position\":1,\"name\":\"Dom\u016f\",\"item\":\"https:\/\/www.tropiko.es\/es\/\"},{\"@type\":\"ListItem\",\"position\":2,\"name\":\"e-shop\",\"item\":\"https:\/\/www.tropiko.es\/es\/e-shop\/\"},{\"@type\":\"ListItem\",\"position\":3,\"name\":\"Lona de recambio para cubiertas TROPIKO 550\"}]},{\"@type\":\"WebSite\",\"@id\":\"https:\/\/www.tropiko.es\/es\/#website\",\"url\":\"https:\/\/www.tropiko.es\/es\/\",\"name\":\"TROPIKO Espa\u00f1a\",\"description\":\"\",\"publisher\":{\"@id\":\"https:\/\/www.tropiko.es\/es\/#organization\"},\"potentialAction\":[{\"@type\":\"SearchAction\",\"target\":{\"@type\":\"EntryPoint\",\"urlTemplate\":\"https:\/\/www.tropiko.es\/es\/?s={search_term_string}\"},\"query-input\":{\"@type\":\"PropertyValueSpecification\",\"valueRequired\":true,\"valueName\":\"search_term_string\"}}],\"inLanguage\":\"es\"},{\"@type\":\"Organization\",\"@id\":\"https:\/\/www.tropiko.es\/es\/#organization\",\"name\":\"TROPIKO Espa\u00f1a\",\"url\":\"https:\/\/www.tropiko.es\/es\/\",\"logo\":{\"@type\":\"ImageObject\",\"inLanguage\":\"es\",\"@id\":\"https:\/\/www.tropiko.es\/es\/#\/schema\/logo\/image\/\",\"url\":\"https:\/\/www.tropiko.es\/es\/wp-content\/uploads\/cropped-cropped-tropiko-logo2023-04-snapisem.png\",\"contentUrl\":\"https:\/\/www.tropiko.es\/es\/wp-content\/uploads\/cropped-cropped-tropiko-logo2023-04-snapisem.png\",\"width\":512,\"height\":512,\"caption\":\"TROPIKO Espa\u00f1a\"},\"image\":{\"@id\":\"https:\/\/www.tropiko.es\/es\/#\/schema\/logo\/image\/\"}}]}<\/script>\n<!-- \/ Yoast SEO plugin. -->","yoast_head_json":{"title":"Lona de recambio para cubiertas TROPIKO 550 | TROPIKO Espa\u00f1a","robots":{"index":"index","follow":"follow","max-snippet":"max-snippet:-1","max-image-preview":"max-image-preview:large","max-video-preview":"max-video-preview:-1"},"canonical":"https:\/\/www.tropiko.es\/es\/product\/replacement-tarpaulin-for-tropiko-550-pool-roof\/","og_locale":"es_ES","og_type":"article","og_title":"Lona de recambio para cubiertas TROPIKO 550 | TROPIKO Espa\u00f1a","og_description":"Lona de recambio para cubiertas TROPIKO 550 Material de la lona: l\u00e1mina transparente combinada con tejido azul. El paquete no incluye la estructura de aluminio. Si no est\u00e1 seguro del tama\u00f1o de la cubierta de su piscina, p\u00f3ngase en contacto con nosotros por correo electr\u00f3nico.","og_url":"https:\/\/www.tropiko.es\/es\/product\/replacement-tarpaulin-for-tropiko-550-pool-roof\/","og_site_name":"TROPIKO Espa\u00f1a","article_modified_time":"2025-03-03T11:33:29+00:00","og_image":[{"width":1200,"height":900,"url":"https:\/\/www.tropiko.es\/es\/wp-content\/uploads\/tropiko-16.jpg","type":"image\/jpeg"}],"twitter_card":"summary_large_image","twitter_misc":{"Tiempo de lectura":"1 minuto"},"schema":{"@context":"https:\/\/schema.org","@graph":[{"@type":"WebPage","@id":"https:\/\/www.tropiko.es\/es\/product\/replacement-tarpaulin-for-tropiko-550-pool-roof\/","url":"https:\/\/www.tropiko.es\/es\/product\/replacement-tarpaulin-for-tropiko-550-pool-roof\/","name":"Lona de recambio para cubiertas TROPIKO 550 | TROPIKO Espa\u00f1a","isPartOf":{"@id":"https:\/\/www.tropiko.es\/es\/#website"},"primaryImageOfPage":{"@id":"https:\/\/www.tropiko.es\/es\/product\/replacement-tarpaulin-for-tropiko-550-pool-roof\/#primaryimage"},"image":{"@id":"https:\/\/www.tropiko.es\/es\/product\/replacement-tarpaulin-for-tropiko-550-pool-roof\/#primaryimage"},"thumbnailUrl":"https:\/\/www.tropiko.es\/es\/wp-content\/uploads\/tropiko-16.jpg","datePublished":"2021-06-26T20:26:50+00:00","dateModified":"2025-03-03T11:33:29+00:00","breadcrumb":{"@id":"https:\/\/www.tropiko.es\/es\/product\/replacement-tarpaulin-for-tropiko-550-pool-roof\/#breadcrumb"},"inLanguage":"es","potentialAction":[{"@type":"ReadAction","target":["https:\/\/www.tropiko.es\/es\/product\/replacement-tarpaulin-for-tropiko-550-pool-roof\/"]}]},{"@type":"ImageObject","inLanguage":"es","@id":"https:\/\/www.tropiko.es\/es\/product\/replacement-tarpaulin-for-tropiko-550-pool-roof\/#primaryimage","url":"https:\/\/www.tropiko.es\/es\/wp-content\/uploads\/tropiko-16.jpg","contentUrl":"https:\/\/www.tropiko.es\/es\/wp-content\/uploads\/tropiko-16.jpg","width":1200,"height":900,"caption":"La cubierta TROPIKO garantiza agua c\u00e1lida y cristalina, proporcionando un placer de ba\u00f1o prolongado. Apta para piscinas de jard\u00edn elevadas y enterradas (circulares\/redondas)."},{"@type":"BreadcrumbList","@id":"https:\/\/www.tropiko.es\/es\/product\/replacement-tarpaulin-for-tropiko-550-pool-roof\/#breadcrumb","itemListElement":[{"@type":"ListItem","position":1,"name":"Dom\u016f","item":"https:\/\/www.tropiko.es\/es\/"},{"@type":"ListItem","position":2,"name":"e-shop","item":"https:\/\/www.tropiko.es\/es\/e-shop\/"},{"@type":"ListItem","position":3,"name":"Lona de recambio para cubiertas TROPIKO 550"}]},{"@type":"WebSite","@id":"https:\/\/www.tropiko.es\/es\/#website","url":"https:\/\/www.tropiko.es\/es\/","name":"TROPIKO Espa\u00f1a","description":"","publisher":{"@id":"https:\/\/www.tropiko.es\/es\/#organization"},"potentialAction":[{"@type":"SearchAction","target":{"@type":"EntryPoint","urlTemplate":"https:\/\/www.tropiko.es\/es\/?s={search_term_string}"},"query-input":{"@type":"PropertyValueSpecification","valueRequired":true,"valueName":"search_term_string"}}],"inLanguage":"es"},{"@type":"Organization","@id":"https:\/\/www.tropiko.es\/es\/#organization","name":"TROPIKO Espa\u00f1a","url":"https:\/\/www.tropiko.es\/es\/","logo":{"@type":"ImageObject","inLanguage":"es","@id":"https:\/\/www.tropiko.es\/es\/#\/schema\/logo\/image\/","url":"https:\/\/www.tropiko.es\/es\/wp-content\/uploads\/cropped-cropped-tropiko-logo2023-04-snapisem.png","contentUrl":"https:\/\/www.tropiko.es\/es\/wp-content\/uploads\/cropped-cropped-tropiko-logo2023-04-snapisem.png","width":512,"height":512,"caption":"TROPIKO Espa\u00f1a"},"image":{"@id":"https:\/\/www.tropiko.es\/es\/#\/schema\/logo\/image\/"}}]}},"_links":{"self":[{"href":"https:\/\/www.tropiko.es\/es\/wp-json\/wp\/v2\/product\/377","targetHints":{"allow":["GET"]}}],"collection":[{"href":"https:\/\/www.tropiko.es\/es\/wp-json\/wp\/v2\/product"}],"about":[{"href":"https:\/\/www.tropiko.es\/es\/wp-json\/wp\/v2\/types\/product"}],"replies":[{"embeddable":true,"href":"https:\/\/www.tropiko.es\/es\/wp-json\/wp\/v2\/comments?post=377"}],"wp:featuredmedia":[{"embeddable":true,"href":"https:\/\/www.tropiko.es\/es\/wp-json\/wp\/v2\/media\/104"}],"wp:attachment":[{"href":"https:\/\/www.tropiko.es\/es\/wp-json\/wp\/v2\/media?parent=377"}],"wp:term":[{"taxonomy":"product_brand","embeddable":true,"href":"https:\/\/www.tropiko.es\/es\/wp-json\/wp\/v2\/product_brand?post=377"},{"taxonomy":"product_cat","embeddable":true,"href":"https:\/\/www.tropiko.es\/es\/wp-json\/wp\/v2\/product_cat?post=377"},{"taxonomy":"product_tag","embeddable":true,"href":"https:\/\/www.tropiko.es\/es\/wp-json\/wp\/v2\/product_tag?post=377"}],"curies":[{"name":"wp","href":"https:\/\/api.w.org\/{rel}","templated":true}]}}