{"id":491,"date":"2022-04-15T18:42:39","date_gmt":"2022-04-15T18:42:39","guid":{"rendered":"https:\/\/www.tropiko.eu\/en\/?post_type=product&#038;p=491"},"modified":"2025-03-03T11:32:40","modified_gmt":"2025-03-03T11:32:40","slug":"flexifilter-140-4-pcs-in-package","status":"publish","type":"product","link":"https:\/\/www.tropiko.es\/es\/product\/flexifilter-140-4-pcs-in-package\/","title":{"rendered":"FlexiFilter 140 (4 piezas por paquete)"},"content":{"rendered":"<div>El material filtrante FlexiFilter es adecuado como sustituto de los cartuchos filtrantes convencionales para filtros de arena y de cartucho. El paquete FlexiFilter 140 contiene cuatro filtros circulares de \u00f8 14 cm (4,5 cm de grosor).<\/div>\n<ul>\n<li>Cuando se <strong>utilizan por separado<\/strong>, se pueden apilar varios filtros circulares uno encima de otro en el contenedor del filtro seg\u00fan sea necesario.<\/li>\n<li>El filtro puede utilizarse por separado como <strong>prefiltro para la filtraci\u00f3n de la piscina<\/strong> introduci\u00e9ndolo en el skimmer. El uso de un filtro circular evitar\u00e1 la entrada de peque\u00f1os residuos en las tuber\u00edas y la bomba del sistema de filtraci\u00f3n.<\/li>\n<\/ul>\n<div>FlexiFilter es un filtro de gran eficacia para uso industrial y dom\u00e9stico. FlexiFilter es un material filtrante de excelente eficacia. Mayor capacidad de filtraci\u00f3n en comparaci\u00f3n con los filtros tradicionales de arena, cartucho y otros. Gracias a la filtraci\u00f3n profunda, absorbe una mayor cantidad de impurezas. El material es ligero para facilitar su manejo. FlexiFilter funciona con una ca\u00edda de presi\u00f3n muy baja.<\/div>\n<div><\/div>\n<div><strong>La elecci\u00f3n correcta del tama\u00f1o<\/strong><\/div>\n<div>El prefiltro circular se inserta en el skimmer de la piscina en la zona del recipiente (di\u00e1metro marcado en rojo en la foto) o en la cesta profunda de la rejilla (dimensi\u00f3n marcada en amarillo en la foto), de modo que el material no interfiera con la apertura de la puerta del skimmer. Elija siempre un di\u00e1metro de prefiltro ligeramente superior a la dimensi\u00f3n medida.<\/div>\n<div><\/div>\n<div><strong>Ventajas del cartucho filtrante FlexiFilter en la filtraci\u00f3n de piscinas:<\/strong><\/div>\n<ul>\n<li>Atrapa suciedad de hasta 0,003 mm.<\/li>\n<li>F\u00e1cil manejo y sustituci\u00f3n.<\/li>\n<li>Baja ca\u00edda de presi\u00f3n = ahorro de energ\u00eda.<\/li>\n<li>Alta absorci\u00f3n de suciedad, lo que se denomina filtraci\u00f3n en profundidad.<\/li>\n<\/ul>\n<div>Plazo de entrega: env\u00edo entre 1 y 14 d\u00edas desde la confirmaci\u00f3n del pedido (seg\u00fan existencias).<\/div>\n<div>Plazo de entrega.<\/div>\n<div>Periodo de garant\u00eda: 24 meses.<\/div>\n<div>Embalaje: la bolsa de transporte contiene 2 piezas de filtro circular con un di\u00e1metro de 14 cm.<\/div>\n<div><\/div>\n<div><strong>Tenga en cuenta las siguientes instrucciones de uso:<\/strong><\/div>\n<ol>\n<li>Desconecte la unidad de filtro de la red el\u00e9ctrica.<\/li>\n<li>Abra la tapa del contenedor del filtro de acuerdo con las instrucciones del fabricante.<\/li>\n<li>Retire el material filtrante original (cartuchos, insertos filtrantes, etc.).<\/li>\n<li>Como medida de precauci\u00f3n, compruebe todas las juntas y l\u00edmpielas de suciedad.<\/li>\n<li>Apile los filtros circulares FlexiFilter en el contenedor de filtros.<\/li>\n<li>Monte y conecte la unidad de filtrado seg\u00fan las instrucciones del fabricante.<\/li>\n<\/ol>\n<div><strong>Precauci\u00f3n para sistemas con retrolavado autom\u00e1tico<\/strong><\/div>\n<div>Como la presi\u00f3n s\u00f3lo aumentar\u00e1 ligeramente debido a las impurezas al utilizar el FlexiFilter, no se activar\u00e1 el retrolavado autom\u00e1tico. Por lo tanto, compruebe regularmente el caudal en el man\u00f3metro y, si es necesario, inicie el retrolavado manualmente.<\/div>\n<p>&nbsp;<\/p>\n","protected":false},"excerpt":{"rendered":"<div>El material filtrante FlexiFilter es adecuado como sustituto de los cartuchos filtrantes convencionales para filtros de arena y de cartucho. El paquete FlexiFilter 140 contiene dos filtros circulares de \u00f8 14 cm (4,5 cm de grosor).<\/div>\n<ul>\n<li>Cuando se<strong> utilizan por separado<\/strong>, se pueden apilar varios filtros circulares uno encima de otro en el contenedor del filtro seg\u00fan sea necesario.<\/li>\n<li>El filtro puede utilizarse por separado como <strong>prefiltro para la filtraci\u00f3n de la piscina<\/strong> introduci\u00e9ndolo en el skimmer. El uso de un filtro circular evitar\u00e1 la entrada de peque\u00f1os residuos en las tuber\u00edas y la bomba del sistema de filtraci\u00f3n.<\/li>\n<\/ul>\n","protected":false},"featured_media":427,"comment_status":"closed","ping_status":"closed","template":"","meta":[],"product_brand":[57],"product_cat":[41,40,39,42],"product_tag":[44,49,43],"class_list":{"0":"post-491","1":"product","2":"type-product","3":"status-publish","4":"has-post-thumbnail","6":"product_brand-flexifilter","7":"product_cat-circular-filters","8":"product_cat-filter-material","9":"product_cat-flexifilter","10":"product_cat-prefilters","11":"product_tag-filtros-circulares","12":"product_tag-flexifilter","13":"product_tag-material-de-filtro","14":"product_shipping_class-free-delivery","16":"first","17":"instock","18":"featured","19":"taxable","20":"shipping-taxable","21":"purchasable","22":"product-type-simple"},"yoast_head":"<!-- This site is optimized with the Yoast SEO plugin v26.7 - https:\/\/yoast.com\/wordpress\/plugins\/seo\/ -->\n<title>FlexiFilter 140 (4 piezas por paquete) | TROPIKO Espa\u00f1a<\/title>\n<meta name=\"robots\" content=\"index, follow, max-snippet:-1, max-image-preview:large, max-video-preview:-1\" \/>\n<link rel=\"canonical\" href=\"https:\/\/www.tropiko.es\/es\/product\/flexifilter-140-4-pcs-in-package\/\" \/>\n<meta property=\"og:locale\" content=\"es_ES\" \/>\n<meta property=\"og:type\" content=\"article\" \/>\n<meta property=\"og:title\" content=\"FlexiFilter 140 (4 piezas por paquete) | TROPIKO Espa\u00f1a\" \/>\n<meta property=\"og:description\" content=\"El material filtrante FlexiFilter es adecuado como sustituto de los cartuchos filtrantes convencionales para filtros de arena y de cartucho. El paquete FlexiFilter 140 contiene dos filtros circulares de \u00f8 14 cm (4,5 cm de grosor).   Cuando se utilizan por separado, se pueden apilar varios filtros circulares uno encima de otro en el contenedor del filtro seg\u00fan sea necesario.  El filtro puede utilizarse por separado como prefiltro para la filtraci\u00f3n de la piscina introduci\u00e9ndolo en el skimmer. El uso de un filtro circular evitar\u00e1 la entrada de peque\u00f1os residuos en las tuber\u00edas y la bomba del sistema de filtraci\u00f3n.\" \/>\n<meta property=\"og:url\" content=\"https:\/\/www.tropiko.es\/es\/product\/flexifilter-140-4-pcs-in-package\/\" \/>\n<meta property=\"og:site_name\" content=\"TROPIKO Espa\u00f1a\" \/>\n<meta property=\"article:modified_time\" content=\"2025-03-03T11:32:40+00:00\" \/>\n<meta property=\"og:image\" content=\"https:\/\/www.tropiko.es\/es\/wp-content\/uploads\/flexiFilter-140-DE-02.jpg\" \/>\n\t<meta property=\"og:image:width\" content=\"1200\" \/>\n\t<meta property=\"og:image:height\" content=\"1200\" \/>\n\t<meta property=\"og:image:type\" content=\"image\/jpeg\" \/>\n<meta name=\"twitter:card\" content=\"summary_large_image\" \/>\n<meta name=\"twitter:label1\" content=\"Tiempo de lectura\" \/>\n\t<meta name=\"twitter:data1\" content=\"3 minutos\" \/>\n<script type=\"application\/ld+json\" class=\"yoast-schema-graph\">{\"@context\":\"https:\/\/schema.org\",\"@graph\":[{\"@type\":\"WebPage\",\"@id\":\"https:\/\/www.tropiko.es\/es\/product\/flexifilter-140-4-pcs-in-package\/\",\"url\":\"https:\/\/www.tropiko.es\/es\/product\/flexifilter-140-4-pcs-in-package\/\",\"name\":\"FlexiFilter 140 (4 piezas por paquete) | TROPIKO Espa\u00f1a\",\"isPartOf\":{\"@id\":\"https:\/\/www.tropiko.es\/es\/#website\"},\"primaryImageOfPage\":{\"@id\":\"https:\/\/www.tropiko.es\/es\/product\/flexifilter-140-4-pcs-in-package\/#primaryimage\"},\"image\":{\"@id\":\"https:\/\/www.tropiko.es\/es\/product\/flexifilter-140-4-pcs-in-package\/#primaryimage\"},\"thumbnailUrl\":\"https:\/\/www.tropiko.es\/es\/wp-content\/uploads\/flexiFilter-140-DE-02.jpg\",\"datePublished\":\"2022-04-15T18:42:39+00:00\",\"dateModified\":\"2025-03-03T11:32:40+00:00\",\"breadcrumb\":{\"@id\":\"https:\/\/www.tropiko.es\/es\/product\/flexifilter-140-4-pcs-in-package\/#breadcrumb\"},\"inLanguage\":\"es\",\"potentialAction\":[{\"@type\":\"ReadAction\",\"target\":[\"https:\/\/www.tropiko.es\/es\/product\/flexifilter-140-4-pcs-in-package\/\"]}]},{\"@type\":\"ImageObject\",\"inLanguage\":\"es\",\"@id\":\"https:\/\/www.tropiko.es\/es\/product\/flexifilter-140-4-pcs-in-package\/#primaryimage\",\"url\":\"https:\/\/www.tropiko.es\/es\/wp-content\/uploads\/flexiFilter-140-DE-02.jpg\",\"contentUrl\":\"https:\/\/www.tropiko.es\/es\/wp-content\/uploads\/flexiFilter-140-DE-02.jpg\",\"width\":1200,\"height\":1200,\"caption\":\"FlexiFilter 140\"},{\"@type\":\"BreadcrumbList\",\"@id\":\"https:\/\/www.tropiko.es\/es\/product\/flexifilter-140-4-pcs-in-package\/#breadcrumb\",\"itemListElement\":[{\"@type\":\"ListItem\",\"position\":1,\"name\":\"Dom\u016f\",\"item\":\"https:\/\/www.tropiko.es\/es\/\"},{\"@type\":\"ListItem\",\"position\":2,\"name\":\"e-shop\",\"item\":\"https:\/\/www.tropiko.es\/es\/e-shop\/\"},{\"@type\":\"ListItem\",\"position\":3,\"name\":\"FlexiFilter 140 (4 piezas por paquete)\"}]},{\"@type\":\"WebSite\",\"@id\":\"https:\/\/www.tropiko.es\/es\/#website\",\"url\":\"https:\/\/www.tropiko.es\/es\/\",\"name\":\"TROPIKO Espa\u00f1a\",\"description\":\"\",\"publisher\":{\"@id\":\"https:\/\/www.tropiko.es\/es\/#organization\"},\"potentialAction\":[{\"@type\":\"SearchAction\",\"target\":{\"@type\":\"EntryPoint\",\"urlTemplate\":\"https:\/\/www.tropiko.es\/es\/?s={search_term_string}\"},\"query-input\":{\"@type\":\"PropertyValueSpecification\",\"valueRequired\":true,\"valueName\":\"search_term_string\"}}],\"inLanguage\":\"es\"},{\"@type\":\"Organization\",\"@id\":\"https:\/\/www.tropiko.es\/es\/#organization\",\"name\":\"TROPIKO Espa\u00f1a\",\"url\":\"https:\/\/www.tropiko.es\/es\/\",\"logo\":{\"@type\":\"ImageObject\",\"inLanguage\":\"es\",\"@id\":\"https:\/\/www.tropiko.es\/es\/#\/schema\/logo\/image\/\",\"url\":\"https:\/\/www.tropiko.es\/es\/wp-content\/uploads\/cropped-cropped-tropiko-logo2023-04-snapisem.png\",\"contentUrl\":\"https:\/\/www.tropiko.es\/es\/wp-content\/uploads\/cropped-cropped-tropiko-logo2023-04-snapisem.png\",\"width\":512,\"height\":512,\"caption\":\"TROPIKO Espa\u00f1a\"},\"image\":{\"@id\":\"https:\/\/www.tropiko.es\/es\/#\/schema\/logo\/image\/\"}}]}<\/script>\n<!-- \/ Yoast SEO plugin. -->","yoast_head_json":{"title":"FlexiFilter 140 (4 piezas por paquete) | TROPIKO Espa\u00f1a","robots":{"index":"index","follow":"follow","max-snippet":"max-snippet:-1","max-image-preview":"max-image-preview:large","max-video-preview":"max-video-preview:-1"},"canonical":"https:\/\/www.tropiko.es\/es\/product\/flexifilter-140-4-pcs-in-package\/","og_locale":"es_ES","og_type":"article","og_title":"FlexiFilter 140 (4 piezas por paquete) | TROPIKO Espa\u00f1a","og_description":"El material filtrante FlexiFilter es adecuado como sustituto de los cartuchos filtrantes convencionales para filtros de arena y de cartucho. El paquete FlexiFilter 140 contiene dos filtros circulares de \u00f8 14 cm (4,5 cm de grosor).   Cuando se utilizan por separado, se pueden apilar varios filtros circulares uno encima de otro en el contenedor del filtro seg\u00fan sea necesario.  El filtro puede utilizarse por separado como prefiltro para la filtraci\u00f3n de la piscina introduci\u00e9ndolo en el skimmer. El uso de un filtro circular evitar\u00e1 la entrada de peque\u00f1os residuos en las tuber\u00edas y la bomba del sistema de filtraci\u00f3n.","og_url":"https:\/\/www.tropiko.es\/es\/product\/flexifilter-140-4-pcs-in-package\/","og_site_name":"TROPIKO Espa\u00f1a","article_modified_time":"2025-03-03T11:32:40+00:00","og_image":[{"width":1200,"height":1200,"url":"https:\/\/www.tropiko.es\/es\/wp-content\/uploads\/flexiFilter-140-DE-02.jpg","type":"image\/jpeg"}],"twitter_card":"summary_large_image","twitter_misc":{"Tiempo de lectura":"3 minutos"},"schema":{"@context":"https:\/\/schema.org","@graph":[{"@type":"WebPage","@id":"https:\/\/www.tropiko.es\/es\/product\/flexifilter-140-4-pcs-in-package\/","url":"https:\/\/www.tropiko.es\/es\/product\/flexifilter-140-4-pcs-in-package\/","name":"FlexiFilter 140 (4 piezas por paquete) | TROPIKO Espa\u00f1a","isPartOf":{"@id":"https:\/\/www.tropiko.es\/es\/#website"},"primaryImageOfPage":{"@id":"https:\/\/www.tropiko.es\/es\/product\/flexifilter-140-4-pcs-in-package\/#primaryimage"},"image":{"@id":"https:\/\/www.tropiko.es\/es\/product\/flexifilter-140-4-pcs-in-package\/#primaryimage"},"thumbnailUrl":"https:\/\/www.tropiko.es\/es\/wp-content\/uploads\/flexiFilter-140-DE-02.jpg","datePublished":"2022-04-15T18:42:39+00:00","dateModified":"2025-03-03T11:32:40+00:00","breadcrumb":{"@id":"https:\/\/www.tropiko.es\/es\/product\/flexifilter-140-4-pcs-in-package\/#breadcrumb"},"inLanguage":"es","potentialAction":[{"@type":"ReadAction","target":["https:\/\/www.tropiko.es\/es\/product\/flexifilter-140-4-pcs-in-package\/"]}]},{"@type":"ImageObject","inLanguage":"es","@id":"https:\/\/www.tropiko.es\/es\/product\/flexifilter-140-4-pcs-in-package\/#primaryimage","url":"https:\/\/www.tropiko.es\/es\/wp-content\/uploads\/flexiFilter-140-DE-02.jpg","contentUrl":"https:\/\/www.tropiko.es\/es\/wp-content\/uploads\/flexiFilter-140-DE-02.jpg","width":1200,"height":1200,"caption":"FlexiFilter 140"},{"@type":"BreadcrumbList","@id":"https:\/\/www.tropiko.es\/es\/product\/flexifilter-140-4-pcs-in-package\/#breadcrumb","itemListElement":[{"@type":"ListItem","position":1,"name":"Dom\u016f","item":"https:\/\/www.tropiko.es\/es\/"},{"@type":"ListItem","position":2,"name":"e-shop","item":"https:\/\/www.tropiko.es\/es\/e-shop\/"},{"@type":"ListItem","position":3,"name":"FlexiFilter 140 (4 piezas por paquete)"}]},{"@type":"WebSite","@id":"https:\/\/www.tropiko.es\/es\/#website","url":"https:\/\/www.tropiko.es\/es\/","name":"TROPIKO Espa\u00f1a","description":"","publisher":{"@id":"https:\/\/www.tropiko.es\/es\/#organization"},"potentialAction":[{"@type":"SearchAction","target":{"@type":"EntryPoint","urlTemplate":"https:\/\/www.tropiko.es\/es\/?s={search_term_string}"},"query-input":{"@type":"PropertyValueSpecification","valueRequired":true,"valueName":"search_term_string"}}],"inLanguage":"es"},{"@type":"Organization","@id":"https:\/\/www.tropiko.es\/es\/#organization","name":"TROPIKO Espa\u00f1a","url":"https:\/\/www.tropiko.es\/es\/","logo":{"@type":"ImageObject","inLanguage":"es","@id":"https:\/\/www.tropiko.es\/es\/#\/schema\/logo\/image\/","url":"https:\/\/www.tropiko.es\/es\/wp-content\/uploads\/cropped-cropped-tropiko-logo2023-04-snapisem.png","contentUrl":"https:\/\/www.tropiko.es\/es\/wp-content\/uploads\/cropped-cropped-tropiko-logo2023-04-snapisem.png","width":512,"height":512,"caption":"TROPIKO Espa\u00f1a"},"image":{"@id":"https:\/\/www.tropiko.es\/es\/#\/schema\/logo\/image\/"}}]}},"_links":{"self":[{"href":"https:\/\/www.tropiko.es\/es\/wp-json\/wp\/v2\/product\/491","targetHints":{"allow":["GET"]}}],"collection":[{"href":"https:\/\/www.tropiko.es\/es\/wp-json\/wp\/v2\/product"}],"about":[{"href":"https:\/\/www.tropiko.es\/es\/wp-json\/wp\/v2\/types\/product"}],"replies":[{"embeddable":true,"href":"https:\/\/www.tropiko.es\/es\/wp-json\/wp\/v2\/comments?post=491"}],"wp:featuredmedia":[{"embeddable":true,"href":"https:\/\/www.tropiko.es\/es\/wp-json\/wp\/v2\/media\/427"}],"wp:attachment":[{"href":"https:\/\/www.tropiko.es\/es\/wp-json\/wp\/v2\/media?parent=491"}],"wp:term":[{"taxonomy":"product_brand","embeddable":true,"href":"https:\/\/www.tropiko.es\/es\/wp-json\/wp\/v2\/product_brand?post=491"},{"taxonomy":"product_cat","embeddable":true,"href":"https:\/\/www.tropiko.es\/es\/wp-json\/wp\/v2\/product_cat?post=491"},{"taxonomy":"product_tag","embeddable":true,"href":"https:\/\/www.tropiko.es\/es\/wp-json\/wp\/v2\/product_tag?post=491"}],"curies":[{"name":"wp","href":"https:\/\/api.w.org\/{rel}","templated":true}]}}