{"id":503,"date":"2022-04-16T15:21:44","date_gmt":"2022-04-16T15:21:44","guid":{"rendered":"https:\/\/www.tropiko.eu\/en\/?post_type=product&#038;p=503"},"modified":"2025-03-03T11:31:36","modified_gmt":"2025-03-03T11:31:36","slug":"flexifilter-560","status":"publish","type":"product","link":"https:\/\/www.tropiko.es\/es\/product\/flexifilter-560\/","title":{"rendered":"FlexiFilter 560"},"content":{"rendered":"<div>El material filtrante FlexiFilter es adecuado como sustituto de los cartuchos filtrantes convencionales para filtros de arena y de cartucho. El paquete FlexiFilter 400 contiene un filtro circular de \u00f8 56 cm (4,5 cm de grosor).<\/div>\n<ul>\n<li>Cuando se utilizan por separado, se pueden apilar varios filtros circulares uno encima de otro en el contenedor del filtro seg\u00fan sea necesario.<\/li>\n<li>El cartucho filtrante \u00abFlexiFilter 50\u00bb se recomienda como complemento del filtro para la filtraci\u00f3n profunda de l\u00edquidos. El filtro circular asegura la eficacia global de filtraci\u00f3n, el cartucho \u00ab50\u00bb asegura la capacidad de volumen de su filtraci\u00f3n.<br \/>\nSi combina el cartucho con los cubos FlexiFilter 50, introduzca el filtro circular como \u00faltima capa. No llene nunca completamente el recipiente del filtro.<\/li>\n<\/ul>\n<div>FlexiFilter es un filtro de gran eficacia para uso industrial y dom\u00e9stico. FlexiFilter es un material filtrante de excelente eficacia. Mayor capacidad de filtraci\u00f3n en comparaci\u00f3n con los filtros tradicionales de arena, cartucho y otros. Gracias a la filtraci\u00f3n profunda, absorbe una mayor cantidad de impurezas. El material es ligero para facilitar su manejo. FlexiFilter funciona con una ca\u00edda de presi\u00f3n muy baja.<\/div>\n<div><\/div>\n<div><strong>Ventajas del cartucho filtrante FlexiFilter cuando se utiliza en la filtraci\u00f3n de piscinas:<\/strong><\/div>\n<ul>\n<li>Captura de impurezas de hasta 0,003 mm.<\/li>\n<li>F\u00e1cil manejo y sustituci\u00f3n.<\/li>\n<li>Baja ca\u00edda de presi\u00f3n = ahorro de energ\u00eda.<\/li>\n<li>Alta absorci\u00f3n de suciedad, la llamada filtraci\u00f3n en profundidad.<\/li>\n<\/ul>\n<div>Plazo de entrega:\u00a0env\u00edo entre 1 y 14 d\u00edas desde la confirmaci\u00f3n del pedido (seg\u00fan existencias).<\/div>\n<div>Plazo de entrega.<\/div>\n<div>Periodo de garant\u00eda: 24 meses.<\/div>\n<div>Embalaje: la bolsa de transporte contiene 1 pieza de filtro circular de 56 cm de di\u00e1metro.<\/div>\n<div><\/div>\n<div><strong>Tenga en cuenta las siguientes instrucciones de uso:<\/strong><\/div>\n<ol>\n<li>Desconecte el filtro de la red el\u00e9ctrica.<\/li>\n<li>Abra la tapa del contenedor del filtro de acuerdo con las instrucciones del fabricante.<\/li>\n<li>Retire el material filtrante original (arena, cartuchos filtrantes, etc.).<\/li>\n<li>Compruebe todas las juntas como medida de precauci\u00f3n y l\u00edmpielas de suciedad.<\/li>\n<li>Coloque los filtros circulares FlexiFilter en el contenedor de filtros. Si combina el cartucho con los cubos FlexiFilter 50, introduzca el filtro circular como \u00faltima capa. No llene nunca completamente el contenedor del filtro.<\/li>\n<li>Monte y conecte el dispositivo de filtrado siguiendo las instrucciones del fabricante.<\/li>\n<\/ol>\n<p><strong>Precauci\u00f3n para sistemas con retrolavado autom\u00e1tico<\/strong><br \/>\nComo la presi\u00f3n s\u00f3lo aumentar\u00e1 ligeramente debido a las impurezas al utilizar el FlexiFilter, no se activar\u00e1 el retrolavado autom\u00e1tico. Por lo tanto, compruebe regularmente el caudal en el man\u00f3metro y, si es necesario, inicie el retrolavado manualmente.<\/p>\n","protected":false},"excerpt":{"rendered":"<div>El material filtrante FlexiFilter es adecuado como sustituto de los cartuchos filtrantes convencionales para filtros de arena y de cartucho. El paquete FlexiFilter 400 contiene un filtro circular de \u00f8 56 cm (4,5 cm de grosor).<\/div>\n<ul>\n<li>Cuando se utilizan por separado, se pueden apilar varios filtros circulares uno encima de otro en el contenedor del filtro seg\u00fan sea necesario.<\/li>\n<li>El cartucho filtrante \u00abFlexiFilter 50\u00bb se recomienda como complemento del filtro para la filtraci\u00f3n profunda de l\u00edquidos. El filtro circular asegura la eficacia global de filtraci\u00f3n, el cartucho \u00ab50\u00bb asegura la capacidad de volumen de su filtraci\u00f3n.<br \/>\nSi combina el cartucho con los cubos FlexiFilter 50, introduzca el filtro circular como \u00faltima capa. No llene nunca completamente el recipiente del filtro.<\/li>\n<\/ul>\n","protected":false},"featured_media":453,"comment_status":"closed","ping_status":"closed","template":"","meta":[],"product_brand":[57],"product_cat":[41,40,39],"product_tag":[44,49,43,47],"class_list":{"0":"post-503","1":"product","2":"type-product","3":"status-publish","4":"has-post-thumbnail","6":"product_brand-flexifilter","7":"product_cat-circular-filters","8":"product_cat-filter-material","9":"product_cat-flexifilter","10":"product_tag-filtros-circulares","11":"product_tag-flexifilter","12":"product_tag-material-de-filtro","13":"product_tag-reemplazo-de-arena-en-la-filtracion-de-piscinas","14":"product_shipping_class-free-delivery","16":"first","17":"instock","18":"featured","19":"taxable","20":"shipping-taxable","21":"purchasable","22":"product-type-simple"},"yoast_head":"<!-- This site is optimized with the Yoast SEO plugin v26.7 - https:\/\/yoast.com\/wordpress\/plugins\/seo\/ -->\n<title>FlexiFilter 560 | TROPIKO Espa\u00f1a<\/title>\n<meta name=\"robots\" content=\"index, follow, max-snippet:-1, max-image-preview:large, max-video-preview:-1\" \/>\n<link rel=\"canonical\" href=\"https:\/\/www.tropiko.es\/es\/product\/flexifilter-560\/\" \/>\n<meta property=\"og:locale\" content=\"es_ES\" \/>\n<meta property=\"og:type\" content=\"article\" \/>\n<meta property=\"og:title\" content=\"FlexiFilter 560 | TROPIKO Espa\u00f1a\" \/>\n<meta property=\"og:description\" content=\"El material filtrante FlexiFilter es adecuado como sustituto de los cartuchos filtrantes convencionales para filtros de arena y de cartucho. El paquete FlexiFilter 400 contiene un filtro circular de \u00f8 56 cm (4,5 cm de grosor).   Cuando se utilizan por separado, se pueden apilar varios filtros circulares uno encima de otro en el contenedor del filtro seg\u00fan sea necesario.  El cartucho filtrante &quot;FlexiFilter 50&quot; se recomienda como complemento del filtro para la filtraci\u00f3n profunda de l\u00edquidos. El filtro circular asegura la eficacia global de filtraci\u00f3n, el cartucho &quot;50&quot; asegura la capacidad de volumen de su filtraci\u00f3n. Si combina el cartucho con los cubos FlexiFilter 50, introduzca el filtro circular como \u00faltima capa. No llene nunca completamente el recipiente del filtro.\" \/>\n<meta property=\"og:url\" content=\"https:\/\/www.tropiko.es\/es\/product\/flexifilter-560\/\" \/>\n<meta property=\"og:site_name\" content=\"TROPIKO Espa\u00f1a\" \/>\n<meta property=\"article:modified_time\" content=\"2025-03-03T11:31:36+00:00\" \/>\n<meta property=\"og:image\" content=\"https:\/\/www.tropiko.es\/es\/wp-content\/uploads\/flexifilter-560.png\" \/>\n\t<meta property=\"og:image:width\" content=\"764\" \/>\n\t<meta property=\"og:image:height\" content=\"684\" \/>\n\t<meta property=\"og:image:type\" content=\"image\/png\" \/>\n<meta name=\"twitter:card\" content=\"summary_large_image\" \/>\n<meta name=\"twitter:label1\" content=\"Tiempo de lectura\" \/>\n\t<meta name=\"twitter:data1\" content=\"3 minutos\" \/>\n<script type=\"application\/ld+json\" class=\"yoast-schema-graph\">{\"@context\":\"https:\/\/schema.org\",\"@graph\":[{\"@type\":\"WebPage\",\"@id\":\"https:\/\/www.tropiko.es\/es\/product\/flexifilter-560\/\",\"url\":\"https:\/\/www.tropiko.es\/es\/product\/flexifilter-560\/\",\"name\":\"FlexiFilter 560 | TROPIKO Espa\u00f1a\",\"isPartOf\":{\"@id\":\"https:\/\/www.tropiko.es\/es\/#website\"},\"primaryImageOfPage\":{\"@id\":\"https:\/\/www.tropiko.es\/es\/product\/flexifilter-560\/#primaryimage\"},\"image\":{\"@id\":\"https:\/\/www.tropiko.es\/es\/product\/flexifilter-560\/#primaryimage\"},\"thumbnailUrl\":\"https:\/\/www.tropiko.es\/es\/wp-content\/uploads\/flexifilter-560.png\",\"datePublished\":\"2022-04-16T15:21:44+00:00\",\"dateModified\":\"2025-03-03T11:31:36+00:00\",\"breadcrumb\":{\"@id\":\"https:\/\/www.tropiko.es\/es\/product\/flexifilter-560\/#breadcrumb\"},\"inLanguage\":\"es\",\"potentialAction\":[{\"@type\":\"ReadAction\",\"target\":[\"https:\/\/www.tropiko.es\/es\/product\/flexifilter-560\/\"]}]},{\"@type\":\"ImageObject\",\"inLanguage\":\"es\",\"@id\":\"https:\/\/www.tropiko.es\/es\/product\/flexifilter-560\/#primaryimage\",\"url\":\"https:\/\/www.tropiko.es\/es\/wp-content\/uploads\/flexifilter-560.png\",\"contentUrl\":\"https:\/\/www.tropiko.es\/es\/wp-content\/uploads\/flexifilter-560.png\",\"width\":764,\"height\":684,\"caption\":\"FlexiFilter 560\"},{\"@type\":\"BreadcrumbList\",\"@id\":\"https:\/\/www.tropiko.es\/es\/product\/flexifilter-560\/#breadcrumb\",\"itemListElement\":[{\"@type\":\"ListItem\",\"position\":1,\"name\":\"Dom\u016f\",\"item\":\"https:\/\/www.tropiko.es\/es\/\"},{\"@type\":\"ListItem\",\"position\":2,\"name\":\"e-shop\",\"item\":\"https:\/\/www.tropiko.es\/es\/e-shop\/\"},{\"@type\":\"ListItem\",\"position\":3,\"name\":\"FlexiFilter 560\"}]},{\"@type\":\"WebSite\",\"@id\":\"https:\/\/www.tropiko.es\/es\/#website\",\"url\":\"https:\/\/www.tropiko.es\/es\/\",\"name\":\"TROPIKO Espa\u00f1a\",\"description\":\"\",\"publisher\":{\"@id\":\"https:\/\/www.tropiko.es\/es\/#organization\"},\"potentialAction\":[{\"@type\":\"SearchAction\",\"target\":{\"@type\":\"EntryPoint\",\"urlTemplate\":\"https:\/\/www.tropiko.es\/es\/?s={search_term_string}\"},\"query-input\":{\"@type\":\"PropertyValueSpecification\",\"valueRequired\":true,\"valueName\":\"search_term_string\"}}],\"inLanguage\":\"es\"},{\"@type\":\"Organization\",\"@id\":\"https:\/\/www.tropiko.es\/es\/#organization\",\"name\":\"TROPIKO Espa\u00f1a\",\"url\":\"https:\/\/www.tropiko.es\/es\/\",\"logo\":{\"@type\":\"ImageObject\",\"inLanguage\":\"es\",\"@id\":\"https:\/\/www.tropiko.es\/es\/#\/schema\/logo\/image\/\",\"url\":\"https:\/\/www.tropiko.es\/es\/wp-content\/uploads\/cropped-cropped-tropiko-logo2023-04-snapisem.png\",\"contentUrl\":\"https:\/\/www.tropiko.es\/es\/wp-content\/uploads\/cropped-cropped-tropiko-logo2023-04-snapisem.png\",\"width\":512,\"height\":512,\"caption\":\"TROPIKO Espa\u00f1a\"},\"image\":{\"@id\":\"https:\/\/www.tropiko.es\/es\/#\/schema\/logo\/image\/\"}}]}<\/script>\n<!-- \/ Yoast SEO plugin. -->","yoast_head_json":{"title":"FlexiFilter 560 | TROPIKO Espa\u00f1a","robots":{"index":"index","follow":"follow","max-snippet":"max-snippet:-1","max-image-preview":"max-image-preview:large","max-video-preview":"max-video-preview:-1"},"canonical":"https:\/\/www.tropiko.es\/es\/product\/flexifilter-560\/","og_locale":"es_ES","og_type":"article","og_title":"FlexiFilter 560 | TROPIKO Espa\u00f1a","og_description":"El material filtrante FlexiFilter es adecuado como sustituto de los cartuchos filtrantes convencionales para filtros de arena y de cartucho. El paquete FlexiFilter 400 contiene un filtro circular de \u00f8 56 cm (4,5 cm de grosor).   Cuando se utilizan por separado, se pueden apilar varios filtros circulares uno encima de otro en el contenedor del filtro seg\u00fan sea necesario.  El cartucho filtrante \"FlexiFilter 50\" se recomienda como complemento del filtro para la filtraci\u00f3n profunda de l\u00edquidos. El filtro circular asegura la eficacia global de filtraci\u00f3n, el cartucho \"50\" asegura la capacidad de volumen de su filtraci\u00f3n. Si combina el cartucho con los cubos FlexiFilter 50, introduzca el filtro circular como \u00faltima capa. No llene nunca completamente el recipiente del filtro.","og_url":"https:\/\/www.tropiko.es\/es\/product\/flexifilter-560\/","og_site_name":"TROPIKO Espa\u00f1a","article_modified_time":"2025-03-03T11:31:36+00:00","og_image":[{"width":764,"height":684,"url":"https:\/\/www.tropiko.es\/es\/wp-content\/uploads\/flexifilter-560.png","type":"image\/png"}],"twitter_card":"summary_large_image","twitter_misc":{"Tiempo de lectura":"3 minutos"},"schema":{"@context":"https:\/\/schema.org","@graph":[{"@type":"WebPage","@id":"https:\/\/www.tropiko.es\/es\/product\/flexifilter-560\/","url":"https:\/\/www.tropiko.es\/es\/product\/flexifilter-560\/","name":"FlexiFilter 560 | TROPIKO Espa\u00f1a","isPartOf":{"@id":"https:\/\/www.tropiko.es\/es\/#website"},"primaryImageOfPage":{"@id":"https:\/\/www.tropiko.es\/es\/product\/flexifilter-560\/#primaryimage"},"image":{"@id":"https:\/\/www.tropiko.es\/es\/product\/flexifilter-560\/#primaryimage"},"thumbnailUrl":"https:\/\/www.tropiko.es\/es\/wp-content\/uploads\/flexifilter-560.png","datePublished":"2022-04-16T15:21:44+00:00","dateModified":"2025-03-03T11:31:36+00:00","breadcrumb":{"@id":"https:\/\/www.tropiko.es\/es\/product\/flexifilter-560\/#breadcrumb"},"inLanguage":"es","potentialAction":[{"@type":"ReadAction","target":["https:\/\/www.tropiko.es\/es\/product\/flexifilter-560\/"]}]},{"@type":"ImageObject","inLanguage":"es","@id":"https:\/\/www.tropiko.es\/es\/product\/flexifilter-560\/#primaryimage","url":"https:\/\/www.tropiko.es\/es\/wp-content\/uploads\/flexifilter-560.png","contentUrl":"https:\/\/www.tropiko.es\/es\/wp-content\/uploads\/flexifilter-560.png","width":764,"height":684,"caption":"FlexiFilter 560"},{"@type":"BreadcrumbList","@id":"https:\/\/www.tropiko.es\/es\/product\/flexifilter-560\/#breadcrumb","itemListElement":[{"@type":"ListItem","position":1,"name":"Dom\u016f","item":"https:\/\/www.tropiko.es\/es\/"},{"@type":"ListItem","position":2,"name":"e-shop","item":"https:\/\/www.tropiko.es\/es\/e-shop\/"},{"@type":"ListItem","position":3,"name":"FlexiFilter 560"}]},{"@type":"WebSite","@id":"https:\/\/www.tropiko.es\/es\/#website","url":"https:\/\/www.tropiko.es\/es\/","name":"TROPIKO Espa\u00f1a","description":"","publisher":{"@id":"https:\/\/www.tropiko.es\/es\/#organization"},"potentialAction":[{"@type":"SearchAction","target":{"@type":"EntryPoint","urlTemplate":"https:\/\/www.tropiko.es\/es\/?s={search_term_string}"},"query-input":{"@type":"PropertyValueSpecification","valueRequired":true,"valueName":"search_term_string"}}],"inLanguage":"es"},{"@type":"Organization","@id":"https:\/\/www.tropiko.es\/es\/#organization","name":"TROPIKO Espa\u00f1a","url":"https:\/\/www.tropiko.es\/es\/","logo":{"@type":"ImageObject","inLanguage":"es","@id":"https:\/\/www.tropiko.es\/es\/#\/schema\/logo\/image\/","url":"https:\/\/www.tropiko.es\/es\/wp-content\/uploads\/cropped-cropped-tropiko-logo2023-04-snapisem.png","contentUrl":"https:\/\/www.tropiko.es\/es\/wp-content\/uploads\/cropped-cropped-tropiko-logo2023-04-snapisem.png","width":512,"height":512,"caption":"TROPIKO Espa\u00f1a"},"image":{"@id":"https:\/\/www.tropiko.es\/es\/#\/schema\/logo\/image\/"}}]}},"_links":{"self":[{"href":"https:\/\/www.tropiko.es\/es\/wp-json\/wp\/v2\/product\/503","targetHints":{"allow":["GET"]}}],"collection":[{"href":"https:\/\/www.tropiko.es\/es\/wp-json\/wp\/v2\/product"}],"about":[{"href":"https:\/\/www.tropiko.es\/es\/wp-json\/wp\/v2\/types\/product"}],"replies":[{"embeddable":true,"href":"https:\/\/www.tropiko.es\/es\/wp-json\/wp\/v2\/comments?post=503"}],"wp:featuredmedia":[{"embeddable":true,"href":"https:\/\/www.tropiko.es\/es\/wp-json\/wp\/v2\/media\/453"}],"wp:attachment":[{"href":"https:\/\/www.tropiko.es\/es\/wp-json\/wp\/v2\/media?parent=503"}],"wp:term":[{"taxonomy":"product_brand","embeddable":true,"href":"https:\/\/www.tropiko.es\/es\/wp-json\/wp\/v2\/product_brand?post=503"},{"taxonomy":"product_cat","embeddable":true,"href":"https:\/\/www.tropiko.es\/es\/wp-json\/wp\/v2\/product_cat?post=503"},{"taxonomy":"product_tag","embeddable":true,"href":"https:\/\/www.tropiko.es\/es\/wp-json\/wp\/v2\/product_tag?post=503"}],"curies":[{"name":"wp","href":"https:\/\/api.w.org\/{rel}","templated":true}]}}