{"id":504,"date":"2022-04-16T15:59:12","date_gmt":"2022-04-16T15:59:12","guid":{"rendered":"https:\/\/www.tropiko.eu\/en\/?post_type=product&#038;p=504"},"modified":"2025-03-03T11:31:25","modified_gmt":"2025-03-03T11:31:25","slug":"flexifilter-50-400-kit-for-sand-filtration","status":"publish","type":"product","link":"https:\/\/www.tropiko.es\/es\/product\/flexifilter-50-400-kit-for-sand-filtration\/","title":{"rendered":"FlexiFilter 50 + 400, juego de filtraci\u00f3n de arena"},"content":{"rendered":"<div>Los cubos FlexiFilter 50 pueden sustituir a los materiales filtrantes tradicionales para la purificaci\u00f3n del agua en piscinas de jard\u00edn, grandes dep\u00f3sitos y otros sistemas acu\u00e1ticos. El material FlexiFilter puede sustituir a la arena en el sistema de filtraci\u00f3n de su piscina. Al sustituir la arena (o el cartucho) en la filtraci\u00f3n de su piscina, aumentar\u00e1 sustancialmente la calidad de la depuraci\u00f3n del agua. El kit de filtraci\u00f3n de arena contiene un paquete de FlexiFilter 50 y FlexiFilter 400 (filtro circular con un di\u00e1metro de 40 cm).<\/div>\n<div><\/div>\n<div>Se recomienda utilizar un cartucho filtrante \u00abFlexiFilter 50\u00bb como accesorio del filtro. Est\u00e1 dise\u00f1ado para una filtraci\u00f3n profunda de l\u00edquidos. El filtro redondo garantiza la eficiencia general de la filtraci\u00f3n, mientras que el cartucho \u00ab50\u00bb garantiza la capacidad de volumen de su filtraci\u00f3n.<\/div>\n<div>Si combina el cartucho con los cubos FlexiFilter 50, inserte el filtro redondo como \u00faltima capa. Nunca llene por completo la carcasa del filtro.<\/div>\n<div><\/div>\n<div>FlexiFilter 50 es un filtro de gran eficacia para uso industrial y dom\u00e9stico.<\/div>\n<p><strong>La elecci\u00f3n correcta del tama\u00f1o<\/strong><br \/>\nEl cartucho filtrante circular se inserta en el compartimento del cartucho. Elija siempre un di\u00e1metro ligeramente superior.<\/p>\n<div><strong>Ventajas del cartucho filtrante FlexiFilter cuando se utiliza en la filtraci\u00f3n de piscinas:<\/strong><\/div>\n<ul>\n<li>Captura de impurezas de hasta 0,003 mm.<\/li>\n<li>F\u00e1cil manejo y sustituci\u00f3n.<\/li>\n<li>Baja ca\u00edda de presi\u00f3n = ahorro de energ\u00eda.<\/li>\n<li>Alta absorci\u00f3n de suciedad, la llamada filtraci\u00f3n en profundidad.<\/li>\n<\/ul>\n<div>Plazo de entrega:\u00a0env\u00edo entre 1 y 14 d\u00edas desde la confirmaci\u00f3n del pedido (seg\u00fan existencias).<\/div>\n<div>Plazo de entrega.<\/div>\n<div>Periodo de garant\u00eda: 24 meses.<\/div>\n<div>Embalaje: bolsa de transporte, FlexiFilter 50 peso del contenido 300 g + 1 pieza de filtro circular de 40 cm de di\u00e1metro.<\/div>\n<div><\/div>\n<div><strong>Tenga en cuenta las siguientes instrucciones de uso:<\/strong><\/div>\n<ol>\n<li>Desconecte el filtro de la red el\u00e9ctrica.<\/li>\n<li>Abra la tapa del contenedor del filtro de acuerdo con las instrucciones del fabricante.<\/li>\n<li>Retire el material filtrante original (arena, cartuchos filtrantes, etc.).<\/li>\n<li>Compruebe todas las juntas como medida de precauci\u00f3n y l\u00edmpielas de suciedad.<\/li>\n<li>Coloque los filtros circulares FlexiFilter en el contenedor de filtros. Si combina el cartucho con los cubos FlexiFilter 50, introduzca el filtro circular como \u00faltima capa. No llene nunca completamente el contenedor del filtro.<\/li>\n<li>Monte y conecte el dispositivo de filtrado siguiendo las instrucciones del fabricante.<\/li>\n<\/ol>\n<p><strong>Precauci\u00f3n para sistemas con retrolavado autom\u00e1tico<\/strong><br \/>\nComo la presi\u00f3n s\u00f3lo aumentar\u00e1 ligeramente debido a las impurezas al utilizar el FlexiFilter, no se activar\u00e1 el retrolavado autom\u00e1tico. Por lo tanto, compruebe regularmente el caudal en el man\u00f3metro y, si es necesario, inicie el retrolavado manualmente.<\/p>\n","protected":false},"excerpt":{"rendered":"<p>Los cubos FlexiFilter 50 pueden sustituir a los materiales filtrantes tradicionales para la purificaci\u00f3n del agua en piscinas de jard\u00edn, grandes dep\u00f3sitos y otros sistemas acu\u00e1ticos. El material FlexiFilter puede sustituir a la arena en el sistema de filtraci\u00f3n de su piscina. Al sustituir la arena (o el cartucho) en la filtraci\u00f3n de su piscina, aumentar\u00e1 sustancialmente la calidad de la depuraci\u00f3n del agua. El kit de filtraci\u00f3n de arena contiene un paquete de FlexiFilter 50 y FlexiFilter 400 (filtro circular con un di\u00e1metro de 40 cm).<\/p>\n","protected":false},"featured_media":450,"comment_status":"closed","ping_status":"closed","template":"","meta":[],"product_brand":[57],"product_cat":[40,39],"product_tag":[49,43,47],"class_list":{"0":"post-504","1":"product","2":"type-product","3":"status-publish","4":"has-post-thumbnail","6":"product_brand-flexifilter","7":"product_cat-filter-material","8":"product_cat-flexifilter","9":"product_tag-flexifilter","10":"product_tag-material-de-filtro","11":"product_tag-reemplazo-de-arena-en-la-filtracion-de-piscinas","12":"product_shipping_class-free-delivery","14":"first","15":"instock","16":"featured","17":"taxable","18":"shipping-taxable","19":"purchasable","20":"product-type-simple"},"yoast_head":"<!-- This site is optimized with the Yoast SEO plugin v26.7 - https:\/\/yoast.com\/wordpress\/plugins\/seo\/ -->\n<title>FlexiFilter 50 + 400, juego de filtraci\u00f3n de arena | TROPIKO Espa\u00f1a<\/title>\n<meta name=\"robots\" content=\"index, follow, max-snippet:-1, max-image-preview:large, max-video-preview:-1\" \/>\n<link rel=\"canonical\" href=\"https:\/\/www.tropiko.es\/es\/product\/flexifilter-50-400-kit-for-sand-filtration\/\" \/>\n<meta property=\"og:locale\" content=\"es_ES\" \/>\n<meta property=\"og:type\" content=\"article\" \/>\n<meta property=\"og:title\" content=\"FlexiFilter 50 + 400, juego de filtraci\u00f3n de arena | TROPIKO Espa\u00f1a\" \/>\n<meta property=\"og:description\" content=\"Los cubos FlexiFilter 50 pueden sustituir a los materiales filtrantes tradicionales para la purificaci\u00f3n del agua en piscinas de jard\u00edn, grandes dep\u00f3sitos y otros sistemas acu\u00e1ticos. El material FlexiFilter puede sustituir a la arena en el sistema de filtraci\u00f3n de su piscina. Al sustituir la arena (o el cartucho) en la filtraci\u00f3n de su piscina, aumentar\u00e1 sustancialmente la calidad de la depuraci\u00f3n del agua. El kit de filtraci\u00f3n de arena contiene un paquete de FlexiFilter 50 y FlexiFilter 400 (filtro circular con un di\u00e1metro de 40 cm).\" \/>\n<meta property=\"og:url\" content=\"https:\/\/www.tropiko.es\/es\/product\/flexifilter-50-400-kit-for-sand-filtration\/\" \/>\n<meta property=\"og:site_name\" content=\"TROPIKO Espa\u00f1a\" \/>\n<meta property=\"article:modified_time\" content=\"2025-03-03T11:31:25+00:00\" \/>\n<meta property=\"og:image\" content=\"https:\/\/www.tropiko.es\/es\/wp-content\/uploads\/flexifilter-50-400-cz.png\" \/>\n\t<meta property=\"og:image:width\" content=\"1200\" \/>\n\t<meta property=\"og:image:height\" content=\"1200\" \/>\n\t<meta property=\"og:image:type\" content=\"image\/png\" \/>\n<meta name=\"twitter:card\" content=\"summary_large_image\" \/>\n<meta name=\"twitter:label1\" content=\"Tiempo de lectura\" \/>\n\t<meta name=\"twitter:data1\" content=\"3 minutos\" \/>\n<script type=\"application\/ld+json\" class=\"yoast-schema-graph\">{\"@context\":\"https:\/\/schema.org\",\"@graph\":[{\"@type\":\"WebPage\",\"@id\":\"https:\/\/www.tropiko.es\/es\/product\/flexifilter-50-400-kit-for-sand-filtration\/\",\"url\":\"https:\/\/www.tropiko.es\/es\/product\/flexifilter-50-400-kit-for-sand-filtration\/\",\"name\":\"FlexiFilter 50 + 400, juego de filtraci\u00f3n de arena | TROPIKO Espa\u00f1a\",\"isPartOf\":{\"@id\":\"https:\/\/www.tropiko.es\/es\/#website\"},\"primaryImageOfPage\":{\"@id\":\"https:\/\/www.tropiko.es\/es\/product\/flexifilter-50-400-kit-for-sand-filtration\/#primaryimage\"},\"image\":{\"@id\":\"https:\/\/www.tropiko.es\/es\/product\/flexifilter-50-400-kit-for-sand-filtration\/#primaryimage\"},\"thumbnailUrl\":\"https:\/\/www.tropiko.es\/es\/wp-content\/uploads\/flexifilter-50-400-cz.png\",\"datePublished\":\"2022-04-16T15:59:12+00:00\",\"dateModified\":\"2025-03-03T11:31:25+00:00\",\"breadcrumb\":{\"@id\":\"https:\/\/www.tropiko.es\/es\/product\/flexifilter-50-400-kit-for-sand-filtration\/#breadcrumb\"},\"inLanguage\":\"es\",\"potentialAction\":[{\"@type\":\"ReadAction\",\"target\":[\"https:\/\/www.tropiko.es\/es\/product\/flexifilter-50-400-kit-for-sand-filtration\/\"]}]},{\"@type\":\"ImageObject\",\"inLanguage\":\"es\",\"@id\":\"https:\/\/www.tropiko.es\/es\/product\/flexifilter-50-400-kit-for-sand-filtration\/#primaryimage\",\"url\":\"https:\/\/www.tropiko.es\/es\/wp-content\/uploads\/flexifilter-50-400-cz.png\",\"contentUrl\":\"https:\/\/www.tropiko.es\/es\/wp-content\/uploads\/flexifilter-50-400-cz.png\",\"width\":1200,\"height\":1200,\"caption\":\"FlexiFilter 50-400\"},{\"@type\":\"BreadcrumbList\",\"@id\":\"https:\/\/www.tropiko.es\/es\/product\/flexifilter-50-400-kit-for-sand-filtration\/#breadcrumb\",\"itemListElement\":[{\"@type\":\"ListItem\",\"position\":1,\"name\":\"Dom\u016f\",\"item\":\"https:\/\/www.tropiko.es\/es\/\"},{\"@type\":\"ListItem\",\"position\":2,\"name\":\"e-shop\",\"item\":\"https:\/\/www.tropiko.es\/es\/e-shop\/\"},{\"@type\":\"ListItem\",\"position\":3,\"name\":\"FlexiFilter 50 + 400, juego de filtraci\u00f3n de arena\"}]},{\"@type\":\"WebSite\",\"@id\":\"https:\/\/www.tropiko.es\/es\/#website\",\"url\":\"https:\/\/www.tropiko.es\/es\/\",\"name\":\"TROPIKO Espa\u00f1a\",\"description\":\"\",\"publisher\":{\"@id\":\"https:\/\/www.tropiko.es\/es\/#organization\"},\"potentialAction\":[{\"@type\":\"SearchAction\",\"target\":{\"@type\":\"EntryPoint\",\"urlTemplate\":\"https:\/\/www.tropiko.es\/es\/?s={search_term_string}\"},\"query-input\":{\"@type\":\"PropertyValueSpecification\",\"valueRequired\":true,\"valueName\":\"search_term_string\"}}],\"inLanguage\":\"es\"},{\"@type\":\"Organization\",\"@id\":\"https:\/\/www.tropiko.es\/es\/#organization\",\"name\":\"TROPIKO Espa\u00f1a\",\"url\":\"https:\/\/www.tropiko.es\/es\/\",\"logo\":{\"@type\":\"ImageObject\",\"inLanguage\":\"es\",\"@id\":\"https:\/\/www.tropiko.es\/es\/#\/schema\/logo\/image\/\",\"url\":\"https:\/\/www.tropiko.es\/es\/wp-content\/uploads\/cropped-cropped-tropiko-logo2023-04-snapisem.png\",\"contentUrl\":\"https:\/\/www.tropiko.es\/es\/wp-content\/uploads\/cropped-cropped-tropiko-logo2023-04-snapisem.png\",\"width\":512,\"height\":512,\"caption\":\"TROPIKO Espa\u00f1a\"},\"image\":{\"@id\":\"https:\/\/www.tropiko.es\/es\/#\/schema\/logo\/image\/\"}}]}<\/script>\n<!-- \/ Yoast SEO plugin. -->","yoast_head_json":{"title":"FlexiFilter 50 + 400, juego de filtraci\u00f3n de arena | TROPIKO Espa\u00f1a","robots":{"index":"index","follow":"follow","max-snippet":"max-snippet:-1","max-image-preview":"max-image-preview:large","max-video-preview":"max-video-preview:-1"},"canonical":"https:\/\/www.tropiko.es\/es\/product\/flexifilter-50-400-kit-for-sand-filtration\/","og_locale":"es_ES","og_type":"article","og_title":"FlexiFilter 50 + 400, juego de filtraci\u00f3n de arena | TROPIKO Espa\u00f1a","og_description":"Los cubos FlexiFilter 50 pueden sustituir a los materiales filtrantes tradicionales para la purificaci\u00f3n del agua en piscinas de jard\u00edn, grandes dep\u00f3sitos y otros sistemas acu\u00e1ticos. El material FlexiFilter puede sustituir a la arena en el sistema de filtraci\u00f3n de su piscina. Al sustituir la arena (o el cartucho) en la filtraci\u00f3n de su piscina, aumentar\u00e1 sustancialmente la calidad de la depuraci\u00f3n del agua. El kit de filtraci\u00f3n de arena contiene un paquete de FlexiFilter 50 y FlexiFilter 400 (filtro circular con un di\u00e1metro de 40 cm).","og_url":"https:\/\/www.tropiko.es\/es\/product\/flexifilter-50-400-kit-for-sand-filtration\/","og_site_name":"TROPIKO Espa\u00f1a","article_modified_time":"2025-03-03T11:31:25+00:00","og_image":[{"width":1200,"height":1200,"url":"https:\/\/www.tropiko.es\/es\/wp-content\/uploads\/flexifilter-50-400-cz.png","type":"image\/png"}],"twitter_card":"summary_large_image","twitter_misc":{"Tiempo de lectura":"3 minutos"},"schema":{"@context":"https:\/\/schema.org","@graph":[{"@type":"WebPage","@id":"https:\/\/www.tropiko.es\/es\/product\/flexifilter-50-400-kit-for-sand-filtration\/","url":"https:\/\/www.tropiko.es\/es\/product\/flexifilter-50-400-kit-for-sand-filtration\/","name":"FlexiFilter 50 + 400, juego de filtraci\u00f3n de arena | TROPIKO Espa\u00f1a","isPartOf":{"@id":"https:\/\/www.tropiko.es\/es\/#website"},"primaryImageOfPage":{"@id":"https:\/\/www.tropiko.es\/es\/product\/flexifilter-50-400-kit-for-sand-filtration\/#primaryimage"},"image":{"@id":"https:\/\/www.tropiko.es\/es\/product\/flexifilter-50-400-kit-for-sand-filtration\/#primaryimage"},"thumbnailUrl":"https:\/\/www.tropiko.es\/es\/wp-content\/uploads\/flexifilter-50-400-cz.png","datePublished":"2022-04-16T15:59:12+00:00","dateModified":"2025-03-03T11:31:25+00:00","breadcrumb":{"@id":"https:\/\/www.tropiko.es\/es\/product\/flexifilter-50-400-kit-for-sand-filtration\/#breadcrumb"},"inLanguage":"es","potentialAction":[{"@type":"ReadAction","target":["https:\/\/www.tropiko.es\/es\/product\/flexifilter-50-400-kit-for-sand-filtration\/"]}]},{"@type":"ImageObject","inLanguage":"es","@id":"https:\/\/www.tropiko.es\/es\/product\/flexifilter-50-400-kit-for-sand-filtration\/#primaryimage","url":"https:\/\/www.tropiko.es\/es\/wp-content\/uploads\/flexifilter-50-400-cz.png","contentUrl":"https:\/\/www.tropiko.es\/es\/wp-content\/uploads\/flexifilter-50-400-cz.png","width":1200,"height":1200,"caption":"FlexiFilter 50-400"},{"@type":"BreadcrumbList","@id":"https:\/\/www.tropiko.es\/es\/product\/flexifilter-50-400-kit-for-sand-filtration\/#breadcrumb","itemListElement":[{"@type":"ListItem","position":1,"name":"Dom\u016f","item":"https:\/\/www.tropiko.es\/es\/"},{"@type":"ListItem","position":2,"name":"e-shop","item":"https:\/\/www.tropiko.es\/es\/e-shop\/"},{"@type":"ListItem","position":3,"name":"FlexiFilter 50 + 400, juego de filtraci\u00f3n de arena"}]},{"@type":"WebSite","@id":"https:\/\/www.tropiko.es\/es\/#website","url":"https:\/\/www.tropiko.es\/es\/","name":"TROPIKO Espa\u00f1a","description":"","publisher":{"@id":"https:\/\/www.tropiko.es\/es\/#organization"},"potentialAction":[{"@type":"SearchAction","target":{"@type":"EntryPoint","urlTemplate":"https:\/\/www.tropiko.es\/es\/?s={search_term_string}"},"query-input":{"@type":"PropertyValueSpecification","valueRequired":true,"valueName":"search_term_string"}}],"inLanguage":"es"},{"@type":"Organization","@id":"https:\/\/www.tropiko.es\/es\/#organization","name":"TROPIKO Espa\u00f1a","url":"https:\/\/www.tropiko.es\/es\/","logo":{"@type":"ImageObject","inLanguage":"es","@id":"https:\/\/www.tropiko.es\/es\/#\/schema\/logo\/image\/","url":"https:\/\/www.tropiko.es\/es\/wp-content\/uploads\/cropped-cropped-tropiko-logo2023-04-snapisem.png","contentUrl":"https:\/\/www.tropiko.es\/es\/wp-content\/uploads\/cropped-cropped-tropiko-logo2023-04-snapisem.png","width":512,"height":512,"caption":"TROPIKO Espa\u00f1a"},"image":{"@id":"https:\/\/www.tropiko.es\/es\/#\/schema\/logo\/image\/"}}]}},"_links":{"self":[{"href":"https:\/\/www.tropiko.es\/es\/wp-json\/wp\/v2\/product\/504","targetHints":{"allow":["GET"]}}],"collection":[{"href":"https:\/\/www.tropiko.es\/es\/wp-json\/wp\/v2\/product"}],"about":[{"href":"https:\/\/www.tropiko.es\/es\/wp-json\/wp\/v2\/types\/product"}],"replies":[{"embeddable":true,"href":"https:\/\/www.tropiko.es\/es\/wp-json\/wp\/v2\/comments?post=504"}],"wp:featuredmedia":[{"embeddable":true,"href":"https:\/\/www.tropiko.es\/es\/wp-json\/wp\/v2\/media\/450"}],"wp:attachment":[{"href":"https:\/\/www.tropiko.es\/es\/wp-json\/wp\/v2\/media?parent=504"}],"wp:term":[{"taxonomy":"product_brand","embeddable":true,"href":"https:\/\/www.tropiko.es\/es\/wp-json\/wp\/v2\/product_brand?post=504"},{"taxonomy":"product_cat","embeddable":true,"href":"https:\/\/www.tropiko.es\/es\/wp-json\/wp\/v2\/product_cat?post=504"},{"taxonomy":"product_tag","embeddable":true,"href":"https:\/\/www.tropiko.es\/es\/wp-json\/wp\/v2\/product_tag?post=504"}],"curies":[{"name":"wp","href":"https:\/\/api.w.org\/{rel}","templated":true}]}}