{"id":507,"date":"2022-04-16T16:49:16","date_gmt":"2022-04-16T16:49:16","guid":{"rendered":"https:\/\/www.tropiko.eu\/en\/?post_type=product&#038;p=507"},"modified":"2025-03-03T11:31:06","modified_gmt":"2025-03-03T11:31:06","slug":"flexifilter-50-380-kit-for-sand-filtration","status":"publish","type":"product","link":"https:\/\/www.tropiko.es\/es\/product\/flexifilter-50-380-kit-for-sand-filtration\/","title":{"rendered":"FlexiFilter 50 + 380, juego de filtraci\u00f3n de arena"},"content":{"rendered":"<div>Los cubos FlexiFilter 50 pueden sustituir a los materiales filtrantes tradicionales para la purificaci\u00f3n del agua en piscinas de jard\u00edn, grandes dep\u00f3sitos y otros sistemas acu\u00e1ticos. El material FlexiFilter puede sustituir a la arena en el sistema de filtraci\u00f3n de su piscina. Al sustituir la arena (o el cartucho) en la filtraci\u00f3n de su piscina, aumentar\u00e1 sustancialmente la calidad de la depuraci\u00f3n del agua. El kit de filtraci\u00f3n de arena contiene un paquete de FlexiFilter 50 y FlexiFilter 380 (filtro circular con un di\u00e1metro de 38 cm).<\/div>\n<div><\/div>\n<div>Se recomienda utilizar un cartucho filtrante \u00abFlexiFilter 50\u00bb como accesorio del filtro. Est\u00e1 dise\u00f1ado para una filtraci\u00f3n profunda de l\u00edquidos. El filtro redondo garantiza la eficiencia general de la filtraci\u00f3n, mientras que el cartucho \u00ab50\u00bb garantiza la capacidad de volumen de su filtraci\u00f3n.<\/div>\n<div>Si combina el cartucho con los cubos FlexiFilter 50, inserte el filtro redondo como \u00faltima capa. Nunca llene por completo la carcasa del filtro.<\/div>\n<div><\/div>\n<div>FlexiFilter 50 es un filtro de gran eficacia para uso industrial y dom\u00e9stico.<\/div>\n<p><strong>La elecci\u00f3n correcta del tama\u00f1o<\/strong><br \/>\nEl cartucho filtrante circular se inserta en el compartimento del cartucho. Elija siempre un di\u00e1metro ligeramente superior.<\/p>\n<div><strong>Ventajas del cartucho filtrante FlexiFilter cuando se utiliza en la filtraci\u00f3n de piscinas:<\/strong><\/div>\n<ul>\n<li>Captura de impurezas de hasta 0,003 mm.<\/li>\n<li>F\u00e1cil manejo y sustituci\u00f3n.<\/li>\n<li>Baja ca\u00edda de presi\u00f3n = ahorro de energ\u00eda.<\/li>\n<li>Alta absorci\u00f3n de suciedad, la llamada filtraci\u00f3n en profundidad.<\/li>\n<\/ul>\n<div>Plazo de entrega:\u00a0env\u00edo entre 1 y 14 d\u00edas desde la confirmaci\u00f3n del pedido (seg\u00fan existencias).<\/div>\n<div>Plazo de entrega.<\/div>\n<div>Periodo de garant\u00eda: 24 meses.<\/div>\n<div>Embalaje: bolsa de transporte, peso del contenido 300 g TROPIKO 50 + 1 pieza de filtro circular con recorte moldeado de \u00f8 38 cm.<\/div>\n<div><\/div>\n<div><strong>Tenga en cuenta las siguientes instrucciones de uso:<\/strong><\/div>\n<ol>\n<li>Desconecte el filtro de la red el\u00e9ctrica.<\/li>\n<li>Abra la tapa del contenedor del filtro de acuerdo con las instrucciones del fabricante.<\/li>\n<li>Retire el material filtrante original (arena, cartuchos filtrantes, etc.).<\/li>\n<li>Compruebe todas las juntas como medida de precauci\u00f3n y l\u00edmpielas de suciedad.<\/li>\n<li>Coloque los filtros circulares FlexiFilter en el contenedor de filtros. Si combina el cartucho con los cubos FlexiFilter 50, introduzca el filtro circular como \u00faltima capa. No llene nunca completamente el contenedor del filtro.<\/li>\n<li>Monte y conecte el dispositivo de filtrado siguiendo las instrucciones del fabricante.<\/li>\n<\/ol>\n<p><strong>Precauci\u00f3n para sistemas con retrolavado autom\u00e1tico<\/strong><br \/>\nComo la presi\u00f3n s\u00f3lo aumentar\u00e1 ligeramente debido a las impurezas al utilizar el FlexiFilter, no se activar\u00e1 el retrolavado autom\u00e1tico. Por lo tanto, compruebe regularmente el caudal en el man\u00f3metro y, si es necesario, inicie el retrolavado manualmente.<\/p>\n<p>&nbsp;<\/p>\n<p>********************<\/p>\n<p>The FlexiFilter filter material is suitable as a replacement for common filter cartridges for sand filters. <span style=\"font-size: 14.4px;\">The sand filtration kit contains one package of FlexiFilter 50 and FlexiFIlter 380 (round filter of 38 cm in diameter with a shaped cut-out, 4.5 cm thick).<\/span><\/p>\n<p>A \u00abFlexiFilter 50\u00bb filter cartridge is recommended as an accessory part of the filter. It is designed for a deep filtration of liquids. The round filter ensures the overall efficiency of the filtration, the \u00ab50\u00bb cartridge ensures the volume capacity of your filtration.<br \/>\nIf you combine the cartridge with FlexiFilter 50 cubes, insert the round filter as the last layer. Never fill the filter housing completely.<\/p>\n<p>FlexiFilter is a highly efficient filter for industrial and domestic use. FlexiFilter is a filter material with an excellent efficiency. It has a higher filtration capacity compared to traditional sand, cartridge, and other filters. Thanks to a deep filtration, it absorbs a larger number of impurities. The material is lightweight for easy handling. FlexiFilter works with a very low pressure drop.<\/p>\n<p><strong>The right size choice<\/strong><br \/>\nThe circular filter insert is inserted into the cartridge compartment. Always choose a slightly larger diameter.<\/p>\n<p><strong>Benefits of FlexiFilter:<\/strong><\/p>\n<ul>\n<li>Trapping of impurities of up to 0.003mm.<\/li>\n<li>Easy handling and replacement.<\/li>\n<li>A low pressure drop = energy savings<\/li>\n<li>High absorption of impurities by a depth filtration.<\/li>\n<\/ul>\n<p>Delivery time: dispatch 1-14 days from order confirmation (based on the stock).<br \/>\nDelivery: The products are delivered by a delivery service provider.<br \/>\nWarranty period: 24 months.<br \/>\nPackaging: <span style=\"font-size: 14.4px;\">one bag of FlexiFilter 50 and FlexiFIlter 380 with a shaped cut-out.<\/span><\/p>\n<p><strong>Instructions for use<\/strong><br \/>\nPlease note the following instructions when using:<\/p>\n<ol>\n<li>Disconnect the filter device from the power supply.<\/li>\n<li>Open the filter housing lid according to the manufacturer\u2019s instructions.<\/li>\n<li>Remove the original filter material (cartouche, filter inserts, etc.)<\/li>\n<li>As a precaution, check all seals and clean them of dirt.<\/li>\n<li>Stack FlexiFilter round filters in the filter housing.<\/li>\n<li>Assemble and connect the filter device according to the manufacturer\u2019s instructions.<\/li>\n<\/ol>\n<p><strong>Note for systems with automatic backflushing:<\/strong><br \/>\nAs the FlexiFilter pressure increases only slightly due to the dirt, automatic backflushing will not be triggered. Therefore, check the flow rate on the pressure gauge regularly and if necessary, start the backflushing manually.<\/p>\n","protected":false},"excerpt":{"rendered":"<p>Los cubos FlexiFilter 50 pueden sustituir a los materiales filtrantes tradicionales para la purificaci\u00f3n del agua en piscinas de jard\u00edn, grandes dep\u00f3sitos y otros sistemas acu\u00e1ticos. El material FlexiFilter puede sustituir a la arena en el sistema de filtraci\u00f3n de su piscina. Al sustituir la arena (o el cartucho) en la filtraci\u00f3n de su piscina, aumentar\u00e1 sustancialmente la calidad de la depuraci\u00f3n del agua. El kit de filtraci\u00f3n de arena contiene un paquete de FlexiFilter 50 y FlexiFilter 380 (filtro circular con un di\u00e1metro de 38 cm).<\/p>\n","protected":false},"featured_media":440,"comment_status":"closed","ping_status":"closed","template":"","meta":[],"product_brand":[57],"product_cat":[41,40,39],"product_tag":[49,43,47],"class_list":{"0":"post-507","1":"product","2":"type-product","3":"status-publish","4":"has-post-thumbnail","6":"product_brand-flexifilter","7":"product_cat-circular-filters","8":"product_cat-filter-material","9":"product_cat-flexifilter","10":"product_tag-flexifilter","11":"product_tag-material-de-filtro","12":"product_tag-reemplazo-de-arena-en-la-filtracion-de-piscinas","13":"product_shipping_class-free-delivery","15":"first","16":"instock","17":"featured","18":"taxable","19":"shipping-taxable","20":"purchasable","21":"product-type-simple"},"yoast_head":"<!-- This site is optimized with the Yoast SEO plugin v26.7 - https:\/\/yoast.com\/wordpress\/plugins\/seo\/ -->\n<title>FlexiFilter 50 + 380, juego de filtraci\u00f3n de arena | TROPIKO Espa\u00f1a<\/title>\n<meta name=\"robots\" content=\"index, follow, max-snippet:-1, max-image-preview:large, max-video-preview:-1\" \/>\n<link rel=\"canonical\" href=\"https:\/\/www.tropiko.es\/es\/product\/flexifilter-50-380-kit-for-sand-filtration\/\" \/>\n<meta property=\"og:locale\" content=\"es_ES\" \/>\n<meta property=\"og:type\" content=\"article\" \/>\n<meta property=\"og:title\" content=\"FlexiFilter 50 + 380, juego de filtraci\u00f3n de arena | TROPIKO Espa\u00f1a\" \/>\n<meta property=\"og:description\" content=\"Los cubos FlexiFilter 50 pueden sustituir a los materiales filtrantes tradicionales para la purificaci\u00f3n del agua en piscinas de jard\u00edn, grandes dep\u00f3sitos y otros sistemas acu\u00e1ticos. El material FlexiFilter puede sustituir a la arena en el sistema de filtraci\u00f3n de su piscina. Al sustituir la arena (o el cartucho) en la filtraci\u00f3n de su piscina, aumentar\u00e1 sustancialmente la calidad de la depuraci\u00f3n del agua. El kit de filtraci\u00f3n de arena contiene un paquete de FlexiFilter 50 y FlexiFilter 380 (filtro circular con un di\u00e1metro de 38 cm).\" \/>\n<meta property=\"og:url\" content=\"https:\/\/www.tropiko.es\/es\/product\/flexifilter-50-380-kit-for-sand-filtration\/\" \/>\n<meta property=\"og:site_name\" content=\"TROPIKO Espa\u00f1a\" \/>\n<meta property=\"article:modified_time\" content=\"2025-03-03T11:31:06+00:00\" \/>\n<meta property=\"og:image\" content=\"https:\/\/www.tropiko.es\/es\/wp-content\/uploads\/flexifilter-380-CZ-04.jpg\" \/>\n\t<meta property=\"og:image:width\" content=\"1200\" \/>\n\t<meta property=\"og:image:height\" content=\"1045\" \/>\n\t<meta property=\"og:image:type\" content=\"image\/jpeg\" \/>\n<meta name=\"twitter:card\" content=\"summary_large_image\" \/>\n<meta name=\"twitter:label1\" content=\"Tiempo de lectura\" \/>\n\t<meta name=\"twitter:data1\" content=\"4 minutos\" \/>\n<script type=\"application\/ld+json\" class=\"yoast-schema-graph\">{\"@context\":\"https:\/\/schema.org\",\"@graph\":[{\"@type\":\"WebPage\",\"@id\":\"https:\/\/www.tropiko.es\/es\/product\/flexifilter-50-380-kit-for-sand-filtration\/\",\"url\":\"https:\/\/www.tropiko.es\/es\/product\/flexifilter-50-380-kit-for-sand-filtration\/\",\"name\":\"FlexiFilter 50 + 380, juego de filtraci\u00f3n de arena | TROPIKO Espa\u00f1a\",\"isPartOf\":{\"@id\":\"https:\/\/www.tropiko.es\/es\/#website\"},\"primaryImageOfPage\":{\"@id\":\"https:\/\/www.tropiko.es\/es\/product\/flexifilter-50-380-kit-for-sand-filtration\/#primaryimage\"},\"image\":{\"@id\":\"https:\/\/www.tropiko.es\/es\/product\/flexifilter-50-380-kit-for-sand-filtration\/#primaryimage\"},\"thumbnailUrl\":\"https:\/\/www.tropiko.es\/es\/wp-content\/uploads\/flexifilter-380-CZ-04.jpg\",\"datePublished\":\"2022-04-16T16:49:16+00:00\",\"dateModified\":\"2025-03-03T11:31:06+00:00\",\"breadcrumb\":{\"@id\":\"https:\/\/www.tropiko.es\/es\/product\/flexifilter-50-380-kit-for-sand-filtration\/#breadcrumb\"},\"inLanguage\":\"es\",\"potentialAction\":[{\"@type\":\"ReadAction\",\"target\":[\"https:\/\/www.tropiko.es\/es\/product\/flexifilter-50-380-kit-for-sand-filtration\/\"]}]},{\"@type\":\"ImageObject\",\"inLanguage\":\"es\",\"@id\":\"https:\/\/www.tropiko.es\/es\/product\/flexifilter-50-380-kit-for-sand-filtration\/#primaryimage\",\"url\":\"https:\/\/www.tropiko.es\/es\/wp-content\/uploads\/flexifilter-380-CZ-04.jpg\",\"contentUrl\":\"https:\/\/www.tropiko.es\/es\/wp-content\/uploads\/flexifilter-380-CZ-04.jpg\",\"width\":1200,\"height\":1045,\"caption\":\"FlexiFilter 380\"},{\"@type\":\"BreadcrumbList\",\"@id\":\"https:\/\/www.tropiko.es\/es\/product\/flexifilter-50-380-kit-for-sand-filtration\/#breadcrumb\",\"itemListElement\":[{\"@type\":\"ListItem\",\"position\":1,\"name\":\"Dom\u016f\",\"item\":\"https:\/\/www.tropiko.es\/es\/\"},{\"@type\":\"ListItem\",\"position\":2,\"name\":\"e-shop\",\"item\":\"https:\/\/www.tropiko.es\/es\/e-shop\/\"},{\"@type\":\"ListItem\",\"position\":3,\"name\":\"FlexiFilter 50 + 380, juego de filtraci\u00f3n de arena\"}]},{\"@type\":\"WebSite\",\"@id\":\"https:\/\/www.tropiko.es\/es\/#website\",\"url\":\"https:\/\/www.tropiko.es\/es\/\",\"name\":\"TROPIKO Espa\u00f1a\",\"description\":\"\",\"publisher\":{\"@id\":\"https:\/\/www.tropiko.es\/es\/#organization\"},\"potentialAction\":[{\"@type\":\"SearchAction\",\"target\":{\"@type\":\"EntryPoint\",\"urlTemplate\":\"https:\/\/www.tropiko.es\/es\/?s={search_term_string}\"},\"query-input\":{\"@type\":\"PropertyValueSpecification\",\"valueRequired\":true,\"valueName\":\"search_term_string\"}}],\"inLanguage\":\"es\"},{\"@type\":\"Organization\",\"@id\":\"https:\/\/www.tropiko.es\/es\/#organization\",\"name\":\"TROPIKO Espa\u00f1a\",\"url\":\"https:\/\/www.tropiko.es\/es\/\",\"logo\":{\"@type\":\"ImageObject\",\"inLanguage\":\"es\",\"@id\":\"https:\/\/www.tropiko.es\/es\/#\/schema\/logo\/image\/\",\"url\":\"https:\/\/www.tropiko.es\/es\/wp-content\/uploads\/cropped-cropped-tropiko-logo2023-04-snapisem.png\",\"contentUrl\":\"https:\/\/www.tropiko.es\/es\/wp-content\/uploads\/cropped-cropped-tropiko-logo2023-04-snapisem.png\",\"width\":512,\"height\":512,\"caption\":\"TROPIKO Espa\u00f1a\"},\"image\":{\"@id\":\"https:\/\/www.tropiko.es\/es\/#\/schema\/logo\/image\/\"}}]}<\/script>\n<!-- \/ Yoast SEO plugin. -->","yoast_head_json":{"title":"FlexiFilter 50 + 380, juego de filtraci\u00f3n de arena | TROPIKO Espa\u00f1a","robots":{"index":"index","follow":"follow","max-snippet":"max-snippet:-1","max-image-preview":"max-image-preview:large","max-video-preview":"max-video-preview:-1"},"canonical":"https:\/\/www.tropiko.es\/es\/product\/flexifilter-50-380-kit-for-sand-filtration\/","og_locale":"es_ES","og_type":"article","og_title":"FlexiFilter 50 + 380, juego de filtraci\u00f3n de arena | TROPIKO Espa\u00f1a","og_description":"Los cubos FlexiFilter 50 pueden sustituir a los materiales filtrantes tradicionales para la purificaci\u00f3n del agua en piscinas de jard\u00edn, grandes dep\u00f3sitos y otros sistemas acu\u00e1ticos. El material FlexiFilter puede sustituir a la arena en el sistema de filtraci\u00f3n de su piscina. Al sustituir la arena (o el cartucho) en la filtraci\u00f3n de su piscina, aumentar\u00e1 sustancialmente la calidad de la depuraci\u00f3n del agua. El kit de filtraci\u00f3n de arena contiene un paquete de FlexiFilter 50 y FlexiFilter 380 (filtro circular con un di\u00e1metro de 38 cm).","og_url":"https:\/\/www.tropiko.es\/es\/product\/flexifilter-50-380-kit-for-sand-filtration\/","og_site_name":"TROPIKO Espa\u00f1a","article_modified_time":"2025-03-03T11:31:06+00:00","og_image":[{"width":1200,"height":1045,"url":"https:\/\/www.tropiko.es\/es\/wp-content\/uploads\/flexifilter-380-CZ-04.jpg","type":"image\/jpeg"}],"twitter_card":"summary_large_image","twitter_misc":{"Tiempo de lectura":"4 minutos"},"schema":{"@context":"https:\/\/schema.org","@graph":[{"@type":"WebPage","@id":"https:\/\/www.tropiko.es\/es\/product\/flexifilter-50-380-kit-for-sand-filtration\/","url":"https:\/\/www.tropiko.es\/es\/product\/flexifilter-50-380-kit-for-sand-filtration\/","name":"FlexiFilter 50 + 380, juego de filtraci\u00f3n de arena | TROPIKO Espa\u00f1a","isPartOf":{"@id":"https:\/\/www.tropiko.es\/es\/#website"},"primaryImageOfPage":{"@id":"https:\/\/www.tropiko.es\/es\/product\/flexifilter-50-380-kit-for-sand-filtration\/#primaryimage"},"image":{"@id":"https:\/\/www.tropiko.es\/es\/product\/flexifilter-50-380-kit-for-sand-filtration\/#primaryimage"},"thumbnailUrl":"https:\/\/www.tropiko.es\/es\/wp-content\/uploads\/flexifilter-380-CZ-04.jpg","datePublished":"2022-04-16T16:49:16+00:00","dateModified":"2025-03-03T11:31:06+00:00","breadcrumb":{"@id":"https:\/\/www.tropiko.es\/es\/product\/flexifilter-50-380-kit-for-sand-filtration\/#breadcrumb"},"inLanguage":"es","potentialAction":[{"@type":"ReadAction","target":["https:\/\/www.tropiko.es\/es\/product\/flexifilter-50-380-kit-for-sand-filtration\/"]}]},{"@type":"ImageObject","inLanguage":"es","@id":"https:\/\/www.tropiko.es\/es\/product\/flexifilter-50-380-kit-for-sand-filtration\/#primaryimage","url":"https:\/\/www.tropiko.es\/es\/wp-content\/uploads\/flexifilter-380-CZ-04.jpg","contentUrl":"https:\/\/www.tropiko.es\/es\/wp-content\/uploads\/flexifilter-380-CZ-04.jpg","width":1200,"height":1045,"caption":"FlexiFilter 380"},{"@type":"BreadcrumbList","@id":"https:\/\/www.tropiko.es\/es\/product\/flexifilter-50-380-kit-for-sand-filtration\/#breadcrumb","itemListElement":[{"@type":"ListItem","position":1,"name":"Dom\u016f","item":"https:\/\/www.tropiko.es\/es\/"},{"@type":"ListItem","position":2,"name":"e-shop","item":"https:\/\/www.tropiko.es\/es\/e-shop\/"},{"@type":"ListItem","position":3,"name":"FlexiFilter 50 + 380, juego de filtraci\u00f3n de arena"}]},{"@type":"WebSite","@id":"https:\/\/www.tropiko.es\/es\/#website","url":"https:\/\/www.tropiko.es\/es\/","name":"TROPIKO Espa\u00f1a","description":"","publisher":{"@id":"https:\/\/www.tropiko.es\/es\/#organization"},"potentialAction":[{"@type":"SearchAction","target":{"@type":"EntryPoint","urlTemplate":"https:\/\/www.tropiko.es\/es\/?s={search_term_string}"},"query-input":{"@type":"PropertyValueSpecification","valueRequired":true,"valueName":"search_term_string"}}],"inLanguage":"es"},{"@type":"Organization","@id":"https:\/\/www.tropiko.es\/es\/#organization","name":"TROPIKO Espa\u00f1a","url":"https:\/\/www.tropiko.es\/es\/","logo":{"@type":"ImageObject","inLanguage":"es","@id":"https:\/\/www.tropiko.es\/es\/#\/schema\/logo\/image\/","url":"https:\/\/www.tropiko.es\/es\/wp-content\/uploads\/cropped-cropped-tropiko-logo2023-04-snapisem.png","contentUrl":"https:\/\/www.tropiko.es\/es\/wp-content\/uploads\/cropped-cropped-tropiko-logo2023-04-snapisem.png","width":512,"height":512,"caption":"TROPIKO Espa\u00f1a"},"image":{"@id":"https:\/\/www.tropiko.es\/es\/#\/schema\/logo\/image\/"}}]}},"_links":{"self":[{"href":"https:\/\/www.tropiko.es\/es\/wp-json\/wp\/v2\/product\/507","targetHints":{"allow":["GET"]}}],"collection":[{"href":"https:\/\/www.tropiko.es\/es\/wp-json\/wp\/v2\/product"}],"about":[{"href":"https:\/\/www.tropiko.es\/es\/wp-json\/wp\/v2\/types\/product"}],"replies":[{"embeddable":true,"href":"https:\/\/www.tropiko.es\/es\/wp-json\/wp\/v2\/comments?post=507"}],"wp:featuredmedia":[{"embeddable":true,"href":"https:\/\/www.tropiko.es\/es\/wp-json\/wp\/v2\/media\/440"}],"wp:attachment":[{"href":"https:\/\/www.tropiko.es\/es\/wp-json\/wp\/v2\/media?parent=507"}],"wp:term":[{"taxonomy":"product_brand","embeddable":true,"href":"https:\/\/www.tropiko.es\/es\/wp-json\/wp\/v2\/product_brand?post=507"},{"taxonomy":"product_cat","embeddable":true,"href":"https:\/\/www.tropiko.es\/es\/wp-json\/wp\/v2\/product_cat?post=507"},{"taxonomy":"product_tag","embeddable":true,"href":"https:\/\/www.tropiko.es\/es\/wp-json\/wp\/v2\/product_tag?post=507"}],"curies":[{"name":"wp","href":"https:\/\/api.w.org\/{rel}","templated":true}]}}