{"id":524,"date":"2022-04-17T07:34:08","date_gmt":"2022-04-17T07:34:08","guid":{"rendered":"https:\/\/www.tropiko.eu\/en\/?post_type=product&#038;p=524"},"modified":"2025-03-03T11:30:59","modified_gmt":"2025-03-03T11:30:59","slug":"flexifilter-50","status":"publish","type":"product","link":"https:\/\/www.tropiko.es\/es\/product\/flexifilter-50\/","title":{"rendered":"FlexiFilter 50 (300 g)"},"content":{"rendered":"<div>FlexiFilter 50 es un filtro de gran eficacia para uso industrial y dom\u00e9stico. Los cubos FlexiFilter 50 pueden sustituir a los materiales filtrantes tradicionales para la purificaci\u00f3n del agua en piscinas de jard\u00edn, grandes dep\u00f3sitos y otros sistemas acu\u00e1ticos. El material FlexiFilter puede sustituir a la arena en el sistema de filtraci\u00f3n de su piscina. Al sustituir la arena (o el cartucho) en la filtraci\u00f3n de su piscina, aumentar\u00e1 sustancialmente la calidad de la depuraci\u00f3n del agua.<\/div>\n<div><\/div>\n<div>FlexiFilter es un material filtrante de excelente eficacia. Mayor capacidad de filtraci\u00f3n en comparaci\u00f3n con los filtros tradicionales de arena, cartucho y otros. Gracias a la filtraci\u00f3n profunda, absorbe una mayor cantidad de impurezas. El material es ligero para facilitar su manejo. FlexiFilter funciona con una ca\u00edda de presi\u00f3n muy baja.<\/div>\n<div><\/div>\n<div>El FlexiFilter se caracteriza por su alta eficacia: captura impurezas de hasta 0,003 mm y parcialmente de hasta 0,001 mm.<\/div>\n<div><\/div>\n<div>Para cerrar la capa filtrante del FlexiFilter 50, recomendamos utilizar como \u00faltima capa un FlexiFilter 400, FlexiFilter 300&#8230; dependiendo del di\u00e1metro de su recipiente filtrante.<\/div>\n<div><\/div>\n<div><strong>Las mayores ventajas de utilizar FlexiFilter en la filtraci\u00f3n de piscinas:<\/strong><\/div>\n<div><\/div>\n<div><strong>+ FlexiFilter 50 (1 paquete) sustituye totalmente 25 kg de arena<\/strong><\/div>\n<div><\/div>\n<div><strong>+ Captura de suciedad de hasta 0,003 mm.<\/strong><\/div>\n<div>\/La arena de filtraci\u00f3n s\u00f3lo puede atrapar inmundicias 10 veces m\u00e1s gruesas.<\/div>\n<div><\/div>\n<div><strong>+ F\u00e1cil captura de impurezas<\/strong><br \/>\nAlta absorci\u00f3n de suciedades, menor frecuencia de enjuague = menor aporte de agua y ahorro adicional en su tratamiento y calefacci\u00f3n.<\/div>\n<div>\/La filtraci\u00f3n por arena necesita lavarse de 3 a 4 veces m\u00e1s a menudo.\/<\/div>\n<div><\/div>\n<div>+ <strong>Baja ca\u00edda de presi\u00f3n = ahorro de energ\u00eda.<\/strong><\/div>\n<div>\/La ca\u00edda de presi\u00f3n con arena es 10 veces mayor.\/<\/div>\n<div><\/div>\n<div>Ya en el primer a\u00f1o de uso, el FlexiFilter se amortiza gracias al ahorro que supone la operaci\u00f3n de filtraci\u00f3n.<\/div>\n<div><\/div>\n<div>Plazo de entrega: env\u00edo entre 1 y 14 d\u00edas despu\u00e9s de la confirmaci\u00f3n del pedido (seg\u00fan existencias).<\/div>\n<div>Entrega: La mercanc\u00eda se env\u00eda por mensajer\u00eda.<\/div>\n<div>Periodo de garant\u00eda: 24 meses.<\/div>\n<div>Embalaje: bolsa de transporte, peso del contenido 300 g.<\/div>\n<div><\/div>\n<div>N\u00famero de paquetes FlexiFilter para sustituir la arena en el recipiente filtrante:<\/div>\n<div>de 20 a 25 kg de arena &#8230; 1 paquete de 300 g<\/div>\n<div>hasta 50 kg de arena &#8230; 2 paquetes de 300 g<\/div>\n<div>hasta 75 kg de arena &#8230; 3 paquetes de 300 g<\/div>\n<div>hasta 100 kg de arena &#8230; 4 paquetes de 300 g<\/div>\n<div>hasta 125 kg de arena &#8230; 5 paquetes de 300 g<\/div>\n<div>hasta 150 kg de arena &#8230; 6 paquetes de 300 g<\/div>\n<div>hasta 175 kg de arena &#8230; 7 paquetes de 300 g<\/div>\n<div>hasta 200 kg de arena &#8230; 8 paquetes de 300 g<\/div>\n<div><\/div>\n<div><strong>Tenga en cuenta las siguientes instrucciones de uso:<\/strong><\/div>\n<div><\/div>\n<ol>\n<li>Desconecte la unidad de filtrado de la red el\u00e9ctrica.<\/li>\n<li>Abra la tapa del contenedor del filtro de acuerdo con las instrucciones del fabricante.<\/li>\n<li>Retire el material filtrante original (cartuchos, insertos filtrantes, etc.).<\/li>\n<li>Compruebe todas las juntas como medida de precauci\u00f3n y l\u00edmpielas de suciedad.<\/li>\n<li>Apile los filtros circulares FlexiFilter en el contenedor de filtros.<\/li>\n<li>Monte y conecte el equipo filtrante seg\u00fan las instrucciones del fabricante.<\/li>\n<\/ol>\n<div><strong>Aviso para sistemas con retrolavado autom\u00e1tico<\/strong><\/div>\n<div>Como la presi\u00f3n s\u00f3lo aumentar\u00e1 ligeramente debido a los contaminantes al utilizar el FlexiFilter, no se activar\u00e1 el retrolavado autom\u00e1tico. Por lo tanto, compruebe regularmente el caudal en el man\u00f3metro y, si es necesario, inicie el retrolavado manualmente.<\/div>\n","protected":false},"excerpt":{"rendered":"<p>FlexiFilter 50 es un filtro de gran eficacia para uso industrial y dom\u00e9stico. Los cubos FlexiFilter 50 pueden sustituir a los materiales filtrantes tradicionales para la purificaci\u00f3n del agua en piscinas de jard\u00edn, grandes dep\u00f3sitos y otros sistemas acu\u00e1ticos. El material FlexiFilter puede sustituir a la arena en el sistema de filtraci\u00f3n de su piscina. Al sustituir la arena (o el cartucho) en la filtraci\u00f3n de su piscina, aumentar\u00e1 sustancialmente la calidad de la depuraci\u00f3n del agua.<\/p>\n","protected":false},"featured_media":452,"comment_status":"closed","ping_status":"closed","template":"","meta":[],"product_brand":[57],"product_cat":[40,39],"product_tag":[49,43,47],"class_list":{"0":"post-524","1":"product","2":"type-product","3":"status-publish","4":"has-post-thumbnail","6":"product_brand-flexifilter","7":"product_cat-filter-material","8":"product_cat-flexifilter","9":"product_tag-flexifilter","10":"product_tag-material-de-filtro","11":"product_tag-reemplazo-de-arena-en-la-filtracion-de-piscinas","12":"product_shipping_class-free-delivery","14":"first","15":"instock","16":"featured","17":"taxable","18":"shipping-taxable","19":"purchasable","20":"product-type-simple"},"yoast_head":"<!-- This site is optimized with the Yoast SEO plugin v26.7 - https:\/\/yoast.com\/wordpress\/plugins\/seo\/ -->\n<title>FlexiFilter 50 (300 g) | TROPIKO Espa\u00f1a<\/title>\n<meta name=\"robots\" content=\"index, follow, max-snippet:-1, max-image-preview:large, max-video-preview:-1\" \/>\n<link rel=\"canonical\" href=\"https:\/\/www.tropiko.es\/es\/product\/flexifilter-50\/\" \/>\n<meta property=\"og:locale\" content=\"es_ES\" \/>\n<meta property=\"og:type\" content=\"article\" \/>\n<meta property=\"og:title\" content=\"FlexiFilter 50 (300 g) | TROPIKO Espa\u00f1a\" \/>\n<meta property=\"og:description\" content=\"FlexiFilter 50 es un filtro de gran eficacia para uso industrial y dom\u00e9stico. Los cubos FlexiFilter 50 pueden sustituir a los materiales filtrantes tradicionales para la purificaci\u00f3n del agua en piscinas de jard\u00edn, grandes dep\u00f3sitos y otros sistemas acu\u00e1ticos. El material FlexiFilter puede sustituir a la arena en el sistema de filtraci\u00f3n de su piscina. Al sustituir la arena (o el cartucho) en la filtraci\u00f3n de su piscina, aumentar\u00e1 sustancialmente la calidad de la depuraci\u00f3n del agua.\" \/>\n<meta property=\"og:url\" content=\"https:\/\/www.tropiko.es\/es\/product\/flexifilter-50\/\" \/>\n<meta property=\"og:site_name\" content=\"TROPIKO Espa\u00f1a\" \/>\n<meta property=\"article:modified_time\" content=\"2025-03-03T11:30:59+00:00\" \/>\n<meta property=\"og:image\" content=\"https:\/\/www.tropiko.es\/es\/wp-content\/uploads\/flexifilter-50-cz-02.png\" \/>\n\t<meta property=\"og:image:width\" content=\"1200\" \/>\n\t<meta property=\"og:image:height\" content=\"1200\" \/>\n\t<meta property=\"og:image:type\" content=\"image\/png\" \/>\n<meta name=\"twitter:card\" content=\"summary_large_image\" \/>\n<meta name=\"twitter:label1\" content=\"Tiempo de lectura\" \/>\n\t<meta name=\"twitter:data1\" content=\"3 minutos\" \/>\n<script type=\"application\/ld+json\" class=\"yoast-schema-graph\">{\"@context\":\"https:\/\/schema.org\",\"@graph\":[{\"@type\":\"WebPage\",\"@id\":\"https:\/\/www.tropiko.es\/es\/product\/flexifilter-50\/\",\"url\":\"https:\/\/www.tropiko.es\/es\/product\/flexifilter-50\/\",\"name\":\"FlexiFilter 50 (300 g) | TROPIKO Espa\u00f1a\",\"isPartOf\":{\"@id\":\"https:\/\/www.tropiko.es\/es\/#website\"},\"primaryImageOfPage\":{\"@id\":\"https:\/\/www.tropiko.es\/es\/product\/flexifilter-50\/#primaryimage\"},\"image\":{\"@id\":\"https:\/\/www.tropiko.es\/es\/product\/flexifilter-50\/#primaryimage\"},\"thumbnailUrl\":\"https:\/\/www.tropiko.es\/es\/wp-content\/uploads\/flexifilter-50-cz-02.png\",\"datePublished\":\"2022-04-17T07:34:08+00:00\",\"dateModified\":\"2025-03-03T11:30:59+00:00\",\"breadcrumb\":{\"@id\":\"https:\/\/www.tropiko.es\/es\/product\/flexifilter-50\/#breadcrumb\"},\"inLanguage\":\"es\",\"potentialAction\":[{\"@type\":\"ReadAction\",\"target\":[\"https:\/\/www.tropiko.es\/es\/product\/flexifilter-50\/\"]}]},{\"@type\":\"ImageObject\",\"inLanguage\":\"es\",\"@id\":\"https:\/\/www.tropiko.es\/es\/product\/flexifilter-50\/#primaryimage\",\"url\":\"https:\/\/www.tropiko.es\/es\/wp-content\/uploads\/flexifilter-50-cz-02.png\",\"contentUrl\":\"https:\/\/www.tropiko.es\/es\/wp-content\/uploads\/flexifilter-50-cz-02.png\",\"width\":1200,\"height\":1200,\"caption\":\"FlexiFilter 50\"},{\"@type\":\"BreadcrumbList\",\"@id\":\"https:\/\/www.tropiko.es\/es\/product\/flexifilter-50\/#breadcrumb\",\"itemListElement\":[{\"@type\":\"ListItem\",\"position\":1,\"name\":\"Dom\u016f\",\"item\":\"https:\/\/www.tropiko.es\/es\/\"},{\"@type\":\"ListItem\",\"position\":2,\"name\":\"e-shop\",\"item\":\"https:\/\/www.tropiko.es\/es\/e-shop\/\"},{\"@type\":\"ListItem\",\"position\":3,\"name\":\"FlexiFilter 50 (300 g)\"}]},{\"@type\":\"WebSite\",\"@id\":\"https:\/\/www.tropiko.es\/es\/#website\",\"url\":\"https:\/\/www.tropiko.es\/es\/\",\"name\":\"TROPIKO Espa\u00f1a\",\"description\":\"\",\"publisher\":{\"@id\":\"https:\/\/www.tropiko.es\/es\/#organization\"},\"potentialAction\":[{\"@type\":\"SearchAction\",\"target\":{\"@type\":\"EntryPoint\",\"urlTemplate\":\"https:\/\/www.tropiko.es\/es\/?s={search_term_string}\"},\"query-input\":{\"@type\":\"PropertyValueSpecification\",\"valueRequired\":true,\"valueName\":\"search_term_string\"}}],\"inLanguage\":\"es\"},{\"@type\":\"Organization\",\"@id\":\"https:\/\/www.tropiko.es\/es\/#organization\",\"name\":\"TROPIKO Espa\u00f1a\",\"url\":\"https:\/\/www.tropiko.es\/es\/\",\"logo\":{\"@type\":\"ImageObject\",\"inLanguage\":\"es\",\"@id\":\"https:\/\/www.tropiko.es\/es\/#\/schema\/logo\/image\/\",\"url\":\"https:\/\/www.tropiko.es\/es\/wp-content\/uploads\/cropped-cropped-tropiko-logo2023-04-snapisem.png\",\"contentUrl\":\"https:\/\/www.tropiko.es\/es\/wp-content\/uploads\/cropped-cropped-tropiko-logo2023-04-snapisem.png\",\"width\":512,\"height\":512,\"caption\":\"TROPIKO Espa\u00f1a\"},\"image\":{\"@id\":\"https:\/\/www.tropiko.es\/es\/#\/schema\/logo\/image\/\"}}]}<\/script>\n<!-- \/ Yoast SEO plugin. -->","yoast_head_json":{"title":"FlexiFilter 50 (300 g) | TROPIKO Espa\u00f1a","robots":{"index":"index","follow":"follow","max-snippet":"max-snippet:-1","max-image-preview":"max-image-preview:large","max-video-preview":"max-video-preview:-1"},"canonical":"https:\/\/www.tropiko.es\/es\/product\/flexifilter-50\/","og_locale":"es_ES","og_type":"article","og_title":"FlexiFilter 50 (300 g) | TROPIKO Espa\u00f1a","og_description":"FlexiFilter 50 es un filtro de gran eficacia para uso industrial y dom\u00e9stico. Los cubos FlexiFilter 50 pueden sustituir a los materiales filtrantes tradicionales para la purificaci\u00f3n del agua en piscinas de jard\u00edn, grandes dep\u00f3sitos y otros sistemas acu\u00e1ticos. El material FlexiFilter puede sustituir a la arena en el sistema de filtraci\u00f3n de su piscina. Al sustituir la arena (o el cartucho) en la filtraci\u00f3n de su piscina, aumentar\u00e1 sustancialmente la calidad de la depuraci\u00f3n del agua.","og_url":"https:\/\/www.tropiko.es\/es\/product\/flexifilter-50\/","og_site_name":"TROPIKO Espa\u00f1a","article_modified_time":"2025-03-03T11:30:59+00:00","og_image":[{"width":1200,"height":1200,"url":"https:\/\/www.tropiko.es\/es\/wp-content\/uploads\/flexifilter-50-cz-02.png","type":"image\/png"}],"twitter_card":"summary_large_image","twitter_misc":{"Tiempo de lectura":"3 minutos"},"schema":{"@context":"https:\/\/schema.org","@graph":[{"@type":"WebPage","@id":"https:\/\/www.tropiko.es\/es\/product\/flexifilter-50\/","url":"https:\/\/www.tropiko.es\/es\/product\/flexifilter-50\/","name":"FlexiFilter 50 (300 g) | TROPIKO Espa\u00f1a","isPartOf":{"@id":"https:\/\/www.tropiko.es\/es\/#website"},"primaryImageOfPage":{"@id":"https:\/\/www.tropiko.es\/es\/product\/flexifilter-50\/#primaryimage"},"image":{"@id":"https:\/\/www.tropiko.es\/es\/product\/flexifilter-50\/#primaryimage"},"thumbnailUrl":"https:\/\/www.tropiko.es\/es\/wp-content\/uploads\/flexifilter-50-cz-02.png","datePublished":"2022-04-17T07:34:08+00:00","dateModified":"2025-03-03T11:30:59+00:00","breadcrumb":{"@id":"https:\/\/www.tropiko.es\/es\/product\/flexifilter-50\/#breadcrumb"},"inLanguage":"es","potentialAction":[{"@type":"ReadAction","target":["https:\/\/www.tropiko.es\/es\/product\/flexifilter-50\/"]}]},{"@type":"ImageObject","inLanguage":"es","@id":"https:\/\/www.tropiko.es\/es\/product\/flexifilter-50\/#primaryimage","url":"https:\/\/www.tropiko.es\/es\/wp-content\/uploads\/flexifilter-50-cz-02.png","contentUrl":"https:\/\/www.tropiko.es\/es\/wp-content\/uploads\/flexifilter-50-cz-02.png","width":1200,"height":1200,"caption":"FlexiFilter 50"},{"@type":"BreadcrumbList","@id":"https:\/\/www.tropiko.es\/es\/product\/flexifilter-50\/#breadcrumb","itemListElement":[{"@type":"ListItem","position":1,"name":"Dom\u016f","item":"https:\/\/www.tropiko.es\/es\/"},{"@type":"ListItem","position":2,"name":"e-shop","item":"https:\/\/www.tropiko.es\/es\/e-shop\/"},{"@type":"ListItem","position":3,"name":"FlexiFilter 50 (300 g)"}]},{"@type":"WebSite","@id":"https:\/\/www.tropiko.es\/es\/#website","url":"https:\/\/www.tropiko.es\/es\/","name":"TROPIKO Espa\u00f1a","description":"","publisher":{"@id":"https:\/\/www.tropiko.es\/es\/#organization"},"potentialAction":[{"@type":"SearchAction","target":{"@type":"EntryPoint","urlTemplate":"https:\/\/www.tropiko.es\/es\/?s={search_term_string}"},"query-input":{"@type":"PropertyValueSpecification","valueRequired":true,"valueName":"search_term_string"}}],"inLanguage":"es"},{"@type":"Organization","@id":"https:\/\/www.tropiko.es\/es\/#organization","name":"TROPIKO Espa\u00f1a","url":"https:\/\/www.tropiko.es\/es\/","logo":{"@type":"ImageObject","inLanguage":"es","@id":"https:\/\/www.tropiko.es\/es\/#\/schema\/logo\/image\/","url":"https:\/\/www.tropiko.es\/es\/wp-content\/uploads\/cropped-cropped-tropiko-logo2023-04-snapisem.png","contentUrl":"https:\/\/www.tropiko.es\/es\/wp-content\/uploads\/cropped-cropped-tropiko-logo2023-04-snapisem.png","width":512,"height":512,"caption":"TROPIKO Espa\u00f1a"},"image":{"@id":"https:\/\/www.tropiko.es\/es\/#\/schema\/logo\/image\/"}}]}},"_links":{"self":[{"href":"https:\/\/www.tropiko.es\/es\/wp-json\/wp\/v2\/product\/524","targetHints":{"allow":["GET"]}}],"collection":[{"href":"https:\/\/www.tropiko.es\/es\/wp-json\/wp\/v2\/product"}],"about":[{"href":"https:\/\/www.tropiko.es\/es\/wp-json\/wp\/v2\/types\/product"}],"replies":[{"embeddable":true,"href":"https:\/\/www.tropiko.es\/es\/wp-json\/wp\/v2\/comments?post=524"}],"wp:featuredmedia":[{"embeddable":true,"href":"https:\/\/www.tropiko.es\/es\/wp-json\/wp\/v2\/media\/452"}],"wp:attachment":[{"href":"https:\/\/www.tropiko.es\/es\/wp-json\/wp\/v2\/media?parent=524"}],"wp:term":[{"taxonomy":"product_brand","embeddable":true,"href":"https:\/\/www.tropiko.es\/es\/wp-json\/wp\/v2\/product_brand?post=524"},{"taxonomy":"product_cat","embeddable":true,"href":"https:\/\/www.tropiko.es\/es\/wp-json\/wp\/v2\/product_cat?post=524"},{"taxonomy":"product_tag","embeddable":true,"href":"https:\/\/www.tropiko.es\/es\/wp-json\/wp\/v2\/product_tag?post=524"}],"curies":[{"name":"wp","href":"https:\/\/api.w.org\/{rel}","templated":true}]}}