{"id":597,"date":"2025-01-10T16:59:56","date_gmt":"2025-01-10T16:59:56","guid":{"rendered":"https:\/\/www.tropiko.es\/es\/?post_type=product&#038;p=597"},"modified":"2025-03-03T11:14:50","modified_gmt":"2025-03-03T11:14:50","slug":"tropiko-550-transparente","status":"publish","type":"product","link":"https:\/\/www.tropiko.es\/es\/product\/tropiko-550-transparente\/","title":{"rendered":"TROPIKO 550 transparente"},"content":{"rendered":"<p>Cubierta estacional de la piscina circular. Di\u00e1metro del techo 550 cm.<br \/>\nPara techar una piscina enterrada de hasta 500 cm de di\u00e1metro y una piscina circular elevada.<br \/>\nConstrucci\u00f3n de aluminio revestida con l\u00e1mina de alta calidad. F\u00e1cil manejo, apertura 100%.<\/p>\n<p>Cubierta de piscina TROPIKO, di\u00e1metro de 550 cm<br \/>\nEl di\u00e1metro m\u00e1x. del techo en el suelo es de 5,5 m, altura de 2,75 m.<\/p>\n<p><strong>Apto para:<\/strong><br \/>\npiscinas enterradas de hasta 500 cm de di\u00e1metro,<br \/>\npiscinas elevadas <a href=\"https:\/\/www.tropiko.es\/es\/size-selection\/\" target=\"_blank\" rel=\"noopener\">seg\u00fan la tabla<\/a> (p.ej., piscinas de 90 cm sobre el nivel del suelo con un di\u00e1metro m\u00e1x. de 480 cm).<\/p>\n<p><strong>Plazo de entrega:<br \/>\n<\/strong>Env\u00edo dentro de 3 d\u00edas tras la confirmaci\u00f3n del pedido.<br \/>\nEntrega de 3 a 5 d\u00edas.<\/p>\n<p><strong>Entrega:<\/strong><br \/>\nLa mercanc\u00eda se env\u00eda por mensajer\u00eda, sin montaje.<\/p>\n<p><strong>Garant\u00eda:<\/strong><br \/>\n24 meses.<\/p>\n<p><strong>Embalaje:<\/strong><br \/>\nEnvase de cart\u00f3n: 190 cm x 50 cm x 25 cm, peso: 55 kg.<br \/>\nGu\u00eda de instalaci\u00f3n, tarjeta de garant\u00eda y manual de instrucciones descargables en formato <a href=\"https:\/\/www.tropiko.es\/es\/wp-content\/uploads\/TROPIKO-zarucni_list-ES.pdf\" target=\"_blank\" rel=\"noopener\">formato PDF<\/a>.<\/p>\n<div><a href=\"https:\/\/www.tropiko.es\/es\/pool-roofing-installation\/\" target=\"_blank\" rel=\"noopener\">Procedimiento de instalaci\u00f3n<\/a>.<\/div>\n<div><a href=\"https:\/\/www.tropiko.es\/es\/questions-and-answers-pool-roofing\/\" target=\"_blank\" rel=\"noopener\">Preguntas y respuestas sobre TROPIKO<\/a>.<\/div>\n<div><\/div>\n<div>Fabricado en la Rep\u00fablica Checa.<\/div>\n<div><a href=\"https:\/\/www.tropiko.es\/es\/spare-parts-for-pool-roofing\/\" target=\"_blank\" rel=\"noopener\">Todas las piezas de repuesto disponibles<\/a>.<\/div>\n<p>&nbsp;<\/p>\n","protected":false},"excerpt":{"rendered":"<p>Cubierta estacional de la piscina circular. Di\u00e1metro del techo 550 cm.<br \/>\nPara techar una piscina enterrada de hasta 500 cm de di\u00e1metro y una <a href=\"https:\/\/www.tropiko.es\/es\/size-selection\/\" target=\"_blank\" rel=\"noopener\">piscina circular elevada<\/a>.<br \/>\nConstrucci\u00f3n de aluminio revestida con l\u00e1mina de alta calidad. F\u00e1cil manejo, apertura 100%.\u00a0Apertura total del tejado para nadar sin restricciones bajo el cielo de verano.<\/p>\n<p>&nbsp;<\/p>\n","protected":false},"featured_media":595,"comment_status":"closed","ping_status":"closed","template":"","meta":[],"product_brand":[56],"product_cat":[9],"product_tag":[14,11,16,15,13,12,61],"class_list":{"0":"post-597","1":"product","2":"type-product","3":"status-publish","4":"has-post-thumbnail","6":"product_brand-tropiko","7":"product_cat-tropiko","8":"product_tag-cubierta-de-piscina","9":"product_tag-piscina-techada","10":"product_tag-piscinas-circulares","11":"product_tag-piscinas-de-tierra","12":"product_tag-piscinas-enterradas","13":"product_tag-techado-de-piscina","14":"product_tag-tropiko-550","15":"product_shipping_class-free-delivery","17":"first","18":"instock","19":"featured","20":"taxable","21":"shipping-taxable","22":"purchasable","23":"product-type-simple"},"yoast_head":"<!-- This site is optimized with the Yoast SEO plugin v26.7 - https:\/\/yoast.com\/wordpress\/plugins\/seo\/ -->\n<title>TROPIKO 550 transparente | TROPIKO Espa\u00f1a<\/title>\n<meta name=\"robots\" content=\"index, follow, max-snippet:-1, max-image-preview:large, max-video-preview:-1\" \/>\n<link rel=\"canonical\" href=\"https:\/\/www.tropiko.es\/es\/product\/tropiko-550-transparente\/\" \/>\n<meta property=\"og:locale\" content=\"es_ES\" \/>\n<meta property=\"og:type\" content=\"article\" \/>\n<meta property=\"og:title\" content=\"TROPIKO 550 transparente | TROPIKO Espa\u00f1a\" \/>\n<meta property=\"og:description\" content=\"Cubierta estacional de la piscina circular. Di\u00e1metro del techo 550 cm. Para techar una piscina enterrada de hasta 500 cm de di\u00e1metro y una piscina circular elevada. Construcci\u00f3n de aluminio revestida con l\u00e1mina de alta calidad. F\u00e1cil manejo, apertura 100%.\u00a0Apertura total del tejado para nadar sin restricciones bajo el cielo de verano.  &nbsp;\" \/>\n<meta property=\"og:url\" content=\"https:\/\/www.tropiko.es\/es\/product\/tropiko-550-transparente\/\" \/>\n<meta property=\"og:site_name\" content=\"TROPIKO Espa\u00f1a\" \/>\n<meta property=\"article:modified_time\" content=\"2025-03-03T11:14:50+00:00\" \/>\n<meta property=\"og:image\" content=\"https:\/\/www.tropiko.es\/es\/wp-content\/uploads\/tropiko-transparent-03.jpg\" \/>\n\t<meta property=\"og:image:width\" content=\"1200\" \/>\n\t<meta property=\"og:image:height\" content=\"912\" \/>\n\t<meta property=\"og:image:type\" content=\"image\/jpeg\" \/>\n<meta name=\"twitter:card\" content=\"summary_large_image\" \/>\n<meta name=\"twitter:label1\" content=\"Tiempo de lectura\" \/>\n\t<meta name=\"twitter:data1\" content=\"2 minutos\" \/>\n<script type=\"application\/ld+json\" class=\"yoast-schema-graph\">{\"@context\":\"https:\/\/schema.org\",\"@graph\":[{\"@type\":\"WebPage\",\"@id\":\"https:\/\/www.tropiko.es\/es\/product\/tropiko-550-transparente\/\",\"url\":\"https:\/\/www.tropiko.es\/es\/product\/tropiko-550-transparente\/\",\"name\":\"TROPIKO 550 transparente | TROPIKO Espa\u00f1a\",\"isPartOf\":{\"@id\":\"https:\/\/www.tropiko.es\/es\/#website\"},\"primaryImageOfPage\":{\"@id\":\"https:\/\/www.tropiko.es\/es\/product\/tropiko-550-transparente\/#primaryimage\"},\"image\":{\"@id\":\"https:\/\/www.tropiko.es\/es\/product\/tropiko-550-transparente\/#primaryimage\"},\"thumbnailUrl\":\"https:\/\/www.tropiko.es\/es\/wp-content\/uploads\/tropiko-transparent-03.jpg\",\"datePublished\":\"2025-01-10T16:59:56+00:00\",\"dateModified\":\"2025-03-03T11:14:50+00:00\",\"breadcrumb\":{\"@id\":\"https:\/\/www.tropiko.es\/es\/product\/tropiko-550-transparente\/#breadcrumb\"},\"inLanguage\":\"es\",\"potentialAction\":[{\"@type\":\"ReadAction\",\"target\":[\"https:\/\/www.tropiko.es\/es\/product\/tropiko-550-transparente\/\"]}]},{\"@type\":\"ImageObject\",\"inLanguage\":\"es\",\"@id\":\"https:\/\/www.tropiko.es\/es\/product\/tropiko-550-transparente\/#primaryimage\",\"url\":\"https:\/\/www.tropiko.es\/es\/wp-content\/uploads\/tropiko-transparent-03.jpg\",\"contentUrl\":\"https:\/\/www.tropiko.es\/es\/wp-content\/uploads\/tropiko-transparent-03.jpg\",\"width\":1200,\"height\":912,\"caption\":\"La cubierta TROPIKO garantiza agua c\u00e1lida y cristalina, proporcionando un placer de ba\u00f1o prolongado. Apta para piscinas de jard\u00edn elevadas y enterradas (circulares\/redondas).\"},{\"@type\":\"BreadcrumbList\",\"@id\":\"https:\/\/www.tropiko.es\/es\/product\/tropiko-550-transparente\/#breadcrumb\",\"itemListElement\":[{\"@type\":\"ListItem\",\"position\":1,\"name\":\"Dom\u016f\",\"item\":\"https:\/\/www.tropiko.es\/es\/\"},{\"@type\":\"ListItem\",\"position\":2,\"name\":\"e-shop\",\"item\":\"https:\/\/www.tropiko.es\/es\/e-shop\/\"},{\"@type\":\"ListItem\",\"position\":3,\"name\":\"TROPIKO 550 transparente\"}]},{\"@type\":\"WebSite\",\"@id\":\"https:\/\/www.tropiko.es\/es\/#website\",\"url\":\"https:\/\/www.tropiko.es\/es\/\",\"name\":\"TROPIKO Espa\u00f1a\",\"description\":\"\",\"publisher\":{\"@id\":\"https:\/\/www.tropiko.es\/es\/#organization\"},\"potentialAction\":[{\"@type\":\"SearchAction\",\"target\":{\"@type\":\"EntryPoint\",\"urlTemplate\":\"https:\/\/www.tropiko.es\/es\/?s={search_term_string}\"},\"query-input\":{\"@type\":\"PropertyValueSpecification\",\"valueRequired\":true,\"valueName\":\"search_term_string\"}}],\"inLanguage\":\"es\"},{\"@type\":\"Organization\",\"@id\":\"https:\/\/www.tropiko.es\/es\/#organization\",\"name\":\"TROPIKO Espa\u00f1a\",\"url\":\"https:\/\/www.tropiko.es\/es\/\",\"logo\":{\"@type\":\"ImageObject\",\"inLanguage\":\"es\",\"@id\":\"https:\/\/www.tropiko.es\/es\/#\/schema\/logo\/image\/\",\"url\":\"https:\/\/www.tropiko.es\/es\/wp-content\/uploads\/cropped-cropped-tropiko-logo2023-04-snapisem.png\",\"contentUrl\":\"https:\/\/www.tropiko.es\/es\/wp-content\/uploads\/cropped-cropped-tropiko-logo2023-04-snapisem.png\",\"width\":512,\"height\":512,\"caption\":\"TROPIKO Espa\u00f1a\"},\"image\":{\"@id\":\"https:\/\/www.tropiko.es\/es\/#\/schema\/logo\/image\/\"}}]}<\/script>\n<!-- \/ Yoast SEO plugin. -->","yoast_head_json":{"title":"TROPIKO 550 transparente | TROPIKO Espa\u00f1a","robots":{"index":"index","follow":"follow","max-snippet":"max-snippet:-1","max-image-preview":"max-image-preview:large","max-video-preview":"max-video-preview:-1"},"canonical":"https:\/\/www.tropiko.es\/es\/product\/tropiko-550-transparente\/","og_locale":"es_ES","og_type":"article","og_title":"TROPIKO 550 transparente | TROPIKO Espa\u00f1a","og_description":"Cubierta estacional de la piscina circular. Di\u00e1metro del techo 550 cm. Para techar una piscina enterrada de hasta 500 cm de di\u00e1metro y una piscina circular elevada. Construcci\u00f3n de aluminio revestida con l\u00e1mina de alta calidad. F\u00e1cil manejo, apertura 100%.\u00a0Apertura total del tejado para nadar sin restricciones bajo el cielo de verano.  &nbsp;","og_url":"https:\/\/www.tropiko.es\/es\/product\/tropiko-550-transparente\/","og_site_name":"TROPIKO Espa\u00f1a","article_modified_time":"2025-03-03T11:14:50+00:00","og_image":[{"width":1200,"height":912,"url":"https:\/\/www.tropiko.es\/es\/wp-content\/uploads\/tropiko-transparent-03.jpg","type":"image\/jpeg"}],"twitter_card":"summary_large_image","twitter_misc":{"Tiempo de lectura":"2 minutos"},"schema":{"@context":"https:\/\/schema.org","@graph":[{"@type":"WebPage","@id":"https:\/\/www.tropiko.es\/es\/product\/tropiko-550-transparente\/","url":"https:\/\/www.tropiko.es\/es\/product\/tropiko-550-transparente\/","name":"TROPIKO 550 transparente | TROPIKO Espa\u00f1a","isPartOf":{"@id":"https:\/\/www.tropiko.es\/es\/#website"},"primaryImageOfPage":{"@id":"https:\/\/www.tropiko.es\/es\/product\/tropiko-550-transparente\/#primaryimage"},"image":{"@id":"https:\/\/www.tropiko.es\/es\/product\/tropiko-550-transparente\/#primaryimage"},"thumbnailUrl":"https:\/\/www.tropiko.es\/es\/wp-content\/uploads\/tropiko-transparent-03.jpg","datePublished":"2025-01-10T16:59:56+00:00","dateModified":"2025-03-03T11:14:50+00:00","breadcrumb":{"@id":"https:\/\/www.tropiko.es\/es\/product\/tropiko-550-transparente\/#breadcrumb"},"inLanguage":"es","potentialAction":[{"@type":"ReadAction","target":["https:\/\/www.tropiko.es\/es\/product\/tropiko-550-transparente\/"]}]},{"@type":"ImageObject","inLanguage":"es","@id":"https:\/\/www.tropiko.es\/es\/product\/tropiko-550-transparente\/#primaryimage","url":"https:\/\/www.tropiko.es\/es\/wp-content\/uploads\/tropiko-transparent-03.jpg","contentUrl":"https:\/\/www.tropiko.es\/es\/wp-content\/uploads\/tropiko-transparent-03.jpg","width":1200,"height":912,"caption":"La cubierta TROPIKO garantiza agua c\u00e1lida y cristalina, proporcionando un placer de ba\u00f1o prolongado. Apta para piscinas de jard\u00edn elevadas y enterradas (circulares\/redondas)."},{"@type":"BreadcrumbList","@id":"https:\/\/www.tropiko.es\/es\/product\/tropiko-550-transparente\/#breadcrumb","itemListElement":[{"@type":"ListItem","position":1,"name":"Dom\u016f","item":"https:\/\/www.tropiko.es\/es\/"},{"@type":"ListItem","position":2,"name":"e-shop","item":"https:\/\/www.tropiko.es\/es\/e-shop\/"},{"@type":"ListItem","position":3,"name":"TROPIKO 550 transparente"}]},{"@type":"WebSite","@id":"https:\/\/www.tropiko.es\/es\/#website","url":"https:\/\/www.tropiko.es\/es\/","name":"TROPIKO Espa\u00f1a","description":"","publisher":{"@id":"https:\/\/www.tropiko.es\/es\/#organization"},"potentialAction":[{"@type":"SearchAction","target":{"@type":"EntryPoint","urlTemplate":"https:\/\/www.tropiko.es\/es\/?s={search_term_string}"},"query-input":{"@type":"PropertyValueSpecification","valueRequired":true,"valueName":"search_term_string"}}],"inLanguage":"es"},{"@type":"Organization","@id":"https:\/\/www.tropiko.es\/es\/#organization","name":"TROPIKO Espa\u00f1a","url":"https:\/\/www.tropiko.es\/es\/","logo":{"@type":"ImageObject","inLanguage":"es","@id":"https:\/\/www.tropiko.es\/es\/#\/schema\/logo\/image\/","url":"https:\/\/www.tropiko.es\/es\/wp-content\/uploads\/cropped-cropped-tropiko-logo2023-04-snapisem.png","contentUrl":"https:\/\/www.tropiko.es\/es\/wp-content\/uploads\/cropped-cropped-tropiko-logo2023-04-snapisem.png","width":512,"height":512,"caption":"TROPIKO Espa\u00f1a"},"image":{"@id":"https:\/\/www.tropiko.es\/es\/#\/schema\/logo\/image\/"}}]}},"_links":{"self":[{"href":"https:\/\/www.tropiko.es\/es\/wp-json\/wp\/v2\/product\/597","targetHints":{"allow":["GET"]}}],"collection":[{"href":"https:\/\/www.tropiko.es\/es\/wp-json\/wp\/v2\/product"}],"about":[{"href":"https:\/\/www.tropiko.es\/es\/wp-json\/wp\/v2\/types\/product"}],"replies":[{"embeddable":true,"href":"https:\/\/www.tropiko.es\/es\/wp-json\/wp\/v2\/comments?post=597"}],"wp:featuredmedia":[{"embeddable":true,"href":"https:\/\/www.tropiko.es\/es\/wp-json\/wp\/v2\/media\/595"}],"wp:attachment":[{"href":"https:\/\/www.tropiko.es\/es\/wp-json\/wp\/v2\/media?parent=597"}],"wp:term":[{"taxonomy":"product_brand","embeddable":true,"href":"https:\/\/www.tropiko.es\/es\/wp-json\/wp\/v2\/product_brand?post=597"},{"taxonomy":"product_cat","embeddable":true,"href":"https:\/\/www.tropiko.es\/es\/wp-json\/wp\/v2\/product_cat?post=597"},{"taxonomy":"product_tag","embeddable":true,"href":"https:\/\/www.tropiko.es\/es\/wp-json\/wp\/v2\/product_tag?post=597"}],"curies":[{"name":"wp","href":"https:\/\/api.w.org\/{rel}","templated":true}]}}