{"id":625,"date":"2025-01-15T10:31:57","date_gmt":"2025-01-15T10:31:57","guid":{"rendered":"https:\/\/www.tropiko.es\/es\/?post_type=product&#038;p=625"},"modified":"2025-03-03T11:11:21","modified_gmt":"2025-03-03T11:11:21","slug":"cubierta-de-invierno-de-para-cubiertas-de-piscinas-tropiko-550-blanco","status":"publish","type":"product","link":"https:\/\/www.tropiko.es\/es\/product\/cubierta-de-invierno-de-para-cubiertas-de-piscinas-tropiko-550-blanco\/","title":{"rendered":"Cubierta de invierno de para cubiertas de piscinas TROPIKO 550 (blanco)"},"content":{"rendered":"<p>Cubierta de invierno para la cubierta de piscina TROPIKO 550 en estado abierto. Reducir\u00e1 la limpieza de primavera durante la preparaci\u00f3n para el invierno. Los almacenes con techo abierto no retienen agua ni nieve, y las hojas que caen sobre el techo no manchan la lona.<br \/>\nDesmontar el TROPIKO seco abierto por un lado en la junta y colocarle el manguito. La funda de invierno tiene cierres de velcro en ambos extremos. Coloque la cubierta a m\u00e1s tardar cuando lleguen las heladas, despu\u00e9s de que hayan ca\u00eddo las hojas. Puedes colocar TROPIKO en el medio para que la humedad restante pueda drenar. Desembale TROPIKO en marzo cuando hayan pasado las heladas. Empaque el embalaje seco y gu\u00e1rdelo para reutilizarlo.<\/p>\n<p>&nbsp;<\/p>\n","protected":false},"excerpt":{"rendered":"<p>Cubierta de invierno para la cubierta de piscina TROPIKO 550 en estado abierto. Reducir\u00e1 la limpieza primaveral del techo durante el invierno.<\/p>\n<p>Dise\u00f1o: color blanco<\/p>\n","protected":false},"featured_media":617,"comment_status":"closed","ping_status":"closed","template":"","meta":[],"product_brand":[56],"product_cat":[53],"product_tag":[54],"class_list":{"0":"post-625","1":"product","2":"type-product","3":"status-publish","4":"has-post-thumbnail","6":"product_brand-tropiko","7":"product_cat-cubierta-de-invierno","8":"product_tag-funda-de-invierno-para-tropiko","10":"first","11":"instock","12":"taxable","13":"shipping-taxable","14":"purchasable","15":"product-type-simple"},"yoast_head":"<!-- This site is optimized with the Yoast SEO plugin v26.7 - https:\/\/yoast.com\/wordpress\/plugins\/seo\/ -->\n<title>Cubierta de invierno de para cubiertas de piscinas TROPIKO 550 (blanco) | TROPIKO Espa\u00f1a<\/title>\n<meta name=\"robots\" content=\"index, follow, max-snippet:-1, max-image-preview:large, max-video-preview:-1\" \/>\n<link rel=\"canonical\" href=\"https:\/\/www.tropiko.es\/es\/product\/cubierta-de-invierno-de-para-cubiertas-de-piscinas-tropiko-550-blanco\/\" \/>\n<meta property=\"og:locale\" content=\"es_ES\" \/>\n<meta property=\"og:type\" content=\"article\" \/>\n<meta property=\"og:title\" content=\"Cubierta de invierno de para cubiertas de piscinas TROPIKO 550 (blanco) | TROPIKO Espa\u00f1a\" \/>\n<meta property=\"og:description\" content=\"Cubierta de invierno para la cubierta de piscina TROPIKO 550 en estado abierto. Reducir\u00e1 la limpieza primaveral del techo durante el invierno.  Dise\u00f1o: color blanco\" \/>\n<meta property=\"og:url\" content=\"https:\/\/www.tropiko.es\/es\/product\/cubierta-de-invierno-de-para-cubiertas-de-piscinas-tropiko-550-blanco\/\" \/>\n<meta property=\"og:site_name\" content=\"TROPIKO Espa\u00f1a\" \/>\n<meta property=\"article:modified_time\" content=\"2025-03-03T11:11:21+00:00\" \/>\n<meta property=\"og:image\" content=\"https:\/\/www.tropiko.es\/es\/wp-content\/uploads\/TROPIKO-zimni-obal.jpg\" \/>\n\t<meta property=\"og:image:width\" content=\"1200\" \/>\n\t<meta property=\"og:image:height\" content=\"676\" \/>\n\t<meta property=\"og:image:type\" content=\"image\/jpeg\" \/>\n<meta name=\"twitter:card\" content=\"summary_large_image\" \/>\n<meta name=\"twitter:label1\" content=\"Tiempo de lectura\" \/>\n\t<meta name=\"twitter:data1\" content=\"1 minuto\" \/>\n<script type=\"application\/ld+json\" class=\"yoast-schema-graph\">{\"@context\":\"https:\/\/schema.org\",\"@graph\":[{\"@type\":\"WebPage\",\"@id\":\"https:\/\/www.tropiko.es\/es\/product\/cubierta-de-invierno-de-para-cubiertas-de-piscinas-tropiko-550-blanco\/\",\"url\":\"https:\/\/www.tropiko.es\/es\/product\/cubierta-de-invierno-de-para-cubiertas-de-piscinas-tropiko-550-blanco\/\",\"name\":\"Cubierta de invierno de para cubiertas de piscinas TROPIKO 550 (blanco) | TROPIKO Espa\u00f1a\",\"isPartOf\":{\"@id\":\"https:\/\/www.tropiko.es\/es\/#website\"},\"primaryImageOfPage\":{\"@id\":\"https:\/\/www.tropiko.es\/es\/product\/cubierta-de-invierno-de-para-cubiertas-de-piscinas-tropiko-550-blanco\/#primaryimage\"},\"image\":{\"@id\":\"https:\/\/www.tropiko.es\/es\/product\/cubierta-de-invierno-de-para-cubiertas-de-piscinas-tropiko-550-blanco\/#primaryimage\"},\"thumbnailUrl\":\"https:\/\/www.tropiko.es\/es\/wp-content\/uploads\/TROPIKO-zimni-obal.jpg\",\"datePublished\":\"2025-01-15T10:31:57+00:00\",\"dateModified\":\"2025-03-03T11:11:21+00:00\",\"breadcrumb\":{\"@id\":\"https:\/\/www.tropiko.es\/es\/product\/cubierta-de-invierno-de-para-cubiertas-de-piscinas-tropiko-550-blanco\/#breadcrumb\"},\"inLanguage\":\"es\",\"potentialAction\":[{\"@type\":\"ReadAction\",\"target\":[\"https:\/\/www.tropiko.es\/es\/product\/cubierta-de-invierno-de-para-cubiertas-de-piscinas-tropiko-550-blanco\/\"]}]},{\"@type\":\"ImageObject\",\"inLanguage\":\"es\",\"@id\":\"https:\/\/www.tropiko.es\/es\/product\/cubierta-de-invierno-de-para-cubiertas-de-piscinas-tropiko-550-blanco\/#primaryimage\",\"url\":\"https:\/\/www.tropiko.es\/es\/wp-content\/uploads\/TROPIKO-zimni-obal.jpg\",\"contentUrl\":\"https:\/\/www.tropiko.es\/es\/wp-content\/uploads\/TROPIKO-zimni-obal.jpg\",\"width\":1200,\"height\":676},{\"@type\":\"BreadcrumbList\",\"@id\":\"https:\/\/www.tropiko.es\/es\/product\/cubierta-de-invierno-de-para-cubiertas-de-piscinas-tropiko-550-blanco\/#breadcrumb\",\"itemListElement\":[{\"@type\":\"ListItem\",\"position\":1,\"name\":\"Dom\u016f\",\"item\":\"https:\/\/www.tropiko.es\/es\/\"},{\"@type\":\"ListItem\",\"position\":2,\"name\":\"e-shop\",\"item\":\"https:\/\/www.tropiko.es\/es\/e-shop\/\"},{\"@type\":\"ListItem\",\"position\":3,\"name\":\"Cubierta de invierno de para cubiertas de piscinas TROPIKO 550 (blanco)\"}]},{\"@type\":\"WebSite\",\"@id\":\"https:\/\/www.tropiko.es\/es\/#website\",\"url\":\"https:\/\/www.tropiko.es\/es\/\",\"name\":\"TROPIKO Espa\u00f1a\",\"description\":\"\",\"publisher\":{\"@id\":\"https:\/\/www.tropiko.es\/es\/#organization\"},\"potentialAction\":[{\"@type\":\"SearchAction\",\"target\":{\"@type\":\"EntryPoint\",\"urlTemplate\":\"https:\/\/www.tropiko.es\/es\/?s={search_term_string}\"},\"query-input\":{\"@type\":\"PropertyValueSpecification\",\"valueRequired\":true,\"valueName\":\"search_term_string\"}}],\"inLanguage\":\"es\"},{\"@type\":\"Organization\",\"@id\":\"https:\/\/www.tropiko.es\/es\/#organization\",\"name\":\"TROPIKO Espa\u00f1a\",\"url\":\"https:\/\/www.tropiko.es\/es\/\",\"logo\":{\"@type\":\"ImageObject\",\"inLanguage\":\"es\",\"@id\":\"https:\/\/www.tropiko.es\/es\/#\/schema\/logo\/image\/\",\"url\":\"https:\/\/www.tropiko.es\/es\/wp-content\/uploads\/cropped-cropped-tropiko-logo2023-04-snapisem.png\",\"contentUrl\":\"https:\/\/www.tropiko.es\/es\/wp-content\/uploads\/cropped-cropped-tropiko-logo2023-04-snapisem.png\",\"width\":512,\"height\":512,\"caption\":\"TROPIKO Espa\u00f1a\"},\"image\":{\"@id\":\"https:\/\/www.tropiko.es\/es\/#\/schema\/logo\/image\/\"}}]}<\/script>\n<!-- \/ Yoast SEO plugin. -->","yoast_head_json":{"title":"Cubierta de invierno de para cubiertas de piscinas TROPIKO 550 (blanco) | TROPIKO Espa\u00f1a","robots":{"index":"index","follow":"follow","max-snippet":"max-snippet:-1","max-image-preview":"max-image-preview:large","max-video-preview":"max-video-preview:-1"},"canonical":"https:\/\/www.tropiko.es\/es\/product\/cubierta-de-invierno-de-para-cubiertas-de-piscinas-tropiko-550-blanco\/","og_locale":"es_ES","og_type":"article","og_title":"Cubierta de invierno de para cubiertas de piscinas TROPIKO 550 (blanco) | TROPIKO Espa\u00f1a","og_description":"Cubierta de invierno para la cubierta de piscina TROPIKO 550 en estado abierto. Reducir\u00e1 la limpieza primaveral del techo durante el invierno.  Dise\u00f1o: color blanco","og_url":"https:\/\/www.tropiko.es\/es\/product\/cubierta-de-invierno-de-para-cubiertas-de-piscinas-tropiko-550-blanco\/","og_site_name":"TROPIKO Espa\u00f1a","article_modified_time":"2025-03-03T11:11:21+00:00","og_image":[{"width":1200,"height":676,"url":"https:\/\/www.tropiko.es\/es\/wp-content\/uploads\/TROPIKO-zimni-obal.jpg","type":"image\/jpeg"}],"twitter_card":"summary_large_image","twitter_misc":{"Tiempo de lectura":"1 minuto"},"schema":{"@context":"https:\/\/schema.org","@graph":[{"@type":"WebPage","@id":"https:\/\/www.tropiko.es\/es\/product\/cubierta-de-invierno-de-para-cubiertas-de-piscinas-tropiko-550-blanco\/","url":"https:\/\/www.tropiko.es\/es\/product\/cubierta-de-invierno-de-para-cubiertas-de-piscinas-tropiko-550-blanco\/","name":"Cubierta de invierno de para cubiertas de piscinas TROPIKO 550 (blanco) | TROPIKO Espa\u00f1a","isPartOf":{"@id":"https:\/\/www.tropiko.es\/es\/#website"},"primaryImageOfPage":{"@id":"https:\/\/www.tropiko.es\/es\/product\/cubierta-de-invierno-de-para-cubiertas-de-piscinas-tropiko-550-blanco\/#primaryimage"},"image":{"@id":"https:\/\/www.tropiko.es\/es\/product\/cubierta-de-invierno-de-para-cubiertas-de-piscinas-tropiko-550-blanco\/#primaryimage"},"thumbnailUrl":"https:\/\/www.tropiko.es\/es\/wp-content\/uploads\/TROPIKO-zimni-obal.jpg","datePublished":"2025-01-15T10:31:57+00:00","dateModified":"2025-03-03T11:11:21+00:00","breadcrumb":{"@id":"https:\/\/www.tropiko.es\/es\/product\/cubierta-de-invierno-de-para-cubiertas-de-piscinas-tropiko-550-blanco\/#breadcrumb"},"inLanguage":"es","potentialAction":[{"@type":"ReadAction","target":["https:\/\/www.tropiko.es\/es\/product\/cubierta-de-invierno-de-para-cubiertas-de-piscinas-tropiko-550-blanco\/"]}]},{"@type":"ImageObject","inLanguage":"es","@id":"https:\/\/www.tropiko.es\/es\/product\/cubierta-de-invierno-de-para-cubiertas-de-piscinas-tropiko-550-blanco\/#primaryimage","url":"https:\/\/www.tropiko.es\/es\/wp-content\/uploads\/TROPIKO-zimni-obal.jpg","contentUrl":"https:\/\/www.tropiko.es\/es\/wp-content\/uploads\/TROPIKO-zimni-obal.jpg","width":1200,"height":676},{"@type":"BreadcrumbList","@id":"https:\/\/www.tropiko.es\/es\/product\/cubierta-de-invierno-de-para-cubiertas-de-piscinas-tropiko-550-blanco\/#breadcrumb","itemListElement":[{"@type":"ListItem","position":1,"name":"Dom\u016f","item":"https:\/\/www.tropiko.es\/es\/"},{"@type":"ListItem","position":2,"name":"e-shop","item":"https:\/\/www.tropiko.es\/es\/e-shop\/"},{"@type":"ListItem","position":3,"name":"Cubierta de invierno de para cubiertas de piscinas TROPIKO 550 (blanco)"}]},{"@type":"WebSite","@id":"https:\/\/www.tropiko.es\/es\/#website","url":"https:\/\/www.tropiko.es\/es\/","name":"TROPIKO Espa\u00f1a","description":"","publisher":{"@id":"https:\/\/www.tropiko.es\/es\/#organization"},"potentialAction":[{"@type":"SearchAction","target":{"@type":"EntryPoint","urlTemplate":"https:\/\/www.tropiko.es\/es\/?s={search_term_string}"},"query-input":{"@type":"PropertyValueSpecification","valueRequired":true,"valueName":"search_term_string"}}],"inLanguage":"es"},{"@type":"Organization","@id":"https:\/\/www.tropiko.es\/es\/#organization","name":"TROPIKO Espa\u00f1a","url":"https:\/\/www.tropiko.es\/es\/","logo":{"@type":"ImageObject","inLanguage":"es","@id":"https:\/\/www.tropiko.es\/es\/#\/schema\/logo\/image\/","url":"https:\/\/www.tropiko.es\/es\/wp-content\/uploads\/cropped-cropped-tropiko-logo2023-04-snapisem.png","contentUrl":"https:\/\/www.tropiko.es\/es\/wp-content\/uploads\/cropped-cropped-tropiko-logo2023-04-snapisem.png","width":512,"height":512,"caption":"TROPIKO Espa\u00f1a"},"image":{"@id":"https:\/\/www.tropiko.es\/es\/#\/schema\/logo\/image\/"}}]}},"_links":{"self":[{"href":"https:\/\/www.tropiko.es\/es\/wp-json\/wp\/v2\/product\/625","targetHints":{"allow":["GET"]}}],"collection":[{"href":"https:\/\/www.tropiko.es\/es\/wp-json\/wp\/v2\/product"}],"about":[{"href":"https:\/\/www.tropiko.es\/es\/wp-json\/wp\/v2\/types\/product"}],"replies":[{"embeddable":true,"href":"https:\/\/www.tropiko.es\/es\/wp-json\/wp\/v2\/comments?post=625"}],"wp:featuredmedia":[{"embeddable":true,"href":"https:\/\/www.tropiko.es\/es\/wp-json\/wp\/v2\/media\/617"}],"wp:attachment":[{"href":"https:\/\/www.tropiko.es\/es\/wp-json\/wp\/v2\/media?parent=625"}],"wp:term":[{"taxonomy":"product_brand","embeddable":true,"href":"https:\/\/www.tropiko.es\/es\/wp-json\/wp\/v2\/product_brand?post=625"},{"taxonomy":"product_cat","embeddable":true,"href":"https:\/\/www.tropiko.es\/es\/wp-json\/wp\/v2\/product_cat?post=625"},{"taxonomy":"product_tag","embeddable":true,"href":"https:\/\/www.tropiko.es\/es\/wp-json\/wp\/v2\/product_tag?post=625"}],"curies":[{"name":"wp","href":"https:\/\/api.w.org\/{rel}","templated":true}]}}