{"id":658,"date":"2025-02-09T19:29:03","date_gmt":"2025-02-09T19:29:03","guid":{"rendered":"https:\/\/www.tropiko.es\/es\/?post_type=product&#038;p=658"},"modified":"2025-03-03T11:11:00","modified_gmt":"2025-03-03T11:11:00","slug":"flexifilter-100-4-piezas-por-paquete","status":"publish","type":"product","link":"https:\/\/www.tropiko.es\/es\/product\/flexifilter-100-4-piezas-por-paquete\/","title":{"rendered":"FlexiFilter 100 (4 piezas por paquete)"},"content":{"rendered":"<div>El material filtrante FlexiFilter es adecuado como sustituto de los cartuchos filtrantes de cartucho convencionales. El paquete FlexiFilter 100 contiene cuatro filtros circulares de \u00f8 10 cm (4,5 cm de grosor).<\/div>\n<ul>\n<li>Sustituye a los cartuchos filtrantes. Cuando se utilizan por separado, pueden superponerse varios filtros circulares en el contenedor del filtro seg\u00fan sea necesario.<\/li>\n<\/ul>\n<div>FlexiFilter es un filtro de alta eficacia para uso industrial y dom\u00e9stico. FlexiFilter es un material filtrante de excelente eficacia. Mayor capacidad de filtraci\u00f3n en comparaci\u00f3n con los filtros de cartucho tradicionales. Gracias a la filtraci\u00f3n profunda, absorbe una mayor cantidad de impurezas. El material es ligero para facilitar su manejo. FlexiFilter funciona con una ca\u00edda de presi\u00f3n muy baja.<\/div>\n<div><\/div>\n<div><strong>La elecci\u00f3n correcta del tama\u00f1o<\/strong><\/div>\n<div>El cartucho filtrante circular se inserta en el compartimento del cartucho. Elija siempre un di\u00e1metro ligeramente superior.<\/div>\n<div><\/div>\n<div><strong>Ventajas del cartucho filtrante FlexiFilter cuando se utiliza en la filtraci\u00f3n de piscinas:<\/strong><\/div>\n<ul>\n<li>Captura de impurezas de hasta 0,003 mm.<\/li>\n<li>F\u00e1cil manejo y sustituci\u00f3n.<\/li>\n<li>Baja ca\u00edda de presi\u00f3n = ahorro de energ\u00eda.<\/li>\n<li>Alta absorci\u00f3n de suciedad, la llamada filtraci\u00f3n en profundidad.<\/li>\n<\/ul>\n<div>Plazo de entrega: env\u00edo de 1 a 14 d\u00edas a partir de la confirmaci\u00f3n del pedido (seg\u00fan existencias).<\/div>\n<div>Plazo de entrega.<\/div>\n<div>Periodo de garant\u00eda: 24 meses.<\/div>\n<div>Embalaje: la bolsa de transporte contiene 4 piezas de filtro circular de 10 cm de di\u00e1metro.<\/div>\n<div><\/div>\n<div><strong>Tenga en cuenta las siguientes instrucciones de uso:<\/strong><\/div>\n<ol>\n<li>Desconecte la unidad de filtrado de la red el\u00e9ctrica.<\/li>\n<li>Abra la tapa del contenedor del filtro de acuerdo con las instrucciones del fabricante.<\/li>\n<li>Retire el material filtrante original (cartuchos, insertos filtrantes, etc.).<\/li>\n<li>Compruebe todas las juntas como medida de precauci\u00f3n y l\u00edmpielas de suciedad.<\/li>\n<li>Apile los filtros circulares FlexiFilter en el contenedor de filtros.<\/li>\n<li>Monte y conecte el equipo filtrante seg\u00fan las instrucciones del fabricante.<\/li>\n<\/ol>\n<div><strong>Precauci\u00f3n para sistemas con retrolavado autom\u00e1tico<\/strong><\/div>\n<div>Dado que la presi\u00f3n s\u00f3lo aumentar\u00e1 ligeramente debido a los contaminantes al utilizar el FlexiFilter, no se activar\u00e1 el retrolavado autom\u00e1tico. Por lo tanto, compruebe regularmente el caudal en el man\u00f3metro y, si es necesario, inicie el retrolavado manualmente.<\/div>\n","protected":false},"excerpt":{"rendered":"<div>El material filtrante FlexiFilter es adecuado como sustituto de los cartuchos filtrantes de cartucho convencionales. El paquete FlexiFilter 100 contiene cuatro filtros circulares de \u00f8 10 cm (4,5 cm de grosor).<\/div>\n<ul>\n<li>Sustituye a los cartuchos filtrantes. Cuando se utilizan por separado, pueden superponerse varios filtros circulares en el contenedor del filtro seg\u00fan sea necesario.<\/li>\n<\/ul>\n","protected":false},"featured_media":418,"comment_status":"closed","ping_status":"closed","template":"","meta":[],"product_brand":[57,56],"product_cat":[41,40,39],"product_tag":[44,55,43],"class_list":{"0":"post-658","1":"product","2":"type-product","3":"status-publish","4":"has-post-thumbnail","6":"product_brand-flexifilter","7":"product_brand-tropiko","8":"product_cat-circular-filters","9":"product_cat-filter-material","10":"product_cat-flexifilter","11":"product_tag-filtros-circulares","12":"product_tag-flexifilter-flexifilter","13":"product_tag-material-de-filtro","14":"product_shipping_class-free-delivery","16":"first","17":"instock","18":"taxable","19":"shipping-taxable","20":"product-type-simple"},"yoast_head":"<!-- This site is optimized with the Yoast SEO plugin v26.7 - https:\/\/yoast.com\/wordpress\/plugins\/seo\/ -->\n<title>FlexiFilter 100 (4 piezas por paquete) | TROPIKO Espa\u00f1a<\/title>\n<meta name=\"robots\" content=\"index, follow, max-snippet:-1, max-image-preview:large, max-video-preview:-1\" \/>\n<link rel=\"canonical\" href=\"https:\/\/www.tropiko.es\/es\/product\/flexifilter-100-4-piezas-por-paquete\/\" \/>\n<meta property=\"og:locale\" content=\"es_ES\" \/>\n<meta property=\"og:type\" content=\"article\" \/>\n<meta property=\"og:title\" content=\"FlexiFilter 100 (4 piezas por paquete) | TROPIKO Espa\u00f1a\" \/>\n<meta property=\"og:description\" content=\"El material filtrante FlexiFilter es adecuado como sustituto de los cartuchos filtrantes de cartucho convencionales. El paquete FlexiFilter 100 contiene cuatro filtros circulares de \u00f8 10 cm (4,5 cm de grosor).   Sustituye a los cartuchos filtrantes. Cuando se utilizan por separado, pueden superponerse varios filtros circulares en el contenedor del filtro seg\u00fan sea necesario.\" \/>\n<meta property=\"og:url\" content=\"https:\/\/www.tropiko.es\/es\/product\/flexifilter-100-4-piezas-por-paquete\/\" \/>\n<meta property=\"og:site_name\" content=\"TROPIKO Espa\u00f1a\" \/>\n<meta property=\"article:modified_time\" content=\"2025-03-03T11:11:00+00:00\" \/>\n<meta property=\"og:image\" content=\"https:\/\/www.tropiko.es\/es\/wp-content\/uploads\/flexifilter-120-02.jpg\" \/>\n\t<meta property=\"og:image:width\" content=\"1200\" \/>\n\t<meta property=\"og:image:height\" content=\"1099\" \/>\n\t<meta property=\"og:image:type\" content=\"image\/jpeg\" \/>\n<meta name=\"twitter:card\" content=\"summary_large_image\" \/>\n<meta name=\"twitter:label1\" content=\"Tiempo de lectura\" \/>\n\t<meta name=\"twitter:data1\" content=\"2 minutos\" \/>\n<script type=\"application\/ld+json\" class=\"yoast-schema-graph\">{\"@context\":\"https:\/\/schema.org\",\"@graph\":[{\"@type\":\"WebPage\",\"@id\":\"https:\/\/www.tropiko.es\/es\/product\/flexifilter-100-4-piezas-por-paquete\/\",\"url\":\"https:\/\/www.tropiko.es\/es\/product\/flexifilter-100-4-piezas-por-paquete\/\",\"name\":\"FlexiFilter 100 (4 piezas por paquete) | TROPIKO Espa\u00f1a\",\"isPartOf\":{\"@id\":\"https:\/\/www.tropiko.es\/es\/#website\"},\"primaryImageOfPage\":{\"@id\":\"https:\/\/www.tropiko.es\/es\/product\/flexifilter-100-4-piezas-por-paquete\/#primaryimage\"},\"image\":{\"@id\":\"https:\/\/www.tropiko.es\/es\/product\/flexifilter-100-4-piezas-por-paquete\/#primaryimage\"},\"thumbnailUrl\":\"https:\/\/www.tropiko.es\/es\/wp-content\/uploads\/flexifilter-120-02.jpg\",\"datePublished\":\"2025-02-09T19:29:03+00:00\",\"dateModified\":\"2025-03-03T11:11:00+00:00\",\"breadcrumb\":{\"@id\":\"https:\/\/www.tropiko.es\/es\/product\/flexifilter-100-4-piezas-por-paquete\/#breadcrumb\"},\"inLanguage\":\"es\",\"potentialAction\":[{\"@type\":\"ReadAction\",\"target\":[\"https:\/\/www.tropiko.es\/es\/product\/flexifilter-100-4-piezas-por-paquete\/\"]}]},{\"@type\":\"ImageObject\",\"inLanguage\":\"es\",\"@id\":\"https:\/\/www.tropiko.es\/es\/product\/flexifilter-100-4-piezas-por-paquete\/#primaryimage\",\"url\":\"https:\/\/www.tropiko.es\/es\/wp-content\/uploads\/flexifilter-120-02.jpg\",\"contentUrl\":\"https:\/\/www.tropiko.es\/es\/wp-content\/uploads\/flexifilter-120-02.jpg\",\"width\":1200,\"height\":1099,\"caption\":\"FlexiFilter 120\"},{\"@type\":\"BreadcrumbList\",\"@id\":\"https:\/\/www.tropiko.es\/es\/product\/flexifilter-100-4-piezas-por-paquete\/#breadcrumb\",\"itemListElement\":[{\"@type\":\"ListItem\",\"position\":1,\"name\":\"Dom\u016f\",\"item\":\"https:\/\/www.tropiko.es\/es\/\"},{\"@type\":\"ListItem\",\"position\":2,\"name\":\"e-shop\",\"item\":\"https:\/\/www.tropiko.es\/es\/e-shop\/\"},{\"@type\":\"ListItem\",\"position\":3,\"name\":\"FlexiFilter 100 (4 piezas por paquete)\"}]},{\"@type\":\"WebSite\",\"@id\":\"https:\/\/www.tropiko.es\/es\/#website\",\"url\":\"https:\/\/www.tropiko.es\/es\/\",\"name\":\"TROPIKO Espa\u00f1a\",\"description\":\"\",\"publisher\":{\"@id\":\"https:\/\/www.tropiko.es\/es\/#organization\"},\"potentialAction\":[{\"@type\":\"SearchAction\",\"target\":{\"@type\":\"EntryPoint\",\"urlTemplate\":\"https:\/\/www.tropiko.es\/es\/?s={search_term_string}\"},\"query-input\":{\"@type\":\"PropertyValueSpecification\",\"valueRequired\":true,\"valueName\":\"search_term_string\"}}],\"inLanguage\":\"es\"},{\"@type\":\"Organization\",\"@id\":\"https:\/\/www.tropiko.es\/es\/#organization\",\"name\":\"TROPIKO Espa\u00f1a\",\"url\":\"https:\/\/www.tropiko.es\/es\/\",\"logo\":{\"@type\":\"ImageObject\",\"inLanguage\":\"es\",\"@id\":\"https:\/\/www.tropiko.es\/es\/#\/schema\/logo\/image\/\",\"url\":\"https:\/\/www.tropiko.es\/es\/wp-content\/uploads\/cropped-cropped-tropiko-logo2023-04-snapisem.png\",\"contentUrl\":\"https:\/\/www.tropiko.es\/es\/wp-content\/uploads\/cropped-cropped-tropiko-logo2023-04-snapisem.png\",\"width\":512,\"height\":512,\"caption\":\"TROPIKO Espa\u00f1a\"},\"image\":{\"@id\":\"https:\/\/www.tropiko.es\/es\/#\/schema\/logo\/image\/\"}}]}<\/script>\n<!-- \/ Yoast SEO plugin. -->","yoast_head_json":{"title":"FlexiFilter 100 (4 piezas por paquete) | TROPIKO Espa\u00f1a","robots":{"index":"index","follow":"follow","max-snippet":"max-snippet:-1","max-image-preview":"max-image-preview:large","max-video-preview":"max-video-preview:-1"},"canonical":"https:\/\/www.tropiko.es\/es\/product\/flexifilter-100-4-piezas-por-paquete\/","og_locale":"es_ES","og_type":"article","og_title":"FlexiFilter 100 (4 piezas por paquete) | TROPIKO Espa\u00f1a","og_description":"El material filtrante FlexiFilter es adecuado como sustituto de los cartuchos filtrantes de cartucho convencionales. El paquete FlexiFilter 100 contiene cuatro filtros circulares de \u00f8 10 cm (4,5 cm de grosor).   Sustituye a los cartuchos filtrantes. Cuando se utilizan por separado, pueden superponerse varios filtros circulares en el contenedor del filtro seg\u00fan sea necesario.","og_url":"https:\/\/www.tropiko.es\/es\/product\/flexifilter-100-4-piezas-por-paquete\/","og_site_name":"TROPIKO Espa\u00f1a","article_modified_time":"2025-03-03T11:11:00+00:00","og_image":[{"width":1200,"height":1099,"url":"https:\/\/www.tropiko.es\/es\/wp-content\/uploads\/flexifilter-120-02.jpg","type":"image\/jpeg"}],"twitter_card":"summary_large_image","twitter_misc":{"Tiempo de lectura":"2 minutos"},"schema":{"@context":"https:\/\/schema.org","@graph":[{"@type":"WebPage","@id":"https:\/\/www.tropiko.es\/es\/product\/flexifilter-100-4-piezas-por-paquete\/","url":"https:\/\/www.tropiko.es\/es\/product\/flexifilter-100-4-piezas-por-paquete\/","name":"FlexiFilter 100 (4 piezas por paquete) | TROPIKO Espa\u00f1a","isPartOf":{"@id":"https:\/\/www.tropiko.es\/es\/#website"},"primaryImageOfPage":{"@id":"https:\/\/www.tropiko.es\/es\/product\/flexifilter-100-4-piezas-por-paquete\/#primaryimage"},"image":{"@id":"https:\/\/www.tropiko.es\/es\/product\/flexifilter-100-4-piezas-por-paquete\/#primaryimage"},"thumbnailUrl":"https:\/\/www.tropiko.es\/es\/wp-content\/uploads\/flexifilter-120-02.jpg","datePublished":"2025-02-09T19:29:03+00:00","dateModified":"2025-03-03T11:11:00+00:00","breadcrumb":{"@id":"https:\/\/www.tropiko.es\/es\/product\/flexifilter-100-4-piezas-por-paquete\/#breadcrumb"},"inLanguage":"es","potentialAction":[{"@type":"ReadAction","target":["https:\/\/www.tropiko.es\/es\/product\/flexifilter-100-4-piezas-por-paquete\/"]}]},{"@type":"ImageObject","inLanguage":"es","@id":"https:\/\/www.tropiko.es\/es\/product\/flexifilter-100-4-piezas-por-paquete\/#primaryimage","url":"https:\/\/www.tropiko.es\/es\/wp-content\/uploads\/flexifilter-120-02.jpg","contentUrl":"https:\/\/www.tropiko.es\/es\/wp-content\/uploads\/flexifilter-120-02.jpg","width":1200,"height":1099,"caption":"FlexiFilter 120"},{"@type":"BreadcrumbList","@id":"https:\/\/www.tropiko.es\/es\/product\/flexifilter-100-4-piezas-por-paquete\/#breadcrumb","itemListElement":[{"@type":"ListItem","position":1,"name":"Dom\u016f","item":"https:\/\/www.tropiko.es\/es\/"},{"@type":"ListItem","position":2,"name":"e-shop","item":"https:\/\/www.tropiko.es\/es\/e-shop\/"},{"@type":"ListItem","position":3,"name":"FlexiFilter 100 (4 piezas por paquete)"}]},{"@type":"WebSite","@id":"https:\/\/www.tropiko.es\/es\/#website","url":"https:\/\/www.tropiko.es\/es\/","name":"TROPIKO Espa\u00f1a","description":"","publisher":{"@id":"https:\/\/www.tropiko.es\/es\/#organization"},"potentialAction":[{"@type":"SearchAction","target":{"@type":"EntryPoint","urlTemplate":"https:\/\/www.tropiko.es\/es\/?s={search_term_string}"},"query-input":{"@type":"PropertyValueSpecification","valueRequired":true,"valueName":"search_term_string"}}],"inLanguage":"es"},{"@type":"Organization","@id":"https:\/\/www.tropiko.es\/es\/#organization","name":"TROPIKO Espa\u00f1a","url":"https:\/\/www.tropiko.es\/es\/","logo":{"@type":"ImageObject","inLanguage":"es","@id":"https:\/\/www.tropiko.es\/es\/#\/schema\/logo\/image\/","url":"https:\/\/www.tropiko.es\/es\/wp-content\/uploads\/cropped-cropped-tropiko-logo2023-04-snapisem.png","contentUrl":"https:\/\/www.tropiko.es\/es\/wp-content\/uploads\/cropped-cropped-tropiko-logo2023-04-snapisem.png","width":512,"height":512,"caption":"TROPIKO Espa\u00f1a"},"image":{"@id":"https:\/\/www.tropiko.es\/es\/#\/schema\/logo\/image\/"}}]}},"_links":{"self":[{"href":"https:\/\/www.tropiko.es\/es\/wp-json\/wp\/v2\/product\/658","targetHints":{"allow":["GET"]}}],"collection":[{"href":"https:\/\/www.tropiko.es\/es\/wp-json\/wp\/v2\/product"}],"about":[{"href":"https:\/\/www.tropiko.es\/es\/wp-json\/wp\/v2\/types\/product"}],"replies":[{"embeddable":true,"href":"https:\/\/www.tropiko.es\/es\/wp-json\/wp\/v2\/comments?post=658"}],"wp:featuredmedia":[{"embeddable":true,"href":"https:\/\/www.tropiko.es\/es\/wp-json\/wp\/v2\/media\/418"}],"wp:attachment":[{"href":"https:\/\/www.tropiko.es\/es\/wp-json\/wp\/v2\/media?parent=658"}],"wp:term":[{"taxonomy":"product_brand","embeddable":true,"href":"https:\/\/www.tropiko.es\/es\/wp-json\/wp\/v2\/product_brand?post=658"},{"taxonomy":"product_cat","embeddable":true,"href":"https:\/\/www.tropiko.es\/es\/wp-json\/wp\/v2\/product_cat?post=658"},{"taxonomy":"product_tag","embeddable":true,"href":"https:\/\/www.tropiko.es\/es\/wp-json\/wp\/v2\/product_tag?post=658"}],"curies":[{"name":"wp","href":"https:\/\/api.w.org\/{rel}","templated":true}]}}